{"id":14154,"date":"2022-06-13T04:38:14","date_gmt":"2023-05-23T01:34:34","guid":{"rendered":"http:\/\/tyditiao.com\/product\/militara-aizsargkivere-iiia-klases-kevlar-kivere-militara-ballistiska-wendy-taktiska-kivere-melna\/"},"modified":"2023-05-23T03:34:34","modified_gmt":"2023-05-23T01:34:34","slug":"wendy-bulletproof-kivere-kevlar-kivere-taktiska-melna","status":"publish","type":"product","link":"http:\/\/tyditiao.com\/lv\/product\/wendy-bulletproof-kivere-kevlar-kivere-taktiska-melna\/","title":{"rendered":"Milit\u0101r\u0101 aizsarg\u0137ivere, IIIA klases Kevlar \u0137ivere, milit\u0101r\u0101 ballistisk\u0101 wendy taktisk\u0101 \u0137ivere, melna"},"content":{"rendered":"<p>Wendy taktisk\u0101 milit\u0101r\u0101 aizsarg\u0137ivere NIJ IIIA ir izstr\u0101d\u0101ta t\u0101, lai t\u0101 b\u016btu \u012bpa\u0161i viegla un \u013coti \u0113rta valk\u0101\u0161anai. \u0100tra un vienk\u0101r\u0161a regul\u0113\u0161ana ar vienu roku nodro\u0161ina prec\u012bzu piegul\u0161anu. Tas ir apr\u012bkots ar\u012b ar augstas kvalit\u0101tes ener\u0123iju absorb\u0113jo\u0161iem spilventi\u0146iem, kas var efekt\u012bvi absorb\u0113t trieciena sp\u0113ku, samazin\u0101t \u0137iveres korpusa deform\u0101ciju p\u0113c lodes tr\u0101p\u012bjuma un samazin\u0101t traumu bie\u017eumu un lietot\u0101ja smagumu. Wendy milit\u0101r\u0101 taktisk\u0101 \u0137ivere ir apr\u012bkota ar univers\u0101l\u0101m stiprin\u0101juma slied\u0113m un galvas balstu, sniedzot Vendijai liel\u0101kas iesp\u0113jas. Sal\u012bdzin\u0101jum\u0101 ar MICH lo\u017eu necaurlaid\u012bgo \u0137iveri, viegl\u0101kais svars noz\u012bm\u0113, ka tai nav nepiecie\u0161ams papildu slogs galvai, bet to var izmantot modern\u0101ka apr\u012bkojuma p\u0101rn\u0113s\u0101\u0161anai, kas vair\u0101k piem\u0113rots inform\u0101cijas apmai\u0146ai starp komand\u0101m.<\/p>\n<hr>\n<p><strong>Aizsardz\u012bbas klase:<\/strong><\/p>\n<p>\u0160\u012b lo\u017eu necaurlaid\u012bg\u0101 \u0137ivere ir NIJ IIIA l\u012bme\u0146a lo\u017eu necaurlaid\u012bga \u0137ivere saska\u0146\u0101 ar NIJ 0101.06 standartu, un var nodro\u0161in\u0101t atbilsto\u0161o testa zi\u0146ojumu.<\/p>\n<hr>\n<p><strong>Aizsardz\u012bbas \u0161\u0101vi\u0146a parametri:<\/strong><\/p>\n<p>.44 Mag SJHP<br \/>\n.357 SIG FMJ FN<br \/>\n9\u00a0mm FMJ\u00a0RN<br \/>\n.357 Mag JSP<br \/>\n.40 S&#038;W FMJ<\/p>\n<p>Nodro\u0161ina ar\u012b aizsardz\u012bbu pret liel\u0101ko da\u013cu iero\u010du draudu, k\u0101 ar\u012b IIA un II klases draudiem<\/p>\n<hr>\n<p><strong>Lo\u017eu necaurlaid\u012bg\u0101s \u0137iveres parametri:<\/strong><br \/>\nNosaukums: Vendijas taktisk\u0101 milit\u0101r\u0101 aizsarg\u0137ivere NIJ IIIA<\/p>\n<p>Materi\u0101ls: Augstas stiepes Kevlar-DuPont aram\u012bda \u0161\u0137iedra<\/p>\n<p>Galvas apk\u0101rtm\u0113rs: 52-60 cm<\/p>\n<p>Odere: Zorbija putu trieciena spilventi\u0146i saglab\u0101 v\u0113sumu un sausumu ar \u016bdensiztur\u012bgu, \u0113rtu oderi un antibakteri\u0101lu p\u0101rkl\u0101jumu, kas izvada sviedrus. Nodro\u0161ina maz\u0101k nek\u0101 pusi no sp\u0113ka, kas nepiecie\u0161ams atk\u0101rtotiem triecieniem visos vides apst\u0101k\u013cos. \u0136iverei ir tr\u012bs papildu trieciena spilventi\u0146i un asto\u0146i regul\u0113jami spilventi\u0146i, kurus var elast\u012bgi uzst\u0101d\u012bt atbilsto\u0161i lietot\u0101ja pras\u012bb\u0101m, lai nodro\u0161in\u0101tu optim\u0101lu piem\u0113rot\u012bbu un komfortu.<\/p>\n<p>Izv\u0113les piederumi: piep\u016b\u0161am\u0101s sk\u0101bek\u013ca maskas, sejas vairogi, s\u0101nu vairogi, bru\u0146u s\u0101nu vairogi, aizsargvairogi, \u0137iveres vairogi, lo\u017eu necaurlaid\u012bgas maskas utt.<\/p>\n<p>\u0136iveres kr\u0101sa: melna<br \/>\nMICH ir \u0137ivere, kas aptur pistoles patronas un nodro\u0161ina dro\u0161u aizsardz\u012bbu pret gru\u017eiem un kr\u012bto\u0161iem gru\u017eiem.<br \/>\nsamazin\u0101s aizsardz\u012bbu.<\/p>\n<hr>\n<p><strong>&#8220;Person\u0101m:<\/strong><br \/>\nNIJ lllA Kevlar WENDY ballistisk\u0101 \u0137ivere tiek gal\u0101 ar pistoles un \u0161rapne\u013ca draudiem, tai ir liel\u0101ka savienojam\u012bba ar stiprin\u0101jumiem, t\u0101 ir viegl\u0101ka un \u0113rt\u0101ka valk\u0101\u0161anai. \u0160\u012b \u0137ivere ir piem\u0113rota visu veidu lietot\u0101jiem. T\u0101du a\u0123ent\u016bru k\u0101 milit\u0101rpersonas, policija, SWAT, iek\u0161\u0113j\u0101s dro\u0161\u012bbas, muitas un robe\u017esardzes darbinieki var tikt apr\u012bkoti ar uzlabot\u0101m kaujas sp\u0113j\u0101m. T\u0101 ir ar\u012b laba izv\u0113le m\u0101jas aizsardz\u012bbai un cosplay.<\/p>\n<hr>\n<p>\u0160eit ir m\u016bsu taktisko aizsarg\u0137iveru veikals ar 15% atlaidi Allegro platformai.<\/p>\n<p>Ja v\u0113laties ieg\u0101d\u0101ties m\u016bsu produktus vai jums ir k\u0101di jaut\u0101jumi par m\u016bsu produktiem, l\u016bdzu (<a href=\"http:\/\/tyditiao.com\/en\/contact\/\">sazinieties ar mums<\/a>) nekav\u0113joties, m\u0113s jums atbild\u0113sim 1 darba diena. Ja v\u0113laties pas\u016bt\u012bt vair\u0101k nek\u0101 5 lo\u017eu necaurlaid\u012bgas \u0137iveres vienlaikus, sa\u0146emsiet papildus atlaidi;<\/p>\n<p>&nbsp;<\/p>\n","protected":false},"excerpt":{"rendered":"<p>Laba lo\u017eu necaurlaid\u012bga veiktsp\u0113ja: NIJ Level lllA, perfekta galvas aizsardz\u012bba.<\/p>\n<p>\u0112rti valk\u0101jami: Zorbium Foam Impact segliem ir \u016bdensnecaurlaid\u012bga odere un antibakteri\u0101ls p\u0101rkl\u0101jums, kas izvada mitrumu, lai j\u016bs valk\u0101\u0161anas laik\u0101 b\u016btu v\u0113ss un sauss.<\/p>\n<p>VIEGLA REGUL\u0112\u0160ANA: Viegla milit\u0101r\u0101 CAM FIT \u0137iveres stiprin\u0101juma sist\u0113ma ar BOA aizv\u0113r\u0161anas sist\u0113mu nodro\u0161ina \u0101tru un vienk\u0101r\u0161u regul\u0113\u0161anu ar vienu roku un prec\u012bzu piegul\u0161anu.<\/p>\n<p>LABA KVALIT\u0100TE: Wendy&#8217;s Tactical milit\u0101r\u0101 aizsarg\u0137ivere NIJ IIIA ir izgatavota no \u013coti iztur\u012bgas DuPont Kevlar Aramid \u0161\u0137iedras, karstumiztur\u012bga un nedeform\u0113jas.<\/p>\n<p>Laba papla\u0161in\u0101m\u012bba: Rail 2.0 stiprin\u0101jumu sist\u0113ma ir sader\u012bga ar visiem EXFIL Rail 2.0 stiprin\u0101jumiem. Divpus\u0113j\u0101s kard\u0101na stiprin\u0101juma sliedes un pieres kard\u0101nu ir viegli uzst\u0101d\u012bt un konfigur\u0113t, austi\u0146as, iero\u010du gaismas, kameras, strobo gaismas, nakts redzam\u012bbas ier\u012bces, GoPro kameras un NVG brilles.<\/p>\n","protected":false},"featured_media":10540,"comment_status":"closed","ping_status":"closed","template":"","meta":[],"product_brand":[],"product_cat":[719,718],"product_tag":[],"woo-feed-brand":[50],"class_list":{"0":"post-14154","1":"product","2":"type-product","3":"status-publish","4":"has-post-thumbnail","6":"product_cat-lozu-necaurlaidiga-kivere","7":"product_cat-vendija","8":"woo-feed-brand-tyditiao","10":"first","11":"instock","12":"sale","13":"shipping-taxable","14":"purchasable","15":"product-type-simple"},"_links":{"self":[{"href":"http:\/\/tyditiao.com\/lv\/wp-json\/wp\/v2\/product\/14154","targetHints":{"allow":["GET"]}}],"collection":[{"href":"http:\/\/tyditiao.com\/lv\/wp-json\/wp\/v2\/product"}],"about":[{"href":"http:\/\/tyditiao.com\/lv\/wp-json\/wp\/v2\/types\/product"}],"replies":[{"embeddable":true,"href":"http:\/\/tyditiao.com\/lv\/wp-json\/wp\/v2\/comments?post=14154"}],"wp:featuredmedia":[{"embeddable":true,"href":"http:\/\/tyditiao.com\/lv\/wp-json\/wp\/v2\/media\/10540"}],"wp:attachment":[{"href":"http:\/\/tyditiao.com\/lv\/wp-json\/wp\/v2\/media?parent=14154"}],"wp:term":[{"taxonomy":"product_brand","embeddable":true,"href":"http:\/\/tyditiao.com\/lv\/wp-json\/wp\/v2\/product_brand?post=14154"},{"taxonomy":"product_cat","embeddable":true,"href":"http:\/\/tyditiao.com\/lv\/wp-json\/wp\/v2\/product_cat?post=14154"},{"taxonomy":"product_tag","embeddable":true,"href":"http:\/\/tyditiao.com\/lv\/wp-json\/wp\/v2\/product_tag?post=14154"},{"taxonomy":"woo-feed-brand","embeddable":true,"href":"http:\/\/tyditiao.com\/lv\/wp-json\/wp\/v2\/woo-feed-brand?post=14154"}],"curies":[{"name":"wp","href":"https:\/\/api.w.org\/{rel}","templated":true}]}}