{"id":16803,"date":"2025-04-17T09:25:14","date_gmt":"2025-04-17T07:25:14","guid":{"rendered":"https:\/\/tyditiao.com\/product\/fast-ballistiska-kivere-ar-wendys-zorbium-starpliku-un-cam-fit-piekares-sistemu-nij-iiia-aizsardzibas-limenis\/"},"modified":"2026-01-25T18:28:44","modified_gmt":"2026-01-25T16:28:44","slug":"fast-ballistiska-kivere-ar-wendys-zorbium-starpliku-un-cam-fit-piekares-sistemu-nij-iiia-aizsardzibas-limenis","status":"publish","type":"product","link":"http:\/\/tyditiao.com\/lv\/product\/fast-ballistiska-kivere-ar-wendys-zorbium-starpliku-un-cam-fit-piekares-sistemu-nij-iiia-aizsardzibas-limenis\/","title":{"rendered":"FAST ballistisk\u0101 \u0137ivere ar Wendy&#8217;s Zorbium starpliku un CAM FIT piekares sist\u0113mu, NIJ IIIA aizsardz\u012bbas l\u012bmenis"},"content":{"rendered":"<p><strong>\u012apa\u0161as piez\u012bmes:<\/strong><\/p>\n<p>\u0160is ir m\u016bsu jaunais vado\u0161ais modelis, kas apvieno augstas kvalit\u0101tes darbu ar visaugst\u0101ko komfortu. Ja nav nor\u0101d\u012bts cit\u0101di, noklus\u0113juma konfigur\u0101cija ir \u0161\u0101da: L izm\u0113rs, za\u013ca, FAST lo\u017eu necaurlaid\u012bga \u0137ivere ar Zorbium putu oderi un CAM FIT piekares sist\u0113mu, NIJ IIIA aizsardz\u012bbas l\u012bmenis. Turkl\u0101t m\u0113s pied\u0101v\u0101jam pla\u0161u kr\u0101su (za\u013ca, smil\u0161u, melna) un izm\u0113ru (S, M, L, XL) kl\u0101stu, no kuriem izv\u0113l\u0113ties.<\/p>\n<p>Neatkar\u012bgi no t\u0101, kur atrodaties, varat veikt pas\u016bt\u012bjumu tie\u0161i, izmantojot \u0161o saiti, un veikt pirkumu bez probl\u0113m\u0101m. Vienk\u0101r\u0161i pas\u016bt\u012bjuma piez\u012bm\u0113s nor\u0101diet nepiecie\u0161amo izm\u0113ru un kr\u0101su (piem\u0113ram: XL-melns), un j\u016bs sa\u0146emsiet savu sap\u0146u apr\u012bkojumu. M\u0113s neiekas\u0113sim papildu maksu par citu kr\u0101su un izm\u0113ru izv\u0113li.<\/p>\n<hr \/>\n<p><strong>Aizsardz\u012bbas l\u012bmenis:<\/strong><\/p>\n<p>\u0160\u012b lo\u017eu necaurlaid\u012bg\u0101 \u0137ivere ir NIJ IIIA l\u012bme\u0146a lo\u017eu necaurlaid\u012bga \u0137ivere saska\u0146\u0101 ar NIJ 0101.06 standartu. Var nodro\u0161in\u0101t attiec\u012bgus testu zi\u0146ojumus.<\/p>\n<hr \/>\n<p><strong>Aizsardz\u012bbas \u0161\u0101vi\u0146a parametri:<\/strong><\/p>\n<p>.44 Mag SJHP<br \/>\n.357 SIG FMJ FN<br \/>\n9 mm FMJ RN<br \/>\n.357 Mag JSP<br \/>\n.40 S&amp;W FMJ<\/p>\n<p>Tas ar\u012b nodro\u0161ina aizsardz\u012bbu pret liel\u0101ko da\u013cu \u0161aujamiero\u010du apdraud\u0113jumu, k\u0101 ar\u012b IIA un II klases apdraud\u0113jumu.<\/p>\n<hr \/>\n<p><strong>Lo\u017eu necaurlaid\u012bg\u0101s \u0137iveres parametri:<\/strong><\/p>\n<p>Nosaukums: NIJ lllA FAST milit\u0101r\u0101 lo\u017eu necaurlaid\u012bg\u0101 taktisk\u0101 \u0137ivere no Kevlar ar Wendy Zorbium putu oderi + CAM FIT piekares sist\u0113mu<\/p>\n<p>Materi\u0101ls: augstas stipr\u012bbas DuPont Kevlar-aram\u012bda \u0161\u0137iedra<br \/>\nIzm\u0113rs: S, M, L, XL<br \/>\nKr\u0101sa: za\u013ca, smil\u0161u, melna<br \/>\nIzv\u0113les piederumi: lo\u017eu necaurlaid\u012bga maska \u200b\u200butt.<br \/>\nGarantijas periods: 5 gadu garantijas periodam var b\u016bt atbilsto\u0161a aizsardz\u012bbas sp\u0113ja, bet, ja tas p\u0101rsniedz garantijas laiku<br \/>\nDz\u012bves kvalit\u0101te samazin\u0101s sp\u0113ju aizsarg\u0101ties.<\/p>\n<p>&nbsp;<\/p>\n<hr \/>\n<p><strong>Lo\u017eu necaurlaid\u012bgo \u0137iveru deta\u013cas un izm\u0113ru sal\u012bdzin\u0101jums:<\/strong><\/p>\n<p>&nbsp;<\/p>\n<table style=\"border-collapse: collapse;\" border=\"1\" cellspacing=\"0\" cellpadding=\"5\">\n<thead>\n<tr>\n<th>Ballistisk\u0101s \u0137iveres \u0137iveres izm\u0113rs<\/th>\n<th>S<\/th>\n<th>M<\/th>\n<th>L<\/th>\n<th>XL<\/th>\n<\/tr>\n<\/thead>\n<tbody>\n<tr>\n<td>P\u0101rkl\u0101juma biezums<\/td>\n<td>9.5<\/td>\n<td>9.5<\/td>\n<td>10 (9.5)<\/td>\n<td>10 (9.5)<\/td>\n<\/tr>\n<tr>\n<td>Aizsardz\u012bbas l\u012bmenis<\/td>\n<td>3A.44<\/td>\n<td>3A.44<\/td>\n<td>3A.44<\/td>\n<td>3A.44<\/td>\n<\/tr>\n<tr>\n<td>Gar\u0101 ass (gar\u0101 ass\/mm)<\/td>\n<td>235<\/td>\n<td>240<\/td>\n<td>247<\/td>\n<td>263<\/td>\n<\/tr>\n<tr>\n<td>\u012as\u0101 ass (maz\u0101 ass\/mm)<\/td>\n<td>182<\/td>\n<td>185<\/td>\n<td>193<\/td>\n<td>205<\/td>\n<\/tr>\n<tr>\n<td>Iek\u0161\u0113jais augstums\/mm<\/td>\n<td>146<\/td>\n<td>153<\/td>\n<td>158<\/td>\n<td>161<\/td>\n<\/tr>\n<tr>\n<td>Galvas apk\u0101rtm\u0113rs (ar nagiem)<\/td>\n<td>53-59<\/td>\n<td>53-59<\/td>\n<td>56-59<\/td>\n<td>58-62<\/td>\n<\/tr>\n<tr>\n<td>Standarta svars (svars\/kg)<\/td>\n<td>1.24<\/td>\n<td>1.29<\/td>\n<td>1.32<\/td>\n<td>1.42<\/td>\n<\/tr>\n<tr>\n<td>Svara novirze\/kg<\/td>\n<td>0.05<\/td>\n<td>0.05<\/td>\n<td>0.05<\/td>\n<td>0.05<\/td>\n<\/tr>\n<tr>\n<td>Kastes svars\/kg<\/td>\n<td>2<\/td>\n<td>2<\/td>\n<td>2<\/td>\n<td>2.1<\/td>\n<\/tr>\n<\/tbody>\n<\/table>\n","protected":false},"excerpt":{"rendered":"<p>FAST ballistisk\u0101s \u0137iveres un Wendy \u0137iveres priek\u0161roc\u012bbu kombin\u0101cija nodro\u0161ina izcilu komfortu un aizsardz\u012bbu, \u013caujot saglab\u0101t piln\u012bgu mobilit\u0101ti un dro\u0161\u012bbu jebkura uzdevuma laik\u0101.<\/p>\n<p>Viegls un \u0113rts dizains: FAST \u0137ivere ar savu moderno vieglo dizainu samazina svaru l\u012bdz minimumam, padarot to ide\u0101li piem\u0113rotu ilgsto\u0161ai valk\u0101\u0161anai pras\u012bgos apst\u0101k\u013cos. Nodro\u0161ina izcilu komfortu pat intens\u012bvu aktivit\u0101\u0161u laik\u0101.<\/p>\n<p>Prec\u012bza piekares sist\u0113ma: Zorbium ieliktnis un CAM FIT piekares sist\u0113ma \u013cauj prec\u012bzi piel\u0101got galvas formu, nodro\u0161inot stabilu, m\u012bkstu un \u0113rtu piegul\u0161anu, kas garant\u0113 komfortu, ilgsto\u0161i valk\u0101jot.<\/p>\n<p>Nav nepiecie\u0161ama pa\u0161mont\u0101\u017ea, kas \u013cauj ietaup\u012bt laiku un p\u016bles un uzreiz izbaud\u012bt piln\u012bgu taktisko ekip\u0113jumu.<\/p>\n","protected":false},"featured_media":16572,"comment_status":"open","ping_status":"closed","template":"","meta":[],"product_brand":[],"product_cat":[820,591,719],"product_tag":[],"woo-feed-brand":[50],"class_list":{"0":"post-16803","1":"product","2":"type-product","3":"status-publish","4":"has-post-thumbnail","6":"product_cat-atri","7":"product_cat-ballistiska-maska","8":"product_cat-lozu-necaurlaidiga-kivere","9":"woo-feed-brand-tyditiao","11":"first","12":"instock","13":"sale","14":"shipping-taxable","15":"purchasable","16":"product-type-simple"},"_links":{"self":[{"href":"http:\/\/tyditiao.com\/lv\/wp-json\/wp\/v2\/product\/16803","targetHints":{"allow":["GET"]}}],"collection":[{"href":"http:\/\/tyditiao.com\/lv\/wp-json\/wp\/v2\/product"}],"about":[{"href":"http:\/\/tyditiao.com\/lv\/wp-json\/wp\/v2\/types\/product"}],"replies":[{"embeddable":true,"href":"http:\/\/tyditiao.com\/lv\/wp-json\/wp\/v2\/comments?post=16803"}],"wp:featuredmedia":[{"embeddable":true,"href":"http:\/\/tyditiao.com\/lv\/wp-json\/wp\/v2\/media\/16572"}],"wp:attachment":[{"href":"http:\/\/tyditiao.com\/lv\/wp-json\/wp\/v2\/media?parent=16803"}],"wp:term":[{"taxonomy":"product_brand","embeddable":true,"href":"http:\/\/tyditiao.com\/lv\/wp-json\/wp\/v2\/product_brand?post=16803"},{"taxonomy":"product_cat","embeddable":true,"href":"http:\/\/tyditiao.com\/lv\/wp-json\/wp\/v2\/product_cat?post=16803"},{"taxonomy":"product_tag","embeddable":true,"href":"http:\/\/tyditiao.com\/lv\/wp-json\/wp\/v2\/product_tag?post=16803"},{"taxonomy":"woo-feed-brand","embeddable":true,"href":"http:\/\/tyditiao.com\/lv\/wp-json\/wp\/v2\/woo-feed-brand?post=16803"}],"curies":[{"name":"wp","href":"https:\/\/api.w.org\/{rel}","templated":true}]}}