{"id":13218,"date":"2022-10-11T16:42:26","date_gmt":"2022-10-11T14:42:26","guid":{"rendered":"http:\/\/tyditiao.com\/product\/maskra-aramid-ballistika-hafifa-maskra-tattika-nij-iiia-full-face-kontra-l-balal\/"},"modified":"2026-01-26T09:40:30","modified_gmt":"2026-01-26T07:40:30","slug":"maskra-ballistika-aramid-nij-iiia-maskra-tattika-tatika-full-face","status":"publish","type":"product","link":"http:\/\/tyditiao.com\/mt\/product\/maskra-ballistika-aramid-nij-iiia-maskra-tattika-tatika-full-face\/","title":{"rendered":"maskra aramid ballistika \u0127afifa, maskra tattika NIJ IIIA Full Face kontra l-balal"},"content":{"rendered":"<p>Pi\u017c: 0.85 kg<\/p>\n<p>Materjal: Aramid<\/p>\n<p>\u0126xuna: aramid o\u0127xon ta &#8216;8mm u kisi ta&#8217; 1mm<\/p>\n<p>Klassi ta&#8217; protezzjoni: NIJ 0101.06 livell IIIA<\/p>\n<p>Daqs: Daqs wie\u0127ed g\u0127al kul\u0127add<\/p>\n<p>Validit\u00e0: 5 snin<\/p>\n<p>Xenarji applikabbli: protezzjoni tad-dar, sigurt\u00e0, tag\u0127mir tal-pulizija, \u0121lieda attwali, cosplay<\/p>\n<p>Servizz OEM\/ODM disponibbli fuq talba<\/p>\n<p>Lista tal-Ippakkjar: Maskra Bulletproof tal-wi\u010b\u010b s\u0127i\u0127 1X<\/p>\n","protected":false},"excerpt":{"rendered":"<p>Jipprote\u0121i l-aktar \u017coni importanti b&#8217;pi\u017c minimu: kopertura s\u0127i\u0127a tal-wi\u010b\u010b ta &#8216;min jilbisha g\u0127al offi\u017ca<\/p>\n<p>Materjal: Mag\u0127mul minn fibri Kevlar \u0127fief avvanzati li huma 15-il darba aktar b&#8217;sa\u0127\u0127ithom mill-azzar biex jimminimizzaw it-theddida tal-balal<\/p>\n<p>Disinn Ergonomiku Uniku: Faxxa tar-ras tan-najlon a\u0121\u0121ustabbli b&#8217;6 punti u ikkuttunar \u017cejjed tajbin g\u0127al kull forma ta &#8216;ras u jtejbu l-kumdit\u00e0 tal-ilbies<\/p>\n<p>U\u017ci applikabbli: protezzjoni tad-dar, ta\u0127ri\u0121 fuq il-post, gwardji tal-\u0121isem, persunal involut f&#8217;operazzjonijiet perikolu\u017ci f&#8217;\u017coni ta &#8216;kunflitt armat barranin, militari, cosplay, e\u010b\u010b.<\/p>\n","protected":false},"featured_media":11644,"comment_status":"open","ping_status":"closed","template":"","meta":[],"product_brand":[],"product_cat":[595],"product_tag":[],"woo-feed-brand":[50],"class_list":{"0":"post-13218","1":"product","2":"type-product","3":"status-publish","4":"has-post-thumbnail","6":"product_cat-maskra-ballistika","7":"product_shipping_class-0-3-kg-mt","8":"woo-feed-brand-tyditiao","10":"first","11":"instock","12":"sale","13":"shipping-taxable","14":"purchasable","15":"product-type-simple"},"_links":{"self":[{"href":"http:\/\/tyditiao.com\/mt\/wp-json\/wp\/v2\/product\/13218","targetHints":{"allow":["GET"]}}],"collection":[{"href":"http:\/\/tyditiao.com\/mt\/wp-json\/wp\/v2\/product"}],"about":[{"href":"http:\/\/tyditiao.com\/mt\/wp-json\/wp\/v2\/types\/product"}],"replies":[{"embeddable":true,"href":"http:\/\/tyditiao.com\/mt\/wp-json\/wp\/v2\/comments?post=13218"}],"wp:featuredmedia":[{"embeddable":true,"href":"http:\/\/tyditiao.com\/mt\/wp-json\/wp\/v2\/media\/11644"}],"wp:attachment":[{"href":"http:\/\/tyditiao.com\/mt\/wp-json\/wp\/v2\/media?parent=13218"}],"wp:term":[{"taxonomy":"product_brand","embeddable":true,"href":"http:\/\/tyditiao.com\/mt\/wp-json\/wp\/v2\/product_brand?post=13218"},{"taxonomy":"product_cat","embeddable":true,"href":"http:\/\/tyditiao.com\/mt\/wp-json\/wp\/v2\/product_cat?post=13218"},{"taxonomy":"product_tag","embeddable":true,"href":"http:\/\/tyditiao.com\/mt\/wp-json\/wp\/v2\/product_tag?post=13218"},{"taxonomy":"woo-feed-brand","embeddable":true,"href":"http:\/\/tyditiao.com\/mt\/wp-json\/wp\/v2\/woo-feed-brand?post=13218"}],"curies":[{"name":"wp","href":"https:\/\/api.w.org\/{rel}","templated":true}]}}