{"id":13346,"date":"2023-03-05T03:25:17","date_gmt":"2023-05-22T13:55:31","guid":{"rendered":"http:\/\/tyditiao.com\/product\/elmu-tattiku-wendy-3a-dawl-specjali-elmu-kontra-l-ispluzjoni-daqs-specjali-kulur-tad-dwana-rabta-dedikata-tax-xiri\/"},"modified":"2023-05-22T15:55:31","modified_gmt":"2023-05-22T13:55:31","slug":"wendy-tattika-tmun-forzi-dawl-specjali-3a-tmun-prova-ispluzjoni-daqs-specjali-kulur-personalizzat-link-dedikat-ghax-xiri","status":"publish","type":"product","link":"http:\/\/tyditiao.com\/mt\/product\/wendy-tattika-tmun-forzi-dawl-specjali-3a-tmun-prova-ispluzjoni-daqs-specjali-kulur-personalizzat-link-dedikat-ghax-xiri\/","title":{"rendered":"Elmu tattiku WENDY 3A dawl spe\u010bjali elmu kontra l-isplu\u017cjoni daqs spe\u010bjali kulur tad-dwana rabta dedikata tax-xiri"},"content":{"rendered":"<p><strong>Dwar id-Daqs tal-Elmu Bulletproof WENDY:<\/strong> G\u0127al dan l-elmu bulletproof tal-forzi spe\u010bjali WENDY, \u017cidna forom ta &#8216;produzzjoni ta&#8217; daqs kbir u daqs \u017cg\u0127ir biex nil\u0127qu l-utenti bi b\u017connijiet differenti. Daqs M huwa daqs normali li joqg\u0127od \u0127afna nies. Jekk ta\u0127seb li daqs \u017cg\u0127ir jista &#8216;jissodisfa a\u0127jar ir-rekwi\u017citi tieg\u0127ek jew id-drawwiet tal-ilbies, jekk jog\u0127\u0121bok ag\u0127\u017cel daqs \u017cg\u0127ir, inkella ag\u0127\u017cel daqs kbir.<\/p>\n<p><strong>Dwar il-kulur tal-elmu bulletproof WENDY:<\/strong>Il-kuluri li nipprodu\u010bu bil-massa huma prin\u010bipalment iswed, kannella \u010bar u a\u0127dar. I\u017cda fl-istess \u0127in, g\u0127andna l-abbilt\u00e0 li nipprodu\u010bu kwalunkwe kulur jew mudelli varji ta &#8216;kamufla\u0121\u0121 me\u0127tie\u0121a mill-klijenti, b\u0127al kamufla\u0121\u0121 tal-boskijiet, kamufla\u0121\u0121 tal-\u0121ungla, kamufla\u0121\u0121 tad-de\u017cert, kamufla\u0121\u0121 tal-ba\u0127ar, kamufla\u0121\u0121 urban, e\u010b\u010b Jekk qed tippjana li tordna aktar minn 10 elmi , jekk jog\u0127\u0121bok ikkuntattjana, int se tikseb dan is-servizz tal-kulur tad-dwana b&#8217;xejn, sempli\u010bement ibg\u0127atilna l-mudell tal-kulur li trid<\/p>\n<p><strong>WENDY Elmu Tattiku Livell Bulletproof:<\/strong> 0101.06 Standard IIIA Livell<\/p>\n<p>KOMDA BIEX JILBES: It-taffi tal-fowm Zorbium g\u0127andu inforra ripellanti ta &#8216;l-ilma b&#8217;kisja antimikrobika li tne\u0127\u0127i l-umdit\u00e0 biex i\u017c\u017commok frisk u niexef.<\/p>\n<p>A\u0120\u0120USTAMENT FA\u010aLI: Sistema ta &#8216;rbit CAM FIT \u0127afifa ta&#8217; grad militari b&#8217;sistema ta &#8216;g\u0127eluq BOA g\u0127al a\u0121\u0121ustament sikur u b&#8217;id wa\u0127da g\u0127al twa\u0127\u0127il pre\u010bi\u017c.<\/p>\n<p>ESPANDABBLI: Is-sistema ta &#8216;immuntar Rail 2.0 hija kompatibbli mal-a\u010b\u010bessorji kollha EXFIL Rail 2.0. Il-ferrovija riversibbli tal-immuntar tal-gimbal u l-parentesi tal-gimbal fuq il-forehead jippermettu lil Wendy to\u0127loq aktar possibbiltajiet.<\/p>\n<p>Minbarra s-sospensjoni normali, l-elmu g\u0127andu tliet pads tal-impatt u tmien pads a\u0121\u0121ustabbli g\u0127all-a\u0127jar tajbin u kumdit\u00e0<\/p>\n","protected":false},"excerpt":{"rendered":"<p>Dwar id-Daqs tal-Elmu Bulletproof WENDY: G\u0127al dan l-elmu bulletproof tal-forzi spe\u010bjali WENDY, \u017cidna forom ta &#8216;produzzjoni ta&#8217; daqs kbir u&#8230;<\/p>\n","protected":false},"featured_media":10618,"comment_status":"open","ping_status":"closed","template":"","meta":[],"product_brand":[],"product_cat":[737,735,736],"product_tag":[],"woo-feed-brand":[],"class_list":{"0":"post-13346","1":"product","2":"type-product","3":"status-publish","4":"has-post-thumbnail","6":"product_cat-elmu-kontra-l-balal","7":"product_cat-mhux-kategorizzat","8":"product_cat-wendy-mt","10":"first","11":"instock","12":"sale","13":"shipping-taxable","14":"purchasable","15":"product-type-variable","16":"has-default-attributes"},"_links":{"self":[{"href":"http:\/\/tyditiao.com\/mt\/wp-json\/wp\/v2\/product\/13346","targetHints":{"allow":["GET"]}}],"collection":[{"href":"http:\/\/tyditiao.com\/mt\/wp-json\/wp\/v2\/product"}],"about":[{"href":"http:\/\/tyditiao.com\/mt\/wp-json\/wp\/v2\/types\/product"}],"replies":[{"embeddable":true,"href":"http:\/\/tyditiao.com\/mt\/wp-json\/wp\/v2\/comments?post=13346"}],"wp:featuredmedia":[{"embeddable":true,"href":"http:\/\/tyditiao.com\/mt\/wp-json\/wp\/v2\/media\/10618"}],"wp:attachment":[{"href":"http:\/\/tyditiao.com\/mt\/wp-json\/wp\/v2\/media?parent=13346"}],"wp:term":[{"taxonomy":"product_brand","embeddable":true,"href":"http:\/\/tyditiao.com\/mt\/wp-json\/wp\/v2\/product_brand?post=13346"},{"taxonomy":"product_cat","embeddable":true,"href":"http:\/\/tyditiao.com\/mt\/wp-json\/wp\/v2\/product_cat?post=13346"},{"taxonomy":"product_tag","embeddable":true,"href":"http:\/\/tyditiao.com\/mt\/wp-json\/wp\/v2\/product_tag?post=13346"},{"taxonomy":"woo-feed-brand","embeddable":true,"href":"http:\/\/tyditiao.com\/mt\/wp-json\/wp\/v2\/woo-feed-brand?post=13346"}],"curies":[{"name":"wp","href":"https:\/\/api.w.org\/{rel}","templated":true}]}}