{"id":13716,"date":"2023-03-05T03:17:44","date_gmt":"2023-05-22T14:07:40","guid":{"rendered":"http:\/\/tyditiao.com\/product\/elmu-bulletproof-fast-elmu-bulletproof-hafif-nij-iiia-daqs-specjali-kulur-tad-dwana-rabta-ta-xiri-specjali\/"},"modified":"2023-05-22T16:07:40","modified_gmt":"2023-05-22T14:07:40","slug":"fast-helm-bulletproof-nij-iiia-light-ballistic-helm-specjali-qies-custom-color-dedikat-purchase-link","status":"publish","type":"product","link":"http:\/\/tyditiao.com\/mt\/product\/fast-helm-bulletproof-nij-iiia-light-ballistic-helm-specjali-qies-custom-color-dedikat-purchase-link\/","title":{"rendered":"Elmu bulletproof FAST, elmu bulletproof \u0127afif NIJ IIIA, daqs spe\u010bjali, kulur tad-dwana, rabta ta &#8216;xiri spe\u010bjali"},"content":{"rendered":"<p><strong>Daqs tal-elmu FAST bulletproof:<\/strong>\u017bidna forom ta &#8216;produzzjoni \u017cg\u0127ar u kbar g\u0127all-elmu tal-balal \u0127afif FAST biex nil\u0127qu l-utenti bi b\u017connijiet differenti. M huwa daqs regolari u joqg\u0127od \u0127afna nies. Jekk ta\u0127seb li d-daqs \u017cg\u0127ir jista &#8216;jissodisfa r-rekwi\u017citi jew id-drawwiet tal-ilbies tieg\u0127ek, jekk jog\u0127\u0121bok ag\u0127\u017cel id-daqs S, inkella ag\u0127\u017cel id-daqs L.<\/p>\n<p><strong>Kuluri ta &#8216;l-elmu Fast Light kontra l-balal:<\/strong> Il-kuluri ta&#8217; l-elmi Fast Light li nipprodu\u010bu huma prin\u010bipalment iswed, kannella \u010bar u a\u0127dar. I\u017cda fl-istess \u0127in, a\u0127na kapa\u010bi nag\u0127mlu kuluri spe\u010bifikati mill-klijent jew diversi mudelli ta &#8216;kamufla\u0121\u0121, b\u0127al kamufla\u0121\u0121 tal-foresti, kamufla\u0121\u0121 tal-\u0121ungla, kamufla\u0121\u0121 tad-de\u017cert, kamufla\u0121\u0121 tal-o\u010bean u kamufla\u0121\u0121 urban. Jekk qed tippjana li tordna aktar minn 10 elmi, jekk jog\u0127\u0121bok ikkuntattjana, int se tikseb dan is-servizz tal-kulur tad-dwana b&#8217;xejn, sempli\u010bement ibg\u0127atilna l-mudell tal-kulur li trid.<\/p>\n<p>Livell ta &#8216;elmu doppju li ma jg\u0127addix balal FAST: 0101.06 livell standard IIIA<\/p>\n<p>Materjal: Fibra ta &#8216;Aramid Kevlar-Dupont ta&#8217; Tena\u010bit\u00e0 G\u0127olja<\/p>\n<p>Meta mqabbel ma &#8216;elmi militari ordinarji, elmi FAST huma 25% e\u0127fef. Bis-sistema ta &#8216;sospensjoni tal-elmu, l-utenti jistg\u0127u fa\u010bilment ja\u0121\u0121ustaw l-issikkar jew l-issikkar tal-elmu bid-dawran ta&#8217; buttuna g\u0127all-a\u0127jar kumdit\u00e0.<\/p>\n","protected":false},"excerpt":{"rendered":"<p>Daqs tal-elmu FAST bulletproof:\u017bidna forom ta &#8216;produzzjoni \u017cg\u0127ar u kbar g\u0127all-elmu tal-balal \u0127afif FAST biex nil\u0127qu l-utenti bi b\u017connijiet differenti&#8230;.<\/p>\n","protected":false},"featured_media":10276,"comment_status":"open","ping_status":"closed","template":"","meta":[],"product_brand":[],"product_cat":[737,822],"product_tag":[],"woo-feed-brand":[],"class_list":{"0":"post-13716","1":"product","2":"type-product","3":"status-publish","4":"has-post-thumbnail","6":"product_cat-elmu-kontra-l-balal","7":"product_cat-fast-mt","9":"first","10":"instock","11":"sale","12":"shipping-taxable","13":"purchasable","14":"product-type-variable","15":"has-default-attributes"},"_links":{"self":[{"href":"http:\/\/tyditiao.com\/mt\/wp-json\/wp\/v2\/product\/13716","targetHints":{"allow":["GET"]}}],"collection":[{"href":"http:\/\/tyditiao.com\/mt\/wp-json\/wp\/v2\/product"}],"about":[{"href":"http:\/\/tyditiao.com\/mt\/wp-json\/wp\/v2\/types\/product"}],"replies":[{"embeddable":true,"href":"http:\/\/tyditiao.com\/mt\/wp-json\/wp\/v2\/comments?post=13716"}],"wp:featuredmedia":[{"embeddable":true,"href":"http:\/\/tyditiao.com\/mt\/wp-json\/wp\/v2\/media\/10276"}],"wp:attachment":[{"href":"http:\/\/tyditiao.com\/mt\/wp-json\/wp\/v2\/media?parent=13716"}],"wp:term":[{"taxonomy":"product_brand","embeddable":true,"href":"http:\/\/tyditiao.com\/mt\/wp-json\/wp\/v2\/product_brand?post=13716"},{"taxonomy":"product_cat","embeddable":true,"href":"http:\/\/tyditiao.com\/mt\/wp-json\/wp\/v2\/product_cat?post=13716"},{"taxonomy":"product_tag","embeddable":true,"href":"http:\/\/tyditiao.com\/mt\/wp-json\/wp\/v2\/product_tag?post=13716"},{"taxonomy":"woo-feed-brand","embeddable":true,"href":"http:\/\/tyditiao.com\/mt\/wp-json\/wp\/v2\/woo-feed-brand?post=13716"}],"curies":[{"name":"wp","href":"https:\/\/api.w.org\/{rel}","templated":true}]}}