{"id":13931,"date":"2023-01-16T12:36:49","date_gmt":"2023-01-16T10:36:49","guid":{"rendered":"http:\/\/tyditiao.com\/product\/armatura-tal-gisem-li-tista-tinheba-vesta-tal-balal-blivell-ta-protezzjoni-nij-iiia-taghmir-ta-sigurta-personali-ta-barra\/"},"modified":"2026-01-26T09:36:33","modified_gmt":"2026-01-26T07:36:33","slug":"vesta-balal-li-tista-tinheba-fliletta-balal-bi-ni-iiia-livell-ta-protezzjoni-taghmir-tas-sigurta-personali-barra","status":"publish","type":"product","link":"http:\/\/tyditiao.com\/mt\/product\/vesta-balal-li-tista-tinheba-fliletta-balal-bi-ni-iiia-livell-ta-protezzjoni-taghmir-tas-sigurta-personali-barra\/","title":{"rendered":"Armatura tal-\u0121isem li tista&#8217; tin\u0127eba, vesta tal-balal b&#8217;Livell ta&#8217; Protezzjoni NIJ IIIA, Tag\u0127mir ta&#8217; Sigurt\u00e0 Personali ta&#8217; Barra"},"content":{"rendered":"<p>Materjal: Materjal PE molekulari ultra-g\u0127oli, li jista &#8216;jifla\u0127 tiri multipli filwaqt li jibqa&#8217; flessibbli. G\u0127andu l-karatteristi\u010bi ta &#8216;\u0127effa, irtubija, kumdit\u00e0, re\u017cistenza UV e\u010b\u010bellenti, sensittivit\u00e0 baxxa ta&#8217; umdit\u00e0 u re\u017cistenza g\u0127all-ilma.<\/p>\n<p>Klassi ta &#8216;protezzjoni: protezzjoni ta&#8217; quddiem u ta &#8216;wara NIJ IIIA<\/p>\n<p>Balal imblukkati:<br \/>\n.44 Magnum<br \/>\n.40 S&amp;W, .357 Magnum, .45<br \/>\nsubmachine gun 9mm<br \/>\nBalal semi-jacketed hollow point (SJHP).<br \/>\nKalibrazzjoni S\u0127i\u0127a tal-Projettili tal-Metall 9 mm, pi\u017c nominali 8.0 g (124 g), velo\u010bit\u00e0 tal-impatt 426 m\/s (1,400 pied\/s) jew inqas<br \/>\nJipprovdi wkoll protezzjoni kontra l-bi\u010b\u010ba l-kbira tat-theddid tal-pistoli kif ukoll it-theddid tal-Klassi IIA u II<\/p>\n<p>Kulur: Iswed<br \/>\nSess: Unisex<br \/>\nTip ta &#8216;\u0127wejje\u0121: Vest, Fuq<br \/>\nTip ta &#8216;kmiem: Bla kmiem<br \/>\nFunzjoni: Bulletproof<br \/>\ndaqs: daqs wie\u0127ed<br \/>\nPi\u017c: 2.5kg<br \/>\n\u0126asil: Il-kisja ta &#8216;\u0121ewwa u l-ilbies ta&#8217; barra jistg\u0127u ji\u0121u sseparati, is-saff ta &#8216;\u0121ewwa li ma jg\u0127addix mill-balal ma jistax jin\u0127asel, naddaf biss is-saff ta&#8217; barra<\/p>\n<p>Pakkett: 1 x Vest kontra l-balal (NIJ IIIA)<\/p>\n","protected":false},"excerpt":{"rendered":"<p>Artab u \u0127fief: flessibbli, komdu biex jilbsu, ba\u017cikament ma jaffettwax il-\u0121isem tal-bniedem biex imexxi jew squat<\/p>\n<p>\u0126abi Kbir: A\u0121\u0121ustabbli f&#8217;4 punti differenti b&#8217;\u010bineg tal-velkro g\u0127al \u0127abi fa\u010bli ta\u0127t il-\u0127wejje\u0121 tieg\u0127ek<\/p>\n<p>Protezzjoni NIJ IIIA: l-og\u0127la livell ta &#8216;protezzjoni disponibbli b\u0127alissa g\u0127al vests kontra l-balal<\/p>\n<p>Prestazzjoni tajba ta &#8216;espansjoni: il-bwiet tal-korazza ta&#8217; quddiem u ta &#8216;wara jistg\u0127u jitwa\u0127\u0127lu bi pjan\u010bi tal-azzar li ma jg\u0127addix balal biex jipprovdu protezzjoni addizzjonali skont il-b\u017connijiet tag\u0127hom stess<\/p>\n<p>Nies applikabbli: \u0120urnalisti u persunal militari jivvja\u0121\u0121aw minn \u017coni mqattg\u0127in mill-gwerra, u jistg\u0127u jintu\u017caw ukoll g\u0127ad-difi\u017ca tad-dar biex jipprote\u0121u s-sigurt\u00e0 u l-\u0121isem tag\u0127hom stess minn balal u debris<\/p>\n","protected":false},"featured_media":12423,"comment_status":"open","ping_status":"closed","template":"","meta":[],"product_brand":[],"product_cat":[860],"product_tag":[],"woo-feed-brand":[50],"class_list":{"0":"post-13931","1":"product","2":"type-product","3":"status-publish","4":"has-post-thumbnail","6":"product_cat-vest-tattika","7":"woo-feed-brand-tyditiao","9":"first","10":"instock","11":"sale","12":"shipping-taxable","13":"purchasable","14":"product-type-simple"},"_links":{"self":[{"href":"http:\/\/tyditiao.com\/mt\/wp-json\/wp\/v2\/product\/13931","targetHints":{"allow":["GET"]}}],"collection":[{"href":"http:\/\/tyditiao.com\/mt\/wp-json\/wp\/v2\/product"}],"about":[{"href":"http:\/\/tyditiao.com\/mt\/wp-json\/wp\/v2\/types\/product"}],"replies":[{"embeddable":true,"href":"http:\/\/tyditiao.com\/mt\/wp-json\/wp\/v2\/comments?post=13931"}],"wp:featuredmedia":[{"embeddable":true,"href":"http:\/\/tyditiao.com\/mt\/wp-json\/wp\/v2\/media\/12423"}],"wp:attachment":[{"href":"http:\/\/tyditiao.com\/mt\/wp-json\/wp\/v2\/media?parent=13931"}],"wp:term":[{"taxonomy":"product_brand","embeddable":true,"href":"http:\/\/tyditiao.com\/mt\/wp-json\/wp\/v2\/product_brand?post=13931"},{"taxonomy":"product_cat","embeddable":true,"href":"http:\/\/tyditiao.com\/mt\/wp-json\/wp\/v2\/product_cat?post=13931"},{"taxonomy":"product_tag","embeddable":true,"href":"http:\/\/tyditiao.com\/mt\/wp-json\/wp\/v2\/product_tag?post=13931"},{"taxonomy":"woo-feed-brand","embeddable":true,"href":"http:\/\/tyditiao.com\/mt\/wp-json\/wp\/v2\/woo-feed-brand?post=13931"}],"curies":[{"name":"wp","href":"https:\/\/api.w.org\/{rel}","templated":true}]}}