{"id":14116,"date":"2022-10-18T05:26:18","date_gmt":"2022-10-18T03:26:18","guid":{"rendered":"http:\/\/tyditiao.com\/product\/vest-tattika-ta-barra-ta-rilaxx-ta-malajr-vest-tattika-ta-cs-bi-pjanca-tal-balal-2xpe-iiia-10x12\/"},"modified":"2026-01-26T09:37:51","modified_gmt":"2026-01-26T07:37:51","slug":"vesta-tattika-zewnetrzna-bil-fliletta-tattika-cs-bi-pjanca-ta-balal-2xpe-iiia-10x12","status":"publish","type":"product","link":"http:\/\/tyditiao.com\/mt\/product\/vesta-tattika-zewnetrzna-bil-fliletta-tattika-cs-bi-pjanca-ta-balal-2xpe-iiia-10x12\/","title":{"rendered":"Vest tattika ta &#8216;barra ta&#8217; rilaxx ta &#8216;malajr, vest tattika ta&#8217; CS bi pjan\u010ba tal-balal 2XPE IIIA 10&#215;12"},"content":{"rendered":"<p>Il-\u0121nub u l-ispallejn ta &#8216;dan il-prodott huma a\u0121\u0121ustabbli bil-Velcro, sabiex utenti ta&#8217; kull daqs jistg\u0127u jilbsuh.<br \/>\nSaff ta &#8216;\u0121ewwa: materjal ta&#8217; sa\u0127\u0127a g\u0127olja, re\u017cistenti g\u0127all-ilma, \u0127ajja twila u stabbli.<br \/>\nSaff ta &#8216;barra: Oxford, Qoton jew Nylon, Re\u017cistenti g\u0127all-brix, Re\u017cistenti g\u0127at-Tbajja&#8217; u Durabbli.<br \/>\nIl-\u0121akketta tista &#8216;ti\u0121i mg\u0127ammra b&#8217;inserzjonijiet ballisti\u010bi g\u0127al protezzjoni \u017cejda.<\/p>\n<p>Livell ta&#8217; difi\u017ca: pjan\u010ba tal-balal PE default, NIJIIIA,<br \/>\nProtezzjoni insert: UHMW-PE<br \/>\n\u0126xuna: ~ 8mm \/ ~ 0.3&#8242;<br \/>\nValidit\u00e0: 5 snin<br \/>\nTipi ta&#8217; projettili li jistg\u0127u ji\u0121u difi\u017ci kontra:<br \/>\n\u0120akketta tal-metall S\u0127i\u0127a ta&#8217; 9mm (FMJ) \/ Ras Tonda (RN)<br \/>\n.44 Universal Jacket Hollow Point (JHP)<\/p>\n<p>Utenti fil-mira:<br \/>\nSdieri tal-balal mo\u0127bija NIJ Klassi IIIA jipprote\u0121u kontra perikli relatati mal-armi. U g\u0127andha aktar a\u010b\u010bessorji u tokkupa \u017cona akbar. Id-daqs jista &#8216;ji\u0121i a\u0121\u0121ustat bil-Velkro fuq il-\u0121nub u l-ispallejn. Il-prodotti tag\u0127na jistg\u0127u jkunu mg\u0127ammra bi forzi armati, a\u0121enziji SWAT, a\u0121enziji tas-sigurt\u00e0 interna, a\u0121enziji doganali u g\u0127all-protezzjoni tal-fruntieri, a\u0121enziji ta &#8216;kontroll tal-immigrazzjoni u a\u0121enziji o\u0127ra f&#8217;riskju ta&#8217; armi tan-nar. In-nies jiksbu ri\u017cultati a\u0127jar u inqas vittmi.<\/p>\n","protected":false},"excerpt":{"rendered":"<p>Irrealizza rilaxx ta &#8216;malajr: Il-bokkla ta&#8217; rilaxx ta &#8216;malajr tal-qadd hija fa\u010bli biex topera.<\/p>\n<p>\u0126a\u017cna Abbundanti: But stash inkorporat, u l-but tal-utilit\u00e0 jista &#8216;ji\u0121i installat jew imne\u0127\u0127i skond il-b\u017connijiet tieg\u0127ek.<\/p>\n<p>Mg\u0127ammar bi pjan\u010bi bulletproof NIJ IIIA ta &#8216;quddiem u ta&#8217; wara: jista &#8216;jittratta t-theddida ta&#8217; balal tal-pistola.<\/p>\n<p>DAQS a\u0121\u0121ustabbli: Daqs a\u0121\u0121ustabbli bil-Velkro fuq il-\u0121nub u l-ispallejn.<\/p>\n","protected":false},"featured_media":11796,"comment_status":"open","ping_status":"closed","template":"","meta":[],"product_brand":[],"product_cat":[860],"product_tag":[],"woo-feed-brand":[50],"class_list":{"0":"post-14116","1":"product","2":"type-product","3":"status-publish","4":"has-post-thumbnail","6":"product_cat-vest-tattika","7":"woo-feed-brand-tyditiao","9":"first","10":"instock","11":"sale","12":"shipping-taxable","13":"purchasable","14":"product-type-simple"},"_links":{"self":[{"href":"http:\/\/tyditiao.com\/mt\/wp-json\/wp\/v2\/product\/14116","targetHints":{"allow":["GET"]}}],"collection":[{"href":"http:\/\/tyditiao.com\/mt\/wp-json\/wp\/v2\/product"}],"about":[{"href":"http:\/\/tyditiao.com\/mt\/wp-json\/wp\/v2\/types\/product"}],"replies":[{"embeddable":true,"href":"http:\/\/tyditiao.com\/mt\/wp-json\/wp\/v2\/comments?post=14116"}],"wp:featuredmedia":[{"embeddable":true,"href":"http:\/\/tyditiao.com\/mt\/wp-json\/wp\/v2\/media\/11796"}],"wp:attachment":[{"href":"http:\/\/tyditiao.com\/mt\/wp-json\/wp\/v2\/media?parent=14116"}],"wp:term":[{"taxonomy":"product_brand","embeddable":true,"href":"http:\/\/tyditiao.com\/mt\/wp-json\/wp\/v2\/product_brand?post=14116"},{"taxonomy":"product_cat","embeddable":true,"href":"http:\/\/tyditiao.com\/mt\/wp-json\/wp\/v2\/product_cat?post=14116"},{"taxonomy":"product_tag","embeddable":true,"href":"http:\/\/tyditiao.com\/mt\/wp-json\/wp\/v2\/product_tag?post=14116"},{"taxonomy":"woo-feed-brand","embeddable":true,"href":"http:\/\/tyditiao.com\/mt\/wp-json\/wp\/v2\/woo-feed-brand?post=14116"}],"curies":[{"name":"wp","href":"https:\/\/api.w.org\/{rel}","templated":true}]}}