{"id":14336,"date":"2022-10-11T12:39:23","date_gmt":"2022-10-11T10:39:23","guid":{"rendered":"http:\/\/tyditiao.com\/product\/kevlar-nij-iiia-bulletproof-half-mask-aramid-bulletproof-face-mask-ghal-elmu-tattiku-bulletproof\/"},"modified":"2026-01-26T09:40:45","modified_gmt":"2026-01-26T07:40:45","slug":"ballistic-kevlar-nij-iiia-aramid-ballistic-mask-fit-with-tactical-ballistic-helmet-wendy-quick-michigan-fit","status":"publish","type":"product","link":"http:\/\/tyditiao.com\/mt\/product\/ballistic-kevlar-nij-iiia-aramid-ballistic-mask-fit-with-tactical-ballistic-helmet-wendy-quick-michigan-fit\/","title":{"rendered":"Kevlar NIJ IIIA Bulletproof Half Mask, Aramid Bulletproof Face Mask g\u0127al Elmu tattiku Bulletproof"},"content":{"rendered":"<p>Pi\u017c: 0.68 kg<\/p>\n<p>Materjal: Aramid<\/p>\n<p>\u0126xuna: aramid o\u0127xon ta &#8216;8mm u kisi ta&#8217; 1mm<\/p>\n<p>Klassi ta&#8217; protezzjoni: NIJ 0101.06 livell IIIA<\/p>\n<p>Daqs: Daqs wie\u0127ed g\u0127al kul\u0127add<\/p>\n<p>Validit\u00e0: 5 snin<\/p>\n<p>Xenarji applikabbli: protezzjoni tad-dar, sigurt\u00e0, tag\u0127mir tal-pulizija, \u0121lieda attwali, cosplay<\/p>\n<p>Servizz OEM\/ODM disponibbli fuq talba<\/p>\n<p>&nbsp;<\/p>\n<p>Lista ta &#8216;l-Ippakkjar: 1X Nofs Face Bulletproof Maskra<\/p>\n","protected":false},"excerpt":{"rendered":"<p>Materjal: Mag\u0127mul minn fibri Kevlar \u0127fief avvanzati li huma 15-il darba aktar b&#8217;sa\u0127\u0127ithom mill-azzar biex jimminimizzaw it-theddida tal-balal<\/p>\n<p>Disinn Ergonomiku Uniku: Faxxa tar-ras tan-najlon a\u0121\u0121ustabbli b&#8217;6 punti u ikkuttunar \u017cejjed tajbin g\u0127al kull forma ta &#8216;ras u jtejbu l-kumdit\u00e0 tal-ilbies<\/p>\n<p>Adattabilit\u00e0 tajba: tista &#8216;tintu\u017ca ma&#8217; elmi FAST, WENDY, MICH u l-elmi bulletproof, li jkopru bis-s\u0127i\u0127 il-wi\u010b\u010b ta &#8216;min jilbisha<\/p>\n<p>U\u017ci applikabbli: protezzjoni tad-dar, militari, persunal involut f&#8217;operazzjonijiet perikolu\u017ci, ta\u0127ri\u0121 fuq il-post, gwardji tal-\u0121isem, persunal involut f&#8217;operazzjonijiet perikolu\u017ci f&#8217;\u017coni ta&#8217; kunflitt armat barranin<\/p>\n","protected":false},"featured_media":11568,"comment_status":"open","ping_status":"closed","template":"","meta":[],"product_brand":[],"product_cat":[595],"product_tag":[],"woo-feed-brand":[50],"class_list":{"0":"post-14336","1":"product","2":"type-product","3":"status-publish","4":"has-post-thumbnail","6":"product_cat-maskra-ballistika","7":"product_shipping_class-0-3-kg-mt","8":"woo-feed-brand-tyditiao","10":"first","11":"instock","12":"sale","13":"shipping-taxable","14":"purchasable","15":"product-type-simple"},"_links":{"self":[{"href":"http:\/\/tyditiao.com\/mt\/wp-json\/wp\/v2\/product\/14336","targetHints":{"allow":["GET"]}}],"collection":[{"href":"http:\/\/tyditiao.com\/mt\/wp-json\/wp\/v2\/product"}],"about":[{"href":"http:\/\/tyditiao.com\/mt\/wp-json\/wp\/v2\/types\/product"}],"replies":[{"embeddable":true,"href":"http:\/\/tyditiao.com\/mt\/wp-json\/wp\/v2\/comments?post=14336"}],"wp:featuredmedia":[{"embeddable":true,"href":"http:\/\/tyditiao.com\/mt\/wp-json\/wp\/v2\/media\/11568"}],"wp:attachment":[{"href":"http:\/\/tyditiao.com\/mt\/wp-json\/wp\/v2\/media?parent=14336"}],"wp:term":[{"taxonomy":"product_brand","embeddable":true,"href":"http:\/\/tyditiao.com\/mt\/wp-json\/wp\/v2\/product_brand?post=14336"},{"taxonomy":"product_cat","embeddable":true,"href":"http:\/\/tyditiao.com\/mt\/wp-json\/wp\/v2\/product_cat?post=14336"},{"taxonomy":"product_tag","embeddable":true,"href":"http:\/\/tyditiao.com\/mt\/wp-json\/wp\/v2\/product_tag?post=14336"},{"taxonomy":"woo-feed-brand","embeddable":true,"href":"http:\/\/tyditiao.com\/mt\/wp-json\/wp\/v2\/woo-feed-brand?post=14336"}],"curies":[{"name":"wp","href":"https:\/\/api.w.org\/{rel}","templated":true}]}}