{"id":16854,"date":"2025-04-17T09:25:14","date_gmt":"2025-04-17T07:25:14","guid":{"rendered":"https:\/\/tyditiao.com\/product\/elmu-ballistiku-fast-binforra-ta-wendys-zorbium-u-sistema-ta-sospensjoni-cam-fit-livell-ta-protezzjoni-nij-iiia\/"},"modified":"2026-01-26T09:36:17","modified_gmt":"2026-01-26T07:36:17","slug":"elmu-ballistiku-fast-binforra-ta-wendys-zorbium-u-sistema-ta-sospensjoni-cam-fit-livell-ta-protezzjoni-nij-iiia","status":"publish","type":"product","link":"http:\/\/tyditiao.com\/mt\/product\/elmu-ballistiku-fast-binforra-ta-wendys-zorbium-u-sistema-ta-sospensjoni-cam-fit-livell-ta-protezzjoni-nij-iiia\/","title":{"rendered":"Elmu ballistiku FAST, b&#8217;inforra ta&#8217; Wendy&#8217;s Zorbium u sistema ta&#8217; sospensjoni CAM FIT, livell ta&#8217; protezzjoni NIJ IIIA"},"content":{"rendered":"<p><strong>Noti Spe\u010bjali:<\/strong><\/p>\n<p>Dan huwa l-mudell ewlieni l-\u0121did tag\u0127na, li jg\u0127aqqad abbilit\u00e0 ta &#8216;kwalit\u00e0 g\u0127olja mal-og\u0127la kumdit\u00e0. Sakemm ma jkunx innutat mod ie\u0127or, il-konfigurazzjoni default hija kif \u0121ej: daqs L, a\u0127dar, elmu FAST bulletproof b&#8217;kisja tal-fowm Zorbium u sistema ta &#8216;sospensjoni CAM FIT, livell ta&#8217; protezzjoni NIJ IIIA. Barra minn hekk, noffru firxa wiesg\u0127a ta &#8216;kuluri (a\u0127dar, ramel, iswed) u daqsijiet (S, M, L, XL) minn fejn jag\u0127\u017clu.<\/p>\n<p>Irrispettivament minn fejn int, tista &#8216;tag\u0127mel l-ordni tieg\u0127ek direttament permezz ta&#8217; din il-link u tag\u0127mel ix-xiri tieg\u0127ek ming\u0127ajr ebda problema. Sempli\u010bement spe\u010bifika d-daqs u l-kulur li g\u0127andek b\u017conn fin-noti tal-ordni (per e\u017cempju: XL-iswed) u tir\u010bievi t-tag\u0127mir tal-\u0127olm tieg\u0127ek. A\u0127na mhux se ni\u010b\u010bar\u0121jaw mi\u017cati addizzjonali g\u0127all-g\u0127a\u017cla ta &#8216;kuluri u daqsijiet o\u0127ra.<\/p>\n<hr \/>\n<p><strong>Livell ta&#8217; Difi\u017ca:<\/strong><\/p>\n<p>Dan l-elmu bulletproof huwa elmu bulletproof NIJ Livell IIIA skont l-Istandard NIJ 0101.06, Jistg\u0127u ji\u0121u pprovduti rapporti tat-test rilevanti.<\/p>\n<hr \/>\n<p><strong>Parametri tal-projettili difensivi:<\/strong><\/p>\n<p>.44 Mag SJHP<br \/>\n.357 SIG FMJ FN<br \/>\n9mm FMJ RN<br \/>\n.357 Mag JSP<br \/>\n.40 S&amp;W FMJ<\/p>\n<p>Jipprovdi wkoll protezzjoni kontra l-bi\u010b\u010ba l-kbira tat-theddid tal-armi tan-nar, kif ukoll it-theddid tal-Klassi IIA u II.<\/p>\n<hr \/>\n<p><strong>Parametri tal-elmu li ma jg\u0127addix balal:<\/strong><\/p>\n<p>Isem: NIJ lllA FAST elmu tattiku militari li ma jg\u0127addix balal mag\u0127mul minn Kevlar b&#8217;kisja tal-fowm Wendy Zorbium + sistema ta&#8217; sospensjoni CAM FIT<\/p>\n<p>Materjal: fibra DuPont Kevlar-aramid ta &#8216;sa\u0127\u0127a g\u0127olja<br \/>\nDaqs: S, M, L, XL<br \/>\nKulur: a\u0127dar, ramel, iswed<br \/>\nA\u010b\u010bessorji mhux obbligatorji: maskra kontra l-balal, e\u010b\u010b.<br \/>\nPerjodu ta &#8216;garanzija: perjodu ta&#8217; garanzija ta &#8216;5 snin jista&#8217; jkollu kapa\u010bit\u00e0 ta &#8216;protezzjoni adegwata, i\u017cda jekk jaqbe\u017c il-perjodu ta&#8217; garanzija<br \/>\nIl-kwalit\u00e0 tal-\u0127ajja se tnaqqas il-kapa\u010bit\u00e0 li tipprote\u0121i.<\/p>\n<p>&nbsp;<\/p>\n<hr \/>\n<p><strong>Dettalji u paragun tad-daqs tal-elmi bulletproof:<\/strong><\/p>\n<p>&nbsp;<\/p>\n<table style=\"border-collapse: collapse;\" border=\"1\" cellspacing=\"0\" cellpadding=\"5\">\n<thead>\n<tr>\n<th>Daqs tal-elmu tal-elmu ballistiku<\/th>\n<th>S<\/th>\n<th>M<\/th>\n<th>L<\/th>\n<th>XL<\/th>\n<\/tr>\n<\/thead>\n<tbody>\n<tr>\n<td>\u0126xuna tal-kisi<\/td>\n<td>9.5<\/td>\n<td>9.5<\/td>\n<td>10 (9.5)<\/td>\n<td>10 (9.5)<\/td>\n<\/tr>\n<tr>\n<td>Livell ta&#8217; protezzjoni<\/td>\n<td>3A.44<\/td>\n<td>3A.44<\/td>\n<td>3A.44<\/td>\n<td>3A.44<\/td>\n<\/tr>\n<tr>\n<td>Assi Twil (Assi Twil\/mm)<\/td>\n<td>235<\/td>\n<td>240<\/td>\n<td>247<\/td>\n<td>263<\/td>\n<\/tr>\n<tr>\n<td>Assi Qasir (Assi Minuri\/mm)<\/td>\n<td>182<\/td>\n<td>185<\/td>\n<td>193<\/td>\n<td>205<\/td>\n<\/tr>\n<tr>\n<td>G\u0127oli ta &#8216;\u0121ewwa\/mm<\/td>\n<td>146<\/td>\n<td>153<\/td>\n<td>158<\/td>\n<td>161<\/td>\n<\/tr>\n<tr>\n<td>\u010airkonferenza tar-ras (Bid-dwiefer)<\/td>\n<td>53-59<\/td>\n<td>53-59<\/td>\n<td>56-59<\/td>\n<td>58-62<\/td>\n<\/tr>\n<tr>\n<td>Pi\u017c Standard (Pi\u017c\/Kg)<\/td>\n<td>1.24<\/td>\n<td>1.29<\/td>\n<td>1.32<\/td>\n<td>1.42<\/td>\n<\/tr>\n<tr>\n<td>Pi\u017c Devjazzjoni\/Kg<\/td>\n<td>0.05<\/td>\n<td>0.05<\/td>\n<td>0.05<\/td>\n<td>0.05<\/td>\n<\/tr>\n<tr>\n<td>Pi\u017c tal-Kaxxa\/KG<\/td>\n<td>2<\/td>\n<td>2<\/td>\n<td>2<\/td>\n<td>2.1<\/td>\n<\/tr>\n<\/tbody>\n<\/table>\n","protected":false},"excerpt":{"rendered":"<p>Il-kombinazzjoni tal-vanta\u0121\u0121i tal-elmu ballistiku FAST u l-elmu Wendy tipprovdi kumdit\u00e0 u protezzjoni e\u010b\u010bellenti, li tippermettilek i\u017c\u017comm il-mobilit\u00e0 u s-sigurt\u00e0 s\u0127i\u0127a waqt kwalunkwe kompitu.<\/p>\n<p>Disinn \u0127afif u komdu: L-elmu FAST bid-disinn \u0127afif modern tieg\u0127u inaqqas il-pi\u017c g\u0127al minimu, u jag\u0127milha ideali g\u0127al ilbies fit-tul f&#8217;kundizzjonijiet e\u017ci\u0121enti. Jipprovdi kumdit\u00e0 e\u010b\u010bezzjonali, anke waqt attivitajiet intensi.<\/p>\n<p>Sistema ta &#8216;sospensjoni ta&#8217; pre\u010bi\u017cjoni: Da\u0127\u0127al Zorbium u sistema ta &#8216;sospensjoni CAM FIT jippermettu a\u0121\u0121ustament pre\u010bi\u017c g\u0127all-forma tar-ras, li jipprovdu tajbin stabbli, artab u komdu, li jiggarantixxu kumdit\u00e0 meta jintlibsu g\u0127al perjodi twal.<\/p>\n<p>M&#8217;hemmx b\u017conn ta &#8216;awto-assembla\u0121\u0121, li jippermettilek tiffranka \u0127in u sforz u tgawdi immedjatament tag\u0127mir tattiku komplut.<\/p>\n","protected":false},"featured_media":16575,"comment_status":"open","ping_status":"closed","template":"","meta":[],"product_brand":[],"product_cat":[737,822,595],"product_tag":[],"woo-feed-brand":[50],"class_list":{"0":"post-16854","1":"product","2":"type-product","3":"status-publish","4":"has-post-thumbnail","6":"product_cat-elmu-kontra-l-balal","7":"product_cat-fast-mt","8":"product_cat-maskra-ballistika","9":"woo-feed-brand-tyditiao","11":"first","12":"instock","13":"sale","14":"shipping-taxable","15":"purchasable","16":"product-type-simple"},"_links":{"self":[{"href":"http:\/\/tyditiao.com\/mt\/wp-json\/wp\/v2\/product\/16854","targetHints":{"allow":["GET"]}}],"collection":[{"href":"http:\/\/tyditiao.com\/mt\/wp-json\/wp\/v2\/product"}],"about":[{"href":"http:\/\/tyditiao.com\/mt\/wp-json\/wp\/v2\/types\/product"}],"replies":[{"embeddable":true,"href":"http:\/\/tyditiao.com\/mt\/wp-json\/wp\/v2\/comments?post=16854"}],"wp:featuredmedia":[{"embeddable":true,"href":"http:\/\/tyditiao.com\/mt\/wp-json\/wp\/v2\/media\/16575"}],"wp:attachment":[{"href":"http:\/\/tyditiao.com\/mt\/wp-json\/wp\/v2\/media?parent=16854"}],"wp:term":[{"taxonomy":"product_brand","embeddable":true,"href":"http:\/\/tyditiao.com\/mt\/wp-json\/wp\/v2\/product_brand?post=16854"},{"taxonomy":"product_cat","embeddable":true,"href":"http:\/\/tyditiao.com\/mt\/wp-json\/wp\/v2\/product_cat?post=16854"},{"taxonomy":"product_tag","embeddable":true,"href":"http:\/\/tyditiao.com\/mt\/wp-json\/wp\/v2\/product_tag?post=16854"},{"taxonomy":"woo-feed-brand","embeddable":true,"href":"http:\/\/tyditiao.com\/mt\/wp-json\/wp\/v2\/woo-feed-brand?post=16854"}],"curies":[{"name":"wp","href":"https:\/\/api.w.org\/{rel}","templated":true}]}}