{"id":8218,"date":"2023-05-21T09:11:58","date_gmt":"2023-05-21T07:11:58","guid":{"rendered":"http:\/\/tyditiao.com\/thuis\/"},"modified":"2025-01-04T16:01:31","modified_gmt":"2025-01-04T14:01:31","slug":"thuis","status":"publish","type":"page","link":"http:\/\/tyditiao.com\/nl\/","title":{"rendered":"Home"},"content":{"rendered":"\n<div class=\"wp-block-cover is-light\" style=\"min-height:240px;aspect-ratio:unset;\"><span aria-hidden=\"true\" class=\"wp-block-cover__background has-background-dim-20 has-background-dim\" style=\"background-color:#b7ad73\"><\/span><img loading=\"lazy\" decoding=\"async\" width=\"1401\" height=\"539\" class=\"wp-block-cover__image-background wp-image-1576\" alt=\"\" src=\"http:\/\/tyditiao.com\/wp-content\/uploads\/2022\/06\/2022-06-13_182159.png\" data-object-fit=\"cover\" srcset=\"http:\/\/tyditiao.com\/wp-content\/uploads\/2022\/06\/2022-06-13_182159.png 1401w, http:\/\/tyditiao.com\/wp-content\/uploads\/2022\/06\/2022-06-13_182159-600x231.png 600w, http:\/\/tyditiao.com\/wp-content\/uploads\/2022\/06\/2022-06-13_182159-300x115.png 300w, http:\/\/tyditiao.com\/wp-content\/uploads\/2022\/06\/2022-06-13_182159-1024x394.png 1024w, http:\/\/tyditiao.com\/wp-content\/uploads\/2022\/06\/2022-06-13_182159-768x295.png 768w, http:\/\/tyditiao.com\/wp-content\/uploads\/2022\/06\/2022-06-13_182159-1320x508.png 1320w\" sizes=\"auto, (max-width: 1401px) 100vw, 1401px\" \/><div class=\"wp-block-cover__inner-container is-layout-constrained wp-block-cover-is-layout-constrained\">\n<div class=\"wp-block-columns is-layout-flex wp-container-core-columns-is-layout-9d6595d7 wp-block-columns-is-layout-flex\">\n<div class=\"wp-block-column is-layout-flow wp-block-column-is-layout-flow\" style=\"flex-basis:25%\"><\/div>\n\n\n\n<div class=\"wp-block-column is-layout-flow wp-block-column-is-layout-flow\" style=\"flex-basis:50%\">\n<div style=\"height:20px\" aria-hidden=\"true\" class=\"wp-block-spacer\"><\/div>\n\n\n\n<p class=\"has-text-align-center custom-style has-text-color has-link-color has-large-font-size wp-elements-0e9059f7eb66aa999df6a7a814fef0b0\" style=\"color:#ffffff\">Wij zijn gespecialiseerd in de productie en verkoop van verschillende soorten tactische militaire ballistische helmen<\/p>\n<\/div>\n\n\n\n<div class=\"wp-block-column is-layout-flow wp-block-column-is-layout-flow\" style=\"flex-basis:25%\"><\/div>\n<\/div>\n<\/div><\/div>\n\n<div style=\"height:50px\" aria-hidden=\"true\" class=\"wp-block-spacer\"><\/div>\n\n<div class=\"wp-block-columns is-layout-flex wp-container-core-columns-is-layout-9d6595d7 wp-block-columns-is-layout-flex\">\n<div class=\"wp-block-column is-layout-flow wp-block-column-is-layout-flow\" style=\"flex-basis:10%\"><\/div>\n\n\n\n<div class=\"wp-block-column is-layout-flow wp-block-column-is-layout-flow\">\n<h2 class=\"wp-block-heading has-text-align-center\">BALLISTISCHE HELMEN DIE WIJ VERKOPEN<\/h2>\n\n\n\n<figure class=\"wp-block-gallery has-nested-images columns-4 is-cropped wp-block-gallery-1 is-layout-flex wp-block-gallery-is-layout-flex\">\n<figure class=\"wp-block-image size-medium\"><img decoding=\"async\" data-id=\"5154\" src=\"https:\/\/tyditiao.com\/wp-content\/uploads\/2022\/10\/&#x672A;&#x6807;&#x9898;-51-300x300.png\" alt=\"Ballistisch tactisch vest voor buiten, uitgerust met een kogelvrij paneeldisplay\" class=\"wp-image-5154\"\/><\/figure>\n\n\n<figure class=\"wp-block-image size-medium\"><img loading=\"lazy\" decoding=\"async\" width=\"300\" height=\"300\" data-id=\"1343\" src=\"http:\/\/tyditiao.com\/wp-content\/uploads\/2022\/06\/7-300x300.jpg\" alt=\"\" class=\"wp-image-1343\" srcset=\"http:\/\/tyditiao.com\/wp-content\/uploads\/2022\/06\/7-300x300.jpg 300w, http:\/\/tyditiao.com\/wp-content\/uploads\/2022\/06\/7-100x100.jpg 100w, http:\/\/tyditiao.com\/wp-content\/uploads\/2022\/06\/7-600x600.jpg 600w, http:\/\/tyditiao.com\/wp-content\/uploads\/2022\/06\/7-1024x1024.jpg 1024w, http:\/\/tyditiao.com\/wp-content\/uploads\/2022\/06\/7-150x150.jpg 150w, http:\/\/tyditiao.com\/wp-content\/uploads\/2022\/06\/7-768x768.jpg 768w, http:\/\/tyditiao.com\/wp-content\/uploads\/2022\/06\/7.jpg 1200w\" sizes=\"auto, (max-width: 300px) 100vw, 300px\" \/><\/figure>\n\n\n<figure class=\"wp-block-image size-medium\"><img decoding=\"async\" data-id=\"4955\" src=\"https:\/\/tyditiao.com\/wp-content\/uploads\/2022\/10\/&#x672A;&#x6807;&#x9898;-3-300x300.png\" alt=\"NIJ IIIA tactisch ballistisch masker met volledig gezicht - schematisch\" class=\"wp-image-4955\"\/><\/figure>\n\n\n<figure class=\"wp-block-image size-medium\"><img decoding=\"async\" data-id=\"5396\" src=\"https:\/\/tyditiao.com\/wp-content\/uploads\/2022\/10\/SICPE&#xFF0C;NIJ-Level-IV&#xFF0C;23MM&#xFF0C;2.5KG-300x300.png\" alt=\"SIC+PE, NIJ Niveau IV, 23MM, 2,5KG, Kogelvrije borstplaat, 250X300MM\" class=\"wp-image-5396\"\/><\/figure><\/figure>\n\n\n\n<div style=\"height:50px\" aria-hidden=\"true\" class=\"wp-block-spacer\"><\/div>\n\n\n\n<h2 class=\"wp-block-heading has-text-align-center\">FAQ<\/h2>\n\n\n\n<div style=\"height:30px\" aria-hidden=\"true\" class=\"wp-block-spacer\"><\/div>\n\n\n\n<div class=\"wp-block-columns is-layout-flex wp-container-core-columns-is-layout-9d6595d7 wp-block-columns-is-layout-flex\">\n<div class=\"wp-block-column is-layout-flow wp-block-column-is-layout-flow\">\n<h6 class=\"wp-block-heading\">Heb je een fysieke fabriek?<\/h6>\n\n\n\n<p>Ja! We hebben een fysieke fabriek en leveren al 6 jaar groothandel aan Europese en Amerikaanse helmverkopers. We verzenden elke dag tonnen helmen over de hele wereld, en dit is onze fabriekswinkel.  <\/p>\n<\/div>\n\n\n\n<div class=\"wp-block-column is-layout-flow wp-block-column-is-layout-flow\">\n<h6 class=\"wp-block-heading\">Is er korting als u rechtstreeks bij de fabriek koopt?<\/h6>\n\n\n\n<p>Door rechtstreeks via de website van onze fabriek te bestellen, kunt u uiteraard ruim 20% besparen ten opzichte van de verkoopprijs van de dealer, omdat u hiermee direct uw indirecte kosten bespaart. Tegelijkertijd zijn we ook van plan winst te geven aan de eindconsument om onze detailhandelsactiviteiten uit te breiden. <\/p>\n<\/div>\n<\/div>\n\n\n\n<div class=\"wp-block-columns is-layout-flex wp-container-core-columns-is-layout-9d6595d7 wp-block-columns-is-layout-flex\">\n<div class=\"wp-block-column is-layout-flow wp-block-column-is-layout-flow\">\n<h6 class=\"wp-block-heading\">Wat zijn de verzendkosten voor een artikel? Hoe snel kan ik het krijgen?<\/h6>\n\n\n\n<p>FedEx-kosten zijn inbegrepen in alle helmprijzen, dus u hoeft geen extra verzendkosten te betalen. FEDEX Express kan de helm binnen 6-14 werkdagen bij u afleveren en uw lokale Fedex-verzender zal u bellen zodra het pakket in uw stad aankomt en het rechtstreeks naar u verzenden. <\/p>\n<\/div>\n\n\n\n<div class=\"wp-block-column is-layout-flow wp-block-column-is-layout-flow\">\n<h6 class=\"wp-block-heading\">Waar wordt de bestelling vandaan verzonden en weet ik zeker dat ik deze zal ontvangen?<\/h6>\n\n\n\n<p>Verzending vanuit ons fabrieksmagazijn in China, we hebben een groot aantal kogelvrije helmen verkocht aan de Verenigde Staten, Polen, Duitsland, Japan en vele andere landen, en we sturen u het trackingnummer per post nadat de goederen zijn verzonden. Controleer op elk moment de leveringsstatus.<\/p>\n<\/div>\n<\/div>\n\n\n\n<div class=\"wp-block-columns is-layout-flex wp-container-core-columns-is-layout-9d6595d7 wp-block-columns-is-layout-flex\">\n<div class=\"wp-block-column is-layout-flow wp-block-column-is-layout-flow\">\n<h6 class=\"wp-block-heading\">Hoe een bestelling te plaatsen en hoe te betalen<\/h6>\n\n\n\n<p>Wij accepteren alleen betalingen voor bestellingen via Paypal en Western Union. Als u nog geen Paypal heeft, registreer u dan hier www.paypal.com om veilig via Paypal te kopen en te betalen. Als u ervoor kiest om via Western Union te betalen, neem dan contact met ons op om bevestig de informatie over de betaling.<\/p>\n<\/div>\n\n\n\n<div class=\"wp-block-column is-layout-flow wp-block-column-is-layout-flow\">\n<h6 class=\"wp-block-heading\">Ik moet meerdere helmen tegelijk kopen, kan ik een extra korting krijgen?<\/h6>\n\n\n\n<p>Heeft u meer dan 5 helmen nodig voor eigen gebruik of voor uw lokale groothandel, neem dan uiteraard direct contact met ons op. U ontvangt nog betere prijzen dan onze huidige online winkels. Mis het niet, want het bespaart u aanzienlijke kosten.  <\/p>\n<\/div>\n<\/div>\n\n\n\n<div style=\"height:50px\" aria-hidden=\"true\" class=\"wp-block-spacer\"><\/div>\n\n\n\n<h2 class=\"wp-block-heading has-text-align-center\">Gratis verzending in alle gebieden<\/h2>\n\n\n\n<h4 class=\"wp-block-heading has-text-align-center\">bezorggebied<\/h4>\n\n\n\n<p class=\"has-text-align-center\"><strong>Europa: <\/strong>Polen, Litouwen, Duitsland, Nederland, Hongarije, Verenigd Koninkrijk, Frankrijk, Itali\u00eb, Spanje, Oostenrijk, Belgi\u00eb, Luxemburg, Ierland, Bulgarije, Kroati\u00eb, Tsjechi\u00eb, Estland, Finland, Letland, Malta, Portugal, Roemeni\u00eb, Slowakije, Sloveni\u00eb, Zweden, Denemarken, Griekenland, Zwitserland, Noorwegen, Cyprus<\/p>\n\n\n\n<p class=\"has-text-align-center\"><strong>Azi\u00eb: <\/strong>Taiwan, Macau, Hong Kong, Singapore, Maleisi\u00eb, Thailand, Vietnam, Filippijnen, Isra\u00ebl, Turkije, Korea, Japan, Bahrein, Saoedi-Arabi\u00eb, Libanon, Verenigde Arabische Emiraten<\/p>\n\n\n\n<p class=\"has-text-align-center\"><strong>Noord-Amerika: <\/strong>Verenigde Staten, Canada, Mexico<\/p>\n\n\n\n<p class=\"has-text-align-center\"><strong>Zuid-Amerika:<\/strong> Brazili\u00eb, Chili, Colombia<\/p>\n\n\n\n<p class=\"has-text-align-center\"><strong>Oceani\u00eb: <\/strong>Australi\u00eb, Nieuw-Zeeland<\/p>\n\n\n\n<p class=\"has-text-align-center\"><strong>Afrika:<\/strong> Zuid-Afrika<\/p>\n\n\n\n<p class=\"has-text-align-center\"><strong>Nieuwe regio: <\/strong>Oekra\u00efne (er is geen bezorgservice in het betwiste gebied en de bestelling wordt geannuleerd)<\/p>\n\n\n\n<h4 class=\"wp-block-heading has-text-align-center\">geen verzendkosten<\/h4>\n\n\n\n<p class=\"has-text-align-center\">Om de omvang van de detailhandelsmarkt uit te breiden, implementeren we een beleid voor gratis verzending voor alle bovengenoemde landen en regio&#8217;s, wat betekent dat u geen andere verzendkosten hoeft te betalen dan de prijs van het product zelf.<\/p>\n\n\n\n<h4 class=\"wp-block-heading has-text-align-center\">levertijd bestellen<\/h4>\n\n\n\n<p class=\"has-text-align-center\"><strong>Orderverwerkingstijd: <\/strong>binnen 1-6 werkdagen na ontvangst van de betaling (wij sturen het zendingsnummer na overhandiging van de zending aan het koeriersbedrijf)<\/p>\n\n\n\n<p class=\"has-text-align-center\"><strong>Express-verzendtijd:<\/strong> 6-14 werkdagen<\/p>\n\n\n\n<div style=\"height:50px\" aria-hidden=\"true\" class=\"wp-block-spacer\"><\/div>\n\n\n\n<h2 class=\"wp-block-heading has-text-align-center\">betalen<\/h2>\n\n\n\n<h4 class=\"wp-block-heading has-text-align-center\">Betaalmethoden<\/h4>\n\n\n\n<p class=\"has-text-align-center\">Ga naar de afrekenpagina om vooraf te betalen via PAYPAL of betaal uw bestelling via Western Union.<\/p>\n\n\n\n<p class=\"has-text-align-center\"><strong>A. Ga naar de afrekenpagina en betaal vooraf via PAYPAL<\/strong><br\/>1. Voeg het gewenste product toe aan uw winkelwagen<br\/>2. Klik op de winkelwagenknop in de rechterbovenhoek om het productaantal te bekijken en te bevestigen<br\/>3. Klik op de bestelknop om naar de afrekenpagina te gaan, geef uw afleveradres, e-mailadres en andere informatie op<br\/>4. Betaal het orderbedrag via PayPal<br\/>5. Winkelen voltooid, wachtend tot de goederen zijn opgehaald<\/p>\n\n\n\n<p class=\"has-text-align-center\"><strong>B. Western Union-betaling voor uw bestelling<\/strong><br\/>1. Voor communicatie via e-mail zijn informatie nodig zoals product en hoeveelheid, evenals het afhaaladres<br\/>2. Maak over om het orderbedrag te betalen<br\/>3. Winkelen voltooid, wachtend tot de goederen zijn opgehaald<\/p>\n\n\n\n<h4 class=\"wp-block-heading has-text-align-center\">Ondersteuning valuta<\/h4>\n\n\n\n<p class=\"has-text-align-center\">Wij accepteren elk van de volgende valuta, dus u kunt bij het betalen de valuta kiezen die het beste bij u past<\/p>\n\n\n\n<p class=\"has-text-align-center\">Nieuwe Taiwanese dollar (NT$) &#8211; TWD<br\/>Poolse zloty (PLN) &#8211; PLN<br\/>Amerikaanse dollar (VS) ($) &#8211; USD<br\/>Pond sterling (\u00a3) &#8211; GBP<br\/>Euro (\u20ac) &#8211; EUR<br\/>Japanse yen (\u00a5) &#8211; JPY<br\/>Canadese dollar ($) &#8211; CAD<br\/>Tsjechische kroon (K\u010d) &#8211; CZK<br\/>Mexicaanse peso ($) &#8211; MXN<\/p>\n\n\n\n<div style=\"height:50px\" aria-hidden=\"true\" class=\"wp-block-spacer\"><\/div>\n\n\n\n<h2 class=\"wp-block-heading has-text-align-center\">30 dagen retourbeleid<\/h2>\n\n\n\n<h4 class=\"wp-block-heading has-text-align-center\">TERUGSTUURBELEID<\/h4>\n\n\n\n<p class=\"has-text-align-center\">Wij hanteren een retourbeleid van 30 dagen, wat betekent dat u binnen 30 dagen na ontvangst van uw artikel een retour kunt aanvragen.<\/p>\n\n\n\n<p class=\"has-text-align-center\">Om in aanmerking te komen voor retournering moet het artikel in dezelfde staat verkeren als het artikel dat je hebt ontvangen, ongedragen of ongebruikt, en in de originele verpakking. Daarnaast heeft u een kassabon of aankoopbewijs nodig. <\/p>\n\n\n\n<p class=\"has-text-align-center\">Om een retourzending te starten, kunt u contact met ons opnemen via<strong> tyditiao@gmail.com<\/strong>. Als uw retourzending wordt geaccepteerd, sturen wij u een retourlabel met instructies over hoe en waar u uw pakket kunt verzenden. Artikelen die zonder voorafgaand verzoek tot retourzending aan ons worden geretourneerd, worden niet geaccepteerd.  <\/p>\n\n\n\n<p class=\"has-text-align-center\">U kunt altijd contact met ons opnemen via <strong>tyditiao@gmail.com<\/strong> voor eventuele retourproblemen.<\/p>\n\n\n\n<h4 class=\"wp-block-heading has-text-align-center\">schade en problemen<\/h4>\n\n\n\n<p class=\"has-text-align-center\">Controleer uw bestelling na ontvangst. Als het artikel beschadigd of defect is of als u het verkeerde artikel heeft ontvangen, neem dan onmiddellijk contact met ons op (<a href=\"https:\/\/tyditiao.com\/nl\/contact\/\">neem contact met ons op via<\/a>), zodat we het probleem kunnen vinden en onmiddellijk kunnen oplossen.<\/p>\n\n\n\n<h4 class=\"wp-block-heading has-text-align-center\">aandelenbeurs<\/h4>\n\n\n\n<p class=\"has-text-align-center\">De snelste manier om ervoor te zorgen dat u krijgt wat u wilt, is door het artikel dat u al heeft te retourneren. Zodra uw retourzending is geaccepteerd, koopt u het nieuwe artikel afzonderlijk.<\/p>\n\n\n\n<h4 class=\"wp-block-heading has-text-align-center\">opbrengst<\/h4>\n\n\n\n<p class=\"has-text-align-center\">We zullen u op de hoogte stellen zodra uw retourzending is ontvangen en ge\u00efnspecteerd, en uw terugbetaling wordt automatisch terugbetaald via uw oorspronkelijke betaalmethode. Het kan echter enige tijd duren voordat uw bank of creditcardmaatschappij de terugvordering heeft verwerkt en uitgevoerd. <\/p>\n<\/div>\n\n\n\n<div class=\"wp-block-column is-layout-flow wp-block-column-is-layout-flow\" style=\"flex-basis:10%\"><\/div>\n<\/div>\n\n<p><\/p>\n","protected":false},"excerpt":{"rendered":"<p>BALLISTISCHE HELMEN DIE WIJ VERKOPEN FAQ Heb je een fysieke fabriek? Ja! We hebben een fysieke fabriek en leveren al&#8230;<\/p>\n","protected":false},"author":1,"featured_media":0,"parent":0,"menu_order":0,"comment_status":"closed","ping_status":"closed","template":"","meta":{"footnotes":""},"class_list":["post-8218","page","type-page","status-publish","hentry"],"_links":{"self":[{"href":"http:\/\/tyditiao.com\/nl\/wp-json\/wp\/v2\/pages\/8218","targetHints":{"allow":["GET"]}}],"collection":[{"href":"http:\/\/tyditiao.com\/nl\/wp-json\/wp\/v2\/pages"}],"about":[{"href":"http:\/\/tyditiao.com\/nl\/wp-json\/wp\/v2\/types\/page"}],"author":[{"embeddable":true,"href":"http:\/\/tyditiao.com\/nl\/wp-json\/wp\/v2\/users\/1"}],"replies":[{"embeddable":true,"href":"http:\/\/tyditiao.com\/nl\/wp-json\/wp\/v2\/comments?post=8218"}],"version-history":[{"count":49,"href":"http:\/\/tyditiao.com\/nl\/wp-json\/wp\/v2\/pages\/8218\/revisions"}],"predecessor-version":[{"id":16396,"href":"http:\/\/tyditiao.com\/nl\/wp-json\/wp\/v2\/pages\/8218\/revisions\/16396"}],"wp:attachment":[{"href":"http:\/\/tyditiao.com\/nl\/wp-json\/wp\/v2\/media?parent=8218"}],"curies":[{"name":"wp","href":"https:\/\/api.w.org\/{rel}","templated":true}]}}