{"id":13219,"date":"2022-10-11T16:42:26","date_gmt":"2022-10-11T14:42:26","guid":{"rendered":"http:\/\/tyditiao.com\/product\/lett-ballistisk-aramidmaske-taktisk-skuddsikker-nij-iiia-full-face-maske\/"},"modified":"2026-01-26T05:45:07","modified_gmt":"2026-01-26T03:45:07","slug":"ballistisk-maske-aramid-nij-iiia-full-face-taktisk-skuddsikker-maske","status":"publish","type":"product","link":"http:\/\/tyditiao.com\/no\/produkt\/ballistisk-maske-aramid-nij-iiia-full-face-taktisk-skuddsikker-maske\/","title":{"rendered":"lett ballistisk aramidmaske, taktisk skuddsikker NIJ IIIA Full Face maske"},"content":{"rendered":"<p>Vekt: 0,85 kg<\/p>\n<p>Materiale: Aramid<\/p>\n<p>Tykkelse: 8 mm tykk aramid og 1 mm belegg<\/p>\n<p>Beskyttelsesklasse: NIJ 0101.06 niv\u00e5 IIIA<\/p>\n<p>St\u00f8rrelse: En st\u00f8rrelse passer alle<\/p>\n<p>Gyldighet: 5 \u00e5r<\/p>\n<p>Gjeldende scenarier: hjemmebeskyttelse, sikkerhet, politiutstyr, faktisk kamp, cosplay<\/p>\n<p>OEM\/ODM-tjeneste tilgjengelig p\u00e5 foresp\u00f8rsel<\/p>\n<p>Pakkeliste: 1X Full Face Bulletproof Mask<\/p>\n","protected":false},"excerpt":{"rendered":"<p>Beskytter de viktigste omr\u00e5dene med minimal vekt: full dekning av brukerens ansikt for krenkelser<\/p>\n<p>Materiale: Laget av avanserte lette Kevlar-fibre som er 15 ganger sterkere enn st\u00e5l for \u00e5 minimere trusselen fra kuler<\/p>\n<p>Unik ergonomisk design: 6-punkts justerbar hodeb\u00e5nd i nylon og ekstra polstring passer til enhver hodeform og forbedrer b\u00e6rekomforten<\/p>\n<p>Gjeldende bruksomr\u00e5der: hjemmebeskyttelse, felttrening, livvakter, personell engasjert i farlige operasjoner i utenlandske v\u00e6pnede konfliktomr\u00e5der, milit\u00e6r, cosplay, etc.<\/p>\n","protected":false},"featured_media":11645,"comment_status":"open","ping_status":"closed","template":"","meta":[],"product_brand":[],"product_cat":[597],"product_tag":[],"woo-feed-brand":[50],"class_list":{"0":"post-13219","1":"product","2":"type-product","3":"status-publish","4":"has-post-thumbnail","6":"product_cat-ballistisk-maske","7":"product_shipping_class-0-3-kg-no","8":"woo-feed-brand-tyditiao","10":"first","11":"instock","12":"sale","13":"shipping-taxable","14":"purchasable","15":"product-type-simple"},"_links":{"self":[{"href":"http:\/\/tyditiao.com\/no\/wp-json\/wp\/v2\/product\/13219","targetHints":{"allow":["GET"]}}],"collection":[{"href":"http:\/\/tyditiao.com\/no\/wp-json\/wp\/v2\/product"}],"about":[{"href":"http:\/\/tyditiao.com\/no\/wp-json\/wp\/v2\/types\/product"}],"replies":[{"embeddable":true,"href":"http:\/\/tyditiao.com\/no\/wp-json\/wp\/v2\/comments?post=13219"}],"wp:featuredmedia":[{"embeddable":true,"href":"http:\/\/tyditiao.com\/no\/wp-json\/wp\/v2\/media\/11645"}],"wp:attachment":[{"href":"http:\/\/tyditiao.com\/no\/wp-json\/wp\/v2\/media?parent=13219"}],"wp:term":[{"taxonomy":"product_brand","embeddable":true,"href":"http:\/\/tyditiao.com\/no\/wp-json\/wp\/v2\/product_brand?post=13219"},{"taxonomy":"product_cat","embeddable":true,"href":"http:\/\/tyditiao.com\/no\/wp-json\/wp\/v2\/product_cat?post=13219"},{"taxonomy":"product_tag","embeddable":true,"href":"http:\/\/tyditiao.com\/no\/wp-json\/wp\/v2\/product_tag?post=13219"},{"taxonomy":"woo-feed-brand","embeddable":true,"href":"http:\/\/tyditiao.com\/no\/wp-json\/wp\/v2\/woo-feed-brand?post=13219"}],"curies":[{"name":"wp","href":"https:\/\/api.w.org\/{rel}","templated":true}]}}