{"id":13356,"date":"2023-03-05T03:25:17","date_gmt":"2023-05-22T13:55:50","guid":{"rendered":"http:\/\/tyditiao.com\/product\/wendy-taktisk-hjelm-3a-lett-spesialstyrke-eksplosjonssikker-hjelm-spesialstorrelse-tilpasset-farge-dedikert-kjopslenke\/"},"modified":"2023-05-22T15:55:50","modified_gmt":"2023-05-22T13:55:50","slug":"wendy-taktisk-hjelm-lyskrefter-spesial-3a-eksplosjonssikker-hjelm-spesiell-storrelse-tilpasset-farge-dedikert-lenke-til-kjop","status":"publish","type":"product","link":"http:\/\/tyditiao.com\/no\/produkt\/wendy-taktisk-hjelm-lyskrefter-spesial-3a-eksplosjonssikker-hjelm-spesiell-storrelse-tilpasset-farge-dedikert-lenke-til-kjop\/","title":{"rendered":"WENDY taktisk hjelm 3A lett spesialstyrke eksplosjonssikker hjelm spesialst\u00f8rrelse tilpasset farge dedikert kj\u00f8pslenke"},"content":{"rendered":"<p><strong>Om WENDY Bulletproof Hjelm St\u00f8rrelse:<\/strong> For denne WENDY spesialstyrker skuddsikre hjelmen har vi lagt til store og sm\u00e5 produksjonsformer for \u00e5 m\u00f8te brukere med ulike behov. St\u00f8rrelse M er en normal st\u00f8rrelse som passer de fleste. Hvis du tror en liten st\u00f8rrelse bedre kan m\u00f8te dine egne krav eller bruksvaner, velg en liten st\u00f8rrelse, ellers velg en stor st\u00f8rrelse.<\/p>\n<p><strong>Om fargen p\u00e5 WENDY skuddsikker hjelm:<\/strong> Fargene vi masseproduserer er hovedsakelig svart, lysebrun og gr\u00f8nn. Men samtidig har vi muligheten til \u00e5 produsere hvilken som helst farge eller ulike kamuflasjem\u00f8nstre kundene krever, for eksempel skogkamuflasje, jungelkamuflasje, \u00f8rkenkamuflasje, marin kamuflasje, urban kamuflasje osv. Hvis du planlegger \u00e5 bestille mer enn 10 hjelmer , vennligst kontakt oss, du vil f\u00e5 denne tilpassede fargetjenesten gratis, bare send oss fargem\u00f8nsteret du \u00f8nsker<\/p>\n<p><strong>WENDY Tactical Helmet Bulletproof Level:<\/strong> 0101.06 Standard IIIA Level<\/p>\n<p>KOMFORTABEL \u00c5 B\u00c6RE: Zorbium-skumdemping har et vannavst\u00f8tende f\u00f4r med et antimikrobielt belegg som transporterer bort fuktighet for \u00e5 holde deg kj\u00f8lig og t\u00f8rr.<\/p>\n<p>ENKEL JUSTERING: Lett CAM FIT-festesystem av milit\u00e6r kvalitet med BOA-lukkesystem for sikker, enh\u00e5ndsjustering for en presis passform.<\/p>\n<p>UTVIDELSEBAR: Rail 2.0-monteringssystemet er kompatibelt med alt EXFIL Rail 2.0-tilbeh\u00f8r. Den reversible gimbal-monteringsskinnen og gimbal-braketten p\u00e5 pannen lar Wendy skape flere muligheter.<\/p>\n<p>I tillegg til den normale fj\u00e6ringen har hjelmen tre st\u00f8tputer og \u00e5tte justerbare puter for optimal passform og komfort<\/p>\n","protected":false},"excerpt":{"rendered":"<p>Om WENDY Bulletproof Hjelm St\u00f8rrelse: For denne WENDY spesialstyrker skuddsikre hjelmen har vi lagt til store og sm\u00e5 produksjonsformer for&#8230;<\/p>\n","protected":false},"featured_media":10619,"comment_status":"open","ping_status":"closed","template":"","meta":[],"product_brand":[],"product_cat":[746,744,745],"product_tag":[],"woo-feed-brand":[],"class_list":{"0":"post-13356","1":"product","2":"type-product","3":"status-publish","4":"has-post-thumbnail","6":"product_cat-skuddsikker-hjelm","7":"product_cat-ukategorisert","8":"product_cat-wendy-no","10":"first","11":"instock","12":"sale","13":"shipping-taxable","14":"purchasable","15":"product-type-variable","16":"has-default-attributes"},"_links":{"self":[{"href":"http:\/\/tyditiao.com\/no\/wp-json\/wp\/v2\/product\/13356","targetHints":{"allow":["GET"]}}],"collection":[{"href":"http:\/\/tyditiao.com\/no\/wp-json\/wp\/v2\/product"}],"about":[{"href":"http:\/\/tyditiao.com\/no\/wp-json\/wp\/v2\/types\/product"}],"replies":[{"embeddable":true,"href":"http:\/\/tyditiao.com\/no\/wp-json\/wp\/v2\/comments?post=13356"}],"wp:featuredmedia":[{"embeddable":true,"href":"http:\/\/tyditiao.com\/no\/wp-json\/wp\/v2\/media\/10619"}],"wp:attachment":[{"href":"http:\/\/tyditiao.com\/no\/wp-json\/wp\/v2\/media?parent=13356"}],"wp:term":[{"taxonomy":"product_brand","embeddable":true,"href":"http:\/\/tyditiao.com\/no\/wp-json\/wp\/v2\/product_brand?post=13356"},{"taxonomy":"product_cat","embeddable":true,"href":"http:\/\/tyditiao.com\/no\/wp-json\/wp\/v2\/product_cat?post=13356"},{"taxonomy":"product_tag","embeddable":true,"href":"http:\/\/tyditiao.com\/no\/wp-json\/wp\/v2\/product_tag?post=13356"},{"taxonomy":"woo-feed-brand","embeddable":true,"href":"http:\/\/tyditiao.com\/no\/wp-json\/wp\/v2\/woo-feed-brand?post=13356"}],"curies":[{"name":"wp","href":"https:\/\/api.w.org\/{rel}","templated":true}]}}