{"id":13825,"date":"2023-03-05T03:08:59","date_gmt":"2023-05-22T14:14:03","guid":{"rendered":"http:\/\/tyditiao.com\/product\/fullt-statisk-kevlar-tau-klatretau-i-fallskjerm-brannsikkerhetstau-8-105-mm-10-m\/"},"modified":"2023-05-22T16:14:03","modified_gmt":"2023-05-22T14:14:03","slug":"full-elektrostatisk-kevlar-klatring-brannsikkerhet-paraply-tau-8-105-mm-10m","status":"publish","type":"product","link":"http:\/\/tyditiao.com\/no\/produkt\/full-elektrostatisk-kevlar-klatring-brannsikkerhet-paraply-tau-8-105-mm-10m\/","title":{"rendered":"Fullt statisk Kevlar-tau, klatretau i fallskjerm, brannsikkerhetstau, 8, 10,5 mm (10 m)"},"content":{"rendered":"<p>\u00d8nsker du \u00e5 kj\u00f8pe et lengre tau, f.eks 50 meter, vennligst kj\u00f8p 5*10 meter tau, og legg s\u00e5 igjen beskjed til selger om at du trenger et helt tau p\u00e5 50 meter.<\/p>\n<p><strong>Om karabinkrokene:<\/strong> Hvis du kj\u00f8per tauet som er mer enn 10 meter langt, gir vi deg to karabinkroker som merket p\u00e5 bildet. Du kan installere den p\u00e5 begge ender av tauet, eller du kan la den v\u00e6re i fred og den er inkludert i pakken. Bare send oss en linje og gi oss beskjed om avgj\u00f8relsen din<\/p>\n<p>Produktnavn: Full Kevlar Static Rope<br \/>\nMateriale: Kevlar<br \/>\nFarge: Farge som vist p\u00e5 bildet<br \/>\nDiameter: 10,5 mm, 8 mm<br \/>\nNettovekt (\u00b15%): 10,5 mm (75 g\/m) 8 mm (43 g\/m)<br \/>\nTrekkkraft: 10,5 mm (40kN\/4000kg) 8mm (28kN\/2800kg)<br \/>\nSertifisering: CE EN1891:1998<br \/>\nEgenskaper: h\u00f8y styrke, h\u00f8y temperaturbestandighet, god seighet, sterk rivebestandighet<br \/>\nMultifunksjon: klatring, utvidelse, brannslukking, luftarbeid, grotting, henging, etc.<\/p>\n<p>Vennlig p\u00e5minnelse: N\u00e5r du jobber eller spiller i h\u00f8yder, vennligst sjekk og vedlikehold utstyret ditt for \u00e5 unng\u00e5 fare for\u00e5rsaket av feilbruk<\/p>\n","protected":false},"excerpt":{"rendered":"<p>\u00d8nsker du \u00e5 kj\u00f8pe et lengre tau, f.eks 50 meter, vennligst kj\u00f8p 5*10 meter tau, og legg s\u00e5 igjen beskjed&#8230;<\/p>\n","protected":false},"featured_media":12576,"comment_status":"open","ping_status":"closed","template":"","meta":[],"product_brand":[],"product_cat":[842],"product_tag":[],"woo-feed-brand":[],"class_list":{"0":"post-13825","1":"product","2":"type-product","3":"status-publish","4":"has-post-thumbnail","6":"product_cat-sikkerhetstau","8":"first","9":"instock","10":"shipping-taxable","11":"purchasable","12":"product-type-variable","13":"has-default-attributes"},"_links":{"self":[{"href":"http:\/\/tyditiao.com\/no\/wp-json\/wp\/v2\/product\/13825","targetHints":{"allow":["GET"]}}],"collection":[{"href":"http:\/\/tyditiao.com\/no\/wp-json\/wp\/v2\/product"}],"about":[{"href":"http:\/\/tyditiao.com\/no\/wp-json\/wp\/v2\/types\/product"}],"replies":[{"embeddable":true,"href":"http:\/\/tyditiao.com\/no\/wp-json\/wp\/v2\/comments?post=13825"}],"wp:featuredmedia":[{"embeddable":true,"href":"http:\/\/tyditiao.com\/no\/wp-json\/wp\/v2\/media\/12576"}],"wp:attachment":[{"href":"http:\/\/tyditiao.com\/no\/wp-json\/wp\/v2\/media?parent=13825"}],"wp:term":[{"taxonomy":"product_brand","embeddable":true,"href":"http:\/\/tyditiao.com\/no\/wp-json\/wp\/v2\/product_brand?post=13825"},{"taxonomy":"product_cat","embeddable":true,"href":"http:\/\/tyditiao.com\/no\/wp-json\/wp\/v2\/product_cat?post=13825"},{"taxonomy":"product_tag","embeddable":true,"href":"http:\/\/tyditiao.com\/no\/wp-json\/wp\/v2\/product_tag?post=13825"},{"taxonomy":"woo-feed-brand","embeddable":true,"href":"http:\/\/tyditiao.com\/no\/wp-json\/wp\/v2\/woo-feed-brand?post=13825"}],"curies":[{"name":"wp","href":"https:\/\/api.w.org\/{rel}","templated":true}]}}