{"id":13895,"date":"2023-03-05T02:51:52","date_gmt":"2023-05-22T14:20:07","guid":{"rendered":"http:\/\/tyditiao.com\/product\/aramid-ytre-hud-nylon-indre-kjerne-statisk-tau-utendors-fjellklatring-sikkerhetstau-68105-10m\/"},"modified":"2023-05-22T16:20:07","modified_gmt":"2023-05-22T14:20:07","slug":"kevlar-ytre-scoranylon-kjerne-statisk-sikkerhetstau-utendors-6810-5-10m","status":"publish","type":"product","link":"http:\/\/tyditiao.com\/no\/produkt\/kevlar-ytre-scoranylon-kjerne-statisk-sikkerhetstau-utendors-6810-5-10m\/","title":{"rendered":"Aramid ytre hud + nylon indre kjerne statisk tau utend\u00f8rs fjellklatring sikkerhetstau 6,8,10,5 (10m)"},"content":{"rendered":"<p>Hvis du trenger \u00e5 kj\u00f8pe et lengre tau, for eksempel 80 meter, vennligst kj\u00f8p 8*10 meter tau, og legg s\u00e5 igjen beskjed til selgeren om at du trenger et helt tau p\u00e5 80 meter.<\/p>\n<p><strong>Om karabinkrokene i begge ender av det statiske tauet:<\/strong> Hvis lengden p\u00e5 tauet du kj\u00f8pte overstiger 10 meter, gir vi deg to karabinkroker merket p\u00e5 bildet. Du kan velge \u00e5 montere den p\u00e5 begge ender av tauet, eller du trenger ikke \u00e5 montere den og sende den med tauet i pakken, bare send oss en melding og gi oss beskjed om avgj\u00f8relsen din<\/p>\n<p>Produktnavn: Aramidfiber + statisk tau av nylon<br \/>\nFarge: Farge som vist p\u00e5 bildet<br \/>\nDiameter: 6mm 8mm 10mm<br \/>\nNettovekt (\u00b15%): 6mm (27g\/m) 8mm (42g\/m) 10mm (65g\/m)<br \/>\nTrekkkraft: 6mm (7KN\/700KG) 8mm (16KN\/1600KG) 10mm (36KN\/3600KG)<br \/>\nUtseende materiale: aramid<br \/>\nKjernemateriale: Nylon<br \/>\nSertifisering: CE EN1891:1998<br \/>\nMultifunksjon: klatring, teleskopering, brannslukking, arbeid i h\u00f8yden, kraner, etc.<\/p>\n","protected":false},"excerpt":{"rendered":"<p>Hvis du trenger \u00e5 kj\u00f8pe et lengre tau, for eksempel 80 meter, vennligst kj\u00f8p 8*10 meter tau, og legg s\u00e5&#8230;<\/p>\n","protected":false},"featured_media":12557,"comment_status":"open","ping_status":"closed","template":"","meta":[],"product_brand":[],"product_cat":[842],"product_tag":[],"woo-feed-brand":[50],"class_list":{"0":"post-13895","1":"product","2":"type-product","3":"status-publish","4":"has-post-thumbnail","6":"product_cat-sikkerhetstau","7":"woo-feed-brand-tyditiao","9":"first","10":"instock","11":"shipping-taxable","12":"purchasable","13":"product-type-variable","14":"has-default-attributes"},"_links":{"self":[{"href":"http:\/\/tyditiao.com\/no\/wp-json\/wp\/v2\/product\/13895","targetHints":{"allow":["GET"]}}],"collection":[{"href":"http:\/\/tyditiao.com\/no\/wp-json\/wp\/v2\/product"}],"about":[{"href":"http:\/\/tyditiao.com\/no\/wp-json\/wp\/v2\/types\/product"}],"replies":[{"embeddable":true,"href":"http:\/\/tyditiao.com\/no\/wp-json\/wp\/v2\/comments?post=13895"}],"wp:featuredmedia":[{"embeddable":true,"href":"http:\/\/tyditiao.com\/no\/wp-json\/wp\/v2\/media\/12557"}],"wp:attachment":[{"href":"http:\/\/tyditiao.com\/no\/wp-json\/wp\/v2\/media?parent=13895"}],"wp:term":[{"taxonomy":"product_brand","embeddable":true,"href":"http:\/\/tyditiao.com\/no\/wp-json\/wp\/v2\/product_brand?post=13895"},{"taxonomy":"product_cat","embeddable":true,"href":"http:\/\/tyditiao.com\/no\/wp-json\/wp\/v2\/product_cat?post=13895"},{"taxonomy":"product_tag","embeddable":true,"href":"http:\/\/tyditiao.com\/no\/wp-json\/wp\/v2\/product_tag?post=13895"},{"taxonomy":"woo-feed-brand","embeddable":true,"href":"http:\/\/tyditiao.com\/no\/wp-json\/wp\/v2\/woo-feed-brand?post=13895"}],"curies":[{"name":"wp","href":"https:\/\/api.w.org\/{rel}","templated":true}]}}