{"id":8264,"date":"2023-05-21T09:59:33","date_gmt":"2023-05-21T07:59:33","guid":{"rendered":"http:\/\/tyditiao.com\/lar\/"},"modified":"2025-01-04T18:04:07","modified_gmt":"2025-01-04T16:04:07","slug":"lar","status":"publish","type":"page","link":"http:\/\/tyditiao.com\/pt-pt\/","title":{"rendered":"Lar"},"content":{"rendered":"\n<div class=\"wp-block-cover is-light\" style=\"min-height:240px;aspect-ratio:unset;\"><span aria-hidden=\"true\" class=\"wp-block-cover__background has-background-dim-20 has-background-dim\" style=\"background-color:#b7ad73\"><\/span><img loading=\"lazy\" decoding=\"async\" width=\"1401\" height=\"539\" class=\"wp-block-cover__image-background wp-image-1576\" alt=\"\" src=\"http:\/\/tyditiao.com\/wp-content\/uploads\/2022\/06\/2022-06-13_182159.png\" data-object-fit=\"cover\" srcset=\"http:\/\/tyditiao.com\/wp-content\/uploads\/2022\/06\/2022-06-13_182159.png 1401w, http:\/\/tyditiao.com\/wp-content\/uploads\/2022\/06\/2022-06-13_182159-600x231.png 600w, http:\/\/tyditiao.com\/wp-content\/uploads\/2022\/06\/2022-06-13_182159-300x115.png 300w, http:\/\/tyditiao.com\/wp-content\/uploads\/2022\/06\/2022-06-13_182159-1024x394.png 1024w, http:\/\/tyditiao.com\/wp-content\/uploads\/2022\/06\/2022-06-13_182159-768x295.png 768w, http:\/\/tyditiao.com\/wp-content\/uploads\/2022\/06\/2022-06-13_182159-1320x508.png 1320w\" sizes=\"auto, (max-width: 1401px) 100vw, 1401px\" \/><div class=\"wp-block-cover__inner-container is-layout-constrained wp-block-cover-is-layout-constrained\">\n<div class=\"wp-block-columns is-layout-flex wp-container-core-columns-is-layout-9d6595d7 wp-block-columns-is-layout-flex\">\n<div class=\"wp-block-column is-layout-flow wp-block-column-is-layout-flow\" style=\"flex-basis:25%\"><\/div>\n\n\n\n<div class=\"wp-block-column is-layout-flow wp-block-column-is-layout-flow\" style=\"flex-basis:50%\">\n<div style=\"height:20px\" aria-hidden=\"true\" class=\"wp-block-spacer\"><\/div>\n\n\n\n<p class=\"has-text-align-center custom-style has-text-color has-link-color has-large-font-size wp-elements-c1026dd59ababd394e685f1657b22d97\" style=\"color:#ffffff\">Somos especializados na produ\u00e7\u00e3o e venda de v\u00e1rios estilos de capacete bal\u00edstico militar t\u00e1tico<\/p>\n<\/div>\n\n\n\n<div class=\"wp-block-column is-layout-flow wp-block-column-is-layout-flow\" style=\"flex-basis:25%\"><\/div>\n<\/div>\n<\/div><\/div>\n\n<div style=\"height:50px\" aria-hidden=\"true\" class=\"wp-block-spacer\"><\/div>\n\n<div class=\"wp-block-columns is-layout-flex wp-container-core-columns-is-layout-9d6595d7 wp-block-columns-is-layout-flex\">\n<div class=\"wp-block-column is-layout-flow wp-block-column-is-layout-flow\" style=\"flex-basis:10%\"><\/div>\n\n\n\n<div class=\"wp-block-column is-layout-flow wp-block-column-is-layout-flow\">\n<h2 class=\"wp-block-heading has-text-align-center\">CAPACETES BAL\u00cdSTICOS QUE VENDEMOS<\/h2>\n\n\n\n<figure class=\"wp-block-gallery has-nested-images columns-4 is-cropped wp-block-gallery-1 is-layout-flex wp-block-gallery-is-layout-flex\">\n<figure class=\"wp-block-image size-medium\"><img decoding=\"async\" data-id=\"5154\" src=\"https:\/\/tyditiao.com\/wp-content\/uploads\/2022\/10\/&#x672A;&#x6807;&#x9898;-51-300x300.png\" alt=\"Colete t&#xE1;tico bal&#xED;stico externo equipado com painel &#xE0; prova de balas\" class=\"wp-image-5154\"\/><\/figure>\n\n\n<figure class=\"wp-block-image size-medium\"><img loading=\"lazy\" decoding=\"async\" width=\"300\" height=\"300\" data-id=\"1343\" src=\"http:\/\/tyditiao.com\/wp-content\/uploads\/2022\/06\/7-300x300.jpg\" alt=\"\" class=\"wp-image-1343\" srcset=\"http:\/\/tyditiao.com\/wp-content\/uploads\/2022\/06\/7-300x300.jpg 300w, http:\/\/tyditiao.com\/wp-content\/uploads\/2022\/06\/7-100x100.jpg 100w, http:\/\/tyditiao.com\/wp-content\/uploads\/2022\/06\/7-600x600.jpg 600w, http:\/\/tyditiao.com\/wp-content\/uploads\/2022\/06\/7-1024x1024.jpg 1024w, http:\/\/tyditiao.com\/wp-content\/uploads\/2022\/06\/7-150x150.jpg 150w, http:\/\/tyditiao.com\/wp-content\/uploads\/2022\/06\/7-768x768.jpg 768w, http:\/\/tyditiao.com\/wp-content\/uploads\/2022\/06\/7.jpg 1200w\" sizes=\"auto, (max-width: 300px) 100vw, 300px\" \/><\/figure>\n\n\n<figure class=\"wp-block-image size-medium\"><img decoding=\"async\" data-id=\"4955\" src=\"https:\/\/tyditiao.com\/wp-content\/uploads\/2022\/10\/&#x672A;&#x6807;&#x9898;-3-300x300.png\" alt=\"M&#xE1;scara bal&#xED;stica t&#xE1;tica facial completa NIJ IIIA - esquem&#xE1;tico\" class=\"wp-image-4955\"\/><\/figure>\n\n\n<figure class=\"wp-block-image size-medium\"><img decoding=\"async\" data-id=\"5396\" src=\"https:\/\/tyditiao.com\/wp-content\/uploads\/2022\/10\/SICPE&#xFF0C;NIJ-Level-IV&#xFF0C;23MM&#xFF0C;2.5KG-300x300.png\" alt=\"SIC + PE, NIJ N&#xED;vel IV, 23MM, 2,5KG, peitoral &#xE0; prova de balas, 250X300MM\" class=\"wp-image-5396\"\/><\/figure><\/figure>\n\n\n\n<div style=\"height:50px\" aria-hidden=\"true\" class=\"wp-block-spacer\"><\/div>\n\n\n\n<h2 class=\"wp-block-heading has-text-align-center\">Perguntas frequentes<\/h2>\n\n\n\n<div style=\"height:30px\" aria-hidden=\"true\" class=\"wp-block-spacer\"><\/div>\n\n\n\n<div class=\"wp-block-columns is-layout-flex wp-container-core-columns-is-layout-9d6595d7 wp-block-columns-is-layout-flex\">\n<div class=\"wp-block-column is-layout-flow wp-block-column-is-layout-flow\">\n<h6 class=\"wp-block-heading\">Voc\u00ea tem uma f\u00e1brica f\u00edsica?<\/h6>\n\n\n\n<p>Sim! Temos f\u00e1brica f\u00edsica e fornecemos atacado para vendedores de capacetes europeus e americanos h\u00e1 6 anos. Enviamos toneladas de capacetes para todo o mundo todos os dias e esta \u00e9 a nossa loja de f\u00e1brica.  <\/p>\n<\/div>\n\n\n\n<div class=\"wp-block-column is-layout-flow wp-block-column-is-layout-flow\">\n<h6 class=\"wp-block-heading\">Tem desconto comprando direto da f\u00e1brica?<\/h6>\n\n\n\n<p>\u00c9 claro que, ao fazer o pedido diretamente no site da nossa f\u00e1brica, voc\u00ea pode economizar mais de 20% em compara\u00e7\u00e3o com o pre\u00e7o de venda do revendedor, pois economiza diretamente seus custos indiretos. Ao mesmo tempo, pretendemos tamb\u00e9m dar lucros ao consumidor final para expandir o nosso neg\u00f3cio de varejo. <\/p>\n<\/div>\n<\/div>\n\n\n\n<div class=\"wp-block-columns is-layout-flex wp-container-core-columns-is-layout-9d6595d7 wp-block-columns-is-layout-flex\">\n<div class=\"wp-block-column is-layout-flow wp-block-column-is-layout-flow\">\n<h6 class=\"wp-block-heading\">Qual \u00e9 o custo de envio de um item? Em quanto tempo posso obt\u00ea-lo?<\/h6>\n\n\n\n<p>As taxas FedEx est\u00e3o inclu\u00eddas em todos os pre\u00e7os dos capacetes, ent\u00e3o voc\u00ea n\u00e3o precisa pagar mais pelo frete. A FEDEX Express pode entregar seu capacete dentro de 6 a 14 dias \u00fateis e seu remetente Fedex local ligar\u00e1 para voc\u00ea assim que seu pacote chegar em sua cidade e o enviar\u00e1 diretamente para voc\u00ea. <\/p>\n<\/div>\n\n\n\n<div class=\"wp-block-column is-layout-flow wp-block-column-is-layout-flow\">\n<h6 class=\"wp-block-heading\">De onde \u00e9 enviado o pedido e tenho certeza de que o receberei?<\/h6>\n\n\n\n<p>Envio de nosso armaz\u00e9m de f\u00e1brica na China, vendemos um grande n\u00famero de capacetes \u00e0 prova de balas para os Estados Unidos, Pol\u00f4nia, Alemanha, Jap\u00e3o e muitos outros pa\u00edses, e enviaremos a voc\u00ea o n\u00famero de rastreamento por correio ap\u00f3s o envio das mercadorias, voc\u00ea pode verifique o status da entrega a qualquer momento.<\/p>\n<\/div>\n<\/div>\n\n\n\n<div class=\"wp-block-columns is-layout-flex wp-container-core-columns-is-layout-9d6595d7 wp-block-columns-is-layout-flex\">\n<div class=\"wp-block-column is-layout-flow wp-block-column-is-layout-flow\">\n<h6 class=\"wp-block-heading\">Como fazer um pedido e como pagar<\/h6>\n\n\n\n<p>Aceitamos apenas pagamentos para pedidos via Paypal e Western Union\u3002Se voc\u00ea ainda n\u00e3o possui Paypal, registre-se aqui www.paypal.com para comprar e pagar com seguran\u00e7a via Paypal\u3002Se voc\u00ea optar por pagar via Western Union, entre em contato conosco para confirme as informa\u00e7\u00f5es sobre o pagamento.<\/p>\n<\/div>\n\n\n\n<div class=\"wp-block-column is-layout-flow wp-block-column-is-layout-flow\">\n<h6 class=\"wp-block-heading\">Preciso comprar v\u00e1rios capacetes ao mesmo tempo, posso obter um desconto adicional?<\/h6>\n\n\n\n<p>Claro, se voc\u00ea precisar de mais de 5 capacetes para seu pr\u00f3prio uso ou para seu atacadista local, entre em contato conosco diretamente. Voc\u00ea receber\u00e1 pre\u00e7os ainda melhores do que nossas lojas online atuais. N\u00e3o perca, pois voc\u00ea economizar\u00e1 custos significativos.  <\/p>\n<\/div>\n<\/div>\n\n\n\n<div style=\"height:50px\" aria-hidden=\"true\" class=\"wp-block-spacer\"><\/div>\n\n\n\n<h2 class=\"wp-block-heading has-text-align-center\">Frete Gr\u00e1tis Todas as \u00c1reas<\/h2>\n\n\n\n<h4 class=\"wp-block-heading has-text-align-center\">\u00e1rea de entrega<\/h4>\n\n\n\n<p class=\"has-text-align-center\"><strong>Europa: <\/strong>Pol\u00f3nia, Litu\u00e2nia, Alemanha, Pa\u00edses Baixos, Hungria, Reino Unido, Fran\u00e7a, It\u00e1lia, Espanha, \u00c1ustria, B\u00e9lgica, Luxemburgo, Irlanda, Bulg\u00e1ria, Cro\u00e1cia, Rep\u00fablica Checa, Est\u00f3nia, Finl\u00e2ndia, Let\u00f3nia, Malta, Portugal, Rom\u00e9nia, Eslov\u00e1quia, Eslov\u00eania, Su\u00e9cia, Dinamarca, Gr\u00e9cia, Su\u00ed\u00e7a, Noruega, Chipre<\/p>\n\n\n\n<p class=\"has-text-align-center\"><strong>\u00c1sia: <\/strong>Taiwan, Macau, Hong Kong, Singapura, Mal\u00e1sia, Tail\u00e2ndia, Vietname, Filipinas, Israel, Turquia, Coreia, Jap\u00e3o, Bahrein, Ar\u00e1bia Saudita, L\u00edbano, Emirados \u00c1rabes Unidos<\/p>\n\n\n\n<p class=\"has-text-align-center\"><strong>Am\u00e9rica do Norte:<\/strong> Estados Unidos, Canad\u00e1, M\u00e9xico<\/p>\n\n\n\n<p class=\"has-text-align-center\"><strong>Am\u00e9rica do Sul: <\/strong>Brasil, Chile, Col\u00f4mbia<\/p>\n\n\n\n<p class=\"has-text-align-center\"><strong>Oceania: <\/strong>Austr\u00e1lia, Nova Zel\u00e2ndia<\/p>\n\n\n\n<p class=\"has-text-align-center\"><strong>\u00c1frica: <\/strong>\u00c1frica do Sul<\/p>\n\n\n\n<p class=\"has-text-align-center\"><strong>Nova regi\u00e3o: <\/strong>Ucr\u00e2nia (n\u00e3o h\u00e1 servi\u00e7o de entrega na \u00e1rea disputada e o pedido ser\u00e1 cancelado)<\/p>\n\n\n\n<h4 class=\"wp-block-heading has-text-align-center\">Frete gr\u00e1tis<\/h4>\n\n\n\n<p class=\"has-text-align-center\">Para expandir o tamanho do mercado de varejo, implementamos uma pol\u00edtica de frete gr\u00e1tis para todos os pa\u00edses e regi\u00f5es acima, o que significa que voc\u00ea n\u00e3o precisa pagar nenhuma taxa de frete al\u00e9m do pre\u00e7o do produto em si.<\/p>\n\n\n\n<h4 class=\"wp-block-heading has-text-align-center\">prazo de entrega do pedido<\/h4>\n\n\n\n<p class=\"has-text-align-center\"><strong>Tempo de processamento do pedido: <\/strong>dentro de 1-6 dias \u00fateis ap\u00f3s receber o pagamento (enviaremos o n\u00famero da remessa ap\u00f3s entregar a remessa \u00e0 empresa transportadora)<\/p>\n\n\n\n<p class=\"has-text-align-center\"><strong>Tempo de envio expresso: <\/strong>6 a 14 dias \u00fateis<\/p>\n\n\n\n<div style=\"height:50px\" aria-hidden=\"true\" class=\"wp-block-spacer\"><\/div>\n\n\n\n<h2 class=\"wp-block-heading has-text-align-center\">pagar<\/h2>\n\n\n\n<h4 class=\"wp-block-heading has-text-align-center\">M\u00e9todos de Pagamento<\/h4>\n\n\n\n<p class=\"has-text-align-center\">Visite a p\u00e1gina de finaliza\u00e7\u00e3o da compra para pagar antecipadamente via PAYPAL ou pagar seu pedido via Western Union.<\/p>\n\n\n\n<p class=\"has-text-align-center\"><strong>A. V\u00e1 para a p\u00e1gina de finaliza\u00e7\u00e3o da compra e pague antecipadamente via PAYPAL<\/strong><br\/>1. Adicione o produto que voc\u00ea gosta ao seu carrinho<br\/>2. Clique no bot\u00e3o do carrinho no canto superior direito para visualizar e confirmar a quantidade do produto<br\/>3. Clique no bot\u00e3o de pedido para entrar na p\u00e1gina de finaliza\u00e7\u00e3o da compra, forne\u00e7a seu endere\u00e7o de entrega, endere\u00e7o de e-mail e outras informa\u00e7\u00f5es<br\/>4. Pague o valor do pedido via PayPal<br\/>5. Compras conclu\u00eddas, aguardando a retirada da mercadoria<\/p>\n\n\n\n<p class=\"has-text-align-center\"><strong>B. Pagamento Western Union para seu pedido<\/strong><br\/>1. A comunica\u00e7\u00e3o via e-mail requer informa\u00e7\u00f5es como produto e quantidade, bem como o endere\u00e7o de retirada<br\/>2. Transfer\u00eancia para pagamento do valor do pedido<br\/>3. Compras conclu\u00eddas, aguardando a retirada da mercadoria<\/p>\n\n\n\n<h4 class=\"wp-block-heading has-text-align-center\">Moeda de suporte<\/h4>\n\n\n\n<p class=\"has-text-align-center\">Aceitamos qualquer uma das seguintes moedas, para que voc\u00ea possa escolher a moeda que melhor lhe convier no momento do pagamento<\/p>\n\n\n\n<p class=\"has-text-align-center\">Novo D\u00f3lar Taiwan\u00eas (NT$) &#8211; TWD<br\/>Zloty polon\u00eas (PLN) &#8211; PLN<br\/>D\u00f3lar dos Estados Unidos (EUA) ($) &#8211; USD<br\/>Libra esterlina (\u00a3) &#8211; GBP<br\/>Euro (\u20ac) &#8211; EUR<br\/>Iene japon\u00eas (\u00a5) &#8211; JPY<br\/>D\u00f3lar canadense ($) &#8211; CAD<br\/>Coroa Checa (K\u010d) &#8211; CZK<br\/>Peso mexicano ($) &#8211; MXN<\/p>\n\n\n\n<div style=\"height:50px\" aria-hidden=\"true\" class=\"wp-block-spacer\"><\/div>\n\n\n\n<h2 class=\"wp-block-heading has-text-align-center\">pol\u00edtica de devolu\u00e7\u00e3o de 30 dias<\/h2>\n\n\n\n<h4 class=\"wp-block-heading has-text-align-center\">pol\u00edtica de devolu\u00e7\u00e3o<\/h4>\n\n\n\n<p class=\"has-text-align-center\">Temos uma pol\u00edtica de devolu\u00e7\u00e3o de 30 dias, o que significa que voc\u00ea pode solicitar uma devolu\u00e7\u00e3o no prazo de 30 dias ap\u00f3s o recebimento do item.<\/p>\n\n\n\n<p class=\"has-text-align-center\">Para ter direito a uma devolu\u00e7\u00e3o, o item deve estar nas mesmas condi\u00e7\u00f5es do item que voc\u00ea recebeu, sem uso ou sem uso, e na embalagem original. Voc\u00ea tamb\u00e9m precisar\u00e1 de um recibo ou comprovante de compra. <\/p>\n\n\n\n<p class=\"has-text-align-center\">Para iniciar uma devolu\u00e7\u00e3o, voc\u00ea pode entrar em contato conosco pelo e-mail <strong>tyditiao@gmail.com<\/strong>. Se a sua devolu\u00e7\u00e3o for aceita, enviaremos a voc\u00ea uma etiqueta de devolu\u00e7\u00e3o com instru\u00e7\u00f5es sobre como e para onde enviar seu pacote. Itens devolvidos para n\u00f3s sem solicita\u00e7\u00e3o pr\u00e9via de devolu\u00e7\u00e3o n\u00e3o ser\u00e3o aceitos.  <\/p>\n\n\n\n<p class=\"has-text-align-center\">Voc\u00ea sempre pode nos contatar em <strong>tyditiao@gmail.com<\/strong> para qualquer problema de devolu\u00e7\u00e3o.<\/p>\n\n\n\n<h4 class=\"wp-block-heading has-text-align-center\">danos e problemas<\/h4>\n\n\n\n<p class=\"has-text-align-center\">Por favor, verifique seu pedido ap\u00f3s receb\u00ea-lo, se o item estiver danificado, com defeito ou voc\u00ea recebeu o item errado, entre em contato conosco imediatamente (<a href=\"https:\/\/tyditiao.com\/pt-pt\/contato\/\">entre em contato conosco<\/a>) para que possamos encontrar o problema e corrigi-lo imediatamente.<\/p>\n\n\n\n<h4 class=\"wp-block-heading has-text-align-center\">interc\u00e2mbio<\/h4>\n\n\n\n<p class=\"has-text-align-center\">A maneira mais r\u00e1pida de garantir que voc\u00ea receber\u00e1 o que deseja \u00e9 devolver o item que j\u00e1 possui e, assim que sua devolu\u00e7\u00e3o for aceita, comprar o novo item separadamente.<\/p>\n\n\n\n<h4 class=\"wp-block-heading has-text-align-center\">retornar<\/h4>\n\n\n\n<p class=\"has-text-align-center\">Iremos notific\u00e1-lo assim que sua devolu\u00e7\u00e3o for recebida e inspecionada, e seu reembolso ser\u00e1 automaticamente reembolsado em seu m\u00e9todo de pagamento original. No entanto, pode levar algum tempo para que seu banco ou administradora de cart\u00e3o de cr\u00e9dito processe e emita um estorno. <\/p>\n<\/div>\n\n\n\n<div class=\"wp-block-column is-layout-flow wp-block-column-is-layout-flow\" style=\"flex-basis:10%\"><\/div>\n<\/div>\n\n<p><\/p>\n","protected":false},"excerpt":{"rendered":"<p>CAPACETES BAL\u00cdSTICOS QUE VENDEMOS Perguntas frequentes Voc\u00ea tem uma f\u00e1brica f\u00edsica? Sim! Temos f\u00e1brica f\u00edsica e fornecemos atacado para vendedores&#8230;<\/p>\n","protected":false},"author":1,"featured_media":0,"parent":0,"menu_order":0,"comment_status":"closed","ping_status":"closed","template":"","meta":{"footnotes":""},"class_list":["post-8264","page","type-page","status-publish","hentry"],"_links":{"self":[{"href":"http:\/\/tyditiao.com\/pt-pt\/wp-json\/wp\/v2\/pages\/8264","targetHints":{"allow":["GET"]}}],"collection":[{"href":"http:\/\/tyditiao.com\/pt-pt\/wp-json\/wp\/v2\/pages"}],"about":[{"href":"http:\/\/tyditiao.com\/pt-pt\/wp-json\/wp\/v2\/types\/page"}],"author":[{"embeddable":true,"href":"http:\/\/tyditiao.com\/pt-pt\/wp-json\/wp\/v2\/users\/1"}],"replies":[{"embeddable":true,"href":"http:\/\/tyditiao.com\/pt-pt\/wp-json\/wp\/v2\/comments?post=8264"}],"version-history":[{"count":52,"href":"http:\/\/tyditiao.com\/pt-pt\/wp-json\/wp\/v2\/pages\/8264\/revisions"}],"predecessor-version":[{"id":16409,"href":"http:\/\/tyditiao.com\/pt-pt\/wp-json\/wp\/v2\/pages\/8264\/revisions\/16409"}],"wp:attachment":[{"href":"http:\/\/tyditiao.com\/pt-pt\/wp-json\/wp\/v2\/media?parent=8264"}],"curies":[{"name":"wp","href":"https:\/\/api.w.org\/{rel}","templated":true}]}}