{"id":16813,"date":"2025-04-17T09:25:14","date_gmt":"2025-04-17T07:25:14","guid":{"rendered":"https:\/\/tyditiao.com\/product\/capacete-balistico-fast-com-forro-wendys-zorbium-e-sistema-de-suspensao-cam-fit-nivel-de-protecao-nij-iiia\/"},"modified":"2025-04-21T14:14:57","modified_gmt":"2025-04-21T12:14:57","slug":"capacete-balistico-fast-com-forro-wendys-zorbium-e-sistema-de-suspensao-cam-fit-nivel-de-protecao-nij-iiia","status":"publish","type":"product","link":"http:\/\/tyditiao.com\/pt-pt\/produtos\/capacete-balistico-fast-com-forro-wendys-zorbium-e-sistema-de-suspensao-cam-fit-nivel-de-protecao-nij-iiia\/","title":{"rendered":"Capacete bal\u00edstico FAST, com forro Wendy&#8217;s Zorbium e sistema de suspens\u00e3o CAM FIT, n\u00edvel de prote\u00e7\u00e3o NIJ IIIA"},"content":{"rendered":"<p><strong>Observa\u00e7\u00f5es especiais:<\/strong><\/p>\n<p>Este \u00e9 o nosso novo modelo principal, que combina um acabamento de alta qualidade com o mais elevado conforto. Salvo indica\u00e7\u00e3o em contr\u00e1rio, a configura\u00e7\u00e3o padr\u00e3o \u00e9 a seguinte: tamanho L, verde, capacete \u00e0 prova de bala FAST com forro de espuma Zorbium e sistema de suspens\u00e3o CAM FIT, n\u00edvel de prote\u00e7\u00e3o NIJ IIIA. Al\u00e9m disso, oferecemos uma grande variedade de cores (verde, areia, preto) e tamanhos (S, M, L, XL) \u00e0 sua escolha.<\/p>\n<p>N\u00e3o importa onde se encontra, pode fazer o seu pedido diretamente atrav\u00e9s deste link e efetuar a sua compra sem qualquer problema. Basta especificar o tamanho e a cor de que necessita nas notas de encomenda (por exemplo: XL-preto) e receber\u00e1 o equipamento dos seus sonhos. N\u00e3o cobraremos qualquer taxa adicional pela escolha de outras cores e tamanhos.<\/p>\n<hr \/>\n<p><strong>N\u00edvel de defesa:<\/strong><\/p>\n<p>Este capacete \u00e0 prova de bala \u00e9 um capacete \u00e0 prova de bala NIJ N\u00edvel IIIA de acordo com a norma NIJ 0101.06. Podem ser fornecidos relat\u00f3rios de testes relevantes.<\/p>\n<hr \/>\n<p><strong>Par\u00e2metros do proj\u00e9ctil defensivo:<\/strong><\/p>\n<p>.44 Mag SJHP<br \/>\n.357 SIG FMJ FN<br \/>\n9mm FMJ RN<br \/>\n.357 Mag JSP<br \/>\n.40 S&amp;W FMJ<\/p>\n<p>Tamb\u00e9m oferece prote\u00e7\u00e3o contra a maioria das amea\u00e7as de armas de fogo, bem como amea\u00e7as de Classe IIA e II.<\/p>\n<hr \/>\n<p><strong>Par\u00e2metros do capacete \u00e0 prova de bala:<\/strong><\/p>\n<p>Nome: Capacete t\u00e1tico militar \u00e0 prova de bala NIJ lllA FAST feito de Kevlar com forro de espuma Wendy Zorbium + sistema de suspens\u00e3o CAM FIT<\/p>\n<p>Material: fibra de aramida DuPont Kevlar de alta resist\u00eancia<br \/>\nTamanho: S, M, L, XL<br \/>\nCor: verde, areia, preto<br \/>\nAcess\u00f3rios opcionais: m\u00e1scara \u00e0 prova de bala, etc.<br \/>\nPer\u00edodo de garantia: O per\u00edodo de garantia de 5 anos pode ter uma capacidade de prote\u00e7\u00e3o adequada, mas se exceder o per\u00edodo de garantia<br \/>\nA qualidade de vida reduzir\u00e1 a capacidade de prote\u00e7\u00e3o.<\/p>\n<p>&nbsp;<\/p>\n<hr \/>\n<p><strong>Detalhes e compara\u00e7\u00e3o de tamanhos de capacetes \u00e0 prova de bala:<\/strong><\/p>\n<p>&nbsp;<\/p>\n<table style=\"border-collapse: collapse;\" border=\"1\" cellspacing=\"0\" cellpadding=\"5\">\n<thead>\n<tr>\n<th>Capacete Bal\u00edstico Tamanho do Capacete<\/th>\n<th>S<\/th>\n<th>M<\/th>\n<th>L<\/th>\n<th>XL<\/th>\n<\/tr>\n<\/thead>\n<tbody>\n<tr>\n<td>Espessura do revestimento<\/td>\n<td>9.5<\/td>\n<td>9.5<\/td>\n<td>10 (9.5)<\/td>\n<td>10 (9.5)<\/td>\n<\/tr>\n<tr>\n<td>N\u00edvel de prote\u00e7\u00e3o<\/td>\n<td>3A.44<\/td>\n<td>3A.44<\/td>\n<td>3A.44<\/td>\n<td>3A.44<\/td>\n<\/tr>\n<tr>\n<td>N\u00edvel de prote\u00e7\u00e3o<\/td>\n<td>235<\/td>\n<td>240<\/td>\n<td>247<\/td>\n<td>263<\/td>\n<\/tr>\n<tr>\n<td>Eixo longo (eixo longo\/mm)<\/td>\n<td>182<\/td>\n<td>185<\/td>\n<td>193<\/td>\n<td>205<\/td>\n<\/tr>\n<tr>\n<td>Altura interior\/mm<\/td>\n<td>146<\/td>\n<td>153<\/td>\n<td>158<\/td>\n<td>161<\/td>\n<\/tr>\n<tr>\n<td>Circunfer\u00eancia da Cabe\u00e7a (Com Pregos)<\/td>\n<td>53-59<\/td>\n<td>53-59<\/td>\n<td>56-59<\/td>\n<td>58-62<\/td>\n<\/tr>\n<tr>\n<td>Peso Padr\u00e3o (Peso\/Kg)<\/td>\n<td>1.24<\/td>\n<td>1.29<\/td>\n<td>1.32<\/td>\n<td>1.42<\/td>\n<\/tr>\n<tr>\n<td>Peso Padr\u00e3o (Peso\/Kg)<\/td>\n<td>0.05<\/td>\n<td>0.05<\/td>\n<td>0.05<\/td>\n<td>0.05<\/td>\n<\/tr>\n<tr>\n<td>Desvio de Peso\/Kg<\/td>\n<td>2<\/td>\n<td>2<\/td>\n<td>2<\/td>\n<td>2.1<\/td>\n<\/tr>\n<\/tbody>\n<\/table>\n","protected":false},"excerpt":{"rendered":"<p>A combina\u00e7\u00e3o das vantagens do capacete bal\u00edstico FAST e do capacete Wendy proporciona um excelente conforto e prote\u00e7\u00e3o, permitindo manter total mobilidade e seguran\u00e7a durante qualquer tarefa.<\/p>\n<p>Design leve e confort\u00e1vel: O capacete FAST, com o seu design moderno e leve, reduz o peso ao m\u00ednimo, sendo ideal para uma utiliza\u00e7\u00e3o prolongada em condi\u00e7\u00f5es exigentes. Oferece um conforto excecional, mesmo durante atividades intensas.<\/p>\n<p>Sistema de suspens\u00e3o de precis\u00e3o: o inserto Zorbium e o sistema de suspens\u00e3o CAM FIT permitem um ajuste preciso ao formato da cabe\u00e7a, proporcionando um ajuste est\u00e1vel, suave e confort\u00e1vel, o que garante conforto quando utilizado durante longos per\u00edodos.<\/p>\n<p>N\u00e3o h\u00e1 necessidade de automontagem, o que lhe permite poupar tempo e esfor\u00e7o e desfrutar imediatamente de um equipamento t\u00e1tico completo.<\/p>\n","protected":false},"featured_media":16578,"comment_status":"open","ping_status":"closed","template":"","meta":[],"product_brand":[],"product_cat":[494,522,503],"product_tag":[],"woo-feed-brand":[50],"class_list":{"0":"post-16813","1":"product","2":"type-product","3":"status-publish","4":"has-post-thumbnail","6":"product_cat-capacete-a-prova-de-balas","7":"product_cat-mascara-balistica-pt-pt","8":"product_cat-rapido","9":"woo-feed-brand-tyditiao","11":"first","12":"instock","13":"sale","14":"shipping-taxable","15":"purchasable","16":"product-type-simple"},"_links":{"self":[{"href":"http:\/\/tyditiao.com\/pt-pt\/wp-json\/wp\/v2\/product\/16813","targetHints":{"allow":["GET"]}}],"collection":[{"href":"http:\/\/tyditiao.com\/pt-pt\/wp-json\/wp\/v2\/product"}],"about":[{"href":"http:\/\/tyditiao.com\/pt-pt\/wp-json\/wp\/v2\/types\/product"}],"replies":[{"embeddable":true,"href":"http:\/\/tyditiao.com\/pt-pt\/wp-json\/wp\/v2\/comments?post=16813"}],"wp:featuredmedia":[{"embeddable":true,"href":"http:\/\/tyditiao.com\/pt-pt\/wp-json\/wp\/v2\/media\/16578"}],"wp:attachment":[{"href":"http:\/\/tyditiao.com\/pt-pt\/wp-json\/wp\/v2\/media?parent=16813"}],"wp:term":[{"taxonomy":"product_brand","embeddable":true,"href":"http:\/\/tyditiao.com\/pt-pt\/wp-json\/wp\/v2\/product_brand?post=16813"},{"taxonomy":"product_cat","embeddable":true,"href":"http:\/\/tyditiao.com\/pt-pt\/wp-json\/wp\/v2\/product_cat?post=16813"},{"taxonomy":"product_tag","embeddable":true,"href":"http:\/\/tyditiao.com\/pt-pt\/wp-json\/wp\/v2\/product_tag?post=16813"},{"taxonomy":"woo-feed-brand","embeddable":true,"href":"http:\/\/tyditiao.com\/pt-pt\/wp-json\/wp\/v2\/woo-feed-brand?post=16813"}],"curies":[{"name":"wp","href":"https:\/\/api.w.org\/{rel}","templated":true}]}}