{"id":16814,"date":"2025-04-17T11:28:35","date_gmt":"2025-04-17T09:28:35","guid":{"rendered":"https:\/\/tyditiao.com\/product\/capacete-balistico-com-protetor-facial-e-protetor-de-queixo-tdtm-3-protecao-nij-iiia-completa-ideal-para-condicoes-taticas-extremas\/"},"modified":"2025-04-21T05:52:37","modified_gmt":"2025-04-21T03:52:37","slug":"capacete-balistico-com-protetor-facial-e-protetor-de-queixo-tdtm-3-protecao-nij-iiia-completa-ideal-para-condicoes-taticas-extremas","status":"publish","type":"product","link":"http:\/\/tyditiao.com\/pt-pt\/produtos\/capacete-balistico-com-protetor-facial-e-protetor-de-queixo-tdtm-3-protecao-nij-iiia-completa-ideal-para-condicoes-taticas-extremas\/","title":{"rendered":"capacete bal\u00edstico com protetor facial e protetor de queixo, TDTM-3, prote\u00e7\u00e3o NIJ IIIA completa, ideal para condi\u00e7\u00f5es t\u00e1ticas extremas"},"content":{"rendered":"<p>Vidro \u00e0 prova de bala de alta resist\u00eancia: O vidro \u00e0 prova de bala de alta qualidade oferece uma prote\u00e7\u00e3o eficaz para o seu rosto em caso de explos\u00e3o ou impacto, garantindo uma excelente visibilidade.<\/p>\n<p>M\u00f3dulo de prote\u00e7\u00e3o da mand\u00edbula: Um m\u00f3dulo concebido especificamente para proteger a zona da mand\u00edbula, proporcionando prote\u00e7\u00e3o adicional ao queixo e protegendo contra ferimentos durante opera\u00e7\u00f5es t\u00e1ticas.<\/p>\n<p>Sistema de ajuste confort\u00e1vel: equipado com um sistema de suspens\u00e3o ajust\u00e1vel e acolchoamento em espuma de mem\u00f3ria de alta densidade que proporciona amortecimento, absorve a humidade e o suor e reduz a fadiga durante uma utiliza\u00e7\u00e3o prolongada. A disponibilidade de diferentes tamanhos (S, M, L, XL) garante um ajuste confort\u00e1vel ao formato da cabe\u00e7a. <\/p>\n<p>Montagem de acess\u00f3rios t\u00e1ticos: O capacete possui v\u00e1rios pontos de montagem que permitem a instala\u00e7\u00e3o r\u00e1pida de vis\u00e3o noturna, equipamento de comunica\u00e7\u00e3o e outros acess\u00f3rios t\u00e1ticos, cumprindo os requisitos das opera\u00e7\u00f5es de combate especializadas.<\/p>\n<p><strong>Observa\u00e7\u00f5es especiais:<\/strong><\/p>\n<p>Este capacete bal\u00edstico classe NIJ IIIA oferece uma prote\u00e7\u00e3o abrangente para a cabe\u00e7a durante opera\u00e7\u00f5es t\u00e1ticas. Foi especialmente concebido para garantir a seguran\u00e7a dos soldados em condi\u00e7\u00f5es extremas. Seja vidro \u00e0 prova de bala na cara ou m\u00f3dulos \u00e0 prova de bala na mand\u00edbula, proporcionam uma prote\u00e7\u00e3o incompar\u00e1vel contra estilha\u00e7os, fragmentos e danos por impacto. O design bem pensado e o sistema de ajuste de conforto garantem o m\u00e1ximo conforto durante combates de longa dura\u00e7\u00e3o. Seja no campo de batalha, numa opera\u00e7\u00e3o policial ou num ambiente de treino, podemos fornecer-lhe um apoio s\u00f3lido.    <\/p>\n<p>Se n\u00e3o houver nenhuma observa\u00e7\u00e3o especial, a defini\u00e7\u00e3o padr\u00e3o \u00e9: tamanho L, cor verde. Al\u00e9m disso, oferecemos uma vasta gama de cores (areia\/preto\/verde\/camuflagem MC\/castanho lobo) e tamanhos (S, M, L, XL) \u00e0 sua escolha. <\/p>\n<p>N\u00e3o importa onde se encontra, pode fazer o seu pedido diretamente atrav\u00e9s deste link e efetuar a sua compra sem qualquer problema. Basta especificar o tamanho e a cor de que necessita nas notas de encomenda (por exemplo: XL-preto) e receber\u00e1 o equipamento dos seus sonhos. N\u00e3o cobraremos qualquer taxa adicional pela escolha de outras cores e tamanhos.  <\/p>\n<hr>\n<p><strong>Em rela\u00e7\u00e3o aos cen\u00e1rios:<\/strong><\/p>\n<p>For\u00e7as de Opera\u00e7\u00f5es Especiais<br \/>\nFiscaliza\u00e7\u00e3o em ambientes de alto risco<br \/>\nDesportos t\u00e1ticos ao ar livre e treino de tiro<br \/>\nMiss\u00f5es de resgate e controlo de dist\u00farbios<\/p>\n<hr>\n<p><strong>Par\u00e2metros do proj\u00e9ctil defensivo:<\/strong><\/p>\n<p>.44 Mag SJHP<br \/>\n.357 SIG FMJ FN<br \/>\n9mm FMJ RN<br \/>\n.357 Mag JSP<br \/>\n.40 S&amp;W FMJ<\/p>\n<p>Tamb\u00e9m oferece prote\u00e7\u00e3o contra a maioria das amea\u00e7as de armas de fogo, bem como amea\u00e7as de Classe IIA e II.<\/p>\n<hr>\n<p><strong>par\u00e2metro:<\/strong><\/p>\n<p>Modelo de capacete: TDTM-3<br \/>\nMaterial: capacete e protetor bucal s\u00e3o feitos de UHMWPE<br \/>\nPeso: cerca de 2,8 kg (capacete \u00e0 prova de bala + m\u00e1scara \u00e0 prova de bala + protetor bucal)<br \/>\nTamanho: S (53-59 cm), M (53-59 cm), L (56-59 cm), L (58-62 cm)<br \/>\nCor: Preto\/Verde\/Camuflagem MC\/Castanho Lobo<br \/>\nEstrutura: Componentes de prote\u00e7\u00e3o facial e corporal do capacete (destac\u00e1veis)<br \/>\nZona de prote\u00e7\u00e3o: corpo do capacete \u2265 0,125 mm, \u00f3culos \u2265 0,025 m, testa \u2265 0,04 m<\/p>\n<p>&nbsp;<\/p>\n","protected":false},"excerpt":{"rendered":"<p>Prote\u00e7\u00e3o abrangente: combina um protetor facial \u00e0 prova de bala e um m\u00f3dulo de prote\u00e7\u00e3o da mand\u00edbula para proporcionar uma prote\u00e7\u00e3o de 360 \u200b\u200bgraus para toda a cabe\u00e7a, garantindo uma seguran\u00e7a completa em ambientes de alto risco.<\/p>\n<p>Centro de gravidade otimizado, ajuste est\u00e1vel: a estrutura do capacete concebida com precis\u00e3o garante uma distribui\u00e7\u00e3o racional do centro de gravidade, eliminando choques ao correr ou saltar. Isto permite-lhe manter a flexibilidade e a liberdade ao apontar em p\u00e9, disparar, realizar manobras t\u00e1ticas e outras atividades. O peso total foi reduzido para o n\u00edvel m\u00e1ximo poss\u00edvel, mantendo a prote\u00e7\u00e3o total.  <\/p>\n<p>Norma de prote\u00e7\u00e3o NIJ IIIA: cumpre as normas NIJ IIIA, protegendo eficazmente contra ataques de baixa a m\u00e9dia amea\u00e7a, como balas de pistola e estilha\u00e7os, aumentando a seguran\u00e7a t\u00e1tica.<\/p>\n","protected":false},"featured_media":16771,"comment_status":"open","ping_status":"closed","template":"","meta":[],"product_brand":[],"product_cat":[494,522],"product_tag":[],"woo-feed-brand":[50],"class_list":{"0":"post-16814","1":"product","2":"type-product","3":"status-publish","4":"has-post-thumbnail","6":"product_cat-capacete-a-prova-de-balas","7":"product_cat-mascara-balistica-pt-pt","8":"woo-feed-brand-tyditiao","10":"first","11":"instock","12":"sale","13":"shipping-taxable","14":"purchasable","15":"product-type-simple"},"_links":{"self":[{"href":"http:\/\/tyditiao.com\/pt-pt\/wp-json\/wp\/v2\/product\/16814","targetHints":{"allow":["GET"]}}],"collection":[{"href":"http:\/\/tyditiao.com\/pt-pt\/wp-json\/wp\/v2\/product"}],"about":[{"href":"http:\/\/tyditiao.com\/pt-pt\/wp-json\/wp\/v2\/types\/product"}],"replies":[{"embeddable":true,"href":"http:\/\/tyditiao.com\/pt-pt\/wp-json\/wp\/v2\/comments?post=16814"}],"wp:featuredmedia":[{"embeddable":true,"href":"http:\/\/tyditiao.com\/pt-pt\/wp-json\/wp\/v2\/media\/16771"}],"wp:attachment":[{"href":"http:\/\/tyditiao.com\/pt-pt\/wp-json\/wp\/v2\/media?parent=16814"}],"wp:term":[{"taxonomy":"product_brand","embeddable":true,"href":"http:\/\/tyditiao.com\/pt-pt\/wp-json\/wp\/v2\/product_brand?post=16814"},{"taxonomy":"product_cat","embeddable":true,"href":"http:\/\/tyditiao.com\/pt-pt\/wp-json\/wp\/v2\/product_cat?post=16814"},{"taxonomy":"product_tag","embeddable":true,"href":"http:\/\/tyditiao.com\/pt-pt\/wp-json\/wp\/v2\/product_tag?post=16814"},{"taxonomy":"woo-feed-brand","embeddable":true,"href":"http:\/\/tyditiao.com\/pt-pt\/wp-json\/wp\/v2\/woo-feed-brand?post=16814"}],"curies":[{"name":"wp","href":"https:\/\/api.w.org\/{rel}","templated":true}]}}