{"id":8490,"date":"2023-03-05T03:17:44","date_gmt":"2023-05-21T09:45:32","guid":{"rendered":"http:\/\/tyditiao.com\/product\/capacete-a-prova-de-balas-fast-capacete-leve-a-prova-de-balas-nij-iiia-tamanho-especial-cor-personalizada-link-de-compra-especial\/"},"modified":"2023-05-21T11:45:32","modified_gmt":"2023-05-21T09:45:32","slug":"rapido-elmo-a-prova-de-balas-nij-iiia-leve-balistico-elmo-tamanho-especial-cor-personalizada-dedicado-compra-link","status":"publish","type":"product","link":"http:\/\/tyditiao.com\/pt-pt\/produtos\/rapido-elmo-a-prova-de-balas-nij-iiia-leve-balistico-elmo-tamanho-especial-cor-personalizada-dedicado-compra-link\/","title":{"rendered":"Capacete \u00e0 prova de balas FAST, capacete leve \u00e0 prova de balas NIJ IIIA, tamanho especial, cor personalizada, link de compra especial"},"content":{"rendered":"<p><strong>Tamanho do capacete \u00e0 prova de balas R\u00c1PIDO:<\/strong> Adicionamos moldes de produ\u00e7\u00e3o pequenos e grandes para o capacete \u00e0 prova de balas leve FAST para atender usu\u00e1rios com diferentes necessidades. M \u00e9 um tamanho normal e serve na maioria das pessoas. Se voc\u00ea acha que o tamanho pequeno pode atender \u00e0s suas necessidades ou h\u00e1bitos de uso, escolha o tamanho S, caso contr\u00e1rio, escolha o tamanho L.<\/p>\n<p><strong>Cores do capacete \u00e0 prova de balas Fast Light:<\/strong> As cores dos capacetes \u00e0 prova de balas Fast Light que produzimos s\u00e3o principalmente preto, marrom claro e verde. Mas, ao mesmo tempo, somos capazes de fazer cores especificadas pelo cliente ou v\u00e1rios padr\u00f5es de camuflagem, como camuflagem de floresta, camuflagem de selva, camuflagem de deserto, camuflagem oce\u00e2nica e camuflagem urbana. Se voc\u00ea planeja encomendar mais de 10 capacetes, entre em contato conosco, voc\u00ea receber\u00e1 gratuitamente este servi\u00e7o de cores personalizadas, basta nos enviar o padr\u00e3o de cores que deseja.<\/p>\n<p>N\u00edvel de capacete duplo \u00e0 prova de balas FAST: n\u00edvel 0101.06 padr\u00e3o IIIA<\/p>\n<p>Material: Fibra de Aramida Kevlar-Dupont de Alta Tenacidade<\/p>\n<p>Em compara\u00e7\u00e3o com os capacetes militares comuns, os capacetes FAST s\u00e3o 25% mais leves. Com o sistema de suspens\u00e3o do capacete, os usu\u00e1rios podem ajustar facilmente o aperto ou aperto do capacete com o girar de um bot\u00e3o para um conforto ideal.<\/p>\n","protected":false},"excerpt":{"rendered":"<p>Tamanho do capacete \u00e0 prova de balas R\u00c1PIDO: Adicionamos moldes de produ\u00e7\u00e3o pequenos e grandes para o capacete \u00e0 prova&#8230;<\/p>\n","protected":false},"featured_media":7899,"comment_status":"open","ping_status":"closed","template":"","meta":[],"product_brand":[],"product_cat":[494,503],"product_tag":[],"woo-feed-brand":[],"class_list":{"0":"post-8490","1":"product","2":"type-product","3":"status-publish","4":"has-post-thumbnail","6":"product_cat-capacete-a-prova-de-balas","7":"product_cat-rapido","9":"first","10":"instock","11":"sale","12":"shipping-taxable","13":"purchasable","14":"product-type-variable","15":"has-default-attributes"},"_links":{"self":[{"href":"http:\/\/tyditiao.com\/pt-pt\/wp-json\/wp\/v2\/product\/8490","targetHints":{"allow":["GET"]}}],"collection":[{"href":"http:\/\/tyditiao.com\/pt-pt\/wp-json\/wp\/v2\/product"}],"about":[{"href":"http:\/\/tyditiao.com\/pt-pt\/wp-json\/wp\/v2\/types\/product"}],"replies":[{"embeddable":true,"href":"http:\/\/tyditiao.com\/pt-pt\/wp-json\/wp\/v2\/comments?post=8490"}],"wp:featuredmedia":[{"embeddable":true,"href":"http:\/\/tyditiao.com\/pt-pt\/wp-json\/wp\/v2\/media\/7899"}],"wp:attachment":[{"href":"http:\/\/tyditiao.com\/pt-pt\/wp-json\/wp\/v2\/media?parent=8490"}],"wp:term":[{"taxonomy":"product_brand","embeddable":true,"href":"http:\/\/tyditiao.com\/pt-pt\/wp-json\/wp\/v2\/product_brand?post=8490"},{"taxonomy":"product_cat","embeddable":true,"href":"http:\/\/tyditiao.com\/pt-pt\/wp-json\/wp\/v2\/product_cat?post=8490"},{"taxonomy":"product_tag","embeddable":true,"href":"http:\/\/tyditiao.com\/pt-pt\/wp-json\/wp\/v2\/product_tag?post=8490"},{"taxonomy":"woo-feed-brand","embeddable":true,"href":"http:\/\/tyditiao.com\/pt-pt\/wp-json\/wp\/v2\/woo-feed-brand?post=8490"}],"curies":[{"name":"wp","href":"https:\/\/api.w.org\/{rel}","templated":true}]}}