{"id":8516,"date":"2023-03-05T03:08:59","date_gmt":"2023-05-21T09:48:13","guid":{"rendered":"http:\/\/tyditiao.com\/product\/corda-estatica-kevlar-completa-corda-de-escalada-de-para-quedas-corda-de-seguranca-contra-incendio-8-105-mm-10-m\/"},"modified":"2023-05-21T11:48:13","modified_gmt":"2023-05-21T09:48:13","slug":"full-eletrostatic-kevlar-escalada-seguranca-fogo-guarda-chuva-corda-8-105-mm-10m","status":"publish","type":"product","link":"http:\/\/tyditiao.com\/pt-pt\/produtos\/full-eletrostatic-kevlar-escalada-seguranca-fogo-guarda-chuva-corda-8-105-mm-10m\/","title":{"rendered":"Corda est\u00e1tica Kevlar completa, corda de escalada de p\u00e1ra-quedas, corda de seguran\u00e7a contra inc\u00eandio, 8, 10,5 mm (10 m)"},"content":{"rendered":"<p>Se voc\u00ea quiser comprar uma corda mais longa, como 50 metros, compre 5*10 metros de corda e deixe uma mensagem ao vendedor informando que voc\u00ea precisa de uma corda inteira de 50 metros.<\/p>\n<p><strong>Sobre os mosquet\u00f5es:<\/strong> Se voc\u00ea comprar a corda com mais de 10 metros de comprimento, daremos a voc\u00ea dois mosquet\u00f5es conforme marcado na imagem. Voc\u00ea pode instal\u00e1-lo em ambas as extremidades da corda, ou pode deix\u00e1-lo sozinho e est\u00e1 inclu\u00eddo no pacote. Basta nos enviar uma mensagem e nos informar sua decis\u00e3o<\/p>\n<p>Nome do produto: Corda est\u00e1tica Kevlar completa<br \/>\nMaterial: Kevlar<br \/>\nCor: Cor como a imagem mostrada<br \/>\nDi\u00e2metro: 10,5 mm, 8 mm<br \/>\nPeso l\u00edquido (\u00b15%): 10,5 mm (75 g\/m) 8 mm (43 g\/m)<br \/>\nFor\u00e7a de tra\u00e7\u00e3o: 10,5 mm (40kN\/4000kg) 8mm (28kN\/2800kg)<br \/>\nCertifica\u00e7\u00e3o: CE EN1891:1998<br \/>\nCaracter\u00edsticas: alta resist\u00eancia, resist\u00eancia a altas temperaturas, boa tenacidade, forte resist\u00eancia ao rasgo<br \/>\nMulti-fun\u00e7\u00e3o: escalada, expans\u00e3o, combate a inc\u00eandio, trabalho a\u00e9reo, espeleologia, suspens\u00e3o, etc.<\/p>\n<p>Lembrete amig\u00e1vel: Ao trabalhar ou brincar em altura, verifique e mantenha seu equipamento para evitar perigos causados pelo uso indevido<\/p>\n","protected":false},"excerpt":{"rendered":"<p>Se voc\u00ea quiser comprar uma corda mais longa, como 50 metros, compre 5*10 metros de corda e deixe uma mensagem&#8230;<\/p>\n","protected":false},"featured_media":8036,"comment_status":"open","ping_status":"closed","template":"","meta":[],"product_brand":[],"product_cat":[506],"product_tag":[],"woo-feed-brand":[],"class_list":{"0":"post-8516","1":"product","2":"type-product","3":"status-publish","4":"has-post-thumbnail","6":"product_cat-corda-de-seguranca","8":"first","9":"instock","10":"shipping-taxable","11":"purchasable","12":"product-type-variable","13":"has-default-attributes"},"_links":{"self":[{"href":"http:\/\/tyditiao.com\/pt-pt\/wp-json\/wp\/v2\/product\/8516","targetHints":{"allow":["GET"]}}],"collection":[{"href":"http:\/\/tyditiao.com\/pt-pt\/wp-json\/wp\/v2\/product"}],"about":[{"href":"http:\/\/tyditiao.com\/pt-pt\/wp-json\/wp\/v2\/types\/product"}],"replies":[{"embeddable":true,"href":"http:\/\/tyditiao.com\/pt-pt\/wp-json\/wp\/v2\/comments?post=8516"}],"wp:featuredmedia":[{"embeddable":true,"href":"http:\/\/tyditiao.com\/pt-pt\/wp-json\/wp\/v2\/media\/8036"}],"wp:attachment":[{"href":"http:\/\/tyditiao.com\/pt-pt\/wp-json\/wp\/v2\/media?parent=8516"}],"wp:term":[{"taxonomy":"product_brand","embeddable":true,"href":"http:\/\/tyditiao.com\/pt-pt\/wp-json\/wp\/v2\/product_brand?post=8516"},{"taxonomy":"product_cat","embeddable":true,"href":"http:\/\/tyditiao.com\/pt-pt\/wp-json\/wp\/v2\/product_cat?post=8516"},{"taxonomy":"product_tag","embeddable":true,"href":"http:\/\/tyditiao.com\/pt-pt\/wp-json\/wp\/v2\/product_tag?post=8516"},{"taxonomy":"woo-feed-brand","embeddable":true,"href":"http:\/\/tyditiao.com\/pt-pt\/wp-json\/wp\/v2\/woo-feed-brand?post=8516"}],"curies":[{"name":"wp","href":"https:\/\/api.w.org\/{rel}","templated":true}]}}