{"id":8530,"date":"2023-03-05T02:51:52","date_gmt":"2023-05-21T09:50:54","guid":{"rendered":"http:\/\/tyditiao.com\/product\/pele-externa-de-aramida-nucleo-interno-de-nylon-corda-estatica-corda-de-seguranca-para-montanhismo-ao-ar-livre-68105-10m\/"},"modified":"2023-05-21T11:50:54","modified_gmt":"2023-05-21T09:50:54","slug":"kevlar-outer-scoranylon-core-static-safety-rope-outdoor-6810-5-10m","status":"publish","type":"product","link":"http:\/\/tyditiao.com\/pt-pt\/produtos\/kevlar-outer-scoranylon-core-static-safety-rope-outdoor-6810-5-10m\/","title":{"rendered":"Pele externa de aramida + n\u00facleo interno de nylon corda est\u00e1tica corda de seguran\u00e7a para montanhismo ao ar livre 6,8,10,5 (10m)"},"content":{"rendered":"<p>Se voc\u00ea precisar comprar uma corda mais longa, como 80 metros, compre 8 * 10 metros de corda e deixe uma mensagem ao vendedor informando que voc\u00ea precisa de uma corda inteira de 80 metros.<\/p>\n<p><strong>Sobre os mosquet\u00f5es em ambas as extremidades da corda est\u00e1tica:<\/strong> Se o comprimento da corda que voc\u00ea comprou for superior a 10 metros, daremos a voc\u00ea dois mosquet\u00f5es marcados na foto. Voc\u00ea pode optar por mont\u00e1-lo nas duas pontas da corda, ou n\u00e3o precisa mont\u00e1-lo e envi\u00e1-lo com a corda no pacote, basta nos enviar uma nota e nos informar sua decis\u00e3o<\/p>\n<p>Nome do produto: fibra de aramida + corda est\u00e1tica de nylon<br \/>\nCor: Cor como a imagem mostrada<br \/>\nDi\u00e2metro: 6mm 8mm 10mm<br \/>\nPeso l\u00edquido (\u00b15%): 6mm (27g\/m) 8mm (42g\/m) 10mm (65g\/m)<br \/>\nFor\u00e7a de tra\u00e7\u00e3o: 6mm(7KN\/700KG) 8mm(16KN\/1600KG) 10mm(36KN\/3600KG)<br \/>\nMaterial de apar\u00eancia: aramida<br \/>\nMaterial do N\u00facleo: Nylon<br \/>\nCertifica\u00e7\u00e3o: CE EN1891:1998<br \/>\nMultifuncional: escalada, telescopagem, combate a inc\u00eandios, trabalhos em altura, gruas, etc.<\/p>\n","protected":false},"excerpt":{"rendered":"<p>Se voc\u00ea precisar comprar uma corda mais longa, como 80 metros, compre 8 * 10 metros de corda e deixe&#8230;<\/p>\n","protected":false},"featured_media":8035,"comment_status":"open","ping_status":"closed","template":"","meta":[],"product_brand":[],"product_cat":[506],"product_tag":[],"woo-feed-brand":[50],"class_list":{"0":"post-8530","1":"product","2":"type-product","3":"status-publish","4":"has-post-thumbnail","6":"product_cat-corda-de-seguranca","7":"woo-feed-brand-tyditiao","9":"first","10":"instock","11":"shipping-taxable","12":"purchasable","13":"product-type-variable","14":"has-default-attributes"},"_links":{"self":[{"href":"http:\/\/tyditiao.com\/pt-pt\/wp-json\/wp\/v2\/product\/8530","targetHints":{"allow":["GET"]}}],"collection":[{"href":"http:\/\/tyditiao.com\/pt-pt\/wp-json\/wp\/v2\/product"}],"about":[{"href":"http:\/\/tyditiao.com\/pt-pt\/wp-json\/wp\/v2\/types\/product"}],"replies":[{"embeddable":true,"href":"http:\/\/tyditiao.com\/pt-pt\/wp-json\/wp\/v2\/comments?post=8530"}],"wp:featuredmedia":[{"embeddable":true,"href":"http:\/\/tyditiao.com\/pt-pt\/wp-json\/wp\/v2\/media\/8035"}],"wp:attachment":[{"href":"http:\/\/tyditiao.com\/pt-pt\/wp-json\/wp\/v2\/media?parent=8530"}],"wp:term":[{"taxonomy":"product_brand","embeddable":true,"href":"http:\/\/tyditiao.com\/pt-pt\/wp-json\/wp\/v2\/product_brand?post=8530"},{"taxonomy":"product_cat","embeddable":true,"href":"http:\/\/tyditiao.com\/pt-pt\/wp-json\/wp\/v2\/product_cat?post=8530"},{"taxonomy":"product_tag","embeddable":true,"href":"http:\/\/tyditiao.com\/pt-pt\/wp-json\/wp\/v2\/product_tag?post=8530"},{"taxonomy":"woo-feed-brand","embeddable":true,"href":"http:\/\/tyditiao.com\/pt-pt\/wp-json\/wp\/v2\/woo-feed-brand?post=8530"}],"curies":[{"name":"wp","href":"https:\/\/api.w.org\/{rel}","templated":true}]}}