{"id":8540,"date":"2023-01-16T12:36:49","date_gmt":"2023-01-16T10:36:49","guid":{"rendered":"http:\/\/tyditiao.com\/product\/armadura-corporal-ocultavel-colete-a-prova-de-bala-com-nivel-de-protecao-nij-iiia-equipamento-pessoal-de-seguranca-ao-ar-livre\/"},"modified":"2026-02-13T12:33:09","modified_gmt":"2026-02-13T10:33:09","slug":"colete-a-prova-de-balas-ocultavel-colete-a-prova-de-balas-com-nivel-de-protecao-niiiiia-equipamento-de-seguranca-pessoal-ao-ar-livre","status":"publish","type":"product","link":"http:\/\/tyditiao.com\/pt-pt\/produtos\/colete-a-prova-de-balas-ocultavel-colete-a-prova-de-balas-com-nivel-de-protecao-niiiiia-equipamento-de-seguranca-pessoal-ao-ar-livre\/","title":{"rendered":"Armadura corporal ocult\u00e1vel, colete \u00e0 prova de bala com n\u00edvel de prote\u00e7\u00e3o NIJ IIIA, equipamento pessoal de seguran\u00e7a ao ar livre"},"content":{"rendered":"<p>Material: Material PE molecular ultra-alto, que pode suportar v\u00e1rios disparos enquanto permanece flex\u00edvel. Possui as caracter\u00edsticas de leveza, maciez, conforto, excelente resist\u00eancia aos raios UV, baixa sensibilidade \u00e0 umidade e resist\u00eancia \u00e0 \u00e1gua.<\/p>\n<p>Classe de prote\u00e7\u00e3o: prote\u00e7\u00e3o dianteira e traseira NIJ IIIA<\/p>\n<p>Balas bloque\u00e1veis:<br \/>\n.44 Magnum<br \/>\n.40 S&amp;W, .357 Magnum, .45<br \/>\nmetralhadora 9mm<br \/>\nBalas semi-revestidas de ponta oca (SJHP)<br \/>\nCalibra\u00e7\u00e3o Full Metal Projectile 9 mm, peso nominal 8,0 g (124 g), velocidade de impacto 426 m\/s (1.400 p\u00e9s\/s) ou menos<br \/>\nTamb\u00e9m fornece prote\u00e7\u00e3o contra a maioria das amea\u00e7as de armas de fogo, bem como amea\u00e7as de Classe IIA e II<\/p>\n<p>Cor: Preto<br \/>\nG\u00eanero: Unissex<br \/>\nTipo de roupa: Colete, Top<br \/>\nTipo de manga: sem manga<br \/>\nFun\u00e7\u00e3o: \u00c0 prova de balas<br \/>\ntamanho: um tamanho<br \/>\nPeso: 2,5kg<br \/>\nLavagem: O forro interno e a roupa exterior podem ser separados, a camada interna \u00e0 prova de balas n\u00e3o pode ser lavada, basta limpar a camada externa<\/p>\n<p>Pacote: 1 x colete \u00e0 prova de balas (NIJ IIIA)<\/p>\n","protected":false},"excerpt":{"rendered":"<p>Macio e leve: flex\u00edvel, confort\u00e1vel de usar, basicamente n\u00e3o afeta o corpo humano para correr ou agachar<\/p>\n<p>\u00d3tima oculta\u00e7\u00e3o: ajust\u00e1vel em 4 pontos diferentes com tiras de velcro para facilitar a oculta\u00e7\u00e3o sob a roupa<\/p>\n<p>Prote\u00e7\u00e3o NIJ IIIA: o mais alto n\u00edvel de prote\u00e7\u00e3o atualmente dispon\u00edvel para coletes \u00e0 prova de balas<\/p>\n<p>Bom desempenho de expans\u00e3o: os bolsos dianteiros e traseiros da armadura podem ser fixados com placas de a\u00e7o \u00e0 prova de balas para fornecer prote\u00e7\u00e3o adicional de acordo com suas pr\u00f3prias necessidades<\/p>\n<p>Pessoas aplic\u00e1veis: Jornalistas e militares viajam por \u00e1reas devastadas pela guerra e tamb\u00e9m podem ser usados para defesa dom\u00e9stica para proteger sua pr\u00f3pria seguran\u00e7a e corpo de balas e detritos<\/p>\n","protected":false},"featured_media":8012,"comment_status":"open","ping_status":"closed","template":"","meta":[],"product_brand":[],"product_cat":[510],"product_tag":[],"woo-feed-brand":[50],"class_list":{"0":"post-8540","1":"product","2":"type-product","3":"status-publish","4":"has-post-thumbnail","6":"product_cat-colete-tatico","7":"woo-feed-brand-tyditiao","9":"first","10":"instock","11":"sale","12":"shipping-taxable","13":"purchasable","14":"product-type-simple"},"_links":{"self":[{"href":"http:\/\/tyditiao.com\/pt-pt\/wp-json\/wp\/v2\/product\/8540","targetHints":{"allow":["GET"]}}],"collection":[{"href":"http:\/\/tyditiao.com\/pt-pt\/wp-json\/wp\/v2\/product"}],"about":[{"href":"http:\/\/tyditiao.com\/pt-pt\/wp-json\/wp\/v2\/types\/product"}],"replies":[{"embeddable":true,"href":"http:\/\/tyditiao.com\/pt-pt\/wp-json\/wp\/v2\/comments?post=8540"}],"wp:featuredmedia":[{"embeddable":true,"href":"http:\/\/tyditiao.com\/pt-pt\/wp-json\/wp\/v2\/media\/8012"}],"wp:attachment":[{"href":"http:\/\/tyditiao.com\/pt-pt\/wp-json\/wp\/v2\/media?parent=8540"}],"wp:term":[{"taxonomy":"product_brand","embeddable":true,"href":"http:\/\/tyditiao.com\/pt-pt\/wp-json\/wp\/v2\/product_brand?post=8540"},{"taxonomy":"product_cat","embeddable":true,"href":"http:\/\/tyditiao.com\/pt-pt\/wp-json\/wp\/v2\/product_cat?post=8540"},{"taxonomy":"product_tag","embeddable":true,"href":"http:\/\/tyditiao.com\/pt-pt\/wp-json\/wp\/v2\/product_tag?post=8540"},{"taxonomy":"woo-feed-brand","embeddable":true,"href":"http:\/\/tyditiao.com\/pt-pt\/wp-json\/wp\/v2\/woo-feed-brand?post=8540"}],"curies":[{"name":"wp","href":"https:\/\/api.w.org\/{rel}","templated":true}]}}