{"id":8583,"date":"2022-10-18T05:26:18","date_gmt":"2022-10-18T03:26:18","guid":{"rendered":"http:\/\/tyditiao.com\/product\/colete-tatico-externo-de-liberacao-rapida-colete-tatico-cs-com-placa-a-prova-de-balas-2xpe-iiia-10x12\/"},"modified":"2025-03-17T13:48:25","modified_gmt":"2025-03-17T11:48:25","slug":"zewnetrzna-colete-tatico-com-colete-tatico-cs-de-liberacao-rapida-com-placa-a-prova-de-balas-2xpe-iiia-10x12","status":"publish","type":"product","link":"http:\/\/tyditiao.com\/pt-pt\/produtos\/zewnetrzna-colete-tatico-com-colete-tatico-cs-de-liberacao-rapida-com-placa-a-prova-de-balas-2xpe-iiia-10x12\/","title":{"rendered":"Colete t\u00e1tico externo de libera\u00e7\u00e3o r\u00e1pida, colete t\u00e1tico CS com placa \u00e0 prova de balas 2XPE IIIA 10&#215;12"},"content":{"rendered":"<p>As laterais e os ombros deste produto s\u00e3o ajust\u00e1veis com velcro, para que usu\u00e1rios de qualquer tamanho possam us\u00e1-lo.<br \/>\nCamada interna: material de alta resist\u00eancia, imperme\u00e1vel, longa vida e est\u00e1vel.<br \/>\nCamada externa: Oxford, algod\u00e3o ou nylon, resistente \u00e0 abras\u00e3o, resistente a manchas e dur\u00e1vel.<br \/>\nA jaqueta pode ser equipada com inser\u00e7\u00f5es bal\u00edsticas para prote\u00e7\u00e3o extra.<\/p>\n<p>N\u00edvel de defesa: placa \u00e0 prova de bala PE padr\u00e3o, NIJIIIA,<br \/>\nInser\u00e7\u00e3o de prote\u00e7\u00e3o: UHMW-PE<br \/>\nEspessura: ~ 8 mm\/~ 0,3&#8242;<br \/>\nValidade: 5 anos<br \/>\nTipos de proj\u00e9teis que podem ser defendidos contra:<br \/>\nRevestimento de metal completo de 9 mm (FMJ) \/ Cabe\u00e7a redonda (RN)<br \/>\n.44 Ponta Oca da Jaqueta Universal (JHP)<\/p>\n<p>Usu\u00e1rios-alvo:<br \/>\nOs coletes \u00e0 prova de balas ocultos NIJ Classe IIIA protegem contra perigos relacionados a armas. E tem mais acess\u00f3rios e ocupa uma \u00e1rea maior. O tamanho pode ser ajustado com velcro nas laterais e nos ombros. Nossos produtos podem ser equipados com for\u00e7as armadas, ag\u00eancias da SWAT, ag\u00eancias de seguran\u00e7a interna, ag\u00eancias alfandeg\u00e1rias e de prote\u00e7\u00e3o de fronteiras, ag\u00eancias de controle de imigra\u00e7\u00e3o e outras ag\u00eancias de risco de armas de fogo. As pessoas obt\u00eam melhores resultados e menos v\u00edtimas.<\/p>\n","protected":false},"excerpt":{"rendered":"<p>Perceba a libera\u00e7\u00e3o r\u00e1pida: a fivela de libera\u00e7\u00e3o r\u00e1pida da cintura \u00e9 f\u00e1cil de operar.<\/p>\n<p>Amplo armazenamento: bolso embutido e o bolso utilit\u00e1rio pode ser instalado ou removido de acordo com suas necessidades.<\/p>\n<p>Equipado com placas \u00e0 prova de balas NIJ IIIA dianteiras e traseiras: pode lidar com a amea\u00e7a de balas de pistola.<\/p>\n<p>TAMANHO AJUST\u00c1VEL: Tamanho ajust\u00e1vel com velcro nas laterais e ombros.<\/p>\n","protected":false},"featured_media":7979,"comment_status":"open","ping_status":"closed","template":"","meta":[],"product_brand":[],"product_cat":[510],"product_tag":[],"woo-feed-brand":[50],"class_list":{"0":"post-8583","1":"product","2":"type-product","3":"status-publish","4":"has-post-thumbnail","6":"product_cat-colete-tatico","7":"woo-feed-brand-tyditiao","9":"first","10":"instock","11":"sale","12":"shipping-taxable","13":"purchasable","14":"product-type-simple"},"_links":{"self":[{"href":"http:\/\/tyditiao.com\/pt-pt\/wp-json\/wp\/v2\/product\/8583","targetHints":{"allow":["GET"]}}],"collection":[{"href":"http:\/\/tyditiao.com\/pt-pt\/wp-json\/wp\/v2\/product"}],"about":[{"href":"http:\/\/tyditiao.com\/pt-pt\/wp-json\/wp\/v2\/types\/product"}],"replies":[{"embeddable":true,"href":"http:\/\/tyditiao.com\/pt-pt\/wp-json\/wp\/v2\/comments?post=8583"}],"wp:featuredmedia":[{"embeddable":true,"href":"http:\/\/tyditiao.com\/pt-pt\/wp-json\/wp\/v2\/media\/7979"}],"wp:attachment":[{"href":"http:\/\/tyditiao.com\/pt-pt\/wp-json\/wp\/v2\/media?parent=8583"}],"wp:term":[{"taxonomy":"product_brand","embeddable":true,"href":"http:\/\/tyditiao.com\/pt-pt\/wp-json\/wp\/v2\/product_brand?post=8583"},{"taxonomy":"product_cat","embeddable":true,"href":"http:\/\/tyditiao.com\/pt-pt\/wp-json\/wp\/v2\/product_cat?post=8583"},{"taxonomy":"product_tag","embeddable":true,"href":"http:\/\/tyditiao.com\/pt-pt\/wp-json\/wp\/v2\/product_tag?post=8583"},{"taxonomy":"woo-feed-brand","embeddable":true,"href":"http:\/\/tyditiao.com\/pt-pt\/wp-json\/wp\/v2\/woo-feed-brand?post=8583"}],"curies":[{"name":"wp","href":"https:\/\/api.w.org\/{rel}","templated":true}]}}