{"id":8591,"date":"2022-10-11T16:42:26","date_gmt":"2022-10-11T14:42:26","guid":{"rendered":"http:\/\/tyditiao.com\/product\/mascara-de-aramida-balistica-leve-mascara-facial-completa-nij-iiia-a-prova-de-balas\/"},"modified":"2025-03-17T13:47:56","modified_gmt":"2025-03-17T11:47:56","slug":"mascara-balistica-aramida-nij-iiia-mascara-tatica-a-prova-de-balas","status":"publish","type":"product","link":"http:\/\/tyditiao.com\/pt-pt\/produtos\/mascara-balistica-aramida-nij-iiia-mascara-tatica-a-prova-de-balas\/","title":{"rendered":"m\u00e1scara de aramida bal\u00edstica leve, m\u00e1scara facial completa NIJ IIIA \u00e0 prova de balas"},"content":{"rendered":"<p>Peso: 0,85kg<\/p>\n<p>Material: Aramida<\/p>\n<p>Espessura: aramida de 8 mm de espessura e revestimento de 1 mm<\/p>\n<p>Classe de prote\u00e7\u00e3o: NIJ 0101.06 n\u00edvel IIIA<\/p>\n<p>Tamanho: Tamanho \u00fanico<\/p>\n<p>Validade: 5 anos<\/p>\n<p>Cen\u00e1rios aplic\u00e1veis: prote\u00e7\u00e3o dom\u00e9stica, seguran\u00e7a, equipamento policial, combate real, cosplay<\/p>\n<p>Servi\u00e7o OEM\/ODM dispon\u00edvel mediante solicita\u00e7\u00e3o<\/p>\n<p>Lista de embalagem: 1X m\u00e1scara \u00e0 prova de balas de rosto inteiro<\/p>\n","protected":false},"excerpt":{"rendered":"<p>Protege as \u00e1reas mais importantes com peso m\u00ednimo: cobertura total do rosto do usu\u00e1rio para ofensa<\/p>\n<p>Material: Feito de fibras de Kevlar leves avan\u00e7adas que s\u00e3o 15 vezes mais fortes que o a\u00e7o para minimizar a amea\u00e7a de balas<\/p>\n<p>Design ergon\u00f4mico exclusivo: faixa de cabe\u00e7a de nylon ajust\u00e1vel de 6 pontos e acolchoamento extra se adaptam a qualquer formato de cabe\u00e7a e melhoram o conforto de uso<\/p>\n<p>Usos aplic\u00e1veis: prote\u00e7\u00e3o dom\u00e9stica, treinamento de campo, guarda-costas, pessoal envolvido em opera\u00e7\u00f5es perigosas em \u00e1reas de conflito armado estrangeiro, militar, cosplay, etc.<\/p>\n","protected":false},"featured_media":7971,"comment_status":"open","ping_status":"closed","template":"","meta":[],"product_brand":[],"product_cat":[522],"product_tag":[],"woo-feed-brand":[50],"class_list":{"0":"post-8591","1":"product","2":"type-product","3":"status-publish","4":"has-post-thumbnail","6":"product_cat-mascara-balistica-pt-pt","7":"product_shipping_class-0-3kg-pt-pt","8":"woo-feed-brand-tyditiao","10":"first","11":"instock","12":"sale","13":"shipping-taxable","14":"purchasable","15":"product-type-simple"},"_links":{"self":[{"href":"http:\/\/tyditiao.com\/pt-pt\/wp-json\/wp\/v2\/product\/8591","targetHints":{"allow":["GET"]}}],"collection":[{"href":"http:\/\/tyditiao.com\/pt-pt\/wp-json\/wp\/v2\/product"}],"about":[{"href":"http:\/\/tyditiao.com\/pt-pt\/wp-json\/wp\/v2\/types\/product"}],"replies":[{"embeddable":true,"href":"http:\/\/tyditiao.com\/pt-pt\/wp-json\/wp\/v2\/comments?post=8591"}],"wp:featuredmedia":[{"embeddable":true,"href":"http:\/\/tyditiao.com\/pt-pt\/wp-json\/wp\/v2\/media\/7971"}],"wp:attachment":[{"href":"http:\/\/tyditiao.com\/pt-pt\/wp-json\/wp\/v2\/media?parent=8591"}],"wp:term":[{"taxonomy":"product_brand","embeddable":true,"href":"http:\/\/tyditiao.com\/pt-pt\/wp-json\/wp\/v2\/product_brand?post=8591"},{"taxonomy":"product_cat","embeddable":true,"href":"http:\/\/tyditiao.com\/pt-pt\/wp-json\/wp\/v2\/product_cat?post=8591"},{"taxonomy":"product_tag","embeddable":true,"href":"http:\/\/tyditiao.com\/pt-pt\/wp-json\/wp\/v2\/product_tag?post=8591"},{"taxonomy":"woo-feed-brand","embeddable":true,"href":"http:\/\/tyditiao.com\/pt-pt\/wp-json\/wp\/v2\/woo-feed-brand?post=8591"}],"curies":[{"name":"wp","href":"https:\/\/api.w.org\/{rel}","templated":true}]}}