{"id":4673,"date":"2022-10-08T12:11:08","date_gmt":"2022-10-08T10:11:08","guid":{"rendered":"http:\/\/tyditiao.com\/familie\/"},"modified":"2025-01-04T16:01:31","modified_gmt":"2025-01-04T14:01:31","slug":"familie","status":"publish","type":"page","link":"http:\/\/tyditiao.com\/ro\/","title":{"rendered":"Familie"},"content":{"rendered":"\n<div class=\"wp-block-cover is-light\" style=\"min-height:240px;aspect-ratio:unset;\"><span aria-hidden=\"true\" class=\"wp-block-cover__background has-background-dim-20 has-background-dim\" style=\"background-color:#b7ad73\"><\/span><img loading=\"lazy\" decoding=\"async\" width=\"1401\" height=\"539\" class=\"wp-block-cover__image-background wp-image-1576\" alt=\"\" src=\"http:\/\/tyditiao.com\/wp-content\/uploads\/2022\/06\/2022-06-13_182159.png\" data-object-fit=\"cover\" srcset=\"http:\/\/tyditiao.com\/wp-content\/uploads\/2022\/06\/2022-06-13_182159.png 1401w, http:\/\/tyditiao.com\/wp-content\/uploads\/2022\/06\/2022-06-13_182159-600x231.png 600w, http:\/\/tyditiao.com\/wp-content\/uploads\/2022\/06\/2022-06-13_182159-300x115.png 300w, http:\/\/tyditiao.com\/wp-content\/uploads\/2022\/06\/2022-06-13_182159-1024x394.png 1024w, http:\/\/tyditiao.com\/wp-content\/uploads\/2022\/06\/2022-06-13_182159-768x295.png 768w, http:\/\/tyditiao.com\/wp-content\/uploads\/2022\/06\/2022-06-13_182159-1320x508.png 1320w\" sizes=\"auto, (max-width: 1401px) 100vw, 1401px\" \/><div class=\"wp-block-cover__inner-container is-layout-constrained wp-block-cover-is-layout-constrained\">\n<div class=\"wp-block-columns is-layout-flex wp-container-core-columns-is-layout-9d6595d7 wp-block-columns-is-layout-flex\">\n<div class=\"wp-block-column is-layout-flow wp-block-column-is-layout-flow\" style=\"flex-basis:25%\"><\/div>\n\n\n\n<div class=\"wp-block-column is-layout-flow wp-block-column-is-layout-flow\" style=\"flex-basis:50%\">\n<div style=\"height:20px\" aria-hidden=\"true\" class=\"wp-block-spacer\"><\/div>\n\n\n\n<p class=\"has-text-align-center custom-style has-text-color has-link-color has-large-font-size wp-elements-b181013bfa7456ae850a1a7bc0f337bc\" style=\"color:#ffffff\">Suntem specializa\u021bi \u00een produc\u021bia \u0219i v\u00e2nzarea diferitelor stiluri de c\u0103\u0219ti balistice militare tactice<\/p>\n<\/div>\n\n\n\n<div class=\"wp-block-column is-layout-flow wp-block-column-is-layout-flow\" style=\"flex-basis:25%\"><\/div>\n<\/div>\n<\/div><\/div>\n\n<div style=\"height:50px\" aria-hidden=\"true\" class=\"wp-block-spacer\"><\/div>\n\n<div class=\"wp-block-columns is-layout-flex wp-container-core-columns-is-layout-9d6595d7 wp-block-columns-is-layout-flex\">\n<div class=\"wp-block-column is-layout-flow wp-block-column-is-layout-flow\" style=\"flex-basis:10%\"><\/div>\n\n\n\n<div class=\"wp-block-column is-layout-flow wp-block-column-is-layout-flow\">\n<h2 class=\"wp-block-heading has-text-align-center\">Vindem c\u0103\u0219ti balistice<\/h2>\n\n\n\n<figure class=\"wp-block-gallery has-nested-images columns-4 is-cropped wp-block-gallery-1 is-layout-flex wp-block-gallery-is-layout-flex\">\n<figure class=\"wp-block-image size-medium\"><img decoding=\"async\" data-id=\"5154\" src=\"https:\/\/tyditiao.com\/wp-content\/uploads\/2022\/10\/&#x672A;&#x6807;&#x9898;-51-300x300.png\" alt=\"Vest&#x103; antiglon&#x21B; tactic&#x103; &#xEE;n aer liber echipat&#x103; cu afi&#x219;aj cu panou antiglon&#x21B;\" class=\"wp-image-5154\"\/><\/figure>\n\n\n<figure class=\"wp-block-image size-medium\"><img loading=\"lazy\" decoding=\"async\" width=\"300\" height=\"300\" data-id=\"1343\" src=\"http:\/\/tyditiao.com\/wp-content\/uploads\/2022\/06\/7-300x300.jpg\" alt=\"\" class=\"wp-image-1343\" srcset=\"http:\/\/tyditiao.com\/wp-content\/uploads\/2022\/06\/7-300x300.jpg 300w, http:\/\/tyditiao.com\/wp-content\/uploads\/2022\/06\/7-100x100.jpg 100w, http:\/\/tyditiao.com\/wp-content\/uploads\/2022\/06\/7-600x600.jpg 600w, http:\/\/tyditiao.com\/wp-content\/uploads\/2022\/06\/7-1024x1024.jpg 1024w, http:\/\/tyditiao.com\/wp-content\/uploads\/2022\/06\/7-150x150.jpg 150w, http:\/\/tyditiao.com\/wp-content\/uploads\/2022\/06\/7-768x768.jpg 768w, http:\/\/tyditiao.com\/wp-content\/uploads\/2022\/06\/7.jpg 1200w\" sizes=\"auto, (max-width: 300px) 100vw, 300px\" \/><\/figure>\n\n\n<figure class=\"wp-block-image size-medium\"><img decoding=\"async\" data-id=\"4955\" src=\"https:\/\/tyditiao.com\/wp-content\/uploads\/2022\/10\/&#x672A;&#x6807;&#x9898;-3-300x300.png\" alt=\"Masc&#x103; balistic&#x103; tactic&#x103; complet&#x103; NIJ IIIA - Schematic&#x103;\" class=\"wp-image-4955\"\/><\/figure>\n\n\n<figure class=\"wp-block-image size-medium\"><img decoding=\"async\" data-id=\"5396\" src=\"https:\/\/tyditiao.com\/wp-content\/uploads\/2022\/10\/SICPE&#xFF0C;NIJ-Level-IV&#xFF0C;23MM&#xFF0C;2.5KG-300x300.png\" alt=\"SIC+PE, NIJ Nivel IV, 23MM, 2.5KG, inser&#x21B;ie balistic&#x103; pentru pieptar antiglon&#x21B;, 250X300MM\" class=\"wp-image-5396\"\/><\/figure><\/figure>\n\n\n\n<div style=\"height:50px\" aria-hidden=\"true\" class=\"wp-block-spacer\"><\/div>\n\n\n\n<h2 class=\"wp-block-heading has-text-align-center\">FAQ<\/h2>\n\n\n\n<div style=\"height:30px\" aria-hidden=\"true\" class=\"wp-block-spacer\"><\/div>\n\n\n\n<div class=\"wp-block-columns is-layout-flex wp-container-core-columns-is-layout-9d6595d7 wp-block-columns-is-layout-flex\">\n<div class=\"wp-block-column is-layout-flow wp-block-column-is-layout-flow\">\n<h6 class=\"wp-block-heading\">Ave\u021bi o fabric\u0103 fizic\u0103?<\/h6>\n\n\n\n<p>Da!\nAvem o fabric\u0103 fizic\u0103 \u0219i oferim en-gros pentru v\u00e2nz\u0103torii de c\u0103\u0219ti europeni \u0219i americani timp de 6 ani.\nLivr\u0103m zilnic cantit\u0103\u021bi mari de c\u0103\u0219ti \u00een \u00eentreaga lume \u0219i acesta este magazinul nostru din fabric\u0103.  <\/p>\n<\/div>\n\n\n\n<div class=\"wp-block-column is-layout-flow wp-block-column-is-layout-flow\">\n<h6 class=\"wp-block-heading\">Exist\u0103 o reducere pentru cump\u0103rarea direct\u0103 din fabric\u0103?<\/h6>\n\n\n\n<p>Desigur, plas\u00e2nd o comand\u0103 direct de pe site-ul fabricii noastre, pute\u021bi economisi mai mult de 20% fa\u021b\u0103 de pre\u021bul de v\u00e2nzare al dealer-ului deoarece economise\u0219te direct costurile indirecte.\n\u00cen acela\u0219i timp, inten\u021bion\u0103m, de asemenea, s\u0103 aducem profituri consumatorilor finali pentru a ne extinde activitatea de retail. <\/p>\n<\/div>\n<\/div>\n\n\n\n<div class=\"wp-block-columns is-layout-flex wp-container-core-columns-is-layout-9d6595d7 wp-block-columns-is-layout-flex\">\n<div class=\"wp-block-column is-layout-flow wp-block-column-is-layout-flow\">\n<h6 class=\"wp-block-heading\">Care este costul de transport pentru un articol? C\u00e2t de cur\u00e2nd \u00eel pot primi?<\/h6>\n\n\n\n<p>Taxele FedEx sunt incluse \u00een toate pre\u021burile c\u0103\u0219tilor, a\u0219a c\u0103 nu trebuie s\u0103 pl\u0103ti\u021bi suplimentar pentru transport.\nFEDEX Express v\u0103 poate livra casca \u00een termen de 6-14 zile lucr\u0103toare, iar expeditorul local Fedex v\u0103 va suna imediat ce coletul sose\u0219te \u00een ora\u0219ul dvs. \u0219i vi-l va expedia direct. <\/p>\n<\/div>\n\n\n\n<div class=\"wp-block-column is-layout-flow wp-block-column-is-layout-flow\">\n<h6 class=\"wp-block-heading\">De unde este expediat\u0103 comanda \u0219i sunt sigur c\u0103 o voi primi?<\/h6>\n\n\n\n<p>Livrare din depozitul fabricii noastre din China, am v\u00e2ndut un num\u0103r mare de c\u0103\u0219ti antiglon\u021b \u00een Statele Unite, Polonia, Germania, Japonia \u0219i multe alte \u021b\u0103ri, v\u0103 vom trimite un num\u0103r de urm\u0103rire prin po\u0219t\u0103 dup\u0103 livrare, pute\u021bi verifica livrarea la oric\u00e2nd.Starea m\u0103rfurilor.<\/p>\n<\/div>\n<\/div>\n\n\n\n<div class=\"wp-block-columns is-layout-flex wp-container-core-columns-is-layout-9d6595d7 wp-block-columns-is-layout-flex\">\n<div class=\"wp-block-column is-layout-flow wp-block-column-is-layout-flow\">\n<h6 class=\"wp-block-heading\">Cum se plaseaz\u0103 o comand\u0103 \u0219i cum se pl\u0103te\u0219te<\/h6>\n\n\n\n<p>Accept\u0103m pl\u0103\u021bi numai pentru comenzi prin Paypal \u0219i Western Union. Dac\u0103 nu ave\u021bi \u00eenc\u0103 Paypal, \u00eenregistra\u021bi-v\u0103 aici pe www.paypal.com pentru a cump\u0103ra \u0219i pl\u0103ti \u00een siguran\u021b\u0103 prin Paypal. Dac\u0103 alege\u021bi s\u0103 pl\u0103ti\u021bi prin Western Union, v\u0103 rug\u0103m s\u0103 ne contacta\u021bi pentru a confirma informa\u021biile de plat\u0103.<\/p>\n<\/div>\n\n\n\n<div class=\"wp-block-column is-layout-flow wp-block-column-is-layout-flow\">\n<h6 class=\"wp-block-heading\">Trebuie s\u0103 cump\u0103r mai multe c\u0103\u0219ti \u00een acela\u0219i timp, pot oferi o reducere suplimentar\u0103?<\/h6>\n\n\n\n<p>Desigur, dac\u0103 ave\u021bi nevoie de mai mult de 5 c\u0103\u0219ti pentru uz propriu sau de un angrosist local, v\u0103 rug\u0103m s\u0103 ne contacta\u021bi direct.\nVe\u021bi ob\u021bine pre\u021buri mai bune dec\u00e2t actualul nostru magazin online.\nNu-l rata\u021bi deoarece v\u0103 va economisi mul\u021bi bani.  <\/p>\n<\/div>\n<\/div>\n\n\n\n<div style=\"height:50px\" aria-hidden=\"true\" class=\"wp-block-spacer\"><\/div>\n\n\n\n<h2 class=\"wp-block-heading has-text-align-center\">Livrare gratuit\u0103 \u00een toate zonele<\/h2>\n\n\n\n<h4 class=\"wp-block-heading has-text-align-center\">zona de livrare<\/h4>\n\n\n\n<p class=\"has-text-align-center\"><strong>Europa:<\/strong> Polonia, Lituania, Germania, Olanda, Ungaria, Regatul Unit, Fran\u021ba, Italia, Spania, Austria, Belgia, Luxemburg, Irlanda, Bulgaria, Croa\u021bia, Cehia, Estonia, Finlanda, Letonia, Malta, Portugalia, Rom\u00e2nia, Slovacia, Slovenia , Suedia, Danemarca, Grecia, Elve\u021bia, Norvegia, Cipru<\/p>\n\n\n\n<p class=\"has-text-align-center\"><strong>Asia:<\/strong> Taiwan, Macao, Hong Kong, Singapore, Malaezia, Thailanda, Vietnam, Filipine, Israel, Turcia, Coreea, Japonia, Bahrain, Arabia Saudit\u0103, Liban, Emiratele Arabe Unite<\/p>\n\n\n\n<p class=\"has-text-align-center\"><strong>America de Nord:<\/strong> Statele Unite, Canada, Mexic<\/p>\n\n\n\n<p class=\"has-text-align-center\"><strong>America de Sud:<\/strong> Brazilia, Chile, Columbia<\/p>\n\n\n\n<p class=\"has-text-align-center\"><strong>Oceania:<\/strong> Australia, Noua Zeeland\u0103<\/p>\n\n\n\n<p class=\"has-text-align-center\"><strong>Africa:<\/strong> Africa de Sud<\/p>\n\n\n\n<p class=\"has-text-align-center\"><strong>Regiune nou\u0103:<\/strong> Ucraina (nu exist\u0103 un serviciu de livrare \u00een zona \u00een litigiu, iar comanda va fi anulat\u0103)<\/p>\n\n\n\n<h4 class=\"wp-block-heading has-text-align-center\">transport gratuit<\/h4>\n\n\n\n<p class=\"has-text-align-center\">Pentru a extinde amploarea pie\u021bei cu am\u0103nuntul, implement\u0103m o politic\u0103 de livrare gratuit\u0103 pentru zonele de livrare de mai sus, ceea ce \u00eenseamn\u0103 c\u0103 nu trebuie s\u0103 pl\u0103ti\u021bi taxa de transport dincolo de pre\u021bul produsului \u00een sine.<\/p>\n\n\n\n<h4 class=\"wp-block-heading has-text-align-center\">termenul de livrare al comenzii<\/h4>\n\n\n\n<p class=\"has-text-align-center\"><strong>Timp de preg\u0103tire a comenzii:<\/strong> \u00een termen de 1-6 zile lucr\u0103toare de la primirea pl\u0103\u021bii (v\u0103 vom trimite num\u0103rul de scrisoare de transport dup\u0103 predarea coletului c\u0103tre firma de curierat)<\/p>\n\n\n\n<p class=\"has-text-align-center\"><strong>Timp de livrare expres:<\/strong> 6-14 zile lucr\u0103toare<\/p>\n\n\n\n<div style=\"height:50px\" aria-hidden=\"true\" class=\"wp-block-spacer\"><\/div>\n\n\n\n<h2 class=\"wp-block-heading has-text-align-center\">a pl\u0103ti<\/h2>\n\n\n\n<h4 class=\"wp-block-heading has-text-align-center\">Metode de plata<\/h4>\n\n\n\n<p class=\"has-text-align-center\">Accesa\u021bi pagina de finalizare a comenzii pentru a pl\u0103ti anticipat prin PAYPAL sau pentru a pl\u0103ti comanda prin Western Union.<\/p>\n\n\n\n<p class=\"has-text-align-center\"><strong>A. Accesa\u021bi pagina de finalizare a comenzii \u0219i pl\u0103ti\u021bi anticipat prin PAYPAL<\/strong><br\/>1. Ad\u0103uga\u021bi \u00een co\u0219 produsul care v\u0103 place<br\/>2. Face\u021bi clic pe butonul co\u0219 din col\u021bul din dreapta sus pentru a vizualiza \u0219i confirma cantitatea de produs<br\/>3. Face\u021bi clic pe butonul de comand\u0103 pentru a intra \u00een pagina de finalizare a comenzii, furniza\u021bi adresa dvs. de livrare, adresa de e-mail \u0219i alte informa\u021bii<br\/>4. Pl\u0103ti\u021bi suma comenzii prin PayPal<br\/>5. Cump\u0103r\u0103turi finalizate, \u00een a\u0219teptarea ridic\u0103rii bunurilor<\/p>\n\n\n\n<p class=\"has-text-align-center\"><strong>B. Plata Western Union pentru comanda dvs<\/strong><br\/>1. Comunicarea prin e-mail necesit\u0103 informa\u021bii precum produsul \u0219i cantitatea, precum \u0219i adresa de ridicare<br\/>2. Transfer pentru a pl\u0103ti suma comenzii<br\/>3. Cump\u0103r\u0103turi finalizate, \u00een a\u0219teptarea ridic\u0103rii bunurilor<\/p>\n\n\n\n<h4 class=\"wp-block-heading has-text-align-center\">Moneda de sprijin<\/h4>\n\n\n\n<p class=\"has-text-align-center\">Putem accepta oricare dintre urm\u0103toarele monede, astfel \u00eenc\u00e2t s\u0103 pute\u021bi alege moneda care vi se potrive\u0219te cel mai bine atunci c\u00e2nd pl\u0103ti\u021bi<\/p>\n\n\n\n<p class=\"has-text-align-center\">Noul dolar taiwanez (NT$) &#8211; TWD<br\/>Zloty polonez (PLN) &#8211; PLN<br\/>Dolar american (SUA) ($) &#8211; USD<br\/>Lira sterlin\u0103 (\u00a3) &#8211; GBP<br\/>Euro (\u20ac) &#8211; EUR<br\/>Yen japonez (\u00a5) &#8211; JPY<br\/>Dolar canadian ($) &#8211; CAD<br\/>coroana ceh\u0103 (K\u010d) &#8211; CZK<br\/>Peso mexican ($) &#8211; MXN<\/p>\n\n\n\n<div style=\"height:50px\" aria-hidden=\"true\" class=\"wp-block-spacer\"><\/div>\n\n\n\n<h2 class=\"wp-block-heading has-text-align-center\">Politica de returnare \u00een 30 de zile<\/h2>\n\n\n\n<h4 class=\"wp-block-heading has-text-align-center\">POLITICA DE RETURNARE<\/h4>\n\n\n\n<p class=\"has-text-align-center\">Avem o politic\u0103 de returnare de 30 de zile, ceea ce \u00eenseamn\u0103 c\u0103 pute\u021bi solicita returnarea \u00een termen de 30 de zile de la primirea articolului.<\/p>\n\n\n\n<p class=\"has-text-align-center\">Pentru a fi eligibil pentru returnare, articolul trebuie s\u0103 fie \u00een aceea\u0219i stare \u00een care l-a\u021bi primit, nepurtat sau nefolosit \u0219i \u00een ambalajul original.\nVe\u021bi avea nevoie \u0219i de o chitan\u021b\u0103 sau o dovad\u0103 de cump\u0103rare. <\/p>\n\n\n\n<p class=\"has-text-align-center\">Pentru a ini\u021bia o retur, ne pute\u021bi contacta la <strong>tyditiao@gmail.com<\/strong>.\nDac\u0103 returnarea dvs. este aprobat\u0103, v\u0103 vom trimite o etichet\u0103 de retur cu instruc\u021biuni despre cum \u0219i unde s\u0103 expedia\u021bi coletul.\nArticolele trimise \u00eenapoi c\u0103tre noi f\u0103r\u0103 cerere prealabil\u0103 de returnare nu vor fi acceptate.  <\/p>\n\n\n\n<p class=\"has-text-align-center\">Dac\u0103 exist\u0103 vreo problem\u0103 \u00een schimb, ne pute\u021bi contacta oric\u00e2nd la <strong>tyditiao@gmail.com<\/strong>.<\/p>\n\n\n\n<h4 class=\"wp-block-heading has-text-align-center\">daune \u0219i probleme<\/h4>\n\n\n\n<p class=\"has-text-align-center\">V\u0103 rug\u0103m s\u0103 v\u0103 verifica\u021bi comanda dup\u0103 ce a\u021bi primit-o, dac\u0103 articolul este rupt, deteriorat sau a\u021bi primit articolul gre\u0219it, imediat (<a href=\"https:\/\/tyditiao.com\/ro\/a-lua-legatura\/\">contacta\u021bi-ne<\/a>), astfel \u00eenc\u00e2t s\u0103 putem g\u0103si problema \u0219i s\u0103 o repar\u0103m imediat.<\/p>\n\n\n\n<h4 class=\"wp-block-heading has-text-align-center\">schimb valutar<\/h4>\n\n\n\n<p class=\"has-text-align-center\">Cea mai rapid\u0103 modalitate de a v\u0103 asigura c\u0103 ob\u021bine\u021bi ceea ce dori\u021bi este s\u0103 returna\u021bi articolul pe care \u00eel ave\u021bi \u0219i s\u0103 cump\u0103ra\u021bi un articol nou separat dup\u0103 acceptarea returului.<\/p>\n\n\n\n<h4 class=\"wp-block-heading has-text-align-center\">\u00eentoarcere<\/h4>\n\n\n\n<p class=\"has-text-align-center\">Odat\u0103 ce returnarea dvs. a fost primit\u0103 \u0219i inspectat\u0103, v\u0103 vom anun\u021ba \u0219i rambursarea va fi rambursat\u0103 automat la metoda de plat\u0103 ini\u021bial\u0103.\nCu toate acestea, poate dura ceva timp pentru ca banca sau compania dvs. de card de credit s\u0103 proceseze \u0219i s\u0103 emit\u0103 plata. <\/p>\n<\/div>\n\n\n\n<div class=\"wp-block-column is-layout-flow wp-block-column-is-layout-flow\" style=\"flex-basis:10%\"><\/div>\n<\/div>\n\n<p><\/p>\n","protected":false},"excerpt":{"rendered":"<p>Vindem c\u0103\u0219ti balistice FAQ Ave\u021bi o fabric\u0103 fizic\u0103? Da! Avem o fabric\u0103 fizic\u0103 \u0219i oferim en-gros pentru v\u00e2nz\u0103torii de c\u0103\u0219ti&#8230;<\/p>\n","protected":false},"author":1,"featured_media":0,"parent":0,"menu_order":0,"comment_status":"closed","ping_status":"closed","template":"","meta":{"footnotes":""},"class_list":["post-4673","page","type-page","status-publish","hentry"],"_links":{"self":[{"href":"http:\/\/tyditiao.com\/ro\/wp-json\/wp\/v2\/pages\/4673","targetHints":{"allow":["GET"]}}],"collection":[{"href":"http:\/\/tyditiao.com\/ro\/wp-json\/wp\/v2\/pages"}],"about":[{"href":"http:\/\/tyditiao.com\/ro\/wp-json\/wp\/v2\/types\/page"}],"author":[{"embeddable":true,"href":"http:\/\/tyditiao.com\/ro\/wp-json\/wp\/v2\/users\/1"}],"replies":[{"embeddable":true,"href":"http:\/\/tyditiao.com\/ro\/wp-json\/wp\/v2\/comments?post=4673"}],"version-history":[{"count":15,"href":"http:\/\/tyditiao.com\/ro\/wp-json\/wp\/v2\/pages\/4673\/revisions"}],"predecessor-version":[{"id":16398,"href":"http:\/\/tyditiao.com\/ro\/wp-json\/wp\/v2\/pages\/4673\/revisions\/16398"}],"wp:attachment":[{"href":"http:\/\/tyditiao.com\/ro\/wp-json\/wp\/v2\/media?parent=4673"}],"curies":[{"name":"wp","href":"https:\/\/api.w.org\/{rel}","templated":true}]}}