{"id":7201,"date":"2023-03-05T03:25:17","date_gmt":"2023-03-05T04:56:37","guid":{"rendered":"http:\/\/tyditiao.com\/product\/wendy-casca-tactica-3a-casca-usoara-cu-forta-speciala-antiexplozie-dimensiune-speciala-culoare-personalizata-link-de-cumparare-dedicat\/"},"modified":"2023-03-05T06:56:37","modified_gmt":"2023-03-05T04:56:37","slug":"wendy-tactical-helm-light-forces-special-3a-carma-protejata-de-explozie-dimensiune-speciala-culoare-personalizata-link-dedicat-pentru-cumparare","status":"publish","type":"product","link":"http:\/\/tyditiao.com\/ro\/produs\/wendy-tactical-helm-light-forces-special-3a-carma-protejata-de-explozie-dimensiune-speciala-culoare-personalizata-link-dedicat-pentru-cumparare\/","title":{"rendered":"WENDY casc\u0103 tactic\u0103 3A casc\u0103 u\u0219oar\u0103 cu for\u021b\u0103 special\u0103 antiexplozie dimensiune special\u0103 culoare personalizat\u0103 link de cump\u0103rare dedicat"},"content":{"rendered":"<p><strong>Despre m\u0103rimea c\u0103\u0219tii antiglon\u021b WENDY:<\/strong> Pentru aceast\u0103 casc\u0103 antiglon\u021b WENDY pentru for\u021bele speciale, am ad\u0103ugat matri\u021be de produc\u021bie de dimensiuni mari \u0219i mici pentru a satisface utilizatorii cu nevoi diferite. M\u0103rimea M este o m\u0103rime normal\u0103 care se potrive\u0219te majorit\u0103\u021bii oamenilor. Dac\u0103 crede\u021bi c\u0103 o dimensiune mic\u0103 poate satisface mai bine propriile cerin\u021be sau obiceiuri de purtare, v\u0103 rug\u0103m s\u0103 alege\u021bi o dimensiune mic\u0103, altfel alege\u021bi o dimensiune mare.<\/p>\n<p><strong>Despre culoarea c\u0103\u0219tii antiglon\u021b WENDY:<\/strong> Culorile pe care le producem \u00een serie sunt \u00een principal negru, maro deschis \u0219i verde. Dar, \u00een acela\u0219i timp, avem capacitatea de a produce orice culoare sau diverse modele de camuflaj cerute de clien\u021bi, cum ar fi camuflajul p\u0103durii, camuflajul jungl\u0103, camuflajul de\u0219ertului, camuflajul marin, camuflajul urban etc. Dac\u0103 inten\u021biona\u021bi s\u0103 comanda\u021bi mai mult de 10 c\u0103\u0219ti, v\u0103 rug\u0103m s\u0103 ne contacta\u021bi, ve\u021bi primi gratuit acest serviciu personalizat de culoare, trebuie doar s\u0103 ne trimite\u021bi modelul de culoare dorit<\/p>\n<p><strong>Casc\u0103 tactic\u0103 WENDY Nivel antiglon\u021b:<\/strong> 0101.06 Standard IIIA Nivel<\/p>\n<p>CONFORT\u0102 DE PURT\u0102: Captuseala din spum\u0103 Zorbium are o c\u0103ptu\u0219eal\u0103 hidrofug\u0103 cu un strat antimicrobian care elimin\u0103 umezeala pentru a v\u0103 men\u021bine rece \u0219i uscat.<\/p>\n<p>AJUSTARE U\u0219oar\u0103: sistem de prindere CAM FIT, de calitate militar\u0103, cu sistem de \u00eenchidere BOA pentru o ajustare sigur\u0103, cu o singur\u0103 m\u00e2n\u0103, pentru o potrivire precis\u0103.<\/p>\n<p>EXTENSIBIL: Sistemul de montare Rail 2.0 este compatibil cu toate accesoriile EXFIL Rail 2.0. Sina de montare reversibil\u0103 a cardanului \u0219i suportul de cardan de pe frunte \u00eei permit lui Wendy s\u0103 creeze mai multe posibilit\u0103\u021bi.<\/p>\n<p>\u00cen plus fa\u021b\u0103 de suspensia normal\u0103, casca are trei tampoane de impact \u0219i opt pl\u0103cu\u021be reglabile pentru o potrivire \u0219i confort optime.<\/p>\n","protected":false},"excerpt":{"rendered":"<p>Despre m\u0103rimea c\u0103\u0219tii antiglon\u021b WENDY: Pentru aceast\u0103 casc\u0103 antiglon\u021b WENDY pentru for\u021bele speciale, am ad\u0103ugat matri\u021be de produc\u021bie de dimensiuni&#8230;<\/p>\n","protected":false},"featured_media":4425,"comment_status":"open","ping_status":"closed","template":"","meta":[],"product_brand":[],"product_cat":[352,186,175],"product_tag":[],"woo-feed-brand":[],"class_list":{"0":"post-7201","1":"product","2":"type-product","3":"status-publish","4":"has-post-thumbnail","6":"product_cat-casca-antiglont","7":"product_cat-uncategorized-ro","8":"product_cat-wendy-ro","10":"first","11":"instock","12":"sale","13":"shipping-taxable","14":"purchasable","15":"product-type-variable","16":"has-default-attributes"},"_links":{"self":[{"href":"http:\/\/tyditiao.com\/ro\/wp-json\/wp\/v2\/product\/7201","targetHints":{"allow":["GET"]}}],"collection":[{"href":"http:\/\/tyditiao.com\/ro\/wp-json\/wp\/v2\/product"}],"about":[{"href":"http:\/\/tyditiao.com\/ro\/wp-json\/wp\/v2\/types\/product"}],"replies":[{"embeddable":true,"href":"http:\/\/tyditiao.com\/ro\/wp-json\/wp\/v2\/comments?post=7201"}],"wp:featuredmedia":[{"embeddable":true,"href":"http:\/\/tyditiao.com\/ro\/wp-json\/wp\/v2\/media\/4425"}],"wp:attachment":[{"href":"http:\/\/tyditiao.com\/ro\/wp-json\/wp\/v2\/media?parent=7201"}],"wp:term":[{"taxonomy":"product_brand","embeddable":true,"href":"http:\/\/tyditiao.com\/ro\/wp-json\/wp\/v2\/product_brand?post=7201"},{"taxonomy":"product_cat","embeddable":true,"href":"http:\/\/tyditiao.com\/ro\/wp-json\/wp\/v2\/product_cat?post=7201"},{"taxonomy":"product_tag","embeddable":true,"href":"http:\/\/tyditiao.com\/ro\/wp-json\/wp\/v2\/product_tag?post=7201"},{"taxonomy":"woo-feed-brand","embeddable":true,"href":"http:\/\/tyditiao.com\/ro\/wp-json\/wp\/v2\/woo-feed-brand?post=7201"}],"curies":[{"name":"wp","href":"https:\/\/api.w.org\/{rel}","templated":true}]}}