{"id":12878,"date":"2023-05-22T09:18:54","date_gmt":"2023-05-22T07:18:54","guid":{"rendered":"http:\/\/tyditiao.com\/domov\/"},"modified":"2025-01-05T04:56:59","modified_gmt":"2025-01-05T02:56:59","slug":"domov","status":"publish","type":"page","link":"http:\/\/tyditiao.com\/sl\/","title":{"rendered":"domov"},"content":{"rendered":"\n<div class=\"wp-block-cover is-light\" style=\"min-height:240px;aspect-ratio:unset;\"><span aria-hidden=\"true\" class=\"wp-block-cover__background has-background-dim-20 has-background-dim\" style=\"background-color:#b7ad73\"><\/span><img loading=\"lazy\" decoding=\"async\" width=\"1401\" height=\"539\" class=\"wp-block-cover__image-background wp-image-1576\" alt=\"\" src=\"http:\/\/tyditiao.com\/wp-content\/uploads\/2022\/06\/2022-06-13_182159.png\" data-object-fit=\"cover\" srcset=\"http:\/\/tyditiao.com\/wp-content\/uploads\/2022\/06\/2022-06-13_182159.png 1401w, http:\/\/tyditiao.com\/wp-content\/uploads\/2022\/06\/2022-06-13_182159-600x231.png 600w, http:\/\/tyditiao.com\/wp-content\/uploads\/2022\/06\/2022-06-13_182159-300x115.png 300w, http:\/\/tyditiao.com\/wp-content\/uploads\/2022\/06\/2022-06-13_182159-1024x394.png 1024w, http:\/\/tyditiao.com\/wp-content\/uploads\/2022\/06\/2022-06-13_182159-768x295.png 768w, http:\/\/tyditiao.com\/wp-content\/uploads\/2022\/06\/2022-06-13_182159-1320x508.png 1320w\" sizes=\"auto, (max-width: 1401px) 100vw, 1401px\" \/><div class=\"wp-block-cover__inner-container is-layout-constrained wp-block-cover-is-layout-constrained\">\n<div class=\"wp-block-columns is-layout-flex wp-container-core-columns-is-layout-9d6595d7 wp-block-columns-is-layout-flex\">\n<div class=\"wp-block-column is-layout-flow wp-block-column-is-layout-flow\" style=\"flex-basis:25%\"><\/div>\n\n\n\n<div class=\"wp-block-column is-layout-flow wp-block-column-is-layout-flow\" style=\"flex-basis:50%\">\n<div style=\"height:20px\" aria-hidden=\"true\" class=\"wp-block-spacer\"><\/div>\n\n\n\n<p class=\"has-text-align-center custom-style has-text-color has-link-color has-large-font-size wp-elements-696286009dcb6a3fcef59d9c343dced6\" style=\"color:#ffffff\">Specializirani smo za proizvodnjo in prodajo razli\u010dnih stilov takti\u010dnih voja\u0161kih balisti\u010dnih \u010delad<\/p>\n<\/div>\n\n\n\n<div class=\"wp-block-column is-layout-flow wp-block-column-is-layout-flow\" style=\"flex-basis:25%\"><\/div>\n<\/div>\n<\/div><\/div>\n\n<div style=\"height:50px\" aria-hidden=\"true\" class=\"wp-block-spacer\"><\/div>\n\n<div class=\"wp-block-columns is-layout-flex wp-container-core-columns-is-layout-9d6595d7 wp-block-columns-is-layout-flex\">\n<div class=\"wp-block-column is-layout-flow wp-block-column-is-layout-flow\" style=\"flex-basis:10%\"><\/div>\n\n\n\n<div class=\"wp-block-column is-layout-flow wp-block-column-is-layout-flow\">\n<h2 class=\"wp-block-heading has-text-align-center\">BALISTI\u010cNE \u010cELADE PRODAMO<\/h2>\n\n\n\n<figure class=\"wp-block-gallery has-nested-images columns-4 is-cropped wp-block-gallery-1 is-layout-flex wp-block-gallery-is-layout-flex\">\n<figure class=\"wp-block-image size-medium\"><img decoding=\"async\" data-id=\"5154\" src=\"https:\/\/tyditiao.com\/wp-content\/uploads\/2022\/10\/&#x672A;&#x6807;&#x9898;-51-300x300.png\" alt=\"Zunanji balisti&#x10D;ni takti&#x10D;ni telovnik, opremljen z neprebojnim zaslonom\" class=\"wp-image-5154\"\/><\/figure>\n\n\n<figure class=\"wp-block-image size-medium\"><img loading=\"lazy\" decoding=\"async\" width=\"300\" height=\"300\" data-id=\"1343\" src=\"http:\/\/tyditiao.com\/wp-content\/uploads\/2022\/06\/7-300x300.jpg\" alt=\"\" class=\"wp-image-1343\" srcset=\"http:\/\/tyditiao.com\/wp-content\/uploads\/2022\/06\/7-300x300.jpg 300w, http:\/\/tyditiao.com\/wp-content\/uploads\/2022\/06\/7-100x100.jpg 100w, http:\/\/tyditiao.com\/wp-content\/uploads\/2022\/06\/7-600x600.jpg 600w, http:\/\/tyditiao.com\/wp-content\/uploads\/2022\/06\/7-1024x1024.jpg 1024w, http:\/\/tyditiao.com\/wp-content\/uploads\/2022\/06\/7-150x150.jpg 150w, http:\/\/tyditiao.com\/wp-content\/uploads\/2022\/06\/7-768x768.jpg 768w, http:\/\/tyditiao.com\/wp-content\/uploads\/2022\/06\/7.jpg 1200w\" sizes=\"auto, (max-width: 300px) 100vw, 300px\" \/><\/figure>\n\n\n<figure class=\"wp-block-image size-medium\"><img decoding=\"async\" data-id=\"4955\" src=\"https:\/\/tyditiao.com\/wp-content\/uploads\/2022\/10\/&#x672A;&#x6807;&#x9898;-3-300x300.png\" alt=\"NIJ IIIA Polnoobrazna takti&#x10D;na balisti&#x10D;na maska &#x2013; shema\" class=\"wp-image-4955\"\/><\/figure>\n\n\n<figure class=\"wp-block-image size-medium\"><img decoding=\"async\" data-id=\"5396\" src=\"https:\/\/tyditiao.com\/wp-content\/uploads\/2022\/10\/SICPE&#xFF0C;NIJ-Level-IV&#xFF0C;23MM&#xFF0C;2.5KG-300x300.png\" alt=\"SIC+PE&#xFF0C;NIJ Level IV&#xFF0C;23MM&#xFF0C;2,5KG,Neprebojni naprsni oklep,250X300MM\" class=\"wp-image-5396\"\/><\/figure><\/figure>\n\n\n\n<div style=\"height:50px\" aria-hidden=\"true\" class=\"wp-block-spacer\"><\/div>\n\n\n\n<h2 class=\"wp-block-heading has-text-align-center\">pogosta vpra\u0161anja<\/h2>\n\n\n\n<div style=\"height:30px\" aria-hidden=\"true\" class=\"wp-block-spacer\"><\/div>\n\n\n\n<div class=\"wp-block-columns is-layout-flex wp-container-core-columns-is-layout-9d6595d7 wp-block-columns-is-layout-flex\">\n<div class=\"wp-block-column is-layout-flow wp-block-column-is-layout-flow\">\n<h6 class=\"wp-block-heading\">Ali imate fizi\u010dno tovarno?<\/h6>\n\n\n\n<p>ja! Imamo fizi\u010dno tovarno in \u017ee 6 let zagotavljamo veleprodajo evropskim in ameri\u0161kim prodajalcem \u010delad. Vsak dan po\u0161iljamo na tone \u010delad po vsem svetu in to je na\u0161a tovarni\u0161ka trgovina.  <\/p>\n<\/div>\n\n\n\n<div class=\"wp-block-column is-layout-flow wp-block-column-is-layout-flow\">\n<h6 class=\"wp-block-heading\">Ali obstaja popust za nakup neposredno v tovarni?<\/h6>\n\n\n\n<p>Seveda lahko z naro\u010danjem neposredno na spletnem mestu na\u0161e tovarne prihranite ve\u010d kot 20 % v primerjavi s prodajno ceno trgovca, saj neposredno prihranite svoje posredne stro\u0161ke. Hkrati nameravamo dati dobi\u010dek kon\u010dnemu potro\u0161niku za \u0161iritev na\u0161e maloprodaje. <\/p>\n<\/div>\n<\/div>\n\n\n\n<div class=\"wp-block-columns is-layout-flex wp-container-core-columns-is-layout-9d6595d7 wp-block-columns-is-layout-flex\">\n<div class=\"wp-block-column is-layout-flow wp-block-column-is-layout-flow\">\n<h6 class=\"wp-block-heading\">Kak\u0161ni so stro\u0161ki po\u0161iljanja za artikel? Kako hitro ga lahko dobim?<\/h6>\n\n\n\n<p>Pristojbine FedEx so vklju\u010dene v cene vseh \u010delad, zato vam ni treba dodatno pla\u010dati za po\u0161iljanje. FEDEX Express vam lahko dostavi va\u0161o \u010delado v 6-14 delovnih dneh in va\u0161 lokalni po\u0161iljatelj Fedex vas bo poklical takoj, ko bo paket prispel v va\u0161e mesto, in vam ga poslal neposredno. <\/p>\n<\/div>\n\n\n\n<div class=\"wp-block-column is-layout-flow wp-block-column-is-layout-flow\">\n<h6 class=\"wp-block-heading\">Od kod je naro\u010dilo poslano in ali sem prepri\u010dan, da ga bom prejel?<\/h6>\n\n\n\n<p>Po\u0161iljanje iz na\u0161ega tovarni\u0161kega skladi\u0161\u010da na Kitajskem, prodali smo veliko \u0161tevilo neprebojnih \u010delad v Zdru\u017eene dr\u017eave, na Poljsko, v Nem\u010dijo, na Japonsko in v \u0161tevilne druge dr\u017eave, sledilno \u0161tevilko pa vam bomo poslali po po\u0161ti, ko bo blago odpremljeno, lahko kadar koli preverite stanje dostave.<\/p>\n<\/div>\n<\/div>\n\n\n\n<div class=\"wp-block-columns is-layout-flex wp-container-core-columns-is-layout-9d6595d7 wp-block-columns-is-layout-flex\">\n<div class=\"wp-block-column is-layout-flow wp-block-column-is-layout-flow\">\n<h6 class=\"wp-block-heading\">Kako oddati naro\u010dilo in kako pla\u010dati<\/h6>\n\n\n\n<p>Sprejemamo samo pla\u010dilo za naro\u010dila prek Paypala in Western Union\u3002\u010ce \u0161e nimate Paypala, se registrirajte tukaj www.paypal.com, da kupujete in pla\u010dujete varno prek Paypala\u3002\u010ce se odlo\u010dite za pla\u010dilo prek Western Uniona, nas kontaktirajte, da potrdite podatke o pla\u010dilu.<\/p>\n<\/div>\n\n\n\n<div class=\"wp-block-column is-layout-flow wp-block-column-is-layout-flow\">\n<h6 class=\"wp-block-heading\">Moram kupiti ve\u010d \u010delad hkrati, lahko dobim dodaten popust?<\/h6>\n\n\n\n<p>Seveda, \u010de potrebujete ve\u010d kot 5 \u010delad za lastno uporabo ali lokalnega veletrgovca, se obrnite neposredno na nas. Prejeli boste \u0161e bolj\u0161e cene kot v na\u0161ih trenutnih spletnih trgovinah. Ne zamudite ga, saj boste tako prihranili precej\u0161nje stro\u0161ke.  <\/p>\n<\/div>\n<\/div>\n\n\n\n<div style=\"height:50px\" aria-hidden=\"true\" class=\"wp-block-spacer\"><\/div>\n\n\n\n<h2 class=\"wp-block-heading has-text-align-center\">Brezpla\u010dna dostava na vsa obmo\u010dja<\/h2>\n\n\n\n<h4 class=\"wp-block-heading has-text-align-center\">obmo\u010dje dostave<\/h4>\n\n\n\n<p class=\"has-text-align-center\"><strong>Evropa: <\/strong>Poljska, Litva, Nem\u010dija, Nizozemska, Mad\u017earska, Zdru\u017eeno kraljestvo, Francija, Italija, \u0160panija, Avstrija, Belgija, Luksemburg, Irska, Bolgarija, Hrva\u0161ka, \u010ce\u0161ka, Estonija, Finska, Latvija, Malta, Portugalska, Romunija, Slova\u0161ka, Slovenija, \u0160vedska, Danska, Gr\u010dija, \u0160vica, Norve\u0161ka, Ciper<\/p>\n\n\n\n<p class=\"has-text-align-center\"><strong>Azija: <\/strong>Tajvan, Macau, Hong Kong, Singapur, Malezija, Tajska, Vietnam, Filipini, Izrael, Tur\u010dija, Koreja, Japonska, Bahrajn, Savdska Arabija, Libanon, Zdru\u017eeni arabski emirati<\/p>\n\n\n\n<p class=\"has-text-align-center\"><strong>Severna Amerika:<\/strong> ZDA, Kanada, Mehika<\/p>\n\n\n\n<p class=\"has-text-align-center\"><strong>Ju\u017ena Amerika: <\/strong>Brazilija, \u010cile, Kolumbija<\/p>\n\n\n\n<p class=\"has-text-align-center\"><strong>Oceanija: <\/strong>Avstralija, Nova Zelandija<\/p>\n\n\n\n<p class=\"has-text-align-center\"><strong>Afrika: <\/strong>Ju\u017ena Afrika<\/p>\n\n\n\n<p class=\"has-text-align-center\"><strong>Nova regija: <\/strong>Ukrajina (na spornem obmo\u010dju ni dostavne slu\u017ebe in naro\u010dilo bo preklicano)<\/p>\n\n\n\n<h4 class=\"wp-block-heading has-text-align-center\">brezpla\u010dna dostava<\/h4>\n\n\n\n<p class=\"has-text-align-center\">Da bi pove\u010dali velikost maloprodajnega trga, izvajamo politiko brezpla\u010dne dostave za vse zgoraj navedene dr\u017eave in regije, kar pomeni, da vam ni treba pla\u010dati nobenih stro\u0161kov po\u0161iljanja razen cene samega izdelka.<\/p>\n\n\n\n<h4 class=\"wp-block-heading has-text-align-center\">dobavni rok naro\u010dila<\/h4>\n\n\n\n<p class=\"has-text-align-center\"><strong>\u010cas obdelave naro\u010dila:<\/strong> v 1-6 delovnih dneh po prejemu pla\u010dila (\u0161tevilko po\u0161iljke vam po\u0161ljemo po predaji po\u0161iljke kurirski slu\u017ebi)<\/p>\n\n\n\n<p class=\"has-text-align-center\"><strong>\u010cas hitre dostave: <\/strong>6-14 delovnih dni<\/p>\n\n\n\n<div style=\"height:50px\" aria-hidden=\"true\" class=\"wp-block-spacer\"><\/div>\n\n\n\n<h2 class=\"wp-block-heading has-text-align-center\">pla\u010dati<\/h2>\n\n\n\n<h4 class=\"wp-block-heading has-text-align-center\">Na\u010dini pla\u010dila<\/h4>\n\n\n\n<p class=\"has-text-align-center\">Obi\u0161\u010dite stran za dokon\u010danje nakupa, \u010de \u017eelite pla\u010dati vnaprej prek storitve PAYPAL ali pla\u010dati naro\u010dilo prek storitve Western Union.<\/p>\n\n\n\n<p class=\"has-text-align-center\"><strong>A. Pojdite na stran za dokon\u010danje nakupa in pla\u010dajte vnaprej prek storitve PAYPAL<\/strong><br\/>1. Dodajte izdelek, ki vam je v\u0161e\u010d, v ko\u0161arico<br\/>2. Za ogled in potrditev koli\u010dine izdelka kliknite gumb ko\u0161arica v zgornjem desnem kotu<br\/>3. Kliknite gumb za naro\u010dilo, da odprete stran za dokon\u010danje nakupa, vnesite svoj naslov za dostavo, e-po\u0161tni naslov in druge podatke<br\/>4. Pla\u010dajte znesek naro\u010dila preko PayPal<br\/>5. Nakupovanje zaklju\u010deno, \u010dakanje na prevzem blaga<\/p>\n\n\n\n<p class=\"has-text-align-center\"><strong>B. Pla\u010dilo Western Union za va\u0161e naro\u010dilo<\/strong><br\/>1. Komunikacija prek e-po\u0161te zahteva informacije, kot so izdelek in koli\u010dina ter naslov za prevzem<br\/>2. Nakazilo za pla\u010dilo zneska naro\u010dila<br\/>3. Nakupovanje zaklju\u010deno, \u010dakanje na prevzem blaga<\/p>\n\n\n\n<h4 class=\"wp-block-heading has-text-align-center\">Podporna valuta<\/h4>\n\n\n\n<p class=\"has-text-align-center\">Sprejemamo katero koli od naslednjih valut, tako da lahko pri pla\u010dilu izberete valuto, ki vam najbolj ustreza<\/p>\n\n\n\n<p class=\"has-text-align-center\">Novi tajvanski dolar (NT$) &#8211; TWD<br\/>Poljski zlot (PLN) &#8211; PLN<br\/>Ameri\u0161ki dolar (US) ($) &#8211; USD<br\/>Funt \u0161terling (\u00a3) &#8211; GBP<br\/>Evro (\u20ac) &#8211; EUR<br\/>Japonski jen (\u00a5) &#8211; JPY<br\/>Kanadski dolar ($) &#8211; CAD<br\/>\u010ce\u0161ka krona (K\u010d) &#8211; CZK<br\/>Mehi\u0161ki peso ($) &#8211; MXN<\/p>\n\n\n\n<div style=\"height:50px\" aria-hidden=\"true\" class=\"wp-block-spacer\"><\/div>\n\n\n\n<h2 class=\"wp-block-heading has-text-align-center\">Politika 30-dnevnega vra\u010dila<\/h2>\n\n\n\n<h4 class=\"wp-block-heading has-text-align-center\">Vra\u010dilo blaga<\/h4>\n\n\n\n<p class=\"has-text-align-center\">Imamo politiko 30-dnevnega vra\u010dila, kar pomeni, da lahko zahtevate vra\u010dilo v 30 dneh po prejemu izdelka.<\/p>\n\n\n\n<p class=\"has-text-align-center\">Da je artikel upravi\u010den do vra\u010dila, mora biti v enakem stanju kot artikel, ki ste ga prejeli, neno\u0161en ali neuporabljen ter v originalni embala\u017ei. Potrebovali boste tudi ra\u010dun ali dokazilo o nakupu. <\/p>\n\n\n\n<p class=\"has-text-align-center\">Za za\u010detek vra\u010dila nas lahko kontaktirate na <strong>tyditiao@gmail.com<\/strong>. \u010ce je va\u0161e vra\u010dilo sprejeto, vam bomo poslali nalepko za vra\u010dilo z navodili, kako in kam poslati va\u0161 paket. Predmetov, vrnjenih k nam brez predhodne zahteve za vra\u010dilo, ne bomo sprejeli.  <\/p>\n\n\n\n<p class=\"has-text-align-center\">Za kakr\u0161na koli vpra\u0161anja glede vra\u010dila nas lahko vedno kontaktirate na <strong>tyditiao@gmail.com<\/strong>.<\/p>\n\n\n\n<h4 class=\"wp-block-heading has-text-align-center\">po\u0161kodbe in te\u017eave<\/h4>\n\n\n\n<p class=\"has-text-align-center\">Prosimo, preverite svoje naro\u010dilo po prejemu, \u010de je artikel po\u0161kodovan, z napako ali ste prejeli napa\u010den artikel, nas nemudoma kontaktirajte (<a href=\"https:\/\/tyditiao.com\/sl\/kontakt\/\">kontaktirajte nas<\/a>), da bomo lahko na\u0161li te\u017eavo in jo takoj odpravili.<\/p>\n\n\n\n<h4 class=\"wp-block-heading has-text-align-center\">izmenjava<\/h4>\n\n\n\n<p class=\"has-text-align-center\">Najhitrej\u0161i na\u010din, da zagotovite, da dobite, kar \u017eelite, je, da vrnete izdelek, ki ga \u017ee imate, in ko je va\u0161e vra\u010dilo sprejeto, kupite nov izdelek posebej.<\/p>\n\n\n\n<h4 class=\"wp-block-heading has-text-align-center\">vrnitev<\/h4>\n\n\n\n<p class=\"has-text-align-center\">Obvestili vas bomo, ko bomo va\u0161e vra\u010dilo prejeli in pregledali, va\u0161e vra\u010dilo pa bo samodejno vrnjeno na va\u0161 prvotni na\u010din pla\u010dila. Vendar lahko traja nekaj \u010dasa, da va\u0161a banka ali izdajatelj kreditne kartice obdela in izda povratno bremenitev. <\/p>\n<\/div>\n\n\n\n<div class=\"wp-block-column is-layout-flow wp-block-column-is-layout-flow\" style=\"flex-basis:10%\"><\/div>\n<\/div>\n\n<p><\/p>\n","protected":false},"excerpt":{"rendered":"<p>BALISTI\u010cNE \u010cELADE PRODAMO pogosta vpra\u0161anja Ali imate fizi\u010dno tovarno? ja! Imamo fizi\u010dno tovarno in \u017ee 6 let zagotavljamo veleprodajo evropskim&#8230;<\/p>\n","protected":false},"author":1,"featured_media":0,"parent":0,"menu_order":0,"comment_status":"closed","ping_status":"closed","template":"","meta":{"footnotes":""},"class_list":["post-12878","page","type-page","status-publish","hentry"],"_links":{"self":[{"href":"http:\/\/tyditiao.com\/sl\/wp-json\/wp\/v2\/pages\/12878","targetHints":{"allow":["GET"]}}],"collection":[{"href":"http:\/\/tyditiao.com\/sl\/wp-json\/wp\/v2\/pages"}],"about":[{"href":"http:\/\/tyditiao.com\/sl\/wp-json\/wp\/v2\/types\/page"}],"author":[{"embeddable":true,"href":"http:\/\/tyditiao.com\/sl\/wp-json\/wp\/v2\/users\/1"}],"replies":[{"embeddable":true,"href":"http:\/\/tyditiao.com\/sl\/wp-json\/wp\/v2\/comments?post=12878"}],"version-history":[{"count":2,"href":"http:\/\/tyditiao.com\/sl\/wp-json\/wp\/v2\/pages\/12878\/revisions"}],"predecessor-version":[{"id":16423,"href":"http:\/\/tyditiao.com\/sl\/wp-json\/wp\/v2\/pages\/12878\/revisions\/16423"}],"wp:attachment":[{"href":"http:\/\/tyditiao.com\/sl\/wp-json\/wp\/v2\/media?parent=12878"}],"curies":[{"name":"wp","href":"https:\/\/api.w.org\/{rel}","templated":true}]}}