{"id":13746,"date":"2023-03-05T03:17:44","date_gmt":"2023-05-22T14:08:38","guid":{"rendered":"http:\/\/tyditiao.com\/product\/fast-neprebojna-celada-lahka-neprebojna-celada-nij-iiia-posebna-velikost-barva-po-meri-posebna-povezava-za-nakup\/"},"modified":"2023-05-22T16:08:38","modified_gmt":"2023-05-22T14:08:38","slug":"fast-helm-bulletproof-nij-iiia-light-ballistic-helm-special-size-custom-color-dedicated-purchase-link","status":"publish","type":"product","link":"http:\/\/tyditiao.com\/sl\/izdelek\/fast-helm-bulletproof-nij-iiia-light-ballistic-helm-special-size-custom-color-dedicated-purchase-link\/","title":{"rendered":"FAST neprebojna \u010delada, lahka neprebojna \u010delada NIJ IIIA, posebna velikost, barva po meri, posebna povezava za nakup"},"content":{"rendered":"<p><strong>Velikost neprebojne \u010delade FAST:<\/strong> Dodali smo majhne in velike proizvodne kalupe za lahko neprebojno \u010delado FAST, da zadovoljimo uporabnike z razli\u010dnimi potrebami. M je obi\u010dajna velikost in ustreza ve\u010dini ljudi. \u010ce menite, da majhna velikost ustreza va\u0161im zahtevam ali navadam pri no\u0161enju, izberite velikost S, sicer izberite velikost L.<\/p>\n<p><strong>Barve neprebojnih \u010delad Fast Light:<\/strong> Barve neprebojnih \u010delad Fast Light, ki jih izdelujemo, so predvsem \u010drna, svetlo rjava in zelena. Hkrati pa smo sposobni izdelati barve po \u017eelji stranke ali razli\u010dne kamufla\u017ene vzorce, kot so kamufla\u017ea gozda, kamufla\u017ea d\u017eungle, kamufla\u017ea pu\u0161\u010dave, kamufla\u017ea oceana in urbana kamufla\u017ea. \u010ce nameravate naro\u010diti ve\u010d kot 10 \u010delad, nas kontaktirajte, to barvno storitev po meri boste prejeli brezpla\u010dno, samo po\u0161ljite nam barvni vzorec, ki ga \u017eelite.<\/p>\n<p>Stopnja neprebojne dvojne \u010delade FAST: 0101.06 standard IIIA stopnje<\/p>\n<p>Material: Kevlar-Dupont aramidna vlakna visoke trdnosti<\/p>\n<p>V primerjavi z navadnimi voja\u0161kimi \u010deladami so \u010delade FAST 25% la\u017eje. S sistemom vzmetenja \u010delade lahko uporabniki z vrtenjem gumba enostavno prilagodijo tesnost ali tesnost \u010delade za optimalno udobje.<\/p>\n","protected":false},"excerpt":{"rendered":"<p>Velikost neprebojne \u010delade FAST: Dodali smo majhne in velike proizvodne kalupe za lahko neprebojno \u010delado FAST, da zadovoljimo uporabnike z&#8230;<\/p>\n","protected":false},"featured_media":10279,"comment_status":"open","ping_status":"closed","template":"","meta":[],"product_brand":[],"product_cat":[825,764],"product_tag":[],"woo-feed-brand":[],"class_list":{"0":"post-13746","1":"product","2":"type-product","3":"status-publish","4":"has-post-thumbnail","6":"product_cat-hitro","7":"product_cat-neprebojna-celada","9":"first","10":"instock","11":"sale","12":"shipping-taxable","13":"purchasable","14":"product-type-variable","15":"has-default-attributes"},"_links":{"self":[{"href":"http:\/\/tyditiao.com\/sl\/wp-json\/wp\/v2\/product\/13746","targetHints":{"allow":["GET"]}}],"collection":[{"href":"http:\/\/tyditiao.com\/sl\/wp-json\/wp\/v2\/product"}],"about":[{"href":"http:\/\/tyditiao.com\/sl\/wp-json\/wp\/v2\/types\/product"}],"replies":[{"embeddable":true,"href":"http:\/\/tyditiao.com\/sl\/wp-json\/wp\/v2\/comments?post=13746"}],"wp:featuredmedia":[{"embeddable":true,"href":"http:\/\/tyditiao.com\/sl\/wp-json\/wp\/v2\/media\/10279"}],"wp:attachment":[{"href":"http:\/\/tyditiao.com\/sl\/wp-json\/wp\/v2\/media?parent=13746"}],"wp:term":[{"taxonomy":"product_brand","embeddable":true,"href":"http:\/\/tyditiao.com\/sl\/wp-json\/wp\/v2\/product_brand?post=13746"},{"taxonomy":"product_cat","embeddable":true,"href":"http:\/\/tyditiao.com\/sl\/wp-json\/wp\/v2\/product_cat?post=13746"},{"taxonomy":"product_tag","embeddable":true,"href":"http:\/\/tyditiao.com\/sl\/wp-json\/wp\/v2\/product_tag?post=13746"},{"taxonomy":"woo-feed-brand","embeddable":true,"href":"http:\/\/tyditiao.com\/sl\/wp-json\/wp\/v2\/woo-feed-brand?post=13746"}],"curies":[{"name":"wp","href":"https:\/\/api.w.org\/{rel}","templated":true}]}}