{"id":16850,"date":"2025-04-17T09:25:14","date_gmt":"2025-04-17T07:25:14","guid":{"rendered":"https:\/\/tyditiao.com\/product\/balisticna-celada-fast-s-podlogo-wendys-zorbium-in-sistemom-vzmetenja-cam-fit-stopnja-zascite-nij-iiia\/"},"modified":"2025-04-22T09:44:41","modified_gmt":"2025-04-22T07:44:41","slug":"balisticna-celada-fast-s-podlogo-wendys-zorbium-in-sistemom-vzmetenja-cam-fit-stopnja-zascite-nij-iiia","status":"publish","type":"product","link":"http:\/\/tyditiao.com\/sl\/izdelek\/balisticna-celada-fast-s-podlogo-wendys-zorbium-in-sistemom-vzmetenja-cam-fit-stopnja-zascite-nij-iiia\/","title":{"rendered":"Balisti\u010dna \u010delada FAST, s podlogo Wendy&#8217;s Zorbium in sistemom vzmetenja CAM FIT, stopnja za\u0161\u010dite NIJ IIIA"},"content":{"rendered":"<p><strong>Posebne opombe:<\/strong><\/p>\n<p>To je na\u0161 novi vodilni model, ki zdru\u017euje visoko kakovost izdelave z najvi\u0161jim udobjem. \u010ce ni druga\u010de navedeno, je privzeta konfiguracija naslednja: velikost L, zelena, neprebojna \u010delada FAST s podlogo iz pene Zorbium in sistemom vzmetenja CAM FIT, stopnja za\u0161\u010dite NIJ IIIA. Poleg tega ponujamo \u0161iroko paleto barv (zelena, pe\u0161\u010dena, \u010drna) in velikosti (S, M, L, XL), med katerimi lahko izbirate.  <\/p>\n<p>Ne glede na to, kje ste, lahko oddate naro\u010dilo neposredno prek te povezave in brez te\u017eav opravite nakup. Samo v opombah naro\u010dila navedite \u017eeleno velikost in barvo (na primer: XL-\u010drna) in prejeli boste svojo sanjsko opremo. Za izbiro drugih barv in velikosti ne bomo zara\u010dunali dodatnih stro\u0161kov.  <\/p>\n<hr>\n<p><strong>Stopnja obrambe:<\/strong><\/p>\n<p>Ta neprebojna \u010delada je neprebojna \u010delada NIJ stopnje IIIA v skladu s standardom NIJ 0101.06. Zagotoviti je mogo\u010de ustrezna poro\u010dila o preskusih.<\/p>\n<hr>\n<p><strong>Parametri obrambnega projektila:<\/strong><\/p>\n<p>.44 Mag SJHP<br \/>\n.357 SIG FMJ FN<br \/>\n9mm FMJ RN<br \/>\n.357 Mag JSP<br \/>\n.40 S&amp;W FMJ<\/p>\n<p>Zagotavlja tudi za\u0161\u010dito pred ve\u010dino gro\u017eenj s strelnim oro\u017ejem ter gro\u017enjami razreda IIA in II.<\/p>\n<hr>\n<p><strong>Parametri neprebojne \u010delade:<\/strong><\/p>\n<p>Ime: Voja\u0161ka neprebojna takti\u010dna \u010delada NIJ lllA FAST iz kevlarja s podlogo iz pene Wendy Zorbium + sistem vzmetenja CAM FIT<\/p>\n<p>Material: DuPont kevlar-aramidna vlakna visoke trdnosti<br \/>\nVelikost: S, M, L, XL<br \/>\nBarva: zelena, pe\u0161\u010dena, \u010drna<br \/>\nIzbirni dodatki: neprebojna maska \u200b\u200bitd.<br \/>\nGarancijska doba: 5-letna garancijska doba ima lahko ustrezno za\u0161\u010ditno sposobnost, vendar \u010de presega garancijsko dobo<br \/>\nKakovost \u017eivljenja bo zmanj\u0161ala sposobnost za\u0161\u010dite.<\/p>\n<p>&nbsp;<\/p>\n<hr>\n<p><strong>Podrobnosti in primerjava velikosti neprebojnih \u010delad:<\/strong><\/p>\n<p>&nbsp;<\/p>\n<table style=\"border-collapse: collapse;\" border=\"1\" cellspacing=\"0\" cellpadding=\"5\">\n<thead>\n<tr>\n<th>Balisti\u010dna \u010delada Velikost \u010delade<\/th>\n<th>S<\/th>\n<th>M<\/th>\n<th>L<\/th>\n<th>XL<\/th>\n<\/tr>\n<\/thead>\n<tbody>\n<tr>\n<td>Debelina nanosa<\/td>\n<td>9.5<\/td>\n<td>9.5<\/td>\n<td>10 (9.5)<\/td>\n<td>10 (9.5)<\/td>\n<\/tr>\n<tr>\n<td>Stopnja za\u0161\u010dite<\/td>\n<td>3A.44<\/td>\n<td>3A.44<\/td>\n<td>3A.44<\/td>\n<td>3A.44<\/td>\n<\/tr>\n<tr>\n<td>Dolga os (dolga os\/mm)<\/td>\n<td>235<\/td>\n<td>240<\/td>\n<td>247<\/td>\n<td>263<\/td>\n<\/tr>\n<tr>\n<td>Kratka os (pomo\u017ena os\/mm)<\/td>\n<td>182<\/td>\n<td>185<\/td>\n<td>193<\/td>\n<td>205<\/td>\n<\/tr>\n<tr>\n<td>Notranja vi\u0161ina\/mm<\/td>\n<td>146<\/td>\n<td>153<\/td>\n<td>158<\/td>\n<td>161<\/td>\n<\/tr>\n<tr>\n<td>Obseg glave (z \u017eeblji)<\/td>\n<td>53-59<\/td>\n<td>53-59<\/td>\n<td>56-59<\/td>\n<td>58-62<\/td>\n<\/tr>\n<tr>\n<td>Standardna te\u017ea (te\u017ea\/kg)<\/td>\n<td>1.24<\/td>\n<td>1.29<\/td>\n<td>1.32<\/td>\n<td>1.42<\/td>\n<\/tr>\n<tr>\n<td>Odstopanje te\u017ee\/kg<\/td>\n<td>0.05<\/td>\n<td>0.05<\/td>\n<td>0.05<\/td>\n<td>0.05<\/td>\n<\/tr>\n<tr>\n<td>Te\u017ea \u0161katle\/KG<\/td>\n<td>2<\/td>\n<td>2<\/td>\n<td>2<\/td>\n<td>2.1<\/td>\n<\/tr>\n<\/tbody>\n<\/table>\n","protected":false},"excerpt":{"rendered":"<p>Kombinacija prednosti balisti\u010dne \u010delade FAST in \u010delade Wendy zagotavlja odli\u010dno udobje in za\u0161\u010dito, kar vam omogo\u010da, da ohranite popolno mobilnost in varnost pri kateri koli nalogi.<\/p>\n<p>Lahka in udobna zasnova: \u010delada FAST s svojo moderno lahko zasnovo zmanj\u0161a te\u017eo na minimum, zaradi \u010desar je idealna za dolgotrajno no\u0161enje v zahtevnih pogojih. Zagotavlja izjemno udobje, tudi med intenzivnimi aktivnostmi. <\/p>\n<p>Natan\u010den sistem obe\u0161anja: Zorbium vlo\u017eek in sistem vzmetenja CAM FIT omogo\u010data natan\u010dno prilagajanje obliki glave, kar zagotavlja stabilno, mehko in udobno prileganje, kar zagotavlja udobje pri dolgotrajnem no\u0161enju.<\/p>\n<p>Samosestavljanje ni potrebno, kar vam omogo\u010da, da prihranite \u010das in trud ter takoj u\u017eivate v popolni takti\u010dni opremi.<\/p>\n","protected":false},"featured_media":16581,"comment_status":"open","ping_status":"closed","template":"","meta":[],"product_brand":[],"product_cat":[601,825,764],"product_tag":[],"woo-feed-brand":[50],"class_list":{"0":"post-16850","1":"product","2":"type-product","3":"status-publish","4":"has-post-thumbnail","6":"product_cat-balisticna-maska","7":"product_cat-hitro","8":"product_cat-neprebojna-celada","9":"woo-feed-brand-tyditiao","11":"first","12":"instock","13":"sale","14":"shipping-taxable","15":"purchasable","16":"product-type-simple"},"_links":{"self":[{"href":"http:\/\/tyditiao.com\/sl\/wp-json\/wp\/v2\/product\/16850","targetHints":{"allow":["GET"]}}],"collection":[{"href":"http:\/\/tyditiao.com\/sl\/wp-json\/wp\/v2\/product"}],"about":[{"href":"http:\/\/tyditiao.com\/sl\/wp-json\/wp\/v2\/types\/product"}],"replies":[{"embeddable":true,"href":"http:\/\/tyditiao.com\/sl\/wp-json\/wp\/v2\/comments?post=16850"}],"wp:featuredmedia":[{"embeddable":true,"href":"http:\/\/tyditiao.com\/sl\/wp-json\/wp\/v2\/media\/16581"}],"wp:attachment":[{"href":"http:\/\/tyditiao.com\/sl\/wp-json\/wp\/v2\/media?parent=16850"}],"wp:term":[{"taxonomy":"product_brand","embeddable":true,"href":"http:\/\/tyditiao.com\/sl\/wp-json\/wp\/v2\/product_brand?post=16850"},{"taxonomy":"product_cat","embeddable":true,"href":"http:\/\/tyditiao.com\/sl\/wp-json\/wp\/v2\/product_cat?post=16850"},{"taxonomy":"product_tag","embeddable":true,"href":"http:\/\/tyditiao.com\/sl\/wp-json\/wp\/v2\/product_tag?post=16850"},{"taxonomy":"woo-feed-brand","embeddable":true,"href":"http:\/\/tyditiao.com\/sl\/wp-json\/wp\/v2\/woo-feed-brand?post=16850"}],"curies":[{"name":"wp","href":"https:\/\/api.w.org\/{rel}","templated":true}]}}