{"id":8316,"date":"2023-05-21T10:21:35","date_gmt":"2023-05-21T08:21:35","guid":{"rendered":"http:\/\/tyditiao.com\/hem\/"},"modified":"2025-01-04T16:01:31","modified_gmt":"2025-01-04T14:01:31","slug":"hem","status":"publish","type":"page","link":"http:\/\/tyditiao.com\/sv\/","title":{"rendered":"Home"},"content":{"rendered":"\n<div class=\"wp-block-cover is-light\" style=\"min-height:240px;aspect-ratio:unset;\"><span aria-hidden=\"true\" class=\"wp-block-cover__background has-background-dim-20 has-background-dim\" style=\"background-color:#b7ad73\"><\/span><img loading=\"lazy\" decoding=\"async\" width=\"1401\" height=\"539\" class=\"wp-block-cover__image-background wp-image-1576\" alt=\"\" src=\"http:\/\/tyditiao.com\/wp-content\/uploads\/2022\/06\/2022-06-13_182159.png\" data-object-fit=\"cover\" srcset=\"http:\/\/tyditiao.com\/wp-content\/uploads\/2022\/06\/2022-06-13_182159.png 1401w, http:\/\/tyditiao.com\/wp-content\/uploads\/2022\/06\/2022-06-13_182159-600x231.png 600w, http:\/\/tyditiao.com\/wp-content\/uploads\/2022\/06\/2022-06-13_182159-300x115.png 300w, http:\/\/tyditiao.com\/wp-content\/uploads\/2022\/06\/2022-06-13_182159-1024x394.png 1024w, http:\/\/tyditiao.com\/wp-content\/uploads\/2022\/06\/2022-06-13_182159-768x295.png 768w, http:\/\/tyditiao.com\/wp-content\/uploads\/2022\/06\/2022-06-13_182159-1320x508.png 1320w\" sizes=\"auto, (max-width: 1401px) 100vw, 1401px\" \/><div class=\"wp-block-cover__inner-container is-layout-constrained wp-block-cover-is-layout-constrained\">\n<div class=\"wp-block-columns is-layout-flex wp-container-core-columns-is-layout-9d6595d7 wp-block-columns-is-layout-flex\">\n<div class=\"wp-block-column is-layout-flow wp-block-column-is-layout-flow\" style=\"flex-basis:25%\"><\/div>\n\n\n\n<div class=\"wp-block-column is-layout-flow wp-block-column-is-layout-flow\" style=\"flex-basis:50%\">\n<div style=\"height:20px\" aria-hidden=\"true\" class=\"wp-block-spacer\"><\/div>\n\n\n\n<p class=\"has-text-align-center custom-style has-text-color has-link-color has-large-font-size wp-elements-325b839614800bd262e8218894a78763\" style=\"color:#ffffff\">Vi \u00e4r specialiserade p\u00e5 produktion och f\u00f6rs\u00e4ljning av olika stilar av taktisk milit\u00e4r ballistisk hj\u00e4lm<\/p>\n<\/div>\n\n\n\n<div class=\"wp-block-column is-layout-flow wp-block-column-is-layout-flow\" style=\"flex-basis:25%\"><\/div>\n<\/div>\n<\/div><\/div>\n\n<div style=\"height:50px\" aria-hidden=\"true\" class=\"wp-block-spacer\"><\/div>\n\n<div class=\"wp-block-columns is-layout-flex wp-container-core-columns-is-layout-9d6595d7 wp-block-columns-is-layout-flex\">\n<div class=\"wp-block-column is-layout-flow wp-block-column-is-layout-flow\" style=\"flex-basis:10%\"><\/div>\n\n\n\n<div class=\"wp-block-column is-layout-flow wp-block-column-is-layout-flow\">\n<h2 class=\"wp-block-heading has-text-align-center\">BALLISTISKA HJ\u00c4LMAR VI S\u00c4LJER<\/h2>\n\n\n\n<figure class=\"wp-block-gallery has-nested-images columns-4 is-cropped wp-block-gallery-1 is-layout-flex wp-block-gallery-is-layout-flex\">\n<figure class=\"wp-block-image size-medium\"><img decoding=\"async\" data-id=\"5154\" src=\"https:\/\/tyditiao.com\/wp-content\/uploads\/2022\/10\/&#x672A;&#x6807;&#x9898;-51-300x300.png\" alt=\"Ballistisk taktisk v&#xE4;st f&#xF6;r utomhusbruk utrustad med en skotts&#xE4;ker paneldisplay\" class=\"wp-image-5154\"\/><\/figure>\n\n\n<figure class=\"wp-block-image size-medium\"><img loading=\"lazy\" decoding=\"async\" width=\"300\" height=\"300\" data-id=\"1343\" src=\"http:\/\/tyditiao.com\/wp-content\/uploads\/2022\/06\/7-300x300.jpg\" alt=\"\" class=\"wp-image-1343\" srcset=\"http:\/\/tyditiao.com\/wp-content\/uploads\/2022\/06\/7-300x300.jpg 300w, http:\/\/tyditiao.com\/wp-content\/uploads\/2022\/06\/7-100x100.jpg 100w, http:\/\/tyditiao.com\/wp-content\/uploads\/2022\/06\/7-600x600.jpg 600w, http:\/\/tyditiao.com\/wp-content\/uploads\/2022\/06\/7-1024x1024.jpg 1024w, http:\/\/tyditiao.com\/wp-content\/uploads\/2022\/06\/7-150x150.jpg 150w, http:\/\/tyditiao.com\/wp-content\/uploads\/2022\/06\/7-768x768.jpg 768w, http:\/\/tyditiao.com\/wp-content\/uploads\/2022\/06\/7.jpg 1200w\" sizes=\"auto, (max-width: 300px) 100vw, 300px\" \/><\/figure>\n\n\n<figure class=\"wp-block-image size-medium\"><img decoding=\"async\" data-id=\"4955\" src=\"https:\/\/tyditiao.com\/wp-content\/uploads\/2022\/10\/&#x672A;&#x6807;&#x9898;-3-300x300.png\" alt=\"NIJ IIIA Full Face Tactical Ballistic Mask - Schematisk\" class=\"wp-image-4955\"\/><\/figure>\n\n\n<figure class=\"wp-block-image size-medium\"><img decoding=\"async\" data-id=\"5396\" src=\"https:\/\/tyditiao.com\/wp-content\/uploads\/2022\/10\/SICPE&#xFF0C;NIJ-Level-IV&#xFF0C;23MM&#xFF0C;2.5KG-300x300.png\" alt=\"SIC+PE&#xFF0C;NIJ Level IV&#xFF0C;23MM&#xFF0C;2.5KG, skotts&#xE4;ker br&#xF6;stplatta, 250X300MM\" class=\"wp-image-5396\"\/><\/figure><\/figure>\n\n\n\n<div style=\"height:50px\" aria-hidden=\"true\" class=\"wp-block-spacer\"><\/div>\n\n\n\n<h2 class=\"wp-block-heading has-text-align-center\">FAQ<\/h2>\n\n\n\n<div style=\"height:30px\" aria-hidden=\"true\" class=\"wp-block-spacer\"><\/div>\n\n\n\n<div class=\"wp-block-columns is-layout-flex wp-container-core-columns-is-layout-9d6595d7 wp-block-columns-is-layout-flex\">\n<div class=\"wp-block-column is-layout-flow wp-block-column-is-layout-flow\">\n<h6 class=\"wp-block-heading\">Har du en fysisk fabrik?<\/h6>\n\n\n\n<p>Ja! Vi har en fysisk fabrik och har tillhandah\u00e5llit grossisthandel till europeiska och amerikanska hj\u00e4lmf\u00f6rs\u00e4ljare i 6 \u00e5r. Vi skickar massor av hj\u00e4lmar \u00f6ver hela v\u00e4rlden varje dag, och det h\u00e4r \u00e4r v\u00e5r fabriksbutik.  <\/p>\n<\/div>\n\n\n\n<div class=\"wp-block-column is-layout-flow wp-block-column-is-layout-flow\">\n<h6 class=\"wp-block-heading\">Finns det rabatt f\u00f6r att k\u00f6pa direkt fr\u00e5n fabriken?<\/h6>\n\n\n\n<p>Naturligtvis, genom att best\u00e4lla direkt fr\u00e5n v\u00e5r fabriks hemsida, kan du spara mer \u00e4n 20% j\u00e4mf\u00f6rt med \u00e5terf\u00f6rs\u00e4ljarens f\u00f6rs\u00e4ljningspris, eftersom det direkt sparar dina indirekta kostnader. Samtidigt avser vi ocks\u00e5 att ge vinster till slutkonsumenten f\u00f6r att expandera v\u00e5r detaljhandelsverksamhet. <\/p>\n<\/div>\n<\/div>\n\n\n\n<div class=\"wp-block-columns is-layout-flex wp-container-core-columns-is-layout-9d6595d7 wp-block-columns-is-layout-flex\">\n<div class=\"wp-block-column is-layout-flow wp-block-column-is-layout-flow\">\n<h6 class=\"wp-block-heading\">Vad \u00e4r fraktkostnaden f\u00f6r en vara? Hur snart kan jag f\u00e5 det?<\/h6>\n\n\n\n<p>FedEx-avgifter ing\u00e5r i alla hj\u00e4lmpriser, s\u00e5 du beh\u00f6ver inte betala extra f\u00f6r frakt. FEDEX Express kan leverera hj\u00e4lmen till dig inom 6-14 arbetsdagar och din lokala Fedex-avs\u00e4ndare kommer att ringa dig s\u00e5 snart paketet anl\u00e4nder till din stad och skicka det direkt till dig. <\/p>\n<\/div>\n\n\n\n<div class=\"wp-block-column is-layout-flow wp-block-column-is-layout-flow\">\n<h6 class=\"wp-block-heading\">Var skickas best\u00e4llningen ifr\u00e5n och \u00e4r jag s\u00e4ker p\u00e5 att jag kommer att f\u00e5 den?<\/h6>\n\n\n\n<p>Frakt fr\u00e5n v\u00e5rt fabrikslager i Kina, vi har s\u00e5lt ett stort antal skotts\u00e4kra hj\u00e4lmar till USA, Polen, Tyskland, Japan och m\u00e5nga andra l\u00e4nder, och vi skickar dig sp\u00e5rningsnumret per post efter att varorna har skickats, du kan kontrollera leveransstatus n\u00e4r som helst.<\/p>\n<\/div>\n<\/div>\n\n\n\n<div class=\"wp-block-columns is-layout-flex wp-container-core-columns-is-layout-9d6595d7 wp-block-columns-is-layout-flex\">\n<div class=\"wp-block-column is-layout-flow wp-block-column-is-layout-flow\">\n<h6 class=\"wp-block-heading\">Hur man l\u00e4gger en best\u00e4llning och hur man betalar<\/h6>\n\n\n\n<p>Vi accepterar endast betalning f\u00f6r best\u00e4llningar via Paypal och Western Union\u3002Om du inte har Paypal \u00e4nnu, registrera dig h\u00e4r www.paypal.com f\u00f6r att k\u00f6pa och betala s\u00e4kert via Paypal\u3002Om du v\u00e4ljer att betala via Western Union, v\u00e4nligen kontakta oss f\u00f6r att bekr\u00e4fta informationen om betalning.<\/p>\n<\/div>\n\n\n\n<div class=\"wp-block-column is-layout-flow wp-block-column-is-layout-flow\">\n<h6 class=\"wp-block-heading\">Jag beh\u00f6ver k\u00f6pa flera hj\u00e4lmar samtidigt, kan jag f\u00e5 ytterligare rabatt?<\/h6>\n\n\n\n<p>Naturligtvis, om du beh\u00f6ver fler \u00e4n 5 hj\u00e4lmar f\u00f6r eget bruk eller din lokala grossist, v\u00e4nligen kontakta oss direkt. Du f\u00e5r \u00e4nnu b\u00e4ttre priser \u00e4n v\u00e5ra nuvarande webbutiker. Missa inte det, f\u00f6r det kommer att spara stora kostnader.  <\/p>\n<\/div>\n<\/div>\n\n\n\n<div style=\"height:50px\" aria-hidden=\"true\" class=\"wp-block-spacer\"><\/div>\n\n\n\n<h2 class=\"wp-block-heading has-text-align-center\">Fri frakt alla omr\u00e5den<\/h2>\n\n\n\n<h4 class=\"wp-block-heading has-text-align-center\">leveransomr\u00e5de<\/h4>\n\n\n\n<p class=\"has-text-align-center\"><strong>Europa:<\/strong> Polen, Litauen, Tyskland, Nederl\u00e4nderna, Ungern, Storbritannien, Frankrike, Italien, Spanien, \u00d6sterrike, Belgien, Luxemburg, Irland, Bulgarien, Kroatien, Tjeckien, Estland, Finland, Lettland, Malta, Portugal, Rum\u00e4nien, Slovakien, Slovenien, Sverige, Danmark, Grekland, Schweiz, Norge, Cypern<\/p>\n\n\n\n<p class=\"has-text-align-center\"><strong>Asien: <\/strong>Taiwan, Macau, Hongkong, Singapore, Malaysia, Thailand, Vietnam, Filippinerna, Israel, Turkiet, Korea, Japan, Bahrain, Saudiarabien, Libanon, F\u00f6renade Arabemiraten<\/p>\n\n\n\n<p class=\"has-text-align-center\"><strong>Nordamerika: <\/strong>USA, Kanada, Mexiko<\/p>\n\n\n\n<p class=\"has-text-align-center\"><strong>Sydamerika: <\/strong>Brasilien, Chile, Colombia<\/p>\n\n\n\n<p class=\"has-text-align-center\"><strong>Oceanien: <\/strong>Australien, Nya Zeeland<\/p>\n\n\n\n<p class=\"has-text-align-center\"><strong>Afrika:<\/strong> Sydafrika<\/p>\n\n\n\n<p class=\"has-text-align-center\"><strong>Ny region:<\/strong> Ukraina (det finns ingen leveranstj\u00e4nst i det omtvistade omr\u00e5det och best\u00e4llningen kommer att annulleras)<\/p>\n\n\n\n<h4 class=\"wp-block-heading has-text-align-center\">gratis frakt<\/h4>\n\n\n\n<p class=\"has-text-align-center\">F\u00f6r att ut\u00f6ka storleken p\u00e5 detaljhandelsmarknaden implementerar vi en fri fraktpolicy f\u00f6r alla ovanst\u00e5ende l\u00e4nder och regioner, vilket inneb\u00e4r att du inte beh\u00f6ver betala n\u00e5gra fraktkostnader f\u00f6rutom priset p\u00e5 sj\u00e4lva produkten.<\/p>\n\n\n\n<h4 class=\"wp-block-heading has-text-align-center\">ledtid f\u00f6r best\u00e4llning<\/h4>\n\n\n\n<p class=\"has-text-align-center\"><strong>Best\u00e4llningstid: <\/strong>inom 1-6 arbetsdagar efter mottagande av betalningen (vi skickar leveransnumret efter att ha \u00f6verl\u00e4mnat f\u00f6rs\u00e4ndelsen till budfirman)<\/p>\n\n\n\n<p class=\"has-text-align-center\"><strong>Expressleveranstid:<\/strong> 6-14 arbetsdagar<\/p>\n\n\n\n<div style=\"height:50px\" aria-hidden=\"true\" class=\"wp-block-spacer\"><\/div>\n\n\n\n<h2 class=\"wp-block-heading has-text-align-center\">att betala<\/h2>\n\n\n\n<h4 class=\"wp-block-heading has-text-align-center\">Betalningsmetoder<\/h4>\n\n\n\n<p class=\"has-text-align-center\">Bes\u00f6k kassasidan f\u00f6r att f\u00f6rskottsbetala via PAYPAL eller betala f\u00f6r din best\u00e4llning via Western Union.<\/p>\n\n\n\n<p class=\"has-text-align-center\"><strong>A. G\u00e5 till kassasidan och betala i f\u00f6rskott via PAYPAL<\/strong><br\/>1. L\u00e4gg den produkt du gillar i din varukorg<br\/>2. Klicka p\u00e5 kundvagnsknappen i det \u00f6vre h\u00f6gra h\u00f6rnet f\u00f6r att se och bekr\u00e4fta produktantalet<br\/>3. Klicka p\u00e5 best\u00e4llningsknappen f\u00f6r att g\u00e5 till kassasidan, ange din leveransadress, e-postadress och annan information<br\/>4. Betala best\u00e4llningsbeloppet via PayPal<br\/>5. Shopping avslutad, v\u00e4ntar p\u00e5 att varorna ska h\u00e4mtas<\/p>\n\n\n\n<p class=\"has-text-align-center\"><strong>B. Western Union-betalning f\u00f6r din best\u00e4llning<\/strong><br\/>1. Kommunikation via e-post kr\u00e4ver information som produkt och kvantitet samt avh\u00e4mtningsadress<br\/>2. \u00d6verf\u00f6r f\u00f6r att betala orderbeloppet<br\/>3. Shopping avslutad, v\u00e4ntar p\u00e5 att varorna ska h\u00e4mtas<\/p>\n\n\n\n<h4 class=\"wp-block-heading has-text-align-center\">St\u00f6dvaluta<\/h4>\n\n\n\n<p class=\"has-text-align-center\">Vi accepterar n\u00e5gon av f\u00f6ljande valutor, s\u00e5 du kan v\u00e4lja den valuta som passar dig b\u00e4st n\u00e4r du betalar<\/p>\n\n\n\n<p class=\"has-text-align-center\">Ny taiwanesisk dollar (NT$) &#8211; TWD<br\/>Polska zloty (PLN) &#8211; PLN<br\/>Amerikanska dollar (US) ($) &#8211; USD<br\/>Pund sterling (\u00a3) &#8211; GBP<br\/>Euro (\u20ac) &#8211; EUR<br\/>Japanska yen (\u00a5) &#8211; JPY<br\/>Kanadensiska dollar ($) &#8211; CAD<br\/>Tjeckisk koruna (K\u010d) &#8211; CZK<br\/>Mexikansk peso ($) &#8211; MXN<\/p>\n\n\n\n<div style=\"height:50px\" aria-hidden=\"true\" class=\"wp-block-spacer\"><\/div>\n\n\n\n<h2 class=\"wp-block-heading has-text-align-center\">30 dagars returr\u00e4tt<\/h2>\n\n\n\n<h4 class=\"wp-block-heading has-text-align-center\">returpolicy<\/h4>\n\n\n\n<p class=\"has-text-align-center\">Vi har en 30-dagars returpolicy, vilket inneb\u00e4r att du kan beg\u00e4ra en retur inom 30 dagar efter att du mottagit din vara.<\/p>\n\n\n\n<p class=\"has-text-align-center\">F\u00f6r att vara ber\u00e4ttigad till retur m\u00e5ste varan vara i samma skick som varan du fick, oanv\u00e4nd eller oanv\u00e4nd och i originalf\u00f6rpackningen. Du beh\u00f6ver ocks\u00e5 ett kvitto eller k\u00f6pbevis. <\/p>\n\n\n\n<p class=\"has-text-align-center\">F\u00f6r att initiera en retur kan du kontakta oss p\u00e5 <strong>tyditiao@gmail.com<\/strong>. Om din retur accepteras skickar vi dig en returetikett med instruktioner om hur och vart du ska skicka ditt paket. Varor som returneras till oss utan f\u00f6reg\u00e5ende beg\u00e4ran om retur kommer inte att accepteras.  <\/p>\n\n\n\n<p class=\"has-text-align-center\">Du kan alltid kontakta oss p\u00e5 <strong>tyditiao@gmail.com<\/strong> f\u00f6r eventuella returproblem.<\/p>\n\n\n\n<h4 class=\"wp-block-heading has-text-align-center\">skador och problem<\/h4>\n\n\n\n<p class=\"has-text-align-center\">Kontrollera din best\u00e4llning efter att du tagit emot den, om varan \u00e4r skadad, defekt eller om du f\u00e5tt fel vara, kontakta oss omedelbart (<a href=\"https:\/\/tyditiao.com\/sv\/kontakt\/\">kontakta oss<\/a>) s\u00e5 att vi kan hitta problemet och \u00e5tg\u00e4rda det omedelbart.<\/p>\n\n\n\n<h4 class=\"wp-block-heading has-text-align-center\">utbyta<\/h4>\n\n\n\n<p class=\"has-text-align-center\">Det snabbaste s\u00e4ttet att se till att du f\u00e5r det du vill ha \u00e4r att returnera den vara du redan har, och n\u00e4r din retur har accepterats k\u00f6per du den nya varan separat.<\/p>\n\n\n\n<h4 class=\"wp-block-heading has-text-align-center\">l\u00e4mna tillbaka<\/h4>\n\n\n\n<p class=\"has-text-align-center\">Vi kommer att meddela dig n\u00e4r din retur har mottagits och inspekterats, och din \u00e5terbetalning kommer automatiskt att \u00e5terbetalas till din ursprungliga betalningsmetod. Det kan dock ta lite tid f\u00f6r din bank eller ditt kreditkortsf\u00f6retag att behandla och utf\u00e4rda en \u00e5terbetalning. <\/p>\n<\/div>\n\n\n\n<div class=\"wp-block-column is-layout-flow wp-block-column-is-layout-flow\" style=\"flex-basis:10%\"><\/div>\n<\/div>\n\n<p><\/p>\n","protected":false},"excerpt":{"rendered":"<p>BALLISTISKA HJ\u00c4LMAR VI S\u00c4LJER FAQ Har du en fysisk fabrik? Ja! Vi har en fysisk fabrik och har tillhandah\u00e5llit grossisthandel&#8230;<\/p>\n","protected":false},"author":1,"featured_media":0,"parent":0,"menu_order":0,"comment_status":"closed","ping_status":"closed","template":"","meta":{"footnotes":""},"class_list":["post-8316","page","type-page","status-publish","hentry"],"_links":{"self":[{"href":"http:\/\/tyditiao.com\/sv\/wp-json\/wp\/v2\/pages\/8316","targetHints":{"allow":["GET"]}}],"collection":[{"href":"http:\/\/tyditiao.com\/sv\/wp-json\/wp\/v2\/pages"}],"about":[{"href":"http:\/\/tyditiao.com\/sv\/wp-json\/wp\/v2\/types\/page"}],"author":[{"embeddable":true,"href":"http:\/\/tyditiao.com\/sv\/wp-json\/wp\/v2\/users\/1"}],"replies":[{"embeddable":true,"href":"http:\/\/tyditiao.com\/sv\/wp-json\/wp\/v2\/comments?post=8316"}],"version-history":[{"count":7,"href":"http:\/\/tyditiao.com\/sv\/wp-json\/wp\/v2\/pages\/8316\/revisions"}],"predecessor-version":[{"id":16399,"href":"http:\/\/tyditiao.com\/sv\/wp-json\/wp\/v2\/pages\/8316\/revisions\/16399"}],"wp:attachment":[{"href":"http:\/\/tyditiao.com\/sv\/wp-json\/wp\/v2\/media?parent=8316"}],"curies":[{"name":"wp","href":"https:\/\/api.w.org\/{rel}","templated":true}]}}