{"id":8592,"date":"2022-10-11T16:42:26","date_gmt":"2022-10-11T14:42:26","guid":{"rendered":"http:\/\/tyditiao.com\/product\/latt-ballistisk-aramidmask-taktisk-skottsaker-nij-iiia-helmask\/"},"modified":"2026-01-25T18:59:38","modified_gmt":"2026-01-25T16:59:38","slug":"ballistisk-mask-aramid-nij-iiia-full-face-taktisk-skottsaker-mask","status":"publish","type":"product","link":"http:\/\/tyditiao.com\/sv\/produkt\/ballistisk-mask-aramid-nij-iiia-full-face-taktisk-skottsaker-mask\/","title":{"rendered":"l\u00e4tt ballistisk aramidmask, taktisk skotts\u00e4ker NIJ IIIA helmask"},"content":{"rendered":"<p>Vikt: 0,85 kg<\/p>\n<p>Material: Aramid<\/p>\n<p>Tjocklek: 8 mm tjock aramid och 1 mm bel\u00e4ggning<\/p>\n<p>Skyddsklass: NIJ 0101.06 niv\u00e5 IIIA<\/p>\n<p>Storlek: En storlek passar alla<\/p>\n<p>Giltighet: 5 \u00e5r<\/p>\n<p>Till\u00e4mpliga scenarier: hemskydd, s\u00e4kerhet, polisutrustning, faktiska strider, cosplay<\/p>\n<p>OEM\/ODM-tj\u00e4nst tillg\u00e4nglig p\u00e5 beg\u00e4ran<\/p>\n<p>F\u00f6rpackningslista: 1X Full Face Bulletproof Mask<\/p>\n","protected":false},"excerpt":{"rendered":"<p>Skyddar de viktigaste omr\u00e5dena med minimal vikt: full t\u00e4ckning av b\u00e4rarens ansikte f\u00f6r anst\u00f6t<\/p>\n<p>Material: Tillverkad av avancerade l\u00e4tta kevlarfibrer som \u00e4r 15 g\u00e5nger starkare \u00e4n st\u00e5l f\u00f6r att minimera risken f\u00f6r kulor<\/p>\n<p>Unik ergonomisk design: 6-punkts justerbart pannband i nylon och extra stoppning passar alla huvudformer och f\u00f6rb\u00e4ttrar b\u00e4rkomforten<\/p>\n<p>Till\u00e4mpliga anv\u00e4ndningsomr\u00e5den: hemskydd, f\u00e4lttr\u00e4ning, livvakter, personal som \u00e4r engagerad i farliga operationer i fr\u00e4mmande v\u00e4pnade konfliktomr\u00e5den, milit\u00e4r, cosplay, etc.<\/p>\n","protected":false},"featured_media":4971,"comment_status":"open","ping_status":"closed","template":"","meta":[],"product_brand":[],"product_cat":[523],"product_tag":[],"woo-feed-brand":[50],"class_list":{"0":"post-8592","1":"product","2":"type-product","3":"status-publish","4":"has-post-thumbnail","6":"product_cat-ballistisk-mask","7":"product_shipping_class-0-3-kg-sv","8":"woo-feed-brand-tyditiao","10":"first","11":"instock","12":"sale","13":"shipping-taxable","14":"purchasable","15":"product-type-simple"},"_links":{"self":[{"href":"http:\/\/tyditiao.com\/sv\/wp-json\/wp\/v2\/product\/8592","targetHints":{"allow":["GET"]}}],"collection":[{"href":"http:\/\/tyditiao.com\/sv\/wp-json\/wp\/v2\/product"}],"about":[{"href":"http:\/\/tyditiao.com\/sv\/wp-json\/wp\/v2\/types\/product"}],"replies":[{"embeddable":true,"href":"http:\/\/tyditiao.com\/sv\/wp-json\/wp\/v2\/comments?post=8592"}],"wp:featuredmedia":[{"embeddable":true,"href":"http:\/\/tyditiao.com\/sv\/wp-json\/wp\/v2\/media\/4971"}],"wp:attachment":[{"href":"http:\/\/tyditiao.com\/sv\/wp-json\/wp\/v2\/media?parent=8592"}],"wp:term":[{"taxonomy":"product_brand","embeddable":true,"href":"http:\/\/tyditiao.com\/sv\/wp-json\/wp\/v2\/product_brand?post=8592"},{"taxonomy":"product_cat","embeddable":true,"href":"http:\/\/tyditiao.com\/sv\/wp-json\/wp\/v2\/product_cat?post=8592"},{"taxonomy":"product_tag","embeddable":true,"href":"http:\/\/tyditiao.com\/sv\/wp-json\/wp\/v2\/product_tag?post=8592"},{"taxonomy":"woo-feed-brand","embeddable":true,"href":"http:\/\/tyditiao.com\/sv\/wp-json\/wp\/v2\/woo-feed-brand?post=8592"}],"curies":[{"name":"wp","href":"https:\/\/api.w.org\/{rel}","templated":true}]}}