{"id":8596,"date":"2022-10-11T12:39:23","date_gmt":"2022-10-11T10:39:23","guid":{"rendered":"http:\/\/tyditiao.com\/product\/kevlar-nij-iiia-skottsaker-halvmask-aramid-skottsaker-ansiktsmask-for-taktisk-skottsaker-hjalm\/"},"modified":"2026-01-25T18:59:44","modified_gmt":"2026-01-25T16:59:44","slug":"ballistic-kevlar-nij-iiia-aramid-ballistisk-mask-passform-med-taktisk-ballistisk-hjalm-wendy-quick-michigan-fit","status":"publish","type":"product","link":"http:\/\/tyditiao.com\/sv\/produkt\/ballistic-kevlar-nij-iiia-aramid-ballistisk-mask-passform-med-taktisk-ballistisk-hjalm-wendy-quick-michigan-fit\/","title":{"rendered":"Kevlar NIJ IIIA skotts\u00e4ker halvmask, aramid skotts\u00e4ker ansiktsmask f\u00f6r taktisk skotts\u00e4ker hj\u00e4lm"},"content":{"rendered":"<p>Vikt: 0,68 kg<\/p>\n<p>Material: Aramid<\/p>\n<p>Tjocklek: 8 mm tjock aramid och 1 mm bel\u00e4ggning<\/p>\n<p>Skyddsklass: NIJ 0101.06 niv\u00e5 IIIA<\/p>\n<p>Storlek: En storlek passar alla<\/p>\n<p>Giltighet: 5 \u00e5r<\/p>\n<p>Till\u00e4mpliga scenarier: hemskydd, s\u00e4kerhet, polisutrustning, faktiska strider, cosplay<\/p>\n<p>OEM\/ODM-tj\u00e4nst tillg\u00e4nglig p\u00e5 beg\u00e4ran<\/p>\n<p>&nbsp;<\/p>\n<p>F\u00f6rpackningslista: 1X Half Face Bulletproof Mask<\/p>\n","protected":false},"excerpt":{"rendered":"<p>Material: Tillverkad av avancerade l\u00e4tta kevlarfibrer som \u00e4r 15 g\u00e5nger starkare \u00e4n st\u00e5l f\u00f6r att minimera risken f\u00f6r kulor<\/p>\n<p>Unik ergonomisk design: 6-punkts justerbart pannband i nylon och extra stoppning passar alla huvudformer och f\u00f6rb\u00e4ttrar b\u00e4rkomforten<\/p>\n<p>Bra anpassningsf\u00f6rm\u00e5ga: kan anv\u00e4ndas med FAST, WENDY, MICH och andra skotts\u00e4kra hj\u00e4lmar, helt t\u00e4cker b\u00e4rarens ansikte<\/p>\n<p>Till\u00e4mpliga anv\u00e4ndningsomr\u00e5den: hemskydd, milit\u00e4r, personal som \u00e4r engagerad i farliga operationer, f\u00e4lttr\u00e4ning, livvakter, personal som \u00e4r engagerad i farliga operationer i fr\u00e4mmande v\u00e4pnade konfliktomr\u00e5den<\/p>\n","protected":false},"featured_media":4897,"comment_status":"open","ping_status":"closed","template":"","meta":[],"product_brand":[],"product_cat":[523],"product_tag":[],"woo-feed-brand":[50],"class_list":{"0":"post-8596","1":"product","2":"type-product","3":"status-publish","4":"has-post-thumbnail","6":"product_cat-ballistisk-mask","7":"product_shipping_class-0-3-kg-sv","8":"woo-feed-brand-tyditiao","10":"first","11":"instock","12":"sale","13":"shipping-taxable","14":"purchasable","15":"product-type-simple"},"_links":{"self":[{"href":"http:\/\/tyditiao.com\/sv\/wp-json\/wp\/v2\/product\/8596","targetHints":{"allow":["GET"]}}],"collection":[{"href":"http:\/\/tyditiao.com\/sv\/wp-json\/wp\/v2\/product"}],"about":[{"href":"http:\/\/tyditiao.com\/sv\/wp-json\/wp\/v2\/types\/product"}],"replies":[{"embeddable":true,"href":"http:\/\/tyditiao.com\/sv\/wp-json\/wp\/v2\/comments?post=8596"}],"wp:featuredmedia":[{"embeddable":true,"href":"http:\/\/tyditiao.com\/sv\/wp-json\/wp\/v2\/media\/4897"}],"wp:attachment":[{"href":"http:\/\/tyditiao.com\/sv\/wp-json\/wp\/v2\/media?parent=8596"}],"wp:term":[{"taxonomy":"product_brand","embeddable":true,"href":"http:\/\/tyditiao.com\/sv\/wp-json\/wp\/v2\/product_brand?post=8596"},{"taxonomy":"product_cat","embeddable":true,"href":"http:\/\/tyditiao.com\/sv\/wp-json\/wp\/v2\/product_cat?post=8596"},{"taxonomy":"product_tag","embeddable":true,"href":"http:\/\/tyditiao.com\/sv\/wp-json\/wp\/v2\/product_tag?post=8596"},{"taxonomy":"woo-feed-brand","embeddable":true,"href":"http:\/\/tyditiao.com\/sv\/wp-json\/wp\/v2\/woo-feed-brand?post=8596"}],"curies":[{"name":"wp","href":"https:\/\/api.w.org\/{rel}","templated":true}]}}