{"id":12882,"date":"2023-05-22T09:19:32","date_gmt":"2023-05-22T07:19:32","guid":{"rendered":"http:\/\/tyditiao.com\/ev\/"},"modified":"2025-01-04T18:41:04","modified_gmt":"2025-01-04T16:41:04","slug":"ev","status":"publish","type":"page","link":"http:\/\/tyditiao.com\/tr\/","title":{"rendered":"Ev"},"content":{"rendered":"\n<div class=\"wp-block-cover is-light\" style=\"min-height:240px;aspect-ratio:unset;\"><span aria-hidden=\"true\" class=\"wp-block-cover__background has-background-dim-20 has-background-dim\" style=\"background-color:#b7ad73\"><\/span><img loading=\"lazy\" decoding=\"async\" width=\"1401\" height=\"539\" class=\"wp-block-cover__image-background wp-image-1576\" alt=\"\" src=\"http:\/\/tyditiao.com\/wp-content\/uploads\/2022\/06\/2022-06-13_182159.png\" data-object-fit=\"cover\" srcset=\"http:\/\/tyditiao.com\/wp-content\/uploads\/2022\/06\/2022-06-13_182159.png 1401w, http:\/\/tyditiao.com\/wp-content\/uploads\/2022\/06\/2022-06-13_182159-600x231.png 600w, http:\/\/tyditiao.com\/wp-content\/uploads\/2022\/06\/2022-06-13_182159-300x115.png 300w, http:\/\/tyditiao.com\/wp-content\/uploads\/2022\/06\/2022-06-13_182159-1024x394.png 1024w, http:\/\/tyditiao.com\/wp-content\/uploads\/2022\/06\/2022-06-13_182159-768x295.png 768w, http:\/\/tyditiao.com\/wp-content\/uploads\/2022\/06\/2022-06-13_182159-1320x508.png 1320w\" sizes=\"auto, (max-width: 1401px) 100vw, 1401px\" \/><div class=\"wp-block-cover__inner-container is-layout-constrained wp-block-cover-is-layout-constrained\">\n<div class=\"wp-block-columns is-layout-flex wp-container-core-columns-is-layout-9d6595d7 wp-block-columns-is-layout-flex\">\n<div class=\"wp-block-column is-layout-flow wp-block-column-is-layout-flow\" style=\"flex-basis:25%\"><\/div>\n\n\n\n<div class=\"wp-block-column is-layout-flow wp-block-column-is-layout-flow\" style=\"flex-basis:50%\">\n<div style=\"height:20px\" aria-hidden=\"true\" class=\"wp-block-spacer\"><\/div>\n\n\n\n<p class=\"has-text-align-center custom-style has-text-color has-link-color has-large-font-size wp-elements-58fcc431e9f9cc40a688202ee8a5589e\" style=\"color:#ffffff\">Taktik askeri balistik kask\u0131n \u00e7e\u015fitli stillerinin \u00fcretimi ve sat\u0131\u015f\u0131 konusunda uzman\u0131z<\/p>\n<\/div>\n\n\n\n<div class=\"wp-block-column is-layout-flow wp-block-column-is-layout-flow\" style=\"flex-basis:25%\"><\/div>\n<\/div>\n<\/div><\/div>\n\n<div style=\"height:50px\" aria-hidden=\"true\" class=\"wp-block-spacer\"><\/div>\n\n<div class=\"wp-block-columns is-layout-flex wp-container-core-columns-is-layout-9d6595d7 wp-block-columns-is-layout-flex\">\n<div class=\"wp-block-column is-layout-flow wp-block-column-is-layout-flow\" style=\"flex-basis:10%\"><\/div>\n\n\n\n<div class=\"wp-block-column is-layout-flow wp-block-column-is-layout-flow\">\n<h2 class=\"wp-block-heading has-text-align-center\">SATTI\u011eIMIZ BAL\u0130ST\u0130K KASKLAR<\/h2>\n\n\n\n<figure class=\"wp-block-gallery has-nested-images columns-4 is-cropped wp-block-gallery-1 is-layout-flex wp-block-gallery-is-layout-flex\">\n<figure class=\"wp-block-image size-medium\"><img decoding=\"async\" data-id=\"5154\" src=\"https:\/\/tyditiao.com\/wp-content\/uploads\/2022\/10\/&#x672A;&#x6807;&#x9898;-51-300x300.png\" alt=\"Kur&#x15F;un ge&#xE7;irmez panel ekran&#x131;yla donat&#x131;lm&#x131;&#x15F; d&#x131;&#x15F; mekan balistik taktik yele&#x11F;i\" class=\"wp-image-5154\"\/><\/figure>\n\n\n<figure class=\"wp-block-image size-medium\"><img loading=\"lazy\" decoding=\"async\" width=\"300\" height=\"300\" data-id=\"1343\" src=\"http:\/\/tyditiao.com\/wp-content\/uploads\/2022\/06\/7-300x300.jpg\" alt=\"\" class=\"wp-image-1343\" srcset=\"http:\/\/tyditiao.com\/wp-content\/uploads\/2022\/06\/7-300x300.jpg 300w, http:\/\/tyditiao.com\/wp-content\/uploads\/2022\/06\/7-100x100.jpg 100w, http:\/\/tyditiao.com\/wp-content\/uploads\/2022\/06\/7-600x600.jpg 600w, http:\/\/tyditiao.com\/wp-content\/uploads\/2022\/06\/7-1024x1024.jpg 1024w, http:\/\/tyditiao.com\/wp-content\/uploads\/2022\/06\/7-150x150.jpg 150w, http:\/\/tyditiao.com\/wp-content\/uploads\/2022\/06\/7-768x768.jpg 768w, http:\/\/tyditiao.com\/wp-content\/uploads\/2022\/06\/7.jpg 1200w\" sizes=\"auto, (max-width: 300px) 100vw, 300px\" \/><\/figure>\n\n\n<figure class=\"wp-block-image size-medium\"><img decoding=\"async\" data-id=\"4955\" src=\"https:\/\/tyditiao.com\/wp-content\/uploads\/2022\/10\/&#x672A;&#x6807;&#x9898;-3-300x300.png\" alt=\"NIJ IIIA Tam Y&#xFC;z Taktik Balistik Maske - &#x15E;ematik\" class=\"wp-image-4955\"\/><\/figure>\n\n\n<figure class=\"wp-block-image size-medium\"><img decoding=\"async\" data-id=\"5396\" src=\"https:\/\/tyditiao.com\/wp-content\/uploads\/2022\/10\/SICPE&#xFF0C;NIJ-Level-IV&#xFF0C;23MM&#xFF0C;2.5KG-300x300.png\" alt=\"SIC+PE&#xFF0C;NIJ Seviye IV&#xFF0C;23MM&#xFF0C;2.5KG,Kur&#x15F;un ge&#xE7;irmez g&#xF6;&#x11F;&#xFC;s plakas&#x131;, 250X300MM\" class=\"wp-image-5396\"\/><\/figure><\/figure>\n\n\n\n<div style=\"height:50px\" aria-hidden=\"true\" class=\"wp-block-spacer\"><\/div>\n\n\n\n<h2 class=\"wp-block-heading has-text-align-center\">SSS<\/h2>\n\n\n\n<div style=\"height:30px\" aria-hidden=\"true\" class=\"wp-block-spacer\"><\/div>\n\n\n\n<div class=\"wp-block-columns is-layout-flex wp-container-core-columns-is-layout-9d6595d7 wp-block-columns-is-layout-flex\">\n<div class=\"wp-block-column is-layout-flow wp-block-column-is-layout-flow\">\n<h6 class=\"wp-block-heading\">Fiziksel bir fabrikan\u0131z var m\u0131?<\/h6>\n\n\n\n<p>Evet! Fiziki fabrikam\u0131z mevcut olup 6 y\u0131ld\u0131r Avrupal\u0131 ve Amerikal\u0131 kask sat\u0131c\u0131lar\u0131na toptan sat\u0131\u015f yapmaktay\u0131z. Her g\u00fcn d\u00fcnyan\u0131n her yerine tonlarca kask g\u00f6nderiyoruz ve buras\u0131 bizim fabrika ma\u011fazam\u0131z.  <\/p>\n<\/div>\n\n\n\n<div class=\"wp-block-column is-layout-flow wp-block-column-is-layout-flow\">\n<h6 class=\"wp-block-heading\">Fabrikadan direkt al\u0131mda indirim var m\u0131?<\/h6>\n\n\n\n<p>Elbette do\u011frudan fabrikam\u0131z\u0131n web sitesinden sipari\u015f vererek bayi sat\u0131\u015f fiyat\u0131na k\u0131yasla %20&#8217;den fazla tasarruf sa\u011flayabilirsiniz \u00e7\u00fcnk\u00fc bu do\u011frudan dolayl\u0131 maliyetlerinizden tasarruf sa\u011flar. Ayn\u0131 zamanda perakende i\u015fimizi b\u00fcy\u00fctmek i\u00e7in son t\u00fcketiciye de k\u00e2r sa\u011flamay\u0131 ama\u00e7l\u0131yoruz. <\/p>\n<\/div>\n<\/div>\n\n\n\n<div class=\"wp-block-columns is-layout-flex wp-container-core-columns-is-layout-9d6595d7 wp-block-columns-is-layout-flex\">\n<div class=\"wp-block-column is-layout-flow wp-block-column-is-layout-flow\">\n<h6 class=\"wp-block-heading\">Bir \u00fcr\u00fcn i\u00e7in nakliye maliyeti nedir? Ne kadar s\u00fcrede alabilirim?<\/h6>\n\n\n\n<p>FedEx \u00fccretleri t\u00fcm kask fiyatlar\u0131na dahildir, dolay\u0131s\u0131yla nakliye i\u00e7in ekstra \u00f6deme yapman\u0131za gerek kalmaz. FEDEX Express, kask\u0131n\u0131z\u0131 6-14 i\u015f g\u00fcn\u00fc i\u00e7inde size teslim edebilir ve yerel Fedex nakliyeciniz, paketiniz \u015fehrinize ula\u015f\u0131r ula\u015fmaz sizi arayacak ve do\u011frudan size g\u00f6nderecektir. <\/p>\n<\/div>\n\n\n\n<div class=\"wp-block-column is-layout-flow wp-block-column-is-layout-flow\">\n<h6 class=\"wp-block-heading\">Sipari\u015f nereden g\u00f6nderiliyor ve teslim alaca\u011f\u0131mdan emin miyim?<\/h6>\n\n\n\n<p>\u00c7in&#8217;deki fabrika depomuzdan nakliye yaparak Amerika Birle\u015fik Devletleri, Polonya, Almanya, Japonya ve di\u011fer bir\u00e7ok \u00fclkeye \u00e7ok say\u0131da kur\u015fun ge\u00e7irmez kask satt\u0131k ve mallar g\u00f6nderildikten sonra size takip numaras\u0131n\u0131 postayla g\u00f6nderece\u011fiz. Teslimat durumunu istedi\u011finiz zaman kontrol edin.<\/p>\n<\/div>\n<\/div>\n\n\n\n<div class=\"wp-block-columns is-layout-flex wp-container-core-columns-is-layout-9d6595d7 wp-block-columns-is-layout-flex\">\n<div class=\"wp-block-column is-layout-flow wp-block-column-is-layout-flow\">\n<h6 class=\"wp-block-heading\">Nas\u0131l sipari\u015f verilir ve nas\u0131l \u00f6deme yap\u0131l\u0131r<\/h6>\n\n\n\n<p>Yaln\u0131zca Paypal ve Western Union arac\u0131l\u0131\u011f\u0131yla yap\u0131lan sipari\u015flerde \u00f6deme kabul ediyoruz\u3002Hen\u00fcz Paypal&#8217;\u0131n\u0131z yoksa, Paypal arac\u0131l\u0131\u011f\u0131yla g\u00fcvenli bir \u015fekilde sat\u0131n almak ve \u00f6deme yapmak i\u00e7in l\u00fctfen www.paypal.com adresinden kaydolun\u3002Western Union arac\u0131l\u0131\u011f\u0131yla \u00f6deme yapmay\u0131 tercih ederseniz, l\u00fctfen bizimle ileti\u015fime ge\u00e7in: \u00d6demeyle ilgili bilgileri onaylay\u0131n.<\/p>\n<\/div>\n\n\n\n<div class=\"wp-block-column is-layout-flow wp-block-column-is-layout-flow\">\n<h6 class=\"wp-block-heading\">Ayn\u0131 anda birka\u00e7 kask almam gerekiyor, ek indirim alabilir miyim?<\/h6>\n\n\n\n<p>Elbette kendi kullan\u0131m\u0131n\u0131z veya yerel toptanc\u0131n\u0131z i\u00e7in 5&#8217;ten fazla kaska ihtiyac\u0131n\u0131z varsa l\u00fctfen do\u011frudan bizimle ileti\u015fime ge\u00e7in. Mevcut \u00e7evrimi\u00e7i ma\u011fazalar\u0131m\u0131zdan \u00e7ok daha iyi fiyatlar alacaks\u0131n\u0131z. Ka\u00e7\u0131rmay\u0131n, \u00e7\u00fcnk\u00fc \u00f6nemli maliyetlerden tasarruf etmenizi sa\u011flar.  <\/p>\n<\/div>\n<\/div>\n\n\n\n<div style=\"height:50px\" aria-hidden=\"true\" class=\"wp-block-spacer\"><\/div>\n\n\n\n<h2 class=\"wp-block-heading has-text-align-center\">T\u00fcm Alanlara \u00dccretsiz G\u00f6nderim<\/h2>\n\n\n\n<h4 class=\"wp-block-heading has-text-align-center\">teslim alan\u0131<\/h4>\n\n\n\n<p class=\"has-text-align-center\"><strong>Avrupa: <\/strong>Polonya, Litvanya, Almanya, Hollanda, Macaristan, Birle\u015fik Krall\u0131k, Fransa, \u0130talya, \u0130spanya, Avusturya, Bel\u00e7ika, L\u00fcksemburg, \u0130rlanda, Bulgaristan, H\u0131rvatistan, \u00c7ek Cumhuriyeti, Estonya, Finlandiya, Letonya, Malta, Portekiz, Romanya, Slovakya, Slovenya, \u0130sve\u00e7, Danimarka, Yunanistan, \u0130svi\u00e7re, Norve\u00e7, K\u0131br\u0131s<\/p>\n\n\n\n<p class=\"has-text-align-center\"><strong>Asya: <\/strong>Tayvan, Makao, Hong Kong, Singapur, Malezya, Tayland, Vietnam, Filipinler, \u0130srail, T\u00fcrkiye, Kore, Japonya, Bahreyn, Suudi Arabistan, L\u00fcbnan, Birle\u015fik Arap Emirlikleri<\/p>\n\n\n\n<p class=\"has-text-align-center\"><strong>Kuzey Amerika: <\/strong>Amerika Birle\u015fik Devletleri, Kanada, Meksika<\/p>\n\n\n\n<p class=\"has-text-align-center\"><strong>G\u00fcney Amerika: <\/strong>Brezilya, \u015eili, Kolombiya<\/p>\n\n\n\n<p class=\"has-text-align-center\"><strong>Okyanusya: <\/strong>Avustralya, Yeni Zelanda<\/p>\n\n\n\n<p class=\"has-text-align-center\"><strong>Afrika: <\/strong>G\u00fcney Afrika<\/p>\n\n\n\n<p class=\"has-text-align-center\"><strong>Yeni b\u00f6lge:<\/strong> Ukrayna (tart\u0131\u015fmal\u0131 b\u00f6lgede teslimat hizmeti verilmemektedir ve sipari\u015f iptal edilecektir)<\/p>\n\n\n\n<h4 class=\"wp-block-heading has-text-align-center\">\u00fccretsiz kargo<\/h4>\n\n\n\n<p class=\"has-text-align-center\">Perakende pazar boyutunu geni\u015fletmek amac\u0131yla, yukar\u0131daki t\u00fcm \u00fclke ve b\u00f6lgeler i\u00e7in \u00fccretsiz g\u00f6nderim politikas\u0131 uyguluyoruz; bu, \u00fcr\u00fcn\u00fcn fiyat\u0131 d\u0131\u015f\u0131nda herhangi bir g\u00f6nderim \u00fccreti \u00f6demenize gerek olmad\u0131\u011f\u0131 anlam\u0131na geliyor.<\/p>\n\n\n\n<h4 class=\"wp-block-heading has-text-align-center\">Sipari\u015f verme s\u00fcresi<\/h4>\n\n\n\n<p class=\"has-text-align-center\"><strong>Sipari\u015f i\u015flem s\u00fcresi: <\/strong>\u00d6demeyi ald\u0131ktan sonra 1-6 i\u015f g\u00fcn\u00fc i\u00e7inde (g\u00f6nderiyi kargo \u015firketine teslim ettikten sonra g\u00f6nderi numaras\u0131n\u0131 g\u00f6nderece\u011fiz)<\/p>\n\n\n\n<p class=\"has-text-align-center\"><strong>Ekspres kargo s\u00fcresi: <\/strong>6-14 i\u015f g\u00fcn\u00fc<\/p>\n\n\n\n<div style=\"height:50px\" aria-hidden=\"true\" class=\"wp-block-spacer\"><\/div>\n\n\n\n<h2 class=\"wp-block-heading has-text-align-center\">\u00f6demek<\/h2>\n\n\n\n<h4 class=\"wp-block-heading has-text-align-center\">\u00d6deme metodlar\u0131<\/h4>\n\n\n\n<p class=\"has-text-align-center\">PAYPAL ile \u00f6n \u00f6deme yapmak veya sipari\u015finizin \u00f6demesini Western Union ile yapmak i\u00e7in \u00f6deme sayfas\u0131n\u0131 ziyaret edin.<\/p>\n\n\n\n<p class=\"has-text-align-center\"><strong>A. \u00d6deme sayfas\u0131na gidin ve PAYPAL ile \u00f6n \u00f6deme yap\u0131n<\/strong><br\/>1. Be\u011fendi\u011finiz \u00fcr\u00fcn\u00fc sepetinize ekleyin<br\/>2. \u00dcr\u00fcn miktar\u0131n\u0131 g\u00f6r\u00fcnt\u00fclemek ve onaylamak i\u00e7in sa\u011f \u00fcst k\u00f6\u015fedeki sepet d\u00fc\u011fmesine t\u0131klay\u0131n.<br\/>3. \u00d6deme sayfas\u0131na girmek, teslimat adresinizi, e-posta adresinizi ve di\u011fer bilgileri sa\u011flamak i\u00e7in sipari\u015f d\u00fc\u011fmesini t\u0131klay\u0131n.<br\/>4. Sipari\u015f tutar\u0131n\u0131 PayPal arac\u0131l\u0131\u011f\u0131yla \u00f6deyin<br\/>5. Al\u0131\u015fveri\u015f tamamland\u0131, mallar\u0131n toplanmas\u0131 bekleniyor<\/p>\n\n\n\n<p class=\"has-text-align-center\"><strong>B. Sipari\u015finiz i\u00e7in Western Union \u00f6demesi<\/strong><br\/>1. E-posta yoluyla ileti\u015fim, \u00fcr\u00fcn ve miktar\u0131n yan\u0131 s\u0131ra teslim alma adresi gibi bilgileri de gerektirir<br\/>2. Sipari\u015f tutar\u0131n\u0131 \u00f6demek i\u00e7in havale yap\u0131n<br\/>3. Al\u0131\u015fveri\u015f tamamland\u0131, mallar\u0131n toplanmas\u0131 bekleniyor<\/p>\n\n\n\n<h4 class=\"wp-block-heading has-text-align-center\">Destek para birimi<\/h4>\n\n\n\n<p class=\"has-text-align-center\">A\u015fa\u011f\u0131daki para birimlerinden herhangi birini kabul ediyoruz, b\u00f6ylece \u00f6deme yaparken size en uygun para birimini se\u00e7ebilirsiniz.<\/p>\n\n\n\n<p class=\"has-text-align-center\">Yeni Tayvan Dolar\u0131 (NT$) &#8211; TWD<br\/>Polonya zlotisi (PLN) &#8211; PLN<br\/>ABD Dolar\u0131 (ABD) ($) &#8211; USD<br\/>\u0130ngiliz sterlini (\u00a3) &#8211; GBP<br\/>Euro (\u20ac) &#8211; Euro<br\/>Japon yeni (\u00a5) &#8211; JPY<br\/>Kanada dolar\u0131 ($) &#8211; CAD<br\/>\u00c7ek korunas\u0131 (K\u010d) &#8211; CZK<br\/>Meksika pesosu ($) &#8211; MXN<\/p>\n\n\n\n<div style=\"height:50px\" aria-hidden=\"true\" class=\"wp-block-spacer\"><\/div>\n\n\n\n<h2 class=\"wp-block-heading has-text-align-center\">30 g\u00fcnl\u00fck iade politikas\u0131<\/h2>\n\n\n\n<h4 class=\"wp-block-heading has-text-align-center\">iade politikasi<\/h4>\n\n\n\n<p class=\"has-text-align-center\">30 g\u00fcnl\u00fck iade politikam\u0131z var; bu, \u00fcr\u00fcn\u00fcn\u00fcz\u00fc ald\u0131ktan sonra 30 g\u00fcn i\u00e7inde iade talebinde bulunabilece\u011finiz anlam\u0131na gelir.<\/p>\n\n\n\n<p class=\"has-text-align-center\">\u0130adeye hak kazanabilmeniz i\u00e7in \u00fcr\u00fcn\u00fcn, ald\u0131\u011f\u0131n\u0131z \u00fcr\u00fcnle ayn\u0131 durumda olmas\u0131, giyilmemi\u015f veya kullan\u0131lmam\u0131\u015f olmas\u0131 ve orijinal ambalaj\u0131nda olmas\u0131 gerekir. Ayr\u0131ca bir makbuz veya sat\u0131n alma belgesine de ihtiyac\u0131n\u0131z olacak. <\/p>\n\n\n\n<p class=\"has-text-align-center\">\u0130ade i\u015flemini ba\u015flatmak i\u00e7in <strong>tyditiao@gmail.com<\/strong> adresinden bizimle ileti\u015fime ge\u00e7ebilirsiniz. \u0130adeniz kabul edilirse paketinizi nas\u0131l ve nereye g\u00f6nderece\u011finize ili\u015fkin talimatlar\u0131n yer ald\u0131\u011f\u0131 bir iade etiketi g\u00f6nderece\u011fiz. \u0130ade talebi yap\u0131lmadan taraf\u0131m\u0131za iade edilen \u00fcr\u00fcnler kabul edilmeyecektir.  <\/p>\n\n\n\n<p class=\"has-text-align-center\">\u0130ade sorunlar\u0131n\u0131z i\u00e7in bizimle her zaman <strong>tiditiao@gmail.com<\/strong> adresinden ileti\u015fime ge\u00e7ebilirsiniz.<\/p>\n\n\n\n<h4 class=\"wp-block-heading has-text-align-center\">hasar ve sorunlar<\/h4>\n\n\n\n<p class=\"has-text-align-center\">L\u00fctfen sipari\u015finizi ald\u0131ktan sonra kontrol edin, e\u011fer \u00fcr\u00fcn hasarl\u0131ysa, kusurluysa veya yanl\u0131\u015f \u00fcr\u00fcn\u00fc ald\u0131ysan\u0131z, l\u00fctfen hemen bizimle ileti\u015fime ge\u00e7in (<a href=\"https:\/\/tyditiao.com\/tr\/temas-etmek\/\">bize ula\u015f\u0131n<\/a>), b\u00f6ylece sorunu bulup hemen d\u00fczeltebiliriz.<\/p>\n\n\n\n<h4 class=\"wp-block-heading has-text-align-center\">de\u011fi\u015fme<\/h4>\n\n\n\n<p class=\"has-text-align-center\">\u0130stedi\u011finizi ald\u0131\u011f\u0131n\u0131zdan emin olman\u0131n en h\u0131zl\u0131 yolu, halihaz\u0131rda sahip oldu\u011funuz \u00fcr\u00fcn\u00fc iade etmek ve iadeniz kabul edildikten sonra yeni \u00fcr\u00fcn\u00fc ayr\u0131 olarak sat\u0131n almakt\u0131r.<\/p>\n\n\n\n<h4 class=\"wp-block-heading has-text-align-center\">geri d\u00f6nmek<\/h4>\n\n\n\n<p class=\"has-text-align-center\">\u0130adeniz al\u0131n\u0131p incelendikten sonra sizi bilgilendirece\u011fiz ve geri \u00f6demeniz otomatik olarak orijinal \u00f6deme y\u00f6nteminize iade edilecektir. Ancak bankan\u0131z\u0131n veya kredi kart\u0131 \u015firketinizin ters ibraz i\u015flemini ger\u00e7ekle\u015ftirip ger\u00e7ekle\u015ftirmesi biraz zaman alabilir. <\/p>\n<\/div>\n\n\n\n<div class=\"wp-block-column is-layout-flow wp-block-column-is-layout-flow\" style=\"flex-basis:10%\"><\/div>\n<\/div>\n\n<p><\/p>\n","protected":false},"excerpt":{"rendered":"<p>SATTI\u011eIMIZ BAL\u0130ST\u0130K KASKLAR SSS Fiziksel bir fabrikan\u0131z var m\u0131? Evet! Fiziki fabrikam\u0131z mevcut olup 6 y\u0131ld\u0131r Avrupal\u0131 ve Amerikal\u0131 kask&#8230;<\/p>\n","protected":false},"author":1,"featured_media":0,"parent":0,"menu_order":0,"comment_status":"closed","ping_status":"closed","template":"","meta":{"footnotes":""},"class_list":["post-12882","page","type-page","status-publish","hentry"],"_links":{"self":[{"href":"http:\/\/tyditiao.com\/tr\/wp-json\/wp\/v2\/pages\/12882","targetHints":{"allow":["GET"]}}],"collection":[{"href":"http:\/\/tyditiao.com\/tr\/wp-json\/wp\/v2\/pages"}],"about":[{"href":"http:\/\/tyditiao.com\/tr\/wp-json\/wp\/v2\/types\/page"}],"author":[{"embeddable":true,"href":"http:\/\/tyditiao.com\/tr\/wp-json\/wp\/v2\/users\/1"}],"replies":[{"embeddable":true,"href":"http:\/\/tyditiao.com\/tr\/wp-json\/wp\/v2\/comments?post=12882"}],"version-history":[{"count":2,"href":"http:\/\/tyditiao.com\/tr\/wp-json\/wp\/v2\/pages\/12882\/revisions"}],"predecessor-version":[{"id":16411,"href":"http:\/\/tyditiao.com\/tr\/wp-json\/wp\/v2\/pages\/12882\/revisions\/16411"}],"wp:attachment":[{"href":"http:\/\/tyditiao.com\/tr\/wp-json\/wp\/v2\/media?parent=12882"}],"curies":[{"name":"wp","href":"https:\/\/api.w.org\/{rel}","templated":true}]}}