{"id":13204,"date":"2022-10-12T08:35:45","date_gmt":"2022-10-12T06:35:45","guid":{"rendered":"http:\/\/tyditiao.com\/product\/seffaf-balistik-maske-nij-iiia-her-iki-tarafinda-ray-bulunan-kasklar-icin-cikarilabilir\/"},"modified":"2025-03-17T13:37:48","modified_gmt":"2025-03-17T11:37:48","slug":"seffaf-kursun-gecirmez-maske-nij-iiia-cikarilabilir-icin-migfer-ile-rayli-her-iki-tarafta-wendy-fast-vb","status":"publish","type":"product","link":"http:\/\/tyditiao.com\/tr\/urun\/seffaf-kursun-gecirmez-maske-nij-iiia-cikarilabilir-icin-migfer-ile-rayli-her-iki-tarafta-wendy-fast-vb\/","title":{"rendered":"\u015eeffaf balistik maske NIJ IIIA, her iki taraf\u0131nda ray bulunan kasklar i\u00e7in \u00e7\u0131kar\u0131labilir"},"content":{"rendered":"<p>\u00c7\u0131kar\u0131labilir Balistik Maske, bir balistik mi\u011ffere tak\u0131lan yeni bir s\u0131n\u0131f IIIA balistik maskesidir.<\/p>\n<p>Bu \u00fcr\u00fcn \u00e7ift tarafl\u0131 rayl\u0131 kasklar i\u00e7in uygundur. \u00d6rne\u011fin: WENDY, FAST, vb.<\/p>\n<p>Koruma s\u0131n\u0131f\u0131: NIJ IIIA seviyesi<\/p>\n<p>A\u011f\u0131rl\u0131k: 1,50 kg (3,31 lb)<\/p>\n<p>Malzeme: PC, PMMA, vb.<\/p>\n<p>Boyut: 350mm(L)*145mm(Y)<\/p>\n<p>Maske kal\u0131nl\u0131\u011f\u0131: 22mm<\/p>\n<p>Parlakl\u0131k: %83,9<\/p>\n<p>Ge\u00e7erlilik: 5 y\u0131l<\/p>\n<p>Kur\u015fun ge\u00e7irmez kaska ihtiyac\u0131n\u0131z varsa, l\u00fctfen sat\u0131n almak i\u00e7in ma\u011fazam\u0131za gidin. Te\u015fekk\u00fcrler!<\/p>\n<p>Paketleme Detaylar\u0131: 1 * Kur\u015fun ge\u00e7irmez y\u00fcz siperi (kask dahil de\u011fildir)<\/p>\n","protected":false},"excerpt":{"rendered":"<p>Ana malzeme, y\u00fcksek \u00e7\u00f6z\u00fcn\u00fcrl\u00fckl\u00fc, s\u0131\u00e7ramas\u0131z, iyi kur\u015fun ge\u00e7irmez etkiye sahip, y\u00fcksek kaliteli \u015feffaf polikarbonat re\u00e7ine PC ve akrilik panel sandvi\u00e7 tipi kompozit malzemeden yap\u0131lm\u0131\u015ft\u0131r.<\/p>\n<p>Kur\u015fun ge\u00e7irmez maske braketi, farkl\u0131 a\u00e7\u0131lara sabit bir \u015fekilde ayarlanabilen \u00e7elikten ve y\u00fcksek mukavemetli malzemelerden yap\u0131lm\u0131\u015ft\u0131r.<\/p>\n<p>Lojistik sa\u011flay\u0131c\u0131larla derin bir i\u015fbirli\u011fi yapt\u0131k ve \u00fcr\u00fcnlerin hemen hemen her \u00fclke ve b\u00f6lgeye teslimat\u0131n\u0131 garanti edebiliyoruz ve fabrika web sitemizden sipari\u015f edilen t\u00fcm \u00fcr\u00fcnler posta \u00fccretine tabi de\u011fil.<\/p>\n","protected":false},"featured_media":11725,"comment_status":"open","ping_status":"closed","template":"","meta":[],"product_brand":[],"product_cat":[605],"product_tag":[],"woo-feed-brand":[50],"class_list":{"0":"post-13204","1":"product","2":"type-product","3":"status-publish","4":"has-post-thumbnail","6":"product_cat-balistik-maske","7":"product_shipping_class-0-3-kilo","8":"woo-feed-brand-tyditiao","10":"first","11":"instock","12":"sale","13":"shipping-taxable","14":"purchasable","15":"product-type-simple"},"_links":{"self":[{"href":"http:\/\/tyditiao.com\/tr\/wp-json\/wp\/v2\/product\/13204","targetHints":{"allow":["GET"]}}],"collection":[{"href":"http:\/\/tyditiao.com\/tr\/wp-json\/wp\/v2\/product"}],"about":[{"href":"http:\/\/tyditiao.com\/tr\/wp-json\/wp\/v2\/types\/product"}],"replies":[{"embeddable":true,"href":"http:\/\/tyditiao.com\/tr\/wp-json\/wp\/v2\/comments?post=13204"}],"wp:featuredmedia":[{"embeddable":true,"href":"http:\/\/tyditiao.com\/tr\/wp-json\/wp\/v2\/media\/11725"}],"wp:attachment":[{"href":"http:\/\/tyditiao.com\/tr\/wp-json\/wp\/v2\/media?parent=13204"}],"wp:term":[{"taxonomy":"product_brand","embeddable":true,"href":"http:\/\/tyditiao.com\/tr\/wp-json\/wp\/v2\/product_brand?post=13204"},{"taxonomy":"product_cat","embeddable":true,"href":"http:\/\/tyditiao.com\/tr\/wp-json\/wp\/v2\/product_cat?post=13204"},{"taxonomy":"product_tag","embeddable":true,"href":"http:\/\/tyditiao.com\/tr\/wp-json\/wp\/v2\/product_tag?post=13204"},{"taxonomy":"woo-feed-brand","embeddable":true,"href":"http:\/\/tyditiao.com\/tr\/wp-json\/wp\/v2\/woo-feed-brand?post=13204"}],"curies":[{"name":"wp","href":"https:\/\/api.w.org\/{rel}","templated":true}]}}