{"id":13977,"date":"2022-10-21T05:22:48","date_gmt":"2023-05-22T15:55:44","guid":{"rendered":"http:\/\/tyditiao.com\/product\/kursun-gecirmez-celik-nij-iii-5mm-2-6kg-kursun-gecirmez-gogus-plakasi-250x300mm\/"},"modified":"2023-05-22T17:55:44","modified_gmt":"2023-05-22T15:55:44","slug":"kursun-gecirmez-celik-nij-seviye-iii-5mm-2-6kg-bustiyer-kursun-gecirmez-250x300mm","status":"publish","type":"product","link":"http:\/\/tyditiao.com\/tr\/urun\/kursun-gecirmez-celik-nij-seviye-iii-5mm-2-6kg-bustiyer-kursun-gecirmez-250x300mm\/","title":{"rendered":"Kur\u015fun Ge\u00e7irmez \u00c7elik, NIJ III, 5MM, 2.6KG, Kur\u015fun Ge\u00e7irmez G\u00f6\u011f\u00fcs Plakas\u0131, 250X300MM"},"content":{"rendered":"<p>A\u011f\u0131rl\u0131k: 2,6 kg<br \/>\nMalzeme: kur\u015fun ge\u00e7irmez \u00e7elik;<br \/>\nKal\u0131nl\u0131k: 5MM<br \/>\nKoruma s\u0131n\u0131f\u0131: NIJ III s\u0131n\u0131f\u0131 (GA5)<\/p>\n<p>Boyut: 25cm * 30cm<br \/>\n\u015eekil: Yamuk (K\u00f6\u015feleri pahl\u0131 yamuk levha)<\/p>\n<p>Paket listesi:<br \/>\n1 x Trapez Kur\u015fun Ge\u00e7irmez Plaka.<\/p>\n<p>Fark etme:<br \/>\nYans\u0131t\u0131c\u0131 yelek dahil de\u011fildir<\/p>\n<p>Kullan\u0131c\u0131lar: aile savunmas\u0131, riskle ilgili personel, banka para birimi savunmas\u0131, yabanc\u0131 askeri personel, yabanc\u0131 silahl\u0131 \u00e7at\u0131\u015fma personeli, g\u00fcvenlik personeli, denizciler, s\u0131n\u0131r muhaf\u0131zlar\u0131 vb.<\/p>\n","protected":false},"excerpt":{"rendered":"<p>\u00d6zel kur\u015fun ge\u00e7irmez \u00e7elik levhadan yap\u0131lm\u0131\u015ft\u0131r: ince ve hafif olman\u0131n avantaj\u0131 ile ayn\u0131 seviyede koruma.<\/p>\n<p>Tampon tabakas\u0131: Her kur\u015fun ge\u00e7irmez plakan\u0131n i\u00e7inde, bombaland\u0131ktan sonra insan v\u00fccudu \u00fczerindeki etkiyi etkili bir \u015fekilde azaltabilen, darbeye dayan\u0131kl\u0131 EVA pamuklu ped tabakas\u0131 vard\u0131r.<\/p>\n<p>\u00c7ift kemerli tasar\u0131m: Tahtan\u0131n sa\u011f ve sol taraf\u0131nda ergonomik prensiplere g\u00f6re mekanik \u00fct\u00fcleme, kemerli kenarlar\u0131n v\u00fccuda tam oturmas\u0131n\u0131 sa\u011flar.<\/p>\n<p>Uygulama: G\u00fcvenlik i\u00e7in taktik yelekler, ceketler, balistik s\u0131rt \u00e7antalar\u0131, \u00e7e\u015fitli v\u00fccut z\u0131rhlar\u0131 vb. ile kullan\u0131n.<\/p>\n","protected":false},"featured_media":11991,"comment_status":"open","ping_status":"closed","template":"","meta":[],"product_brand":[],"product_cat":[879],"product_tag":[],"woo-feed-brand":[50],"class_list":{"0":"post-13977","1":"product","2":"type-product","3":"status-publish","4":"has-post-thumbnail","6":"product_cat-kursun-gecirmez-gogus-plakasi","7":"woo-feed-brand-tyditiao","9":"first","10":"instock","11":"sale","12":"shipping-taxable","13":"purchasable","14":"product-type-simple"},"_links":{"self":[{"href":"http:\/\/tyditiao.com\/tr\/wp-json\/wp\/v2\/product\/13977","targetHints":{"allow":["GET"]}}],"collection":[{"href":"http:\/\/tyditiao.com\/tr\/wp-json\/wp\/v2\/product"}],"about":[{"href":"http:\/\/tyditiao.com\/tr\/wp-json\/wp\/v2\/types\/product"}],"replies":[{"embeddable":true,"href":"http:\/\/tyditiao.com\/tr\/wp-json\/wp\/v2\/comments?post=13977"}],"wp:featuredmedia":[{"embeddable":true,"href":"http:\/\/tyditiao.com\/tr\/wp-json\/wp\/v2\/media\/11991"}],"wp:attachment":[{"href":"http:\/\/tyditiao.com\/tr\/wp-json\/wp\/v2\/media?parent=13977"}],"wp:term":[{"taxonomy":"product_brand","embeddable":true,"href":"http:\/\/tyditiao.com\/tr\/wp-json\/wp\/v2\/product_brand?post=13977"},{"taxonomy":"product_cat","embeddable":true,"href":"http:\/\/tyditiao.com\/tr\/wp-json\/wp\/v2\/product_cat?post=13977"},{"taxonomy":"product_tag","embeddable":true,"href":"http:\/\/tyditiao.com\/tr\/wp-json\/wp\/v2\/product_tag?post=13977"},{"taxonomy":"woo-feed-brand","embeddable":true,"href":"http:\/\/tyditiao.com\/tr\/wp-json\/wp\/v2\/woo-feed-brand?post=13977"}],"curies":[{"name":"wp","href":"https:\/\/api.w.org\/{rel}","templated":true}]}}