{"id":14121,"date":"2022-10-18T05:26:18","date_gmt":"2022-10-18T03:26:18","guid":{"rendered":"http:\/\/tyditiao.com\/product\/dis-taktik-hizli-cikarma-yelegi-2xpe-iiia-10x12-kursun-gecirmez-plakali-cs-taktik-yelek\/"},"modified":"2025-03-17T13:38:23","modified_gmt":"2025-03-17T11:38:23","slug":"zewnetrzna-kursun-gecirmez-plakali-hizli-birakma-taktik-yelek-ile-taktik-yelek-cs-2xpe-iiia-10x12","status":"publish","type":"product","link":"http:\/\/tyditiao.com\/tr\/urun\/zewnetrzna-kursun-gecirmez-plakali-hizli-birakma-taktik-yelek-ile-taktik-yelek-cs-2xpe-iiia-10x12\/","title":{"rendered":"D\u0131\u015f Taktik H\u0131zl\u0131 \u00c7\u0131karma Yele\u011fi, 2XPE IIIA 10&#215;12 Kur\u015fun Ge\u00e7irmez Plakal\u0131 CS Taktik Yelek"},"content":{"rendered":"<p>Bu \u00fcr\u00fcn\u00fcn yanlar\u0131 ve omuzlar\u0131 Velcro ile ayarlanabilir, b\u00f6ylece her beden kullan\u0131c\u0131 onu giyebilir.<br \/>\n\u0130\u00e7 katman: y\u00fcksek mukavemetli malzeme, su ge\u00e7irmez, uzun \u00f6m\u00fcrl\u00fc ve kararl\u0131.<br \/>\nD\u0131\u015f Katman: Oxford, Pamuk veya Naylon, A\u015f\u0131nmaya Dayan\u0131kl\u0131, Leke Tutmaz ve Dayan\u0131kl\u0131.<br \/>\nCeket, ekstra koruma i\u00e7in balistik ekler ile donat\u0131labilir.<\/p>\n<p>Savunma seviyesi: Varsay\u0131lan PE kur\u015fun ge\u00e7irmez levha, NIJIIIA,<br \/>\nKoruma par\u00e7as\u0131: UHMW-PE<br \/>\nKal\u0131nl\u0131k:\uff5e8mm\/\uff5e0.3&#8242;<br \/>\nGe\u00e7erlilik: 5 y\u0131l<br \/>\nKar\u015f\u0131 savunulabilecek mermi t\u00fcrleri:<br \/>\n9 mm Tam Metal K\u0131l\u0131f (FMJ) \/ Yuvarlak Ba\u015f (RN)<br \/>\n.44 \u00dcniversal K\u0131l\u0131f \u0130\u00e7i Bo\u015f Nokta (JHP)<\/p>\n<p>Hedef kullan\u0131c\u0131lar:<br \/>\nGizli NIJ S\u0131n\u0131f IIIA kur\u015fun ge\u00e7irmez yelekler, silahla ilgili tehlikelere kar\u015f\u0131 koruma sa\u011flar. Ve daha fazla aksesuara sahiptir ve daha geni\u015f bir alan\u0131 kaplar. Yanlarda ve omuzlarda c\u0131rt c\u0131rtla beden ayarlanabilir. \u00dcr\u00fcnlerimiz silahl\u0131 kuvvetler, SWAT te\u015fkilatlar\u0131, i\u00e7 g\u00fcvenlik te\u015fkilatlar\u0131, g\u00fcmr\u00fck ve s\u0131n\u0131r koruma te\u015fkilatlar\u0131, g\u00f6\u00e7menlik kontrol te\u015fkilatlar\u0131 ve ate\u015fli silah riski ta\u015f\u0131yan di\u011fer te\u015fkilatlar ile donat\u0131labilir. \u0130nsanlar daha iyi sonu\u00e7lar al\u0131yor ve daha az ma\u011fdur oluyor.<\/p>\n","protected":false},"excerpt":{"rendered":"<p>H\u0131zl\u0131 serbest b\u0131rakma i\u015flemini ger\u00e7ekle\u015ftirin: Bel h\u0131zl\u0131 serbest b\u0131rakma tokas\u0131n\u0131n kullan\u0131m\u0131 kolayd\u0131r.<\/p>\n<p>Geni\u015f Depolama Alan\u0131: Yerle\u015fik saklama cebi ve yard\u0131mc\u0131 cep, ihtiya\u00e7lar\u0131n\u0131za g\u00f6re tak\u0131labilir veya \u00e7\u0131kar\u0131labilir.<\/p>\n<p>\u00d6n ve arka NIJ IIIA kur\u015fun ge\u00e7irmez plakalarla donat\u0131lm\u0131\u015ft\u0131r: tabanca mermisi tehdidiyle ba\u015fa \u00e7\u0131kabilir.<\/p>\n<p>AYARLANAB\u0130L\u0130R BOYUT: Yanlarda ve omuzlarda Velcro ile ayarlanabilir boyut.<\/p>\n","protected":false},"featured_media":11801,"comment_status":"open","ping_status":"closed","template":"","meta":[],"product_brand":[],"product_cat":[865],"product_tag":[],"woo-feed-brand":[50],"class_list":{"0":"post-14121","1":"product","2":"type-product","3":"status-publish","4":"has-post-thumbnail","6":"product_cat-taktik-yelek","7":"woo-feed-brand-tyditiao","9":"first","10":"instock","11":"sale","12":"shipping-taxable","13":"purchasable","14":"product-type-simple"},"_links":{"self":[{"href":"http:\/\/tyditiao.com\/tr\/wp-json\/wp\/v2\/product\/14121","targetHints":{"allow":["GET"]}}],"collection":[{"href":"http:\/\/tyditiao.com\/tr\/wp-json\/wp\/v2\/product"}],"about":[{"href":"http:\/\/tyditiao.com\/tr\/wp-json\/wp\/v2\/types\/product"}],"replies":[{"embeddable":true,"href":"http:\/\/tyditiao.com\/tr\/wp-json\/wp\/v2\/comments?post=14121"}],"wp:featuredmedia":[{"embeddable":true,"href":"http:\/\/tyditiao.com\/tr\/wp-json\/wp\/v2\/media\/11801"}],"wp:attachment":[{"href":"http:\/\/tyditiao.com\/tr\/wp-json\/wp\/v2\/media?parent=14121"}],"wp:term":[{"taxonomy":"product_brand","embeddable":true,"href":"http:\/\/tyditiao.com\/tr\/wp-json\/wp\/v2\/product_brand?post=14121"},{"taxonomy":"product_cat","embeddable":true,"href":"http:\/\/tyditiao.com\/tr\/wp-json\/wp\/v2\/product_cat?post=14121"},{"taxonomy":"product_tag","embeddable":true,"href":"http:\/\/tyditiao.com\/tr\/wp-json\/wp\/v2\/product_tag?post=14121"},{"taxonomy":"woo-feed-brand","embeddable":true,"href":"http:\/\/tyditiao.com\/tr\/wp-json\/wp\/v2\/woo-feed-brand?post=14121"}],"curies":[{"name":"wp","href":"https:\/\/api.w.org\/{rel}","templated":true}]}}