{"id":14142,"date":"2022-10-11T12:39:23","date_gmt":"2022-10-11T10:39:23","guid":{"rendered":"http:\/\/tyditiao.com\/product\/kevlar-nij-iiia-kursun-gecirmez-yarim-maske-taktik-kursun-gecirmez-kask-icin-aramid-kursun-gecirmez-yuz-maskesi\/"},"modified":"2025-03-17T13:37:18","modified_gmt":"2025-03-17T11:37:18","slug":"balistik-kevlar-nij-iiia-aramid-balistik-maske-ile-taktik-balistik-kask-wendy-quick-michigan-fit","status":"publish","type":"product","link":"http:\/\/tyditiao.com\/tr\/urun\/balistik-kevlar-nij-iiia-aramid-balistik-maske-ile-taktik-balistik-kask-wendy-quick-michigan-fit\/","title":{"rendered":"Kevlar NIJ IIIA Kur\u015fun Ge\u00e7irmez Yar\u0131m Maske, Taktik Kur\u015fun Ge\u00e7irmez Kask i\u00e7in Aramid Kur\u015fun Ge\u00e7irmez Y\u00fcz Maskesi"},"content":{"rendered":"<p>A\u011f\u0131rl\u0131k: 0,68 kg<\/p>\n<p>Malzeme: Aramid<\/p>\n<p>Kal\u0131nl\u0131k: 8 mm kal\u0131nl\u0131\u011f\u0131nda aramid ve 1 mm kaplama<\/p>\n<p>Koruma s\u0131n\u0131f\u0131: NIJ 0101.06 seviye IIIA<\/p>\n<p>Boyut: Tek beden herkese uyar<\/p>\n<p>Ge\u00e7erlilik: 5 y\u0131l<\/p>\n<p>Uygulanabilir senaryolar: ev korumas\u0131, g\u00fcvenlik, polis te\u00e7hizat\u0131, ger\u00e7ek sava\u015f, cosplay<\/p>\n<p>\u0130stek \u00fczerine OEM\/ODM hizmeti mevcuttur<\/p>\n<p>&nbsp;<\/p>\n<p>Ambalaj Listesi: 1X Yar\u0131m Y\u00fcz Kur\u015fun Ge\u00e7irmez Maske<\/p>\n","protected":false},"excerpt":{"rendered":"<p>Malzeme: Mermi tehdidini en aza indirmek i\u00e7in \u00e7elikten 15 kat daha g\u00fc\u00e7l\u00fc olan geli\u015fmi\u015f hafif Kevlar liflerinden yap\u0131lm\u0131\u015ft\u0131r<\/p>\n<p>E\u015fsiz Ergonomik Tasar\u0131m: 6 noktal\u0131 ayarlanabilir naylon kafa band\u0131 ve ekstra dolgu, her kafa \u015fekline uyar ve ta\u015f\u0131ma konforunu art\u0131r\u0131r<\/p>\n<p>\u0130yi uyarlanabilirlik: FAST, WENDY, MICH ve di\u011fer kur\u015fun ge\u00e7irmez kasklarla birlikte kullan\u0131labilir ve kullan\u0131c\u0131n\u0131n y\u00fcz\u00fcn\u00fc tamamen kaplar<\/p>\n<p>Uygulanabilir kullan\u0131mlar: ev korumas\u0131, askeriye, tehlikeli operasyonlarla u\u011fra\u015fan personel, saha e\u011fitimi, korumalar, yabanc\u0131 silahl\u0131 \u00e7at\u0131\u015fma b\u00f6lgelerinde tehlikeli operasyonlarla u\u011fra\u015fan personel<\/p>\n","protected":false},"featured_media":11573,"comment_status":"open","ping_status":"closed","template":"","meta":[],"product_brand":[],"product_cat":[605],"product_tag":[],"woo-feed-brand":[50],"class_list":{"0":"post-14142","1":"product","2":"type-product","3":"status-publish","4":"has-post-thumbnail","6":"product_cat-balistik-maske","7":"product_shipping_class-0-3-kilo","8":"woo-feed-brand-tyditiao","10":"first","11":"instock","12":"sale","13":"shipping-taxable","14":"purchasable","15":"product-type-simple"},"_links":{"self":[{"href":"http:\/\/tyditiao.com\/tr\/wp-json\/wp\/v2\/product\/14142","targetHints":{"allow":["GET"]}}],"collection":[{"href":"http:\/\/tyditiao.com\/tr\/wp-json\/wp\/v2\/product"}],"about":[{"href":"http:\/\/tyditiao.com\/tr\/wp-json\/wp\/v2\/types\/product"}],"replies":[{"embeddable":true,"href":"http:\/\/tyditiao.com\/tr\/wp-json\/wp\/v2\/comments?post=14142"}],"wp:featuredmedia":[{"embeddable":true,"href":"http:\/\/tyditiao.com\/tr\/wp-json\/wp\/v2\/media\/11573"}],"wp:attachment":[{"href":"http:\/\/tyditiao.com\/tr\/wp-json\/wp\/v2\/media?parent=14142"}],"wp:term":[{"taxonomy":"product_brand","embeddable":true,"href":"http:\/\/tyditiao.com\/tr\/wp-json\/wp\/v2\/product_brand?post=14142"},{"taxonomy":"product_cat","embeddable":true,"href":"http:\/\/tyditiao.com\/tr\/wp-json\/wp\/v2\/product_cat?post=14142"},{"taxonomy":"product_tag","embeddable":true,"href":"http:\/\/tyditiao.com\/tr\/wp-json\/wp\/v2\/product_tag?post=14142"},{"taxonomy":"woo-feed-brand","embeddable":true,"href":"http:\/\/tyditiao.com\/tr\/wp-json\/wp\/v2\/woo-feed-brand?post=14142"}],"curies":[{"name":"wp","href":"https:\/\/api.w.org\/{rel}","templated":true}]}}