{"id":16825,"date":"2025-04-17T09:25:14","date_gmt":"2025-04-17T07:25:14","guid":{"rendered":"https:\/\/tyditiao.com\/product\/wendys-zorbium-astari-ve-cam-fit-suspansiyon-sistemiyle-fast-balistik-kask-nij-iiia-koruma-seviyesi\/"},"modified":"2025-04-21T14:10:53","modified_gmt":"2025-04-21T12:10:53","slug":"wendys-zorbium-astari-ve-cam-fit-suspansiyon-sistemiyle-fast-balistik-kask-nij-iiia-koruma-seviyesi","status":"publish","type":"product","link":"http:\/\/tyditiao.com\/tr\/urun\/wendys-zorbium-astari-ve-cam-fit-suspansiyon-sistemiyle-fast-balistik-kask-nij-iiia-koruma-seviyesi\/","title":{"rendered":"Wendy&#8217;s Zorbium astar\u0131 ve CAM FIT s\u00fcspansiyon sistemiyle FAST balistik kask, NIJ IIIA koruma seviyesi"},"content":{"rendered":"<p><strong>\u00d6zel Notlar:<\/strong><\/p>\n<p>Y\u00fcksek kaliteli i\u015f\u00e7ili\u011fi en y\u00fcksek konforla birle\u015ftiren yeni amiral gemisi modelimiz. Aksi belirtilmedi\u011fi takdirde varsay\u0131lan konfig\u00fcrasyon \u015fu \u015fekildedir: L beden, ye\u015fil, Zorbium k\u00f6p\u00fck astarl\u0131 ve CAM FIT s\u00fcspansiyon sistemli FAST kur\u015fun ge\u00e7irmez kask, NIJ IIIA koruma seviyesi. Ayr\u0131ca, se\u00e7im yapabilece\u011finiz geni\u015f bir renk (ye\u015fil, kum, siyah) ve beden (S, M, L, XL) yelpazesi sunuyoruz.<\/p>\n<p>Nerede olursan\u0131z olun, bu link \u00fczerinden sipari\u015finizi do\u011frudan verebilir ve sorunsuz bir \u015fekilde sat\u0131n alma i\u015fleminizi ger\u00e7ekle\u015ftirebilirsiniz. Sipari\u015f notlar\u0131n\u0131za istedi\u011finiz \u00f6l\u00e7\u00fc ve rengi belirtmeniz yeterli (\u00f6rne\u011fin: XL-siyah) ve hayalinizdeki ekipmana kavu\u015fun. Di\u011fer renk ve ebat se\u00e7imlerinizde herhangi bir ek \u00fccret talep etmiyoruz.<\/p>\n<hr \/>\n<p><strong>Savunma Seviyesi:<\/strong><\/p>\n<p>Bu kur\u015fun ge\u00e7irmez kask, NIJ 0101.06 standard\u0131na g\u00f6re NIJ Seviye IIIA kur\u015fun ge\u00e7irmez kaskt\u0131r. \u0130lgili test raporlar\u0131 sa\u011flanabilir.<\/p>\n<hr \/>\n<p><strong>Savunma mermi parametreleri:<\/strong><\/p>\n<p>.44 Mag SJHP<br \/>\n.357 SIG FMJ FN<br \/>\n9mm FMJ RN<br \/>\n.357 Mag JSP<br \/>\n.40 S&amp;W FMJ<\/p>\n<p>Ayr\u0131ca \u00e7o\u011fu ate\u015fli silah tehdidine, ayr\u0131ca S\u0131n\u0131f IIA ve II tehditlere kar\u015f\u0131 koruma sa\u011flar.<\/p>\n<hr \/>\n<p><strong>Kur\u015fun ge\u00e7irmez kask parametreleri:<\/strong><\/p>\n<p>Ad\u0131: NIJ lllA FAST askeri kur\u015fun ge\u00e7irmez taktik kask, Wendy Zorbium k\u00f6p\u00fck astarl\u0131 ve CAM FIT s\u00fcspansiyon sistemli Kevlar malzemeden \u00fcretilmi\u015ftir<\/p>\n<p>Malzeme: y\u00fcksek mukavemetli DuPont Kevlar-aramid elyaf<br \/>\nBeden: S, M, L, XL<br \/>\nRenk: ye\u015fil, kum, siyah<br \/>\nOpsiyonel aksesuarlar: kur\u015fun ge\u00e7irmez maske vb.<br \/>\nGaranti s\u00fcresi: 5 y\u0131ll\u0131k garanti s\u00fcresi yeterli koruma yetene\u011fine sahip olabilir, ancak garanti s\u00fcresini a\u015farsa<br \/>\nYa\u015fam kalitesi, koruma yetene\u011fini azaltacakt\u0131r.<\/p>\n<p>&nbsp;<\/p>\n<hr \/>\n<p><strong>Kur\u015fun ge\u00e7irmez kasklar\u0131n detaylar\u0131 ve boyut kar\u015f\u0131la\u015ft\u0131rmas\u0131:<\/strong><\/p>\n<p>&nbsp;<\/p>\n<table style=\"border-collapse: collapse;\" border=\"1\" cellspacing=\"0\" cellpadding=\"5\">\n<thead>\n<tr>\n<th>Balistik Kask Kask Boyutu<\/th>\n<th>S<\/th>\n<th>M<\/th>\n<th>L<\/th>\n<th>XL<\/th>\n<\/tr>\n<\/thead>\n<tbody>\n<tr>\n<td>Kaplama kal\u0131nl\u0131\u011f\u0131<\/td>\n<td>9.5<\/td>\n<td>9.5<\/td>\n<td>10 (9.5)<\/td>\n<td>10 (9.5)<\/td>\n<\/tr>\n<tr>\n<td>Koruma seviyesi<\/td>\n<td>3A.44<\/td>\n<td>3A.44<\/td>\n<td>3A.44<\/td>\n<td>3A.44<\/td>\n<\/tr>\n<tr>\n<td>Uzun Eksen (Uzun Eksen\/mm)<\/td>\n<td>235<\/td>\n<td>240<\/td>\n<td>247<\/td>\n<td>263<\/td>\n<\/tr>\n<tr>\n<td>K\u0131sa Eksen (K\u00fc\u00e7\u00fck Eksen\/mm)<\/td>\n<td>182<\/td>\n<td>185<\/td>\n<td>193<\/td>\n<td>205<\/td>\n<\/tr>\n<tr>\n<td>\u0130\u00e7 Y\u00fckseklik\/mm<\/td>\n<td>146<\/td>\n<td>153<\/td>\n<td>158<\/td>\n<td>161<\/td>\n<\/tr>\n<tr>\n<td>Ba\u015f \u00c7evresi (T\u0131rnaklarla)<\/td>\n<td>53-59<\/td>\n<td>53-59<\/td>\n<td>56-59<\/td>\n<td>58-62<\/td>\n<\/tr>\n<tr>\n<td>Standart A\u011f\u0131rl\u0131k (A\u011f\u0131rl\u0131k\/Kg)<\/td>\n<td>1.24<\/td>\n<td>1.29<\/td>\n<td>1.32<\/td>\n<td>1.42<\/td>\n<\/tr>\n<tr>\n<td>A\u011f\u0131rl\u0131k Sapmas\u0131\/Kg<\/td>\n<td>0.05<\/td>\n<td>0.05<\/td>\n<td>0.05<\/td>\n<td>0.05<\/td>\n<\/tr>\n<tr>\n<td>Kutu A\u011f\u0131rl\u0131\u011f\u0131\/KG<\/td>\n<td>2<\/td>\n<td>2<\/td>\n<td>2<\/td>\n<td>2.1<\/td>\n<\/tr>\n<\/tbody>\n<\/table>\n","protected":false},"excerpt":{"rendered":"<p>FAST balistik kask\u0131n ve Wendy kask\u0131n\u0131n avantajlar\u0131n\u0131n birle\u015fimi m\u00fckemmel konfor ve koruma sa\u011flayarak, her t\u00fcrl\u00fc g\u00f6rev s\u0131ras\u0131nda tam hareket kabiliyetinizi ve g\u00fcvenli\u011finizi koruman\u0131z\u0131 sa\u011flar.<\/p>\n<p>Hafif ve konforlu tasar\u0131m: Modern ve hafif tasar\u0131m\u0131yla FAST kask, a\u011f\u0131rl\u0131\u011f\u0131 minimuma indirerek zorlu ko\u015fullarda uzun s\u00fcreli kullan\u0131m i\u00e7in idealdir. Yo\u011fun aktivitelerde bile ola\u011fan\u00fcst\u00fc konfor sa\u011flar.<\/p>\n<p>Hassas s\u00fcspansiyon sistemi: Zorbium ek par\u00e7as\u0131 ve CAM FIT s\u00fcspansiyon sistemi, ba\u015f\u0131n \u015fekline hassas bir \u015fekilde ayarlanmas\u0131n\u0131 sa\u011flayarak, uzun s\u00fcre tak\u0131ld\u0131\u011f\u0131nda bile konforu garanti eden, sa\u011flam, yumu\u015fak ve rahat bir uyum sa\u011flar.<\/p>\n<p>Kendi kendinize montaj yapman\u0131za gerek kalmaz, bu sayede zamandan ve emekten tasarruf edebilir ve hemen komple taktik ekipman\u0131n keyfini \u00e7\u0131karabilirsiniz.<\/p>\n","protected":false},"featured_media":16585,"comment_status":"open","ping_status":"closed","template":"","meta":[],"product_brand":[],"product_cat":[605,827,782],"product_tag":[],"woo-feed-brand":[50],"class_list":{"0":"post-16825","1":"product","2":"type-product","3":"status-publish","4":"has-post-thumbnail","6":"product_cat-balistik-maske","7":"product_cat-hizli","8":"product_cat-kursun-gecirmez-kask","9":"woo-feed-brand-tyditiao","11":"first","12":"instock","13":"sale","14":"shipping-taxable","15":"purchasable","16":"product-type-simple"},"_links":{"self":[{"href":"http:\/\/tyditiao.com\/tr\/wp-json\/wp\/v2\/product\/16825","targetHints":{"allow":["GET"]}}],"collection":[{"href":"http:\/\/tyditiao.com\/tr\/wp-json\/wp\/v2\/product"}],"about":[{"href":"http:\/\/tyditiao.com\/tr\/wp-json\/wp\/v2\/types\/product"}],"replies":[{"embeddable":true,"href":"http:\/\/tyditiao.com\/tr\/wp-json\/wp\/v2\/comments?post=16825"}],"wp:featuredmedia":[{"embeddable":true,"href":"http:\/\/tyditiao.com\/tr\/wp-json\/wp\/v2\/media\/16585"}],"wp:attachment":[{"href":"http:\/\/tyditiao.com\/tr\/wp-json\/wp\/v2\/media?parent=16825"}],"wp:term":[{"taxonomy":"product_brand","embeddable":true,"href":"http:\/\/tyditiao.com\/tr\/wp-json\/wp\/v2\/product_brand?post=16825"},{"taxonomy":"product_cat","embeddable":true,"href":"http:\/\/tyditiao.com\/tr\/wp-json\/wp\/v2\/product_cat?post=16825"},{"taxonomy":"product_tag","embeddable":true,"href":"http:\/\/tyditiao.com\/tr\/wp-json\/wp\/v2\/product_tag?post=16825"},{"taxonomy":"woo-feed-brand","embeddable":true,"href":"http:\/\/tyditiao.com\/tr\/wp-json\/wp\/v2\/woo-feed-brand?post=16825"}],"curies":[{"name":"wp","href":"https:\/\/api.w.org\/{rel}","templated":true}]}}