{"id":13225,"date":"2022-10-11T16:42:26","date_gmt":"2022-10-11T14:42:26","guid":{"rendered":"http:\/\/tyditiao.com\/product\/mat-na-aramid-dan-dao-nhe-mat-na-chong-dan-chien-thuat-nij-iiia-full-face\/"},"modified":"2026-01-26T09:06:11","modified_gmt":"2026-01-26T07:06:11","slug":"dan-mat-na-aramid-nij-iiia-mat-na-chien-thuat-chong-dan","status":"publish","type":"product","link":"http:\/\/tyditiao.com\/vi\/product\/dan-mat-na-aramid-nij-iiia-mat-na-chien-thuat-chong-dan\/","title":{"rendered":"m\u1eb7t n\u1ea1 aramid \u0111\u1ea1n \u0111\u1ea1o nh\u1eb9, m\u1eb7t n\u1ea1 ch\u1ed1ng \u0111\u1ea1n chi\u1ebfn thu\u1eadt NIJ IIIA Full Face"},"content":{"rendered":"<p>C\u00e2n n\u1eb7ng: 0,85kg<\/p>\n<p>Ch\u1ea5t li\u1ec7u: Aramit<\/p>\n<p>\u0110\u1ed9 d\u00e0y: Aramid d\u00e0y 8 mm v\u00e0 l\u1edbp ph\u1ee7 1 mm<\/p>\n<p>L\u1edbp b\u1ea3o v\u1ec7: NIJ 0101.06 c\u1ea5p IIIA<\/p>\n<p>K\u00edch th\u01b0\u1edbc: M\u1ed9t k\u00edch th\u01b0\u1edbc ph\u00f9 h\u1ee3p v\u1edbi t\u1ea5t c\u1ea3<\/p>\n<p>Hi\u1ec7u l\u1ef1c: 5 n\u0103m<\/p>\n<p>C\u00e1c t\u00ecnh hu\u1ed1ng \u00e1p d\u1ee5ng: b\u1ea3o v\u1ec7 nh\u00e0, an ninh, thi\u1ebft b\u1ecb c\u1ea3nh s\u00e1t, chi\u1ebfn \u0111\u1ea5u th\u1ef1c t\u1ebf, cosplay<\/p>\n<p>D\u1ecbch v\u1ee5 OEM\/ODM c\u00f3 s\u1eb5n theo y\u00eau c\u1ea7u<\/p>\n<p>G\u00f3i h\u00e0ng bao g\u1ed3m: 1X M\u1eb7t n\u1ea1 ch\u1ed1ng \u0111\u1ea1n to\u00e0n m\u1eb7t<\/p>\n","protected":false},"excerpt":{"rendered":"<p>B\u1ea3o v\u1ec7 c\u00e1c khu v\u1ef1c quan tr\u1ecdng nh\u1ea5t v\u1edbi tr\u1ecdng l\u01b0\u1ee3ng t\u1ed1i thi\u1ec3u: che ph\u1ee7 to\u00e0n b\u1ed9 khu\u00f4n m\u1eb7t c\u1ee7a ng\u01b0\u1eddi \u0111eo khi ph\u1ea1m t\u1ed9i<\/p>\n<p>Ch\u1ea5t li\u1ec7u: \u0110\u01b0\u1ee3c l\u00e0m t\u1eeb s\u1ee3i Kevlar nh\u1eb9 ti\u00ean ti\u1ebfn c\u1ee9ng h\u01a1n th\u00e9p g\u1ea5p 15 l\u1ea7n \u0111\u1ec3 gi\u1ea3m thi\u1ec3u m\u1ed1i \u0111e d\u1ecda c\u1ee7a \u0111\u1ea1n<\/p>\n<p>Thi\u1ebft k\u1ebf c\u00f4ng th\u00e1i h\u1ecdc \u0111\u1ed9c \u0111\u00e1o: B\u0103ng \u0111\u00f4 nylon c\u00f3 th\u1ec3 \u0111i\u1ec1u ch\u1ec9nh 6 \u0111i\u1ec3m v\u00e0 \u0111\u1ec7m b\u1ed5 sung ph\u00f9 h\u1ee3p v\u1edbi m\u1ecdi h\u00ecnh d\u1ea1ng \u0111\u1ea7u v\u00e0 c\u1ea3i thi\u1ec7n s\u1ef1 tho\u1ea3i m\u00e1i khi \u0111eo<\/p>\n<p>S\u1eed d\u1ee5ng \u00e1p d\u1ee5ng: b\u1ea3o v\u1ec7 nh\u00e0, hu\u1ea5n luy\u1ec7n t\u1ea1i hi\u1ec7n tr\u01b0\u1eddng, v\u1ec7 s\u0129, nh\u00e2n vi\u00ean tham gia c\u00e1c ho\u1ea1t \u0111\u1ed9ng nguy hi\u1ec3m \u1edf c\u00e1c khu v\u1ef1c xung \u0111\u1ed9t v\u0169 trang n\u01b0\u1edbc ngo\u00e0i, qu\u00e2n \u0111\u1ed9i, cosplay, v.v.<\/p>\n","protected":false},"featured_media":11650,"comment_status":"open","ping_status":"closed","template":"","meta":[],"product_brand":[],"product_cat":[607],"product_tag":[],"woo-feed-brand":[50],"class_list":{"0":"post-13225","1":"product","2":"type-product","3":"status-publish","4":"has-post-thumbnail","6":"product_cat-mat-na-dan-dao","7":"product_shipping_class-0-3kg-vi","8":"woo-feed-brand-tyditiao","10":"first","11":"instock","12":"sale","13":"shipping-taxable","14":"purchasable","15":"product-type-simple"},"_links":{"self":[{"href":"http:\/\/tyditiao.com\/vi\/wp-json\/wp\/v2\/product\/13225","targetHints":{"allow":["GET"]}}],"collection":[{"href":"http:\/\/tyditiao.com\/vi\/wp-json\/wp\/v2\/product"}],"about":[{"href":"http:\/\/tyditiao.com\/vi\/wp-json\/wp\/v2\/types\/product"}],"replies":[{"embeddable":true,"href":"http:\/\/tyditiao.com\/vi\/wp-json\/wp\/v2\/comments?post=13225"}],"wp:featuredmedia":[{"embeddable":true,"href":"http:\/\/tyditiao.com\/vi\/wp-json\/wp\/v2\/media\/11650"}],"wp:attachment":[{"href":"http:\/\/tyditiao.com\/vi\/wp-json\/wp\/v2\/media?parent=13225"}],"wp:term":[{"taxonomy":"product_brand","embeddable":true,"href":"http:\/\/tyditiao.com\/vi\/wp-json\/wp\/v2\/product_brand?post=13225"},{"taxonomy":"product_cat","embeddable":true,"href":"http:\/\/tyditiao.com\/vi\/wp-json\/wp\/v2\/product_cat?post=13225"},{"taxonomy":"product_tag","embeddable":true,"href":"http:\/\/tyditiao.com\/vi\/wp-json\/wp\/v2\/product_tag?post=13225"},{"taxonomy":"woo-feed-brand","embeddable":true,"href":"http:\/\/tyditiao.com\/vi\/wp-json\/wp\/v2\/woo-feed-brand?post=13225"}],"curies":[{"name":"wp","href":"https:\/\/api.w.org\/{rel}","templated":true}]}}