{"id":13406,"date":"2023-03-05T03:25:17","date_gmt":"2023-05-22T13:57:26","guid":{"rendered":"http:\/\/tyditiao.com\/product\/wendy-mu-bao-hiem-chien-thuat-3a-anh-sang-luc-luong-dac-biet-mu-bao-hiem-chong-chay-no-kich-thuoc-dac-biet-tuy-chinh-mau-sac-chuyen-dung-lien-ket-mua-hang\/"},"modified":"2023-05-22T15:57:26","modified_gmt":"2023-05-22T13:57:26","slug":"wendy-tactical-helm-light-forces-special-3a-explosion-proof-helm-special-size-custom-color-dedicated-link-to-purchase","status":"publish","type":"product","link":"http:\/\/tyditiao.com\/vi\/product\/wendy-tactical-helm-light-forces-special-3a-explosion-proof-helm-special-size-custom-color-dedicated-link-to-purchase\/","title":{"rendered":"WENDY m\u0169 b\u1ea3o hi\u1ec3m chi\u1ebfn thu\u1eadt 3A \u00e1nh s\u00e1ng l\u1ef1c l\u01b0\u1ee3ng \u0111\u1eb7c bi\u1ec7t m\u0169 b\u1ea3o hi\u1ec3m ch\u1ed1ng ch\u00e1y n\u1ed5 k\u00edch th\u01b0\u1edbc \u0111\u1eb7c bi\u1ec7t t\u00f9y ch\u1ec9nh m\u00e0u s\u1eafc chuy\u00ean d\u1ee5ng li\u00ean k\u1ebft mua h\u00e0ng"},"content":{"rendered":"<p><strong>Gi\u1edbi thi\u1ec7u v\u1ec1 k\u00edch th\u01b0\u1edbc m\u0169 b\u1ea3o hi\u1ec3m ch\u1ed1ng \u0111\u1ea1n c\u1ee7a WENDY:<\/strong> \u0110\u1ed1i v\u1edbi m\u0169 b\u1ea3o hi\u1ec3m ch\u1ed1ng \u0111\u1ea1n c\u1ee7a l\u1ef1c l\u01b0\u1ee3ng \u0111\u1eb7c bi\u1ec7t WENDY n\u00e0y, ch\u00fang t\u00f4i \u0111\u00e3 th\u00eam c\u00e1c khu\u00f4n s\u1ea3n xu\u1ea5t c\u1ee1 l\u1edbn v\u00e0 c\u1ee1 nh\u1ecf \u0111\u1ec3 \u0111\u00e1p \u1ee9ng nhu c\u1ea7u kh\u00e1c nhau c\u1ee7a ng\u01b0\u1eddi d\u00f9ng. K\u00edch th\u01b0\u1edbc M l\u00e0 k\u00edch th\u01b0\u1edbc b\u00ecnh th\u01b0\u1eddng ph\u00f9 h\u1ee3p v\u1edbi h\u1ea7u h\u1ebft m\u1ecdi ng\u01b0\u1eddi. N\u1ebfu b\u1ea1n ngh\u0129 r\u1eb1ng m\u1ed9t k\u00edch th\u01b0\u1edbc nh\u1ecf c\u00f3 th\u1ec3 \u0111\u00e1p \u1ee9ng t\u1ed1t h\u01a1n c\u00e1c y\u00eau c\u1ea7u ho\u1eb7c th\u00f3i quen m\u1eb7c c\u1ee7a ri\u00eang b\u1ea1n, vui l\u00f2ng ch\u1ecdn m\u1ed9t k\u00edch th\u01b0\u1edbc nh\u1ecf, n\u1ebfu kh\u00f4ng h\u00e3y ch\u1ecdn m\u1ed9t k\u00edch th\u01b0\u1edbc l\u1edbn.<\/p>\n<p><strong>V\u1ec1 m\u00e0u s\u1eafc c\u1ee7a m\u0169 ch\u1ed1ng \u0111\u1ea1n WENDY:<\/strong> M\u00e0u s\u1eafc ch\u00fang t\u00f4i s\u1ea3n xu\u1ea5t h\u00e0ng lo\u1ea1t ch\u1ee7 y\u1ebfu l\u00e0 \u0111en, n\u00e2u nh\u1ea1t v\u00e0 xanh l\u1ee5c. Nh\u01b0ng \u0111\u1ed3ng th\u1eddi, ch\u00fang t\u00f4i c\u00f3 kh\u1ea3 n\u0103ng s\u1ea3n xu\u1ea5t b\u1ea5t k\u1ef3 m\u00e0u s\u1eafc ho\u1eb7c ki\u1ec3u ng\u1ee5y trang n\u00e0o theo y\u00eau c\u1ea7u c\u1ee7a kh\u00e1ch h\u00e0ng, ch\u1eb3ng h\u1ea1n nh\u01b0 ng\u1ee5y trang trong r\u1eebng, ng\u1ee5y trang trong r\u1eebng r\u1eadm, ng\u1ee5y trang tr\u00ean sa m\u1ea1c, ng\u1ee5y trang tr\u00ean bi\u1ec3n, ng\u1ee5y trang \u0111\u00f4 th\u1ecb, v.v. N\u1ebfu b\u1ea1n \u0111\u1ecbnh \u0111\u1eb7t h\u00e0ng tr\u00ean 10 chi\u1ebfc m\u0169 b\u1ea3o hi\u1ec3m , vui l\u00f2ng li\u00ean h\u1ec7 v\u1edbi ch\u00fang t\u00f4i, b\u1ea1n s\u1ebd nh\u1eadn \u0111\u01b0\u1ee3c d\u1ecbch v\u1ee5 m\u00e0u t\u00f9y ch\u1ec9nh n\u00e0y mi\u1ec5n ph\u00ed, ch\u1ec9 c\u1ea7n g\u1eedi cho ch\u00fang t\u00f4i m\u1eabu m\u00e0u b\u1ea1n mu\u1ed1n<\/p>\n<p><strong>M\u0169 b\u1ea3o hi\u1ec3m chi\u1ebfn thu\u1eadt WENDY C\u1ea5p \u0111\u1ed9 ch\u1ed1ng \u0111\u1ea1n:<\/strong> 0101.06 C\u1ea5p \u0111\u1ed9 IIIA ti\u00eau chu\u1ea9n<\/p>\n<p>THO\u1ea2I M\u00c1I KHI M\u1eb6C: \u0110\u1ec7m b\u1ecdt Zorbium c\u00f3 l\u1edbp l\u00f3t ch\u1ed1ng th\u1ea5m n\u01b0\u1edbc v\u1edbi l\u1edbp ph\u1ee7 kh\u00e1ng khu\u1ea9n gi\u00fap h\u00fat \u1ea9m \u0111\u1ec3 gi\u1eef cho b\u1ea1n lu\u00f4n m\u00e1t m\u1ebb v\u00e0 kh\u00f4 r\u00e1o.<\/p>\n<p>\u0110I\u1ec0U CH\u1ec8NH D\u1ec4 D\u00c0NG: H\u1ec7 th\u1ed1ng bu\u1ed9c ch\u1eb7t CAM FIT c\u1ea5p \u0111\u1ed9 qu\u00e2n s\u1ef1 nh\u1eb9 v\u1edbi h\u1ec7 th\u1ed1ng \u0111\u00f3ng BOA \u0111\u1ec3 \u0111i\u1ec1u ch\u1ec9nh an to\u00e0n b\u1eb1ng m\u1ed9t tay cho v\u1eeba v\u1eb7n ch\u00ednh x\u00e1c.<\/p>\n<p>C\u00d3 TH\u1ec2 M\u1ede R\u1ed8NG: H\u1ec7 th\u1ed1ng g\u1eafn Rail 2.0 t\u01b0\u01a1ng th\u00edch v\u1edbi t\u1ea5t c\u1ea3 c\u00e1c ph\u1ee5 ki\u1ec7n EXFIL Rail 2.0. Thanh g\u1eafn gimbal c\u00f3 th\u1ec3 \u0111\u1ea3o ng\u01b0\u1ee3c v\u00e0 gi\u00e1 \u0111\u1ee1 gimbal tr\u00ean tr\u00e1n cho ph\u00e9p Wendy t\u1ea1o ra nhi\u1ec1u kh\u1ea3 n\u0103ng h\u01a1n.<\/p>\n<p>Ngo\u00e0i h\u1ec7 th\u1ed1ng treo th\u00f4ng th\u01b0\u1eddng, m\u0169 b\u1ea3o hi\u1ec3m c\u00f2n c\u00f3 ba mi\u1ebfng \u0111\u1ec7m t\u00e1c \u0111\u1ed9ng v\u00e0 t\u00e1m mi\u1ebfng \u0111\u1ec7m c\u00f3 th\u1ec3 \u0111i\u1ec1u ch\u1ec9nh \u0111\u1ec3 ph\u00f9 h\u1ee3p v\u00e0 tho\u1ea3i m\u00e1i t\u1ed1i \u01b0u<\/p>\n","protected":false},"excerpt":{"rendered":"<p>Gi\u1edbi thi\u1ec7u v\u1ec1 k\u00edch th\u01b0\u1edbc m\u0169 b\u1ea3o hi\u1ec3m ch\u1ed1ng \u0111\u1ea1n c\u1ee7a WENDY: \u0110\u1ed1i v\u1edbi m\u0169 b\u1ea3o hi\u1ec3m ch\u1ed1ng \u0111\u1ea1n c\u1ee7a&#8230;<\/p>\n","protected":false},"featured_media":10624,"comment_status":"open","ping_status":"closed","template":"","meta":[],"product_brand":[],"product_cat":[789,791,790],"product_tag":[],"woo-feed-brand":[],"class_list":{"0":"post-13406","1":"product","2":"type-product","3":"status-publish","4":"has-post-thumbnail","6":"product_cat-chua-duoc-phan-loai","7":"product_cat-mu-chong-dan","8":"product_cat-wendy-vi","10":"first","11":"instock","12":"sale","13":"shipping-taxable","14":"purchasable","15":"product-type-variable","16":"has-default-attributes"},"_links":{"self":[{"href":"http:\/\/tyditiao.com\/vi\/wp-json\/wp\/v2\/product\/13406","targetHints":{"allow":["GET"]}}],"collection":[{"href":"http:\/\/tyditiao.com\/vi\/wp-json\/wp\/v2\/product"}],"about":[{"href":"http:\/\/tyditiao.com\/vi\/wp-json\/wp\/v2\/types\/product"}],"replies":[{"embeddable":true,"href":"http:\/\/tyditiao.com\/vi\/wp-json\/wp\/v2\/comments?post=13406"}],"wp:featuredmedia":[{"embeddable":true,"href":"http:\/\/tyditiao.com\/vi\/wp-json\/wp\/v2\/media\/10624"}],"wp:attachment":[{"href":"http:\/\/tyditiao.com\/vi\/wp-json\/wp\/v2\/media?parent=13406"}],"wp:term":[{"taxonomy":"product_brand","embeddable":true,"href":"http:\/\/tyditiao.com\/vi\/wp-json\/wp\/v2\/product_brand?post=13406"},{"taxonomy":"product_cat","embeddable":true,"href":"http:\/\/tyditiao.com\/vi\/wp-json\/wp\/v2\/product_cat?post=13406"},{"taxonomy":"product_tag","embeddable":true,"href":"http:\/\/tyditiao.com\/vi\/wp-json\/wp\/v2\/product_tag?post=13406"},{"taxonomy":"woo-feed-brand","embeddable":true,"href":"http:\/\/tyditiao.com\/vi\/wp-json\/wp\/v2\/woo-feed-brand?post=13406"}],"curies":[{"name":"wp","href":"https:\/\/api.w.org\/{rel}","templated":true}]}}