{"id":13776,"date":"2023-03-05T03:17:44","date_gmt":"2023-05-22T14:09:35","guid":{"rendered":"http:\/\/tyditiao.com\/product\/mu-bao-hiem-chong-dan-fast-mu-bao-hiem-chong-dan-hang-nhe-nij-iiia-kich-thuoc-dac-biet-mau-sac-tuy-chinh-lien-ket-mua-hang-dac-biet\/"},"modified":"2023-05-22T16:09:35","modified_gmt":"2023-05-22T14:09:35","slug":"nhanh-helm-bulletproof-nij-iiia-light-ballistic-helm-special-size-custom-color-dedicated-purchase-link","status":"publish","type":"product","link":"http:\/\/tyditiao.com\/vi\/product\/nhanh-helm-bulletproof-nij-iiia-light-ballistic-helm-special-size-custom-color-dedicated-purchase-link\/","title":{"rendered":"M\u0169 b\u1ea3o hi\u1ec3m ch\u1ed1ng \u0111\u1ea1n FAST, m\u0169 b\u1ea3o hi\u1ec3m ch\u1ed1ng \u0111\u1ea1n h\u1ea1ng nh\u1eb9 NIJ IIIA, k\u00edch th\u01b0\u1edbc \u0111\u1eb7c bi\u1ec7t, m\u00e0u s\u1eafc t\u00f9y ch\u1ec9nh, li\u00ean k\u1ebft mua h\u00e0ng \u0111\u1eb7c bi\u1ec7t"},"content":{"rendered":"<p><strong>K\u00edch th\u01b0\u1edbc m\u0169 b\u1ea3o hi\u1ec3m ch\u1ed1ng \u0111\u1ea1n FAST:<\/strong> Ch\u00fang t\u00f4i \u0111\u00e3 b\u1ed5 sung c\u00e1c khu\u00f4n s\u1ea3n xu\u1ea5t nh\u1ecf v\u00e0 l\u1edbn cho m\u0169 b\u1ea3o hi\u1ec3m ch\u1ed1ng \u0111\u1ea1n h\u1ea1ng nh\u1eb9 FAST \u0111\u1ec3 \u0111\u00e1p \u1ee9ng nhu c\u1ea7u kh\u00e1c nhau c\u1ee7a ng\u01b0\u1eddi d\u00f9ng. M l\u00e0 m\u1ed9t k\u00edch th\u01b0\u1edbc th\u00f4ng th\u01b0\u1eddng v\u00e0 ph\u00f9 h\u1ee3p v\u1edbi h\u1ea7u h\u1ebft m\u1ecdi ng\u01b0\u1eddi. N\u1ebfu b\u1ea1n ngh\u0129 r\u1eb1ng k\u00edch th\u01b0\u1edbc nh\u1ecf c\u00f3 th\u1ec3 \u0111\u00e1p \u1ee9ng y\u00eau c\u1ea7u ho\u1eb7c th\u00f3i quen m\u1eb7c c\u1ee7a b\u1ea1n, vui l\u00f2ng ch\u1ecdn c\u1ee1 S, n\u1ebfu kh\u00f4ng h\u00e3y ch\u1ecdn c\u1ee1 L.<\/p>\n<p><strong>M\u00e0u s\u1eafc c\u1ee7a m\u0169 ch\u1ed1ng \u0111\u1ea1n Fast Light:<\/strong> M\u00e0u s\u1eafc c\u1ee7a m\u0169 ch\u1ed1ng \u0111\u1ea1n Fast Light do ch\u00fang t\u00f4i s\u1ea3n xu\u1ea5t ch\u1ee7 y\u1ebfu l\u00e0 \u0111en, n\u00e2u nh\u1ea1t v\u00e0 xanh l\u1ee5c. Nh\u01b0ng \u0111\u1ed3ng th\u1eddi, ch\u00fang t\u00f4i c\u00f3 kh\u1ea3 n\u0103ng t\u1ea1o ra c\u00e1c m\u00e0u s\u1eafc do kh\u00e1ch h\u00e0ng ch\u1ec9 \u0111\u1ecbnh ho\u1eb7c c\u00e1c ki\u1ec3u ng\u1ee5y trang kh\u00e1c nhau, ch\u1eb3ng h\u1ea1n nh\u01b0 ng\u1ee5y trang trong r\u1eebng, ng\u1ee5y trang trong r\u1eebng r\u1eadm, ng\u1ee5y trang tr\u00ean sa m\u1ea1c, ng\u1ee5y trang d\u01b0\u1edbi \u0111\u1ea1i d\u01b0\u01a1ng v\u00e0 ng\u1ee5y trang trong \u0111\u00f4 th\u1ecb. N\u1ebfu b\u1ea1n d\u1ef1 \u0111\u1ecbnh \u0111\u1eb7t h\u00e0ng h\u01a1n 10 chi\u1ebfc m\u0169 b\u1ea3o hi\u1ec3m, vui l\u00f2ng li\u00ean h\u1ec7 v\u1edbi ch\u00fang t\u00f4i, b\u1ea1n s\u1ebd nh\u1eadn \u0111\u01b0\u1ee3c d\u1ecbch v\u1ee5 t\u00f9y ch\u1ec9nh m\u00e0u s\u1eafc mi\u1ec5n ph\u00ed, ch\u1ec9 c\u1ea7n g\u1eedi cho ch\u00fang t\u00f4i m\u1eabu m\u00e0u b\u1ea1n mu\u1ed1n.<\/p>\n<p>C\u1ea5p \u0111\u1ed9 m\u0169 b\u1ea3o hi\u1ec3m \u0111\u00f4i ch\u1ed1ng \u0111\u1ea1n FAST: 0101.06 c\u1ea5p \u0111\u1ed9 IIIA ti\u00eau chu\u1ea9n<\/p>\n<p>V\u1eadt ch\u1ea5t: S\u1ee3i Kevlar-Dupont Aramid c\u00f3 \u0111\u1ed9 b\u1ec1n cao<\/p>\n<p>So v\u1edbi m\u0169 b\u1ea3o hi\u1ec3m qu\u00e2n \u0111\u1ed9i th\u00f4ng th\u01b0\u1eddng, m\u0169 b\u1ea3o hi\u1ec3m FAST nh\u1eb9 h\u01a1n 25%. V\u1edbi h\u1ec7 th\u1ed1ng treo m\u0169, ng\u01b0\u1eddi d\u00f9ng c\u00f3 th\u1ec3 d\u1ec5 d\u00e0ng \u0111i\u1ec1u ch\u1ec9nh \u0111\u1ed9 ch\u1eadt hay kh\u00edt c\u1ee7a m\u0169 ch\u1ec9 b\u1eb1ng m\u1ed9t n\u00fat xoay \u0111\u1ec3 mang l\u1ea1i s\u1ef1 tho\u1ea3i m\u00e1i t\u1ed1i \u01b0u.<\/p>\n","protected":false},"excerpt":{"rendered":"<p>K\u00edch th\u01b0\u1edbc m\u0169 b\u1ea3o hi\u1ec3m ch\u1ed1ng \u0111\u1ea1n FAST: Ch\u00fang t\u00f4i \u0111\u00e3 b\u1ed5 sung c\u00e1c khu\u00f4n s\u1ea3n xu\u1ea5t nh\u1ecf v\u00e0 l\u1edbn&#8230;<\/p>\n","protected":false},"featured_media":10282,"comment_status":"open","ping_status":"closed","template":"","meta":[],"product_brand":[],"product_cat":[791,828],"product_tag":[],"woo-feed-brand":[],"class_list":{"0":"post-13776","1":"product","2":"type-product","3":"status-publish","4":"has-post-thumbnail","6":"product_cat-mu-chong-dan","7":"product_cat-nhanh","9":"first","10":"instock","11":"sale","12":"shipping-taxable","13":"purchasable","14":"product-type-variable","15":"has-default-attributes"},"_links":{"self":[{"href":"http:\/\/tyditiao.com\/vi\/wp-json\/wp\/v2\/product\/13776","targetHints":{"allow":["GET"]}}],"collection":[{"href":"http:\/\/tyditiao.com\/vi\/wp-json\/wp\/v2\/product"}],"about":[{"href":"http:\/\/tyditiao.com\/vi\/wp-json\/wp\/v2\/types\/product"}],"replies":[{"embeddable":true,"href":"http:\/\/tyditiao.com\/vi\/wp-json\/wp\/v2\/comments?post=13776"}],"wp:featuredmedia":[{"embeddable":true,"href":"http:\/\/tyditiao.com\/vi\/wp-json\/wp\/v2\/media\/10282"}],"wp:attachment":[{"href":"http:\/\/tyditiao.com\/vi\/wp-json\/wp\/v2\/media?parent=13776"}],"wp:term":[{"taxonomy":"product_brand","embeddable":true,"href":"http:\/\/tyditiao.com\/vi\/wp-json\/wp\/v2\/product_brand?post=13776"},{"taxonomy":"product_cat","embeddable":true,"href":"http:\/\/tyditiao.com\/vi\/wp-json\/wp\/v2\/product_cat?post=13776"},{"taxonomy":"product_tag","embeddable":true,"href":"http:\/\/tyditiao.com\/vi\/wp-json\/wp\/v2\/product_tag?post=13776"},{"taxonomy":"woo-feed-brand","embeddable":true,"href":"http:\/\/tyditiao.com\/vi\/wp-json\/wp\/v2\/woo-feed-brand?post=13776"}],"curies":[{"name":"wp","href":"https:\/\/api.w.org\/{rel}","templated":true}]}}