{"id":13840,"date":"2023-03-05T03:08:59","date_gmt":"2023-05-22T14:15:39","guid":{"rendered":"http:\/\/tyditiao.com\/product\/day-tinh-dien-full-kevlar-day-du-leo-nui-day-chong-chay-8-10-5mm-10m\/"},"modified":"2023-05-22T16:15:39","modified_gmt":"2023-05-22T14:15:39","slug":"hoan-toan-tinh-dien-kevlar-leo-fire-an-toan-o-day-8-105-mm-10m","status":"publish","type":"product","link":"http:\/\/tyditiao.com\/vi\/product\/hoan-toan-tinh-dien-kevlar-leo-fire-an-toan-o-day-8-105-mm-10m\/","title":{"rendered":"D\u00e2y t\u0129nh \u0111i\u1ec7n Full Kevlar, d\u00e2y d\u00f9 leo n\u00fai, d\u00e2y ch\u1ed1ng ch\u00e1y, 8, 10.5mm (10m)"},"content":{"rendered":"<p>N\u1ebfu b\u1ea1n mu\u1ed1n mua m\u1ed9t s\u1ee3i d\u00e2y d\u00e0i h\u01a1n, ch\u1eb3ng h\u1ea1n nh\u01b0 50 m\u00e9t, vui l\u00f2ng mua 5 * 10 m\u00e9t d\u00e2y, sau \u0111\u00f3 \u0111\u1ec3 l\u1ea1i tin nh\u1eafn cho ng\u01b0\u1eddi b\u00e1n r\u1eb1ng b\u1ea1n c\u1ea7n c\u1ea3 m\u1ed9t s\u1ee3i d\u00e2y d\u00e0i 50 m\u00e9t.<\/p>\n<p><strong>V\u1ec1 m\u00f3c carabiner:<\/strong> N\u1ebfu b\u1ea1n mua s\u1ee3i d\u00e2y d\u00e0i h\u01a1n 10 m\u00e9t, ch\u00fang t\u00f4i s\u1ebd cung c\u1ea5p cho b\u1ea1n hai m\u00f3c carabiner nh\u01b0 \u0111\u01b0\u1ee3c \u0111\u00e1nh d\u1ea5u trong h\u00ecnh. B\u1ea1n c\u00f3 th\u1ec3 c\u00e0i \u0111\u1eb7t n\u00f3 \u1edf c\u1ea3 hai \u0111\u1ea7u c\u1ee7a s\u1ee3i d\u00e2y ho\u1eb7c b\u1ea1n c\u00f3 th\u1ec3 \u0111\u1ec3 n\u00f3 m\u1ed9t m\u00ecnh v\u00e0 n\u00f3 \u0111\u01b0\u1ee3c bao g\u1ed3m trong g\u00f3i. Ch\u1ec9 c\u1ea7n g\u1eedi cho ch\u00fang t\u00f4i m\u1ed9t d\u00f2ng v\u00e0 cho ch\u00fang t\u00f4i bi\u1ebft quy\u1ebft \u0111\u1ecbnh c\u1ee7a b\u1ea1n<\/p>\n<p>T\u00ean s\u1ea3n ph\u1ea9m: D\u00e2y t\u0129nh Kevlar \u0111\u1ea7y \u0111\u1ee7<br \/>\nCh\u1ea5t li\u1ec7u: Kevlar<br \/>\nM\u00e0u s\u1eafc: M\u00e0u nh\u01b0 h\u00ecnh<br \/>\n\u0110\u01b0\u1eddng k\u00ednh: 10,5mm, 8 mm<br \/>\nKh\u1ed1i l\u01b0\u1ee3ng t\u1ecbnh (\u00b15%): 10,5mm (75g\/m) 8mm (43g\/m)<br \/>\nL\u1ef1c k\u00e9o: 10.5mm (40kN\/4000kg) 8mm (28kN\/2800kg)<br \/>\nCh\u1ee9ng nh\u1eadn: CE EN1891:1998<br \/>\nC\u00e1c t\u00ednh n\u0103ng: \u0111\u1ed9 b\u1ec1n cao, ch\u1ecbu nhi\u1ec7t \u0111\u1ed9 cao, \u0111\u1ed9 d\u1ebbo dai t\u1ed1t, kh\u1ea3 n\u0103ng ch\u1ed1ng r\u00e1ch m\u1ea1nh<br \/>\n\u0110a ch\u1ee9c n\u0103ng: leo n\u00fai, m\u1edf r\u1ed9ng, ch\u1eefa ch\u00e1y, c\u00f4ng vi\u1ec7c tr\u00ean kh\u00f4ng, th\u00e1m hi\u1ec3m hang \u0111\u1ed9ng, treo, v.v.<\/p>\n<p>Nh\u1eafc nh\u1edf th\u00e2n thi\u1ec7n: Khi l\u00e0m vi\u1ec7c ho\u1eb7c ch\u01a1i \u1edf \u0111\u1ed9 cao, vui l\u00f2ng ki\u1ec3m tra v\u00e0 b\u1ea3o tr\u00ec thi\u1ebft b\u1ecb c\u1ee7a b\u1ea1n \u0111\u1ec3 tr\u00e1nh nguy hi\u1ec3m do s\u1eed d\u1ee5ng sai<\/p>\n","protected":false},"excerpt":{"rendered":"<p>N\u1ebfu b\u1ea1n mu\u1ed1n mua m\u1ed9t s\u1ee3i d\u00e2y d\u00e0i h\u01a1n, ch\u1eb3ng h\u1ea1n nh\u01b0 50 m\u00e9t, vui l\u00f2ng mua 5 * 10&#8230;<\/p>\n","protected":false},"featured_media":12581,"comment_status":"open","ping_status":"closed","template":"","meta":[],"product_brand":[],"product_cat":[847],"product_tag":[],"woo-feed-brand":[],"class_list":{"0":"post-13840","1":"product","2":"type-product","3":"status-publish","4":"has-post-thumbnail","6":"product_cat-day-an-toan","8":"first","9":"instock","10":"shipping-taxable","11":"purchasable","12":"product-type-variable","13":"has-default-attributes"},"_links":{"self":[{"href":"http:\/\/tyditiao.com\/vi\/wp-json\/wp\/v2\/product\/13840","targetHints":{"allow":["GET"]}}],"collection":[{"href":"http:\/\/tyditiao.com\/vi\/wp-json\/wp\/v2\/product"}],"about":[{"href":"http:\/\/tyditiao.com\/vi\/wp-json\/wp\/v2\/types\/product"}],"replies":[{"embeddable":true,"href":"http:\/\/tyditiao.com\/vi\/wp-json\/wp\/v2\/comments?post=13840"}],"wp:featuredmedia":[{"embeddable":true,"href":"http:\/\/tyditiao.com\/vi\/wp-json\/wp\/v2\/media\/12581"}],"wp:attachment":[{"href":"http:\/\/tyditiao.com\/vi\/wp-json\/wp\/v2\/media?parent=13840"}],"wp:term":[{"taxonomy":"product_brand","embeddable":true,"href":"http:\/\/tyditiao.com\/vi\/wp-json\/wp\/v2\/product_brand?post=13840"},{"taxonomy":"product_cat","embeddable":true,"href":"http:\/\/tyditiao.com\/vi\/wp-json\/wp\/v2\/product_cat?post=13840"},{"taxonomy":"product_tag","embeddable":true,"href":"http:\/\/tyditiao.com\/vi\/wp-json\/wp\/v2\/product_tag?post=13840"},{"taxonomy":"woo-feed-brand","embeddable":true,"href":"http:\/\/tyditiao.com\/vi\/wp-json\/wp\/v2\/woo-feed-brand?post=13840"}],"curies":[{"name":"wp","href":"https:\/\/api.w.org\/{rel}","templated":true}]}}