{"id":14122,"date":"2022-10-18T05:26:18","date_gmt":"2022-10-18T03:26:18","guid":{"rendered":"http:\/\/tyditiao.com\/product\/vest-chien-thuat-ben-ngoai-vest-chien-thuat-cs-voi-tam-chong-dan-2xpe-iiia-10x12\/"},"modified":"2026-01-26T09:05:43","modified_gmt":"2026-01-26T07:05:43","slug":"zewnetrzna-tactical-vest-with-quick-release-tactical-vest-cs-with-bulletproof-plate-2xpe-iiia-10x12","status":"publish","type":"product","link":"http:\/\/tyditiao.com\/vi\/product\/zewnetrzna-tactical-vest-with-quick-release-tactical-vest-cs-with-bulletproof-plate-2xpe-iiia-10x12\/","title":{"rendered":"Vest chi\u1ebfn thu\u1eadt b\u00ean ngo\u00e0i, Vest chi\u1ebfn thu\u1eadt CS v\u1edbi t\u1ea5m ch\u1ed1ng \u0111\u1ea1n 2XPE IIIA 10&#215;12"},"content":{"rendered":"<p>Hai b\u00ean v\u00e0 vai c\u1ee7a s\u1ea3n ph\u1ea9m n\u00e0y c\u00f3 th\u1ec3 \u0111i\u1ec1u ch\u1ec9nh b\u1eb1ng Velcro n\u00ean ng\u01b0\u1eddi d\u00f9ng \u1edf m\u1ecdi k\u00edch c\u1ee1 \u0111\u1ec1u c\u00f3 th\u1ec3 \u0111eo \u0111\u01b0\u1ee3c.<br \/>\nL\u1edbp b\u00ean trong: v\u1eadt li\u1ec7u c\u00f3 \u0111\u1ed9 b\u1ec1n cao, kh\u00f4ng th\u1ea5m n\u01b0\u1edbc, tu\u1ed5i th\u1ecd cao v\u00e0 \u1ed5n \u0111\u1ecbnh.<br \/>\nL\u1edbp ngo\u00e0i: Oxford, Cotton ho\u1eb7c Nylon, Ch\u1ed1ng m\u00e0i m\u00f2n, Ch\u1ed1ng v\u1ebft b\u1ea9n v\u00e0 B\u1ec1n.<br \/>\n\u00c1o kho\u00e1c c\u00f3 th\u1ec3 \u0111\u01b0\u1ee3c trang b\u1ecb c\u00e1c mi\u1ebfng ch\u00e8n \u0111\u1ea1n \u0111\u1ea1o \u0111\u1ec3 b\u1ea3o v\u1ec7 th\u00eam.<\/p>\n<p>C\u1ea5p \u0111\u1ed9 ph\u00f2ng th\u1ee7: T\u1ea5m ch\u1ed1ng \u0111\u1ea1n PE m\u1eb7c \u0111\u1ecbnh, NIJIIIA,<br \/>\nCh\u00e8n b\u1ea3o v\u1ec7: UHMW-PE<br \/>\n\u0110\u1ed9 d\u00e0y:\uff5e8mm\/\uff5e0.3&#8242;<br \/>\nHi\u1ec7u l\u1ef1c: 5 n\u0103m<br \/>\nC\u00e1c lo\u1ea1i \u0111\u1ea1n c\u00f3 th\u1ec3 \u0111\u01b0\u1ee3c b\u1ea3o v\u1ec7 ch\u1ed1ng l\u1ea1i:<br \/>\n\u00c1o kho\u00e1c kim lo\u1ea1i \u0111\u1ea7y \u0111\u1ee7 9mm (FMJ) \/ \u0110\u1ea7u tr\u00f2n (RN)<br \/>\n.44 \u0110i\u1ec3m r\u1ed7ng \u00e1o kho\u00e1c ph\u1ed5 qu\u00e1t (JHP)<\/p>\n<p>\u0110\u1ed1i t\u01b0\u1ee3ng s\u1eed d\u1ee5ng:<br \/>\n\u00c1o ch\u1ed1ng \u0111\u1ea1n NIJ Class IIIA che gi\u1ea5u b\u1ea3o v\u1ec7 ch\u1ed1ng l\u1ea1i c\u00e1c m\u1ed1i nguy hi\u1ec3m li\u00ean quan \u0111\u1ebfn v\u0169 kh\u00ed. V\u00e0 n\u00f3 c\u00f3 nhi\u1ec1u ph\u1ee5 ki\u1ec7n h\u01a1n v\u00e0 chi\u1ebfm di\u1ec7n t\u00edch l\u1edbn h\u01a1n. K\u00edch th\u01b0\u1edbc c\u00f3 th\u1ec3 \u0111\u01b0\u1ee3c \u0111i\u1ec1u ch\u1ec9nh b\u1eb1ng Velcro \u1edf hai b\u00ean v\u00e0 vai. S\u1ea3n ph\u1ea9m c\u1ee7a ch\u00fang t\u00f4i c\u00f3 th\u1ec3 \u0111\u01b0\u1ee3c trang b\u1ecb cho l\u1ef1c l\u01b0\u1ee3ng v\u0169 trang, c\u01a1 quan SWAT, c\u01a1 quan an ninh n\u1ed9i b\u1ed9, c\u01a1 quan h\u1ea3i quan v\u00e0 b\u1ea3o v\u1ec7 bi\u00ean gi\u1edbi, c\u01a1 quan ki\u1ec3m so\u00e1t nh\u1eadp c\u01b0 v\u00e0 c\u00e1c c\u01a1 quan kh\u00e1c c\u00f3 nguy c\u01a1 s\u1eed d\u1ee5ng s\u00fang. M\u1ecdi ng\u01b0\u1eddi nh\u1eadn \u0111\u01b0\u1ee3c k\u1ebft qu\u1ea3 t\u1ed1t h\u01a1n v\u00e0 \u00edt n\u1ea1n nh\u00e2n h\u01a1n.<\/p>\n","protected":false},"excerpt":{"rendered":"<p>Th\u1ef1c hi\u1ec7n thao t\u00e1c th\u00e1o nhanh: Kh\u00f3a th\u00e1o nhanh \u1edf th\u1eaft l\u01b0ng r\u1ea5t d\u1ec5 v\u1eadn h\u00e0nh.<\/p>\n<p>L\u01b0u tr\u1eef r\u1ed9ng r\u00e3i: T\u00fai \u0111\u1ef1ng \u0111\u1ed3 t\u00edch h\u1ee3p v\u00e0 t\u00fai ti\u1ec7n \u00edch c\u00f3 th\u1ec3 \u0111\u01b0\u1ee3c c\u00e0i \u0111\u1eb7t ho\u1eb7c g\u1ee1 b\u1ecf theo nhu c\u1ea7u c\u1ee7a b\u1ea1n.<\/p>\n<p>\u0110\u01b0\u1ee3c trang b\u1ecb t\u1ea5m ch\u1ed1ng \u0111\u1ea1n NIJ IIIA ph\u00eda tr\u01b0\u1edbc v\u00e0 ph\u00eda sau: c\u00f3 th\u1ec3 \u0111\u1ed1i ph\u00f3 v\u1edbi m\u1ed1i \u0111e d\u1ecda t\u1eeb \u0111\u1ea1n s\u00fang l\u1ee5c.<\/p>\n<p>K\u00cdCH TH\u01af\u1edaC C\u00d3 TH\u1ec2 \u0110I\u1ec0U CH\u1ec8NH: K\u00edch th\u01b0\u1edbc c\u00f3 th\u1ec3 \u0111i\u1ec1u ch\u1ec9nh b\u1eb1ng Velcro \u1edf hai b\u00ean v\u00e0 vai.<\/p>\n","protected":false},"featured_media":11802,"comment_status":"open","ping_status":"closed","template":"","meta":[],"product_brand":[],"product_cat":[866],"product_tag":[],"woo-feed-brand":[50],"class_list":{"0":"post-14122","1":"product","2":"type-product","3":"status-publish","4":"has-post-thumbnail","6":"product_cat-ao-chien-thuat","7":"woo-feed-brand-tyditiao","9":"first","10":"instock","11":"sale","12":"shipping-taxable","13":"purchasable","14":"product-type-simple"},"_links":{"self":[{"href":"http:\/\/tyditiao.com\/vi\/wp-json\/wp\/v2\/product\/14122","targetHints":{"allow":["GET"]}}],"collection":[{"href":"http:\/\/tyditiao.com\/vi\/wp-json\/wp\/v2\/product"}],"about":[{"href":"http:\/\/tyditiao.com\/vi\/wp-json\/wp\/v2\/types\/product"}],"replies":[{"embeddable":true,"href":"http:\/\/tyditiao.com\/vi\/wp-json\/wp\/v2\/comments?post=14122"}],"wp:featuredmedia":[{"embeddable":true,"href":"http:\/\/tyditiao.com\/vi\/wp-json\/wp\/v2\/media\/11802"}],"wp:attachment":[{"href":"http:\/\/tyditiao.com\/vi\/wp-json\/wp\/v2\/media?parent=14122"}],"wp:term":[{"taxonomy":"product_brand","embeddable":true,"href":"http:\/\/tyditiao.com\/vi\/wp-json\/wp\/v2\/product_brand?post=14122"},{"taxonomy":"product_cat","embeddable":true,"href":"http:\/\/tyditiao.com\/vi\/wp-json\/wp\/v2\/product_cat?post=14122"},{"taxonomy":"product_tag","embeddable":true,"href":"http:\/\/tyditiao.com\/vi\/wp-json\/wp\/v2\/product_tag?post=14122"},{"taxonomy":"woo-feed-brand","embeddable":true,"href":"http:\/\/tyditiao.com\/vi\/wp-json\/wp\/v2\/woo-feed-brand?post=14122"}],"curies":[{"name":"wp","href":"https:\/\/api.w.org\/{rel}","templated":true}]}}