{"id":16860,"date":"2025-04-17T09:25:14","date_gmt":"2025-04-17T07:25:14","guid":{"rendered":"https:\/\/tyditiao.com\/product\/mu-bao-hiem-chong-dan-fast-co-lop-lot-zorbium-cua-wendy-va-he-thong-treo-cam-fit-cap-do-bao-ve-nij-iiia\/"},"modified":"2026-01-26T09:04:27","modified_gmt":"2026-01-26T07:04:27","slug":"mu-bao-hiem-chong-dan-fast-co-lop-lot-zorbium-cua-wendy-va-he-thong-treo-cam-fit-cap-do-bao-ve-nij-iiia","status":"publish","type":"product","link":"http:\/\/tyditiao.com\/vi\/product\/mu-bao-hiem-chong-dan-fast-co-lop-lot-zorbium-cua-wendy-va-he-thong-treo-cam-fit-cap-do-bao-ve-nij-iiia\/","title":{"rendered":"M\u0169 b\u1ea3o hi\u1ec3m ch\u1ed1ng \u0111\u1ea1n FAST, c\u00f3 l\u1edbp l\u00f3t Zorbium c\u1ee7a Wendy v\u00e0 h\u1ec7 th\u1ed1ng treo CAM FIT, c\u1ea5p \u0111\u1ed9 b\u1ea3o v\u1ec7 NIJ IIIA"},"content":{"rendered":"<p><strong>L\u01b0u \u00fd \u0111\u1eb7c bi\u1ec7t:<\/strong><\/p>\n<p>\u0110\u00e2y l\u00e0 m\u1eabu s\u1ea3n ph\u1ea9m ch\u1ee7 l\u1ef1c m\u1edbi c\u1ee7a ch\u00fang t\u00f4i, k\u1ebft h\u1ee3p gi\u1eefa ch\u1ea5t l\u01b0\u1ee3ng gia c\u00f4ng cao v\u00e0 s\u1ef1 tho\u1ea3i m\u00e1i t\u1ed1i \u0111a. Tr\u1eeb khi c\u00f3 ghi ch\u00fa kh\u00e1c, c\u1ea5u h\u00ecnh m\u1eb7c \u0111\u1ecbnh nh\u01b0 sau: c\u1ee1 L, m\u00e0u xanh l\u00e1 c\u00e2y, m\u0169 ch\u1ed1ng \u0111\u1ea1n FAST c\u00f3 l\u1edbp l\u00f3t b\u1eb1ng b\u1ecdt Zorbium v\u00e0 h\u1ec7 th\u1ed1ng treo CAM FIT, c\u1ea5p \u0111\u1ed9 b\u1ea3o v\u1ec7 NIJ IIIA. Ngo\u00e0i ra, ch\u00fang t\u00f4i c\u00f2n cung c\u1ea5p nhi\u1ec1u m\u00e0u s\u1eafc (xanh l\u00e1 c\u00e2y, c\u00e1t, \u0111en) v\u00e0 k\u00edch c\u1ee1 (S, M, L, XL) \u0111\u1ec3 b\u1ea1n l\u1ef1a ch\u1ecdn.<\/p>\n<p>D\u00f9 b\u1ea1n \u1edf \u0111\u00e2u, b\u1ea1n c\u0169ng c\u00f3 th\u1ec3 \u0111\u1eb7t h\u00e0ng tr\u1ef1c ti\u1ebfp th\u00f4ng qua li\u00ean k\u1ebft n\u00e0y v\u00e0 mua h\u00e0ng m\u00e0 kh\u00f4ng g\u1eb7p b\u1ea5t k\u1ef3 v\u1ea5n \u0111\u1ec1 g\u00ec. Ch\u1ec9 c\u1ea7n ghi r\u00f5 k\u00edch th\u01b0\u1edbc v\u00e0 m\u00e0u s\u1eafc b\u1ea1n c\u1ea7n trong ghi ch\u00fa \u0111\u01a1n h\u00e0ng (v\u00ed d\u1ee5: XL-\u0111en) v\u00e0 b\u1ea1n s\u1ebd nh\u1eadn \u0111\u01b0\u1ee3c thi\u1ebft b\u1ecb m\u01a1 \u01b0\u1edbc c\u1ee7a m\u00ecnh. Ch\u00fang t\u00f4i s\u1ebd kh\u00f4ng t\u00ednh th\u00eam b\u1ea5t k\u1ef3 kho\u1ea3n ph\u00ed n\u00e0o khi b\u1ea1n ch\u1ecdn m\u00e0u s\u1eafc v\u00e0 k\u00edch c\u1ee1 kh\u00e1c.<\/p>\n<hr \/>\n<p><strong>M\u1ee9c \u0111\u1ed9 ph\u00f2ng th\u1ee7:<\/strong><\/p>\n<p>M\u0169 ch\u1ed1ng \u0111\u1ea1n n\u00e0y l\u00e0 m\u0169 ch\u1ed1ng \u0111\u1ea1n NIJ C\u1ea5p \u0111\u1ed9 IIIA theo Ti\u00eau chu\u1ea9n NIJ 0101.06, c\u00f3 th\u1ec3 cung c\u1ea5p c\u00e1c b\u00e1o c\u00e1o th\u1eed nghi\u1ec7m c\u00f3 li\u00ean quan.<\/p>\n<hr \/>\n<p><strong>Th\u00f4ng s\u1ed1 \u0111\u1ea1n ph\u00f2ng th\u1ee7:<\/strong><\/p>\n<p>.44 Mag SJHP<br \/>\n.357 SIG FMJ FN<br \/>\n9mm FMJ RN<br \/>\n.357 Mag JSP<br \/>\n.40 S&amp;W FMJ<\/p>\n<p>Ngo\u00e0i ra, n\u00f3 c\u00f2n c\u00f3 kh\u1ea3 n\u0103ng b\u1ea3o v\u1ec7 ch\u1ed1ng l\u1ea1i h\u1ea7u h\u1ebft c\u00e1c m\u1ed1i \u0111e d\u1ecda t\u1eeb s\u00fang, c\u0169ng nh\u01b0 c\u00e1c m\u1ed1i \u0111e d\u1ecda Lo\u1ea1i IIA v\u00e0 Lo\u1ea1i II.<\/p>\n<hr \/>\n<p><strong>Th\u00f4ng s\u1ed1 m\u0169 ch\u1ed1ng \u0111\u1ea1n:<\/strong><\/p>\n<p>T\u00ean: M\u0169 b\u1ea3o hi\u1ec3m chi\u1ebfn thu\u1eadt ch\u1ed1ng \u0111\u1ea1n NIJ lllA FAST c\u1ee7a qu\u00e2n \u0111\u1ed9i l\u00e0m b\u1eb1ng Kevlar v\u1edbi l\u1edbp l\u00f3t b\u1eb1ng b\u1ecdt Wendy Zorbium + h\u1ec7 th\u1ed1ng treo CAM FIT<\/p>\n<p>V\u1eadt li\u1ec7u: s\u1ee3i Kevlar-aramid DuPont c\u00f3 \u0111\u1ed9 b\u1ec1n cao<br \/>\nK\u00edch th\u01b0\u1edbc: S, M, L, XL<br \/>\nM\u00e0u s\u1eafc: xanh l\u00e1 c\u00e2y, c\u00e1t, \u0111en<br \/>\nPh\u1ee5 ki\u1ec7n t\u00f9y ch\u1ecdn: m\u1eb7t n\u1ea1 ch\u1ed1ng \u0111\u1ea1n, v.v.<br \/>\nTh\u1eddi h\u1ea1n b\u1ea3o h\u00e0nh: Th\u1eddi h\u1ea1n b\u1ea3o h\u00e0nh 5 n\u0103m c\u00f3 th\u1ec3 c\u00f3 kh\u1ea3 n\u0103ng b\u1ea3o v\u1ec7 \u0111\u1ea7y \u0111\u1ee7, nh\u01b0ng n\u1ebfu v\u01b0\u1ee3t qu\u00e1 th\u1eddi h\u1ea1n b\u1ea3o h\u00e0nh<br \/>\nCh\u1ea5t l\u01b0\u1ee3ng cu\u1ed9c s\u1ed1ng s\u1ebd l\u00e0m gi\u1ea3m kh\u1ea3 n\u0103ng b\u1ea3o v\u1ec7.<\/p>\n<p>&nbsp;<\/p>\n<hr \/>\n<p><strong>Chi ti\u1ebft v\u00e0 so s\u00e1nh k\u00edch th\u01b0\u1edbc c\u1ee7a m\u0169 ch\u1ed1ng \u0111\u1ea1n:<\/strong><\/p>\n<p>&nbsp;<\/p>\n<table style=\"border-collapse: collapse;\" border=\"1\" cellspacing=\"0\" cellpadding=\"5\">\n<thead>\n<tr>\n<th>K\u00edch th\u01b0\u1edbc m\u0169 b\u1ea3o hi\u1ec3m Ballistic<\/th>\n<th>S<\/th>\n<th>M<\/th>\n<th>L<\/th>\n<th>XL<\/th>\n<\/tr>\n<\/thead>\n<tbody>\n<tr>\n<td>\u0110\u1ed9 d\u00e0y l\u1edbp ph\u1ee7<\/td>\n<td>9.5<\/td>\n<td>9.5<\/td>\n<td>10 (9.5)<\/td>\n<td>10 (9.5)<\/td>\n<\/tr>\n<tr>\n<td>M\u1ee9c \u0111\u1ed9 b\u1ea3o v\u1ec7<\/td>\n<td>3A.44<\/td>\n<td>3A.44<\/td>\n<td>3A.44<\/td>\n<td>3A.44<\/td>\n<\/tr>\n<tr>\n<td>Tr\u1ee5c d\u00e0i (Tr\u1ee5c d\u00e0i\/mm)<\/td>\n<td>235<\/td>\n<td>240<\/td>\n<td>247<\/td>\n<td>263<\/td>\n<\/tr>\n<tr>\n<td>Tr\u1ee5c ng\u1eafn (Tr\u1ee5c nh\u1ecf\/mm)<\/td>\n<td>182<\/td>\n<td>185<\/td>\n<td>193<\/td>\n<td>205<\/td>\n<\/tr>\n<tr>\n<td>Chi\u1ec1u cao b\u00ean trong\/mm<\/td>\n<td>146<\/td>\n<td>153<\/td>\n<td>158<\/td>\n<td>161<\/td>\n<\/tr>\n<tr>\n<td>Chu vi \u0111\u1ea7u (c\u00f3 \u0111inh)<\/td>\n<td>53-59<\/td>\n<td>53-59<\/td>\n<td>56-59<\/td>\n<td>58-62<\/td>\n<\/tr>\n<tr>\n<td>Tr\u1ecdng l\u01b0\u1ee3ng chu\u1ea9n (Tr\u1ecdng l\u01b0\u1ee3ng\/Kg)<\/td>\n<td>1.24<\/td>\n<td>1.29<\/td>\n<td>1.32<\/td>\n<td>1.42<\/td>\n<\/tr>\n<tr>\n<td>\u0110\u1ed9 l\u1ec7ch tr\u1ecdng l\u01b0\u1ee3ng\/Kg<\/td>\n<td>0.05<\/td>\n<td>0.05<\/td>\n<td>0.05<\/td>\n<td>0.05<\/td>\n<\/tr>\n<tr>\n<td>Tr\u1ecdng l\u01b0\u1ee3ng h\u1ed9p\/KG<\/td>\n<td>2<\/td>\n<td>2<\/td>\n<td>2<\/td>\n<td>2.1<\/td>\n<\/tr>\n<\/tbody>\n<\/table>\n","protected":false},"excerpt":{"rendered":"<p>S\u1ef1 k\u1ebft h\u1ee3p nh\u1eefng \u01b0u \u0111i\u1ec3m c\u1ee7a m\u0169 b\u1ea3o hi\u1ec3m ch\u1ed1ng \u0111\u1ea1n FAST v\u00e0 m\u0169 b\u1ea3o hi\u1ec3m Wendy mang l\u1ea1i s\u1ef1 tho\u1ea3i m\u00e1i v\u00e0 kh\u1ea3 n\u0103ng b\u1ea3o v\u1ec7 tuy\u1ec7t v\u1eddi, cho ph\u00e9p b\u1ea1n duy tr\u00ec kh\u1ea3 n\u0103ng di chuy\u1ec3n v\u00e0 an to\u00e0n ho\u00e0n to\u00e0n trong m\u1ecdi nhi\u1ec7m v\u1ee5.<\/p>\n<p>Thi\u1ebft k\u1ebf nh\u1eb9 v\u00e0 tho\u1ea3i m\u00e1i: M\u0169 b\u1ea3o hi\u1ec3m FAST v\u1edbi thi\u1ebft k\u1ebf hi\u1ec7n \u0111\u1ea1i, nh\u1eb9 gi\u00fap gi\u1ea3m tr\u1ecdng l\u01b0\u1ee3ng xu\u1ed1ng m\u1ee9c t\u1ed1i thi\u1ec3u, l\u00fd t\u01b0\u1edfng \u0111\u1ec3 \u0111\u1ed9i trong th\u1eddi gian d\u00e0i trong \u0111i\u1ec1u ki\u1ec7n kh\u1eafc nghi\u1ec7t. Mang l\u1ea1i s\u1ef1 tho\u1ea3i m\u00e1i \u0111\u1eb7c bi\u1ec7t, ngay c\u1ea3 trong nh\u1eefng ho\u1ea1t \u0111\u1ed9ng m\u1ea1nh.<\/p>\n<p>H\u1ec7 th\u1ed1ng treo ch\u00ednh x\u00e1c: L\u1edbp l\u00f3t Zorbium v\u00e0 h\u1ec7 th\u1ed1ng treo CAM FIT cho ph\u00e9p \u0111i\u1ec1u ch\u1ec9nh ch\u00ednh x\u00e1c theo h\u00ecnh d\u1ea1ng \u0111\u1ea7u, mang l\u1ea1i s\u1ef1 v\u1eeba v\u1eb7n \u1ed5n \u0111\u1ecbnh, m\u1ec1m m\u1ea1i v\u00e0 tho\u1ea3i m\u00e1i, \u0111\u1ea3m b\u1ea3o s\u1ef1 tho\u1ea3i m\u00e1i khi \u0111eo trong th\u1eddi gian d\u00e0i.<\/p>\n<p>Kh\u00f4ng c\u1ea7n ph\u1ea3i t\u1ef1 l\u1eafp r\u00e1p, gi\u00fap b\u1ea1n ti\u1ebft ki\u1ec7m th\u1eddi gian v\u00e0 c\u00f4ng s\u1ee9c v\u00e0 c\u00f3 th\u1ec3 s\u1eed d\u1ee5ng ngay thi\u1ebft b\u1ecb chi\u1ebfn thu\u1eadt ho\u00e0n ch\u1ec9nh.<\/p>\n","protected":false},"featured_media":16587,"comment_status":"open","ping_status":"closed","template":"","meta":[],"product_brand":[],"product_cat":[607,791,828],"product_tag":[],"woo-feed-brand":[50],"class_list":{"0":"post-16860","1":"product","2":"type-product","3":"status-publish","4":"has-post-thumbnail","6":"product_cat-mat-na-dan-dao","7":"product_cat-mu-chong-dan","8":"product_cat-nhanh","9":"woo-feed-brand-tyditiao","11":"first","12":"instock","13":"sale","14":"shipping-taxable","15":"purchasable","16":"product-type-simple"},"_links":{"self":[{"href":"http:\/\/tyditiao.com\/vi\/wp-json\/wp\/v2\/product\/16860","targetHints":{"allow":["GET"]}}],"collection":[{"href":"http:\/\/tyditiao.com\/vi\/wp-json\/wp\/v2\/product"}],"about":[{"href":"http:\/\/tyditiao.com\/vi\/wp-json\/wp\/v2\/types\/product"}],"replies":[{"embeddable":true,"href":"http:\/\/tyditiao.com\/vi\/wp-json\/wp\/v2\/comments?post=16860"}],"wp:featuredmedia":[{"embeddable":true,"href":"http:\/\/tyditiao.com\/vi\/wp-json\/wp\/v2\/media\/16587"}],"wp:attachment":[{"href":"http:\/\/tyditiao.com\/vi\/wp-json\/wp\/v2\/media?parent=16860"}],"wp:term":[{"taxonomy":"product_brand","embeddable":true,"href":"http:\/\/tyditiao.com\/vi\/wp-json\/wp\/v2\/product_brand?post=16860"},{"taxonomy":"product_cat","embeddable":true,"href":"http:\/\/tyditiao.com\/vi\/wp-json\/wp\/v2\/product_cat?post=16860"},{"taxonomy":"product_tag","embeddable":true,"href":"http:\/\/tyditiao.com\/vi\/wp-json\/wp\/v2\/product_tag?post=16860"},{"taxonomy":"woo-feed-brand","embeddable":true,"href":"http:\/\/tyditiao.com\/vi\/wp-json\/wp\/v2\/woo-feed-brand?post=16860"}],"curies":[{"name":"wp","href":"https:\/\/api.w.org\/{rel}","templated":true}]}}