{"id":3841,"date":"2022-08-20T09:21:07","date_gmt":"2022-08-20T07:21:07","guid":{"rendered":"http:\/\/tyditiao.com\/o-nas\/"},"modified":"2025-01-05T05:00:53","modified_gmt":"2025-01-05T03:00:53","slug":"o-nas","status":"publish","type":"page","link":"https:\/\/tyditiao.com\/cs\/o-nas\/","title":{"rendered":"o n\u00e1s"},"content":{"rendered":"\n<div class=\"wp-block-cover\" style=\"min-height:240px;aspect-ratio:unset;\"><span aria-hidden=\"true\" class=\"wp-block-cover__background has-background-dim\" style=\"background-color:#1a6b92\"><\/span><img loading=\"lazy\" decoding=\"async\" width=\"1945\" height=\"643\" class=\"wp-block-cover__image-background wp-image-1572\" alt=\"\" src=\"http:\/\/tyditiao.com\/wp-content\/uploads\/2022\/06\/2022-06-13_181459.png\" data-object-fit=\"cover\" srcset=\"https:\/\/tyditiao.com\/wp-content\/uploads\/2022\/06\/2022-06-13_181459.png 1945w, https:\/\/tyditiao.com\/wp-content\/uploads\/2022\/06\/2022-06-13_181459-600x198.png 600w, https:\/\/tyditiao.com\/wp-content\/uploads\/2022\/06\/2022-06-13_181459-300x99.png 300w, https:\/\/tyditiao.com\/wp-content\/uploads\/2022\/06\/2022-06-13_181459-1024x339.png 1024w, https:\/\/tyditiao.com\/wp-content\/uploads\/2022\/06\/2022-06-13_181459-768x254.png 768w, https:\/\/tyditiao.com\/wp-content\/uploads\/2022\/06\/2022-06-13_181459-1536x508.png 1536w, https:\/\/tyditiao.com\/wp-content\/uploads\/2022\/06\/2022-06-13_181459-1320x436.png 1320w\" sizes=\"auto, (max-width: 1945px) 100vw, 1945px\" \/><div class=\"wp-block-cover__inner-container is-layout-constrained wp-block-cover-is-layout-constrained\">\n<p class=\"has-text-align-center custom-style-2 has-woostify-heading-1-font-size\">o n\u00e1s<\/p>\n<\/div><\/div>\n\n<div style=\"height:50px\" aria-hidden=\"true\" class=\"wp-block-spacer\"><\/div>\n\n<div class=\"wp-block-columns is-layout-flex wp-container-core-columns-is-layout-9d6595d7 wp-block-columns-is-layout-flex\">\n<div class=\"wp-block-column is-layout-flow wp-block-column-is-layout-flow\" style=\"flex-basis:10%\"><\/div>\n\n\n\n<div class=\"wp-block-column is-layout-flow wp-block-column-is-layout-flow\">\n<h4 class=\"wp-block-heading has-text-align-center\">helma ve v\u00fdrob\u011b<\/h4>\n\n\n\n<div style=\"height:30px\" aria-hidden=\"true\" class=\"wp-block-spacer\"><\/div>\n\n\n\n<figure class=\"wp-block-gallery has-nested-images columns-5 is-cropped wp-block-gallery-1 is-layout-flex wp-block-gallery-is-layout-flex\">\n<figure class=\"wp-block-image size-medium\"><img loading=\"lazy\" decoding=\"async\" width=\"300\" height=\"300\" data-id=\"1795\" src=\"https:\/\/tyditiao.com\/wp-content\/uploads\/2022\/07\/IMG_5611-300x300.jpeg\" alt=\"taktick&#xE1; ochrann&#xE1; p&#x159;ilba vojensk&#xFD; obchod - Kevlarov&#xE1; nepr&#x16F;st&#x159;eln&#xE1; p&#x159;ilba ve v&#xFD;rob&#x11B;\" class=\"wp-image-1795\" srcset=\"https:\/\/tyditiao.com\/wp-content\/uploads\/2022\/07\/IMG_5611-300x300.jpeg 300w, https:\/\/tyditiao.com\/wp-content\/uploads\/2022\/07\/IMG_5611-100x100.jpeg 100w, https:\/\/tyditiao.com\/wp-content\/uploads\/2022\/07\/IMG_5611-600x600.jpeg 600w, https:\/\/tyditiao.com\/wp-content\/uploads\/2022\/07\/IMG_5611-150x150.jpeg 150w, https:\/\/tyditiao.com\/wp-content\/uploads\/2022\/07\/IMG_5611.jpeg 614w\" sizes=\"auto, (max-width: 300px) 100vw, 300px\" \/><\/figure>\n\n\n<figure class=\"wp-block-image size-medium\"><img loading=\"lazy\" decoding=\"async\" width=\"300\" height=\"300\" data-id=\"1656\" src=\"https:\/\/tyditiao.com\/wp-content\/uploads\/2022\/06\/2022-06-15_162614-1-300x300.png\" alt=\"\" class=\"wp-image-1656\" srcset=\"https:\/\/tyditiao.com\/wp-content\/uploads\/2022\/06\/2022-06-15_162614-1-300x300.png 300w, https:\/\/tyditiao.com\/wp-content\/uploads\/2022\/06\/2022-06-15_162614-1-100x100.png 100w, https:\/\/tyditiao.com\/wp-content\/uploads\/2022\/06\/2022-06-15_162614-1-150x150.png 150w, https:\/\/tyditiao.com\/wp-content\/uploads\/2022\/06\/2022-06-15_162614-1.png 475w\" sizes=\"auto, (max-width: 300px) 100vw, 300px\" \/><\/figure>\n\n\n<figure class=\"wp-block-image size-medium\"><img loading=\"lazy\" decoding=\"async\" width=\"300\" height=\"300\" data-id=\"1657\" src=\"https:\/\/tyditiao.com\/wp-content\/uploads\/2022\/06\/2022-06-15_162211-1-300x300.png\" alt=\"taktick&#xE1; ochrann&#xE1; p&#x159;ilba vojensk&#xFD; obchod - Montovan&#xE1; nepr&#x16F;st&#x159;eln&#xE1; p&#x159;ilba\" class=\"wp-image-1657\" srcset=\"https:\/\/tyditiao.com\/wp-content\/uploads\/2022\/06\/2022-06-15_162211-1-300x300.png 300w, https:\/\/tyditiao.com\/wp-content\/uploads\/2022\/06\/2022-06-15_162211-1-100x100.png 100w, https:\/\/tyditiao.com\/wp-content\/uploads\/2022\/06\/2022-06-15_162211-1-600x600.png 600w, https:\/\/tyditiao.com\/wp-content\/uploads\/2022\/06\/2022-06-15_162211-1-150x150.png 150w, https:\/\/tyditiao.com\/wp-content\/uploads\/2022\/06\/2022-06-15_162211-1-768x768.png 768w, https:\/\/tyditiao.com\/wp-content\/uploads\/2022\/06\/2022-06-15_162211-1.png 780w\" sizes=\"auto, (max-width: 300px) 100vw, 300px\" \/><\/figure>\n\n\n<figure class=\"wp-block-image size-medium\"><img loading=\"lazy\" decoding=\"async\" width=\"300\" height=\"300\" data-id=\"1794\" src=\"https:\/\/tyditiao.com\/wp-content\/uploads\/2022\/07\/IMG_5607-300x300.jpeg\" alt=\"taktick&#xE1; ochrann&#xE1; p&#x159;ilba vojensk&#xFD; obchod - Po procesu lakov&#xE1;n&#xED;\" class=\"wp-image-1794\" srcset=\"https:\/\/tyditiao.com\/wp-content\/uploads\/2022\/07\/IMG_5607-300x300.jpeg 300w, https:\/\/tyditiao.com\/wp-content\/uploads\/2022\/07\/IMG_5607-100x100.jpeg 100w, https:\/\/tyditiao.com\/wp-content\/uploads\/2022\/07\/IMG_5607-600x600.jpeg 600w, https:\/\/tyditiao.com\/wp-content\/uploads\/2022\/07\/IMG_5607-1024x1024.jpeg 1024w, https:\/\/tyditiao.com\/wp-content\/uploads\/2022\/07\/IMG_5607-150x150.jpeg 150w, https:\/\/tyditiao.com\/wp-content\/uploads\/2022\/07\/IMG_5607-768x768.jpeg 768w, https:\/\/tyditiao.com\/wp-content\/uploads\/2022\/07\/IMG_5607.jpeg 1034w\" sizes=\"auto, (max-width: 300px) 100vw, 300px\" \/><\/figure>\n\n\n<figure class=\"wp-block-image size-medium\"><img loading=\"lazy\" decoding=\"async\" width=\"300\" height=\"300\" data-id=\"1658\" src=\"https:\/\/tyditiao.com\/wp-content\/uploads\/2022\/06\/2022-06-15_162306-1-300x300.png\" alt=\"taktick&#xE1; ochrann&#xE1; p&#x159;ilba vojensk&#xE1; prodejna - Po lakov&#xE1;n&#xED; proces MICH\" class=\"wp-image-1658\" srcset=\"https:\/\/tyditiao.com\/wp-content\/uploads\/2022\/06\/2022-06-15_162306-1-300x300.png 300w, https:\/\/tyditiao.com\/wp-content\/uploads\/2022\/06\/2022-06-15_162306-1-100x100.png 100w, https:\/\/tyditiao.com\/wp-content\/uploads\/2022\/06\/2022-06-15_162306-1-600x600.png 600w, https:\/\/tyditiao.com\/wp-content\/uploads\/2022\/06\/2022-06-15_162306-1-150x150.png 150w, https:\/\/tyditiao.com\/wp-content\/uploads\/2022\/06\/2022-06-15_162306-1-768x768.png 768w, https:\/\/tyditiao.com\/wp-content\/uploads\/2022\/06\/2022-06-15_162306-1.png 880w\" sizes=\"auto, (max-width: 300px) 100vw, 300px\" \/><\/figure><\/figure>\n\n\n\n<div style=\"height:50px\" aria-hidden=\"true\" class=\"wp-block-spacer\"><\/div>\n<\/div>\n\n\n\n<div class=\"wp-block-column is-layout-flow wp-block-column-is-layout-flow\" style=\"flex-basis:10%\"><\/div>\n<\/div>\n\n<div class=\"wp-block-columns is-layout-flex wp-container-core-columns-is-layout-9d6595d7 wp-block-columns-is-layout-flex\">\n<div class=\"wp-block-column is-layout-flow wp-block-column-is-layout-flow\" style=\"flex-basis:15%\"><\/div>\n\n\n\n<div class=\"wp-block-column is-layout-flow wp-block-column-is-layout-flow\" style=\"flex-basis:70%\">\n<p class=\"has-text-align-center\">Na\u0161e spole\u010dnost se zav\u00e1zala poskytovat z\u00e1kazn\u00edk\u016fm profesion\u00e1ln\u00ed nepr\u016fst\u0159eln\u00e9 p\u0159ilby a nyn\u00ed se stala zn\u00e1m\u00fdm a technologicky p\u0159edn\u00edm v\u00fdrobcem <a href=\"http:\/\/tyditiao.com\/shop\/\">nepr\u016fst\u0159eln\u00fdch p\u0159ileb<\/a> v oboru. V\u0161echny na\u0161e produkty jsou testov\u00e1ny podle standardu NIJ0101.06.<\/p>\n\n\n\n<p class=\"has-text-align-center\">V posledn\u00edch letech jsme obslou\u017eili mnoho z\u00e1kazn\u00edk\u016f v Polsku, N\u011bmecku, \u0160v\u00e9dsku, na St\u0159edn\u00edm v\u00fdchod\u011b, ve \u0160pan\u011blsku, Ji\u017en\u00ed Koreji a dal\u0161\u00edch zem\u00edch a regionech a nav\u00e1zali jsme s nimi dlouhodob\u00e9 vztahy spolupr\u00e1ce.\nTato za\u0159\u00edzen\u00ed ochr\u00e1nila \u0161t\u011bst\u00ed bezpo\u010dtu \u017eivot\u016f a rodin, na kter\u00e9 jsme nejv\u00edce hrd\u00ed<br\/>To je to, co n\u00e1s poh\u00e1n\u00ed v budoucnosti. <\/p>\n\n\n\n<p class=\"has-text-align-center\">M\u00e1me r\u016fzn\u00e9 velikosti v\u00fdrobn\u00edch za\u0159\u00edzen\u00ed a dokonal\u00fd syst\u00e9m \u0159\u00edzen\u00ed v\u00fdroby.\nVzhledem ke specifi\u010dnosti produktu klademe velk\u00fd d\u016fraz na kvalitu produktu a prov\u00e1d\u00edme testov\u00e1n\u00ed v ka\u017ed\u00e9 f\u00e1zi v\u00fdroby, abychom p\u0159ede\u0161li nevyhovuj\u00edc\u00edm produkt\u016fm.\n\u201eKvalita na prvn\u00edm m\u00edst\u011b, reputace na prvn\u00edm m\u00edst\u011b\u201c je filozofie a p\u0159\u00e1n\u00ed cel\u00e9ho na\u0161eho t\u00fdmu.\nOd v\u00fdzkumu a v\u00fdvoje p\u0159es v\u00fdrobu a\u017e po kontrolu kvality se sna\u017e\u00edme o dokonalost v ka\u017ed\u00e9m spojen\u00ed, abychom zajistili spolehliv\u00e9 a vysoce kvalitn\u00ed produkty.   <\/p>\n<\/div>\n\n\n\n<div class=\"wp-block-column is-layout-flow wp-block-column-is-layout-flow\" style=\"flex-basis:15%\"><\/div>\n<\/div>\n","protected":false},"excerpt":{"rendered":"<p>helma ve v\u00fdrob\u011b Na\u0161e spole\u010dnost se zav\u00e1zala poskytovat z\u00e1kazn\u00edk\u016fm profesion\u00e1ln\u00ed nepr\u016fst\u0159eln\u00e9 p\u0159ilby a nyn\u00ed se stala zn\u00e1m\u00fdm a technologicky p\u0159edn\u00edm&#8230;<\/p>\n","protected":false},"author":1,"featured_media":0,"parent":0,"menu_order":0,"comment_status":"closed","ping_status":"closed","template":"","meta":{"footnotes":""},"class_list":["post-3841","page","type-page","status-publish","hentry"],"_links":{"self":[{"href":"https:\/\/tyditiao.com\/cs\/wp-json\/wp\/v2\/pages\/3841","targetHints":{"allow":["GET"]}}],"collection":[{"href":"https:\/\/tyditiao.com\/cs\/wp-json\/wp\/v2\/pages"}],"about":[{"href":"https:\/\/tyditiao.com\/cs\/wp-json\/wp\/v2\/types\/page"}],"author":[{"embeddable":true,"href":"https:\/\/tyditiao.com\/cs\/wp-json\/wp\/v2\/users\/1"}],"replies":[{"embeddable":true,"href":"https:\/\/tyditiao.com\/cs\/wp-json\/wp\/v2\/comments?post=3841"}],"version-history":[{"count":3,"href":"https:\/\/tyditiao.com\/cs\/wp-json\/wp\/v2\/pages\/3841\/revisions"}],"predecessor-version":[{"id":16465,"href":"https:\/\/tyditiao.com\/cs\/wp-json\/wp\/v2\/pages\/3841\/revisions\/16465"}],"wp:attachment":[{"href":"https:\/\/tyditiao.com\/cs\/wp-json\/wp\/v2\/media?parent=3841"}],"curies":[{"name":"wp","href":"https:\/\/api.w.org\/{rel}","templated":true}]}}