{"id":16821,"date":"2025-04-17T09:25:14","date_gmt":"2025-04-17T07:25:14","guid":{"rendered":"https:\/\/tyditiao.com\/product\/fast-balisticka-prilba-s-wendys-zorbium-vlozkou-a-cam-fit-systemem-odpruzeni-uroven-ochrany-nij-iiia\/"},"modified":"2025-04-21T13:59:57","modified_gmt":"2025-04-21T11:59:57","slug":"fast-balisticka-prilba-s-wendys-zorbium-vlozkou-a-cam-fit-systemem-odpruzeni-uroven-ochrany-nij-iiia","status":"publish","type":"product","link":"https:\/\/tyditiao.com\/cs\/produkt\/fast-balisticka-prilba-s-wendys-zorbium-vlozkou-a-cam-fit-systemem-odpruzeni-uroven-ochrany-nij-iiia\/","title":{"rendered":"FAST balistick\u00e1 p\u0159ilba s Wendy&#8217;s Zorbium vlo\u017ekou a CAM FIT syst\u00e9mem odpru\u017een\u00ed, \u00farove\u0148 ochrany NIJ IIIA"},"content":{"rendered":"<p><strong>Zvl\u00e1\u0161tn\u00ed pozn\u00e1mky:<\/strong><\/p>\n<p>Jedn\u00e1 se o n\u00e1\u0161 nov\u00fd vlajkov\u00fd model, kter\u00fd kombinuje vysoce kvalitn\u00ed zpracov\u00e1n\u00ed s nejvy\u0161\u0161\u00edm komfortem. Pokud nen\u00ed uvedeno jinak, v\u00fdchoz\u00ed konfigurace je n\u00e1sleduj\u00edc\u00ed: velikost L, zelen\u00e1, nepr\u016fst\u0159eln\u00e1 p\u0159ilba FAST s pod\u0161\u00edvkou z p\u011bny Zorbium a syst\u00e9mem odpru\u017een\u00ed CAM FIT, \u00farove\u0148 ochrany NIJ IIIA. Nav\u00edc nab\u00edz\u00edme na v\u00fdb\u011br \u0161irokou \u0161k\u00e1lu barev (zelen\u00e1, p\u00edskov\u00e1, \u010dern\u00e1) a velikost\u00ed (S, M, L, XL).<\/p>\n<p>Bez ohledu na to, kde se nach\u00e1z\u00edte, m\u016f\u017eete objedn\u00e1vku zadat p\u0159\u00edmo p\u0159es tento odkaz a bez probl\u00e9m\u016f prov\u00e9st n\u00e1kup. Sta\u010d\u00ed do pozn\u00e1mky k objedn\u00e1vce uv\u00e9st po\u017eadovanou velikost a barvu (nap\u0159\u00edklad: XL-\u010dern\u00e1) a obdr\u017e\u00edte sv\u00e9 vysn\u011bn\u00e9 vybaven\u00ed. Za v\u00fdb\u011br jin\u00fdch barev a velikost\u00ed nebudeme \u00fa\u010dtovat \u017e\u00e1dn\u00e9 dal\u0161\u00ed poplatky.<\/p>\n<hr \/>\n<p><strong>T\u0159\u00edda obrany:<\/strong><\/p>\n<p>Tato nepr\u016fst\u0159eln\u00e1 p\u0159ilba je nepr\u016fst\u0159eln\u00e1 p\u0159ilba NIJ Level IIIA podle standardu NIJ 0101.06 a je mo\u017en\u00e9 poskytnout odpov\u00eddaj\u00edc\u00ed zku\u0161ebn\u00ed protokol.<\/p>\n<hr \/>\n<p><strong>Parametry obrann\u00e9 st\u0159ely:<\/strong><\/p>\n<p>.44 Mag SJHP<br \/>\n.357 SIG FMJ FN<br \/>\n9mm FMJ RN<br \/>\n.357 Mag JSP<br \/>\n.40 S&amp;W FMJ<\/p>\n<p>Poskytuje tak\u00e9 ochranu proti v\u011bt\u0161in\u011b nebezpe\u010d\u00ed st\u0159eln\u00fdch zbran\u00ed, jako\u017e i nebezpe\u010d\u00ed t\u0159\u00eddy IIA a t\u0159\u00eddy II<\/p>\n<hr \/>\n<p><strong>Parametry nepr\u016fst\u0159eln\u00e9 p\u0159ilby:<\/strong><\/p>\n<p>N\u00e1zev: NIJ lllA FAST vojensk\u00e1 nepr\u016fst\u0159eln\u00e1 taktick\u00e1 p\u0159ilba z Kevlaru s p\u011bnovou v\u00fdstelkou Wendy Zorbium + z\u00e1v\u011bsn\u00fd syst\u00e9m CAM FIT<\/p>\n<p>Materi\u00e1l: vysoce pevn\u00e9 duPont kevlar-aramidov\u00e9 vl\u00e1kno<br \/>\nVelikost: S, M, L, XL<br \/>\nBarva: zelen\u00e1, p\u00edskov\u00e1, \u010dern\u00e1<br \/>\nVoliteln\u00e9 p\u0159\u00edslu\u0161enstv\u00ed: nepr\u016fst\u0159eln\u00e1 maska \u200b\u200batd.<br \/>\nZ\u00e1ru\u010dn\u00ed doba: 5let\u00e1 z\u00e1ru\u010dn\u00ed doba m\u016f\u017ee m\u00edt dostate\u010dnou ochrannou schopnost, pokud v\u0161ak p\u0159ekro\u010d\u00ed z\u00e1ru\u010dn\u00ed dobu<br \/>\nKvalita \u017eivota sn\u00ed\u017e\u00ed schopnost ochrany.<\/p>\n<p>&nbsp;<\/p>\n<hr \/>\n<p><strong>Podrobnosti a srovn\u00e1n\u00ed velikost\u00ed nepr\u016fst\u0159eln\u00fdch p\u0159ileb:<\/strong><\/p>\n<p>&nbsp;<\/p>\n<table style=\"border-collapse: collapse;\" border=\"1\" cellspacing=\"0\" cellpadding=\"5\">\n<thead>\n<tr>\n<th>Balistick\u00e1 p\u0159ilba Velikost p\u0159ilby<\/th>\n<th>S<\/th>\n<th>M<\/th>\n<th>L<\/th>\n<th>XL<\/th>\n<\/tr>\n<\/thead>\n<tbody>\n<tr>\n<td>Tlou\u0161\u0165ka povlaku<\/td>\n<td>9.5<\/td>\n<td>9.5<\/td>\n<td>10 (9.5)<\/td>\n<td>10 (9.5)<\/td>\n<\/tr>\n<tr>\n<td>\u00darove\u0148 ochrany<\/td>\n<td>3A.44<\/td>\n<td>3A.44<\/td>\n<td>3A.44<\/td>\n<td>3A.44<\/td>\n<\/tr>\n<tr>\n<td>Dlouh\u00e1 osa (Dlouh\u00e1 osa\/mm)<\/td>\n<td>235<\/td>\n<td>240<\/td>\n<td>247<\/td>\n<td>263<\/td>\n<\/tr>\n<tr>\n<td>Kr\u00e1tk\u00e1 osa (vedlej\u0161\u00ed osa\/mm)<\/td>\n<td>182<\/td>\n<td>185<\/td>\n<td>193<\/td>\n<td>205<\/td>\n<\/tr>\n<tr>\n<td>Vnit\u0159n\u00ed v\u00fd\u0161ka\/mm<\/td>\n<td>146<\/td>\n<td>153<\/td>\n<td>158<\/td>\n<td>161<\/td>\n<\/tr>\n<tr>\n<td>Obvod hlavy (s nehty)<\/td>\n<td>53-59<\/td>\n<td>53-59<\/td>\n<td>56-59<\/td>\n<td>58-62<\/td>\n<\/tr>\n<tr>\n<td>Standardn\u00ed hmotnost (hmotnost\/kg)<\/td>\n<td>1.24<\/td>\n<td>1.29<\/td>\n<td>1.32<\/td>\n<td>1.42<\/td>\n<\/tr>\n<tr>\n<td>Hmotnostn\u00ed odchylka\/kg<\/td>\n<td>0.05<\/td>\n<td>0.05<\/td>\n<td>0.05<\/td>\n<td>0.05<\/td>\n<\/tr>\n<tr>\n<td>Hmotnost krabice\/KG<\/td>\n<td>2<\/td>\n<td>2<\/td>\n<td>2<\/td>\n<td>2.1<\/td>\n<\/tr>\n<\/tbody>\n<\/table>\n","protected":false},"excerpt":{"rendered":"<p>Kombinace v\u00fdhod balistick\u00e9 p\u0159ilby FAST a p\u0159ilby Wendy poskytuje vynikaj\u00edc\u00ed pohodl\u00ed a ochranu, co\u017e v\u00e1m umo\u017e\u0148uje zachovat plnou mobilitu a bezpe\u010dnost p\u0159i jak\u00e9mkoli \u00fakolu.<\/p>\n<p>Lehk\u00fd a pohodln\u00fd design: Helma FAST s modern\u00edm lehk\u00fdm designem sni\u017euje hmotnost na minimum, d\u00edky \u010demu\u017e je ide\u00e1ln\u00ed pro dlouhodob\u00e9 no\u0161en\u00ed v n\u00e1ro\u010dn\u00fdch podm\u00ednk\u00e1ch. Poskytuje v\u00fdjime\u010dn\u00fd komfort i p\u0159i intenzivn\u00edch aktivit\u00e1ch.<\/p>\n<p>Precizn\u00ed syst\u00e9m odpru\u017een\u00ed: Vlo\u017eka Zorbium a syst\u00e9m odpru\u017een\u00ed CAM FIT umo\u017e\u0148uj\u00ed p\u0159esn\u00e9 p\u0159izp\u016fsoben\u00ed tvaru hlavy a poskytuj\u00ed stabiln\u00ed, m\u011bkk\u00e9 a pohodln\u00e9 no\u0161en\u00ed, kter\u00e9 zaru\u010duje pohodl\u00ed p\u0159i dlouhodob\u00e9m no\u0161en\u00ed.<\/p>\n<p>Nen\u00ed pot\u0159eba vlastn\u00ed mont\u00e1\u017e, co\u017e v\u00e1m umo\u017e\u0148uje u\u0161et\u0159it \u010das a n\u00e1mahu a hned si u\u017e\u00edvat kompletn\u00ed taktick\u00e9 vybaven\u00ed.<\/p>\n","protected":false},"featured_media":16555,"comment_status":"open","ping_status":"closed","template":"","meta":[],"product_brand":[],"product_cat":[201,146,344],"product_tag":[],"woo-feed-brand":[50],"class_list":{"0":"post-16821","1":"product","2":"type-product","3":"status-publish","4":"has-post-thumbnail","6":"product_cat-ballistic-mask-cs","7":"product_cat-fast-cs","8":"product_cat-neprustrelna-prilba","9":"woo-feed-brand-tyditiao","11":"first","12":"instock","13":"sale","14":"shipping-taxable","15":"purchasable","16":"product-type-simple"},"_links":{"self":[{"href":"https:\/\/tyditiao.com\/cs\/wp-json\/wp\/v2\/product\/16821","targetHints":{"allow":["GET"]}}],"collection":[{"href":"https:\/\/tyditiao.com\/cs\/wp-json\/wp\/v2\/product"}],"about":[{"href":"https:\/\/tyditiao.com\/cs\/wp-json\/wp\/v2\/types\/product"}],"replies":[{"embeddable":true,"href":"https:\/\/tyditiao.com\/cs\/wp-json\/wp\/v2\/comments?post=16821"}],"wp:featuredmedia":[{"embeddable":true,"href":"https:\/\/tyditiao.com\/cs\/wp-json\/wp\/v2\/media\/16555"}],"wp:attachment":[{"href":"https:\/\/tyditiao.com\/cs\/wp-json\/wp\/v2\/media?parent=16821"}],"wp:term":[{"taxonomy":"product_brand","embeddable":true,"href":"https:\/\/tyditiao.com\/cs\/wp-json\/wp\/v2\/product_brand?post=16821"},{"taxonomy":"product_cat","embeddable":true,"href":"https:\/\/tyditiao.com\/cs\/wp-json\/wp\/v2\/product_cat?post=16821"},{"taxonomy":"product_tag","embeddable":true,"href":"https:\/\/tyditiao.com\/cs\/wp-json\/wp\/v2\/product_tag?post=16821"},{"taxonomy":"woo-feed-brand","embeddable":true,"href":"https:\/\/tyditiao.com\/cs\/wp-json\/wp\/v2\/woo-feed-brand?post=16821"}],"curies":[{"name":"wp","href":"https:\/\/api.w.org\/{rel}","templated":true}]}}