{"id":16822,"date":"2025-04-17T11:28:35","date_gmt":"2025-04-17T09:28:35","guid":{"rendered":"https:\/\/tyditiao.com\/product\/balisticka-prilba-s-oblicejovym-stitem-a-chranicem-brady-tdtm-3-plna-ochrana-nij-iiia-idealni-do-extremnich-taktickych-podminek\/"},"modified":"2025-04-21T09:24:14","modified_gmt":"2025-04-21T07:24:14","slug":"balisticka-prilba-s-oblicejovym-stitem-a-chranicem-brady-tdtm-3-plna-ochrana-nij-iiia-idealni-do-extremnich-taktickych-podminek","status":"publish","type":"product","link":"https:\/\/tyditiao.com\/cs\/produkt\/balisticka-prilba-s-oblicejovym-stitem-a-chranicem-brady-tdtm-3-plna-ochrana-nij-iiia-idealni-do-extremnich-taktickych-podminek\/","title":{"rendered":"balistick\u00e1 p\u0159ilba s obli\u010dejov\u00fdm \u0161t\u00edtem a chr\u00e1ni\u010dem brady, TDTM-3, pln\u00e1 ochrana NIJ IIIA, ide\u00e1ln\u00ed do extr\u00e9mn\u00edch taktick\u00fdch podm\u00ednek"},"content":{"rendered":"<p>Vysoce pevn\u00e9 nepr\u016fst\u0159eln\u00e9 sklo: Vysoce kvalitn\u00ed nepr\u016fst\u0159eln\u00e9 sklo poskytuje \u00fa\u010dinnou ochranu va\u0161eho obli\u010deje v p\u0159\u00edpad\u011b v\u00fdbuchu nebo n\u00e1razu a z\u00e1rove\u0148 zaji\u0161\u0165uje vynikaj\u00edc\u00ed viditelnost.<\/p>\n<p>Modul ochrany \u010delist\u00ed: Modul navr\u017een\u00fd speci\u00e1ln\u011b pro ochranu oblasti \u010delisti, poskytuje dodate\u010dnou ochranu brady a chr\u00e1n\u00ed p\u0159ed zran\u011bn\u00edm b\u011bhem taktick\u00fdch operac\u00ed.<\/p>\n<p>Pohodln\u00fd syst\u00e9m nastaven\u00ed: Vybaven nastaviteln\u00fdm syst\u00e9mem odpru\u017een\u00ed a v\u00fdstelkou z pam\u011b\u0165ov\u00e9 p\u011bny s vysokou hustotou, kter\u00e1 poskytuje odpru\u017een\u00ed, absorbuje vlhkost a pot a sni\u017euje \u00fanavu p\u0159i dlouhodob\u00e9m pou\u017e\u00edv\u00e1n\u00ed. Dostupnost r\u016fzn\u00fdch velikost\u00ed (S, M, L, XL) zaru\u010duje pohodln\u00e9 p\u0159izp\u016fsoben\u00ed tvaru hlavy. <\/p>\n<p>Mont\u00e1\u017e taktick\u00e9ho p\u0159\u00edslu\u0161enstv\u00ed: P\u0159ilba m\u00e1 n\u011bkolik mont\u00e1\u017en\u00edch bod\u016f, kter\u00e9 umo\u017e\u0148uj\u00ed rychlou instalaci no\u010dn\u00edho vid\u011bn\u00ed, komunika\u010dn\u00edho vybaven\u00ed a dal\u0161\u00edho taktick\u00e9ho p\u0159\u00edslu\u0161enstv\u00ed spl\u0148uj\u00edc\u00edho po\u017eadavky specializovan\u00fdch bojov\u00fdch operac\u00ed.<\/p>\n<p><strong>Zvl\u00e1\u0161tn\u00ed pozn\u00e1mky:<\/strong><\/p>\n<p>Tato balistick\u00e1 p\u0159ilba t\u0159\u00eddy NIJ IIIA poskytuje komplexn\u00ed ochranu hlavy b\u011bhem taktick\u00fdch operac\u00ed. Byl speci\u00e1ln\u011b navr\u017een tak, aby zajistil bezpe\u010dnost voj\u00e1k\u016f v extr\u00e9mn\u00edch podm\u00ednk\u00e1ch. A\u0165 u\u017e se jedn\u00e1 o nepr\u016fst\u0159eln\u00e9 sklo na obli\u010deji nebo nepr\u016fst\u0159eln\u00e9 moduly na \u010delisti, poskytuj\u00ed bezkonkuren\u010dn\u00ed ochranu proti st\u0159epin\u00e1m, \u00falomk\u016fm a po\u0161kozen\u00ed n\u00e1razem. Promy\u0161len\u00fd design a syst\u00e9m nastaven\u00ed komfortu zaru\u010duj\u00ed maxim\u00e1ln\u00ed pohodl\u00ed p\u0159i dlouhodob\u00e9m boji. M\u016f\u017eeme v\u00e1m poskytnout solidn\u00ed podporu, a\u0165 u\u017e je to na boji\u0161ti, v policejn\u00ed operaci nebo ve v\u00fdcvikov\u00e9m prost\u0159ed\u00ed.    <\/p>\n<p>Pokud nen\u00ed \u017e\u00e1dn\u00e1 zvl\u00e1\u0161tn\u00ed pozn\u00e1mka, v\u00fdchoz\u00ed konfigurace je: velikost L, barva zelen\u00e1. Nav\u00edc nab\u00edz\u00edme na v\u00fdb\u011br \u0161irokou \u0161k\u00e1lu barev (p\u00edskov\u00e1\/\u010dern\u00e1\/zelen\u00e1\/MC maskovac\u00ed\/vl\u010d\u00ed hn\u011bd\u00e1) a velikost\u00ed (S, M, L, XL). <\/p>\n<p>Bez ohledu na to, kde se nach\u00e1z\u00edte, m\u016f\u017eete objedn\u00e1vku zadat p\u0159\u00edmo p\u0159es tento odkaz a bez probl\u00e9m\u016f prov\u00e9st n\u00e1kup. Sta\u010d\u00ed do pozn\u00e1mky k objedn\u00e1vce uv\u00e9st po\u017eadovanou velikost a barvu (nap\u0159\u00edklad: XL-\u010dern\u00e1) a obdr\u017e\u00edte sv\u00e9 vysn\u011bn\u00e9 vybaven\u00ed. Za v\u00fdb\u011br jin\u00fdch barev a velikost\u00ed nebudeme \u00fa\u010dtovat \u017e\u00e1dn\u00e9 dal\u0161\u00ed poplatky.  <\/p>\n<hr>\n<p><strong>Pokud jde o sc\u00e9n\u00e1\u0159e:<\/strong><\/p>\n<p>S\u00edly speci\u00e1ln\u00edch operac\u00ed<br \/>\nProsazov\u00e1n\u00ed ve vysoce rizikov\u00fdch prost\u0159ed\u00edch<br \/>\nVenkovn\u00ed taktick\u00e9 sporty a st\u0159eleck\u00fd v\u00fdcvik<br \/>\nZ\u00e1chrann\u00e9 a bojov\u00e9 mise<\/p>\n<hr>\n<p><strong>Parametry obrann\u00e9 st\u0159ely:<\/strong><\/p>\n<p>.44 Mag SJHP<br \/>\n.357 SIG FMJ FN<br \/>\n9mm FMJ RN<br \/>\n.357 Mag JSP<br \/>\n.40 S&amp;W FMJ<\/p>\n<p>Poskytuje tak\u00e9 ochranu proti v\u011bt\u0161in\u011b nebezpe\u010d\u00ed st\u0159eln\u00fdch zbran\u00ed, jako\u017e i nebezpe\u010d\u00ed t\u0159\u00eddy IIA a t\u0159\u00eddy II<\/p>\n<hr>\n<p><strong>parametr:<\/strong><\/p>\n<p>Model p\u0159ilby: TDTM-3<br \/>\nMateri\u00e1l: P\u0159ilba a chr\u00e1ni\u010d \u00fast jsou vyrobeny z UHMWPE<br \/>\nHmotnost: cca 2,8 kg (nepr\u016fst\u0159eln\u00e1 helma + nepr\u016fst\u0159eln\u00e1 maska \u200b\u200b+ chr\u00e1ni\u010d \u00fast)<br \/>\nVelikost: S (53-59cm), M (53-59cm), L (56-59cm), L (58-62cm)<br \/>\nBarva: \u010dern\u00e1\/zelen\u00e1\/MC Camo\/vl\u010d\u00ed hn\u011bd\u00e1<br \/>\nKonstrukce: Komponenty ochrany t\u011bla a obli\u010deje p\u0159ilby (odn\u00edmateln\u00e9)<br \/>\nOchrann\u00e1 oblast: t\u011blo p\u0159ilby \u2265 0,125 mm, br\u00fdle \u2265 0,025 m, \u010delo \u2265 0,04 m<\/p>\n<p>&nbsp;<\/p>\n","protected":false},"excerpt":{"rendered":"<p>Komplexn\u00ed ochrana: Kombinuje nepr\u016fst\u0159eln\u00fd obli\u010dejov\u00fd \u0161t\u00edt a modul ochrany \u010delist\u00ed, aby poskytoval 360stup\u0148ovou ochranu cel\u00e9 hlavy a zajistil \u00faplnou bezpe\u010dnost ve vysoce rizikov\u00fdch prost\u0159ed\u00edch.<\/p>\n<p>Optimalizovan\u00e9 t\u011b\u017ei\u0161t\u011b, stabiln\u00ed st\u0159ih: Precizn\u011b navr\u017een\u00e1 struktura p\u0159ilby zaji\u0161\u0165uje racion\u00e1ln\u00ed rozlo\u017een\u00ed t\u011b\u017ei\u0161t\u011b, eliminuje ot\u0159esy p\u0159i b\u011bhu nebo sk\u00e1k\u00e1n\u00ed. To umo\u017e\u0148uje zachovat flexibilitu a volnost p\u0159i m\u00ed\u0159en\u00ed ve stoje, st\u0159elb\u011b, prov\u00e1d\u011bn\u00ed taktick\u00fdch man\u00e9vr\u016f a dal\u0161\u00edch \u010dinnostech. Celkov\u00e1 hmotnost byla sn\u00ed\u017eena na maxim\u00e1ln\u00ed mo\u017enou \u00farove\u0148 p\u0159i zachov\u00e1n\u00ed pln\u00e9 ochrany.  <\/p>\n<p>Standard ochrany NIJ IIIA: Spl\u0148uje standardy NIJ IIIA, \u00fa\u010dinn\u011b chr\u00e1n\u00ed p\u0159ed \u00fatoky s n\u00edzkou a\u017e st\u0159edn\u00ed hrozbou, jako jsou st\u0159ely z ru\u010dn\u00edch zbran\u00ed a \u0161rapnely, a zvy\u0161uje taktickou bezpe\u010dnost.<\/p>\n","protected":false},"featured_media":16748,"comment_status":"open","ping_status":"closed","template":"","meta":[],"product_brand":[],"product_cat":[201,344],"product_tag":[],"woo-feed-brand":[50],"class_list":{"0":"post-16822","1":"product","2":"type-product","3":"status-publish","4":"has-post-thumbnail","6":"product_cat-ballistic-mask-cs","7":"product_cat-neprustrelna-prilba","8":"woo-feed-brand-tyditiao","10":"first","11":"instock","12":"sale","13":"shipping-taxable","14":"purchasable","15":"product-type-simple"},"_links":{"self":[{"href":"https:\/\/tyditiao.com\/cs\/wp-json\/wp\/v2\/product\/16822","targetHints":{"allow":["GET"]}}],"collection":[{"href":"https:\/\/tyditiao.com\/cs\/wp-json\/wp\/v2\/product"}],"about":[{"href":"https:\/\/tyditiao.com\/cs\/wp-json\/wp\/v2\/types\/product"}],"replies":[{"embeddable":true,"href":"https:\/\/tyditiao.com\/cs\/wp-json\/wp\/v2\/comments?post=16822"}],"wp:featuredmedia":[{"embeddable":true,"href":"https:\/\/tyditiao.com\/cs\/wp-json\/wp\/v2\/media\/16748"}],"wp:attachment":[{"href":"https:\/\/tyditiao.com\/cs\/wp-json\/wp\/v2\/media?parent=16822"}],"wp:term":[{"taxonomy":"product_brand","embeddable":true,"href":"https:\/\/tyditiao.com\/cs\/wp-json\/wp\/v2\/product_brand?post=16822"},{"taxonomy":"product_cat","embeddable":true,"href":"https:\/\/tyditiao.com\/cs\/wp-json\/wp\/v2\/product_cat?post=16822"},{"taxonomy":"product_tag","embeddable":true,"href":"https:\/\/tyditiao.com\/cs\/wp-json\/wp\/v2\/product_tag?post=16822"},{"taxonomy":"woo-feed-brand","embeddable":true,"href":"https:\/\/tyditiao.com\/cs\/wp-json\/wp\/v2\/woo-feed-brand?post=16822"}],"curies":[{"name":"wp","href":"https:\/\/api.w.org\/{rel}","templated":true}]}}