{"id":3850,"date":"2022-06-13T03:50:24","date_gmt":"2022-06-13T01:50:24","guid":{"rendered":"http:\/\/tyditiao.com\/product\/jednotka-prilby-takticka-vybava-tridy-iiia-kevlarova-prilba-cerna\/"},"modified":"2026-03-17T13:18:06","modified_gmt":"2026-03-17T11:18:06","slug":"mich2000-neprustrelna-helm-kevlar-level-3-black","status":"publish","type":"product","link":"https:\/\/tyditiao.com\/cs\/produkt\/mich2000-neprustrelna-helm-kevlar-level-3-black\/","title":{"rendered":"Jednotka p\u0159ilby, taktick\u00e1 v\u00fdbava t\u0159\u00eddy IIIA, kevlarov\u00e1 p\u0159ilba, \u010dern\u00e1"},"content":{"rendered":"<p><strong>T\u0159\u00edda obrany:<\/strong><br \/>\nTato nepr\u016fst\u0159eln\u00e1 p\u0159ilba je nepr\u016fst\u0159eln\u00e1 p\u0159ilba NIJ Level IIIA podle standardu NIJ 0101.06 a je mo\u017en\u00e9 poskytnout odpov\u00eddaj\u00edc\u00ed zku\u0161ebn\u00ed protokol.<\/p>\n<hr \/>\n<p><strong>Parametry obrann\u00e9 st\u0159ely:<\/strong><br \/>\n.44 Mag SJHP<br \/>\n.357 SIG FMJ FN<br \/>\n9mm FMJ RN<br \/>\n.357 Mag JSP<br \/>\n.40 S&amp;W FMJ<\/p>\n<p>Poskytuje tak\u00e9 ochranu proti v\u011bt\u0161in\u011b nebezpe\u010d\u00ed st\u0159eln\u00fdch zbran\u00ed, jako\u017e i nebezpe\u010d\u00ed t\u0159\u00eddy IIA a t\u0159\u00eddy II<\/p>\n<hr \/>\n<p><strong>Parametry nepr\u016fst\u0159eln\u00e9 p\u0159ilby:<\/strong><br \/>\nN\u00e1zev: Nepr\u016fst\u0159eln\u00e1 p\u0159ilba NIJ lllA MICH2000<\/p>\n<p>Materi\u00e1l: High Tensile Kevlar-DuPont Aramid Fiber<br \/>\nObvod hlavy: 52-60 cm<br \/>\nV\u00fdstelka: P\u0159em\u00edstiteln\u00e1 p\u011bnov\u00e1 v\u00fdstelka s pomal\u00fdm odskokem udr\u017euje p\u0159ilbu v pohodl\u00ed a zabra\u0148uje \u00fanav\u011b a p\u0159eh\u0159\u00edv\u00e1n\u00ed.<br \/>\nVoliteln\u00e9 p\u0159\u00edslu\u0161enstv\u00ed: kysl\u00edkov\u00e1 maska, obli\u010dejov\u00fd \u0161t\u00edt, bo\u010dn\u00ed \u0161t\u00edt, bo\u010dn\u00ed \u0161t\u00edt brn\u011bn\u00ed, \u0161t\u00edt, kryt na helmu, nepr\u016fst\u0159eln\u00e1 maska \u200b\u200batd.<br \/>\nBarva p\u0159ilby: \u010cern\u00e1<br \/>\nZ\u00e1ru\u010dn\u00ed doba: 5let\u00e1 z\u00e1ru\u010dn\u00ed doba m\u016f\u017ee m\u00edt dostate\u010dnou ochranu, pokud v\u0161ak dojde k p\u0159ekro\u010den\u00ed z\u00e1ru\u010dn\u00ed doby<br \/>\nsn\u00ed\u017e\u00ed ochranu.<\/p>\n<hr \/>\n<p><strong>Pro lidi:<\/strong><br \/>\nBalistick\u00e1 p\u0159ilba NIJ llla Kevlar MICH2000 zvl\u00e1d\u00e1 hrozby z pistole a \u0161rapnelu s v\u011bt\u0161\u00ed kapacitou upevn\u011bn\u00ed pro leh\u010d\u00ed a pohodln\u011bj\u0161\u00ed no\u0161en\u00ed. Tato helma je vhodn\u00e1 pro v\u0161echny typy u\u017eivatel\u016f. Zam\u011bstnanci agentur, jako je arm\u00e1da, policie, SWAT, vnit\u0159n\u00ed bezpe\u010dnost, celn\u00edci a pohrani\u010dn\u00edci, mohou b\u00fdt vybaveni vylep\u0161en\u00fdmi bojov\u00fdmi schopnostmi. Je to tak\u00e9 dobr\u00e1 volba pro dom\u00e1c\u00ed ochranu a cosplay.<\/p>\n<hr \/>\n<p><strong>Co je vojensk\u00e1 helma MICH2000 Kevlar?<\/strong><br \/>\nModular Integrated Communications Helmet (MICH) je americk\u00e1 bojov\u00e1 p\u0159ilba a jedna z n\u011bkolika p\u0159ileb pou\u017e\u00edvan\u00fdch americkou arm\u00e1dou. Byla vyvinuta US Army Soldier Systems Systems Center jako ochrann\u00e1 bojov\u00e1 p\u0159ilba nov\u00e9 generace pou\u017e\u00edvan\u00e1 americkou arm\u00e1dou. Hlavn\u00edm d\u016fvodem pro v\u00fdvoj MICH byla n\u00e1hrada ochrann\u00fdch, ale t\u011b\u017ek\u00fdch PASGT, proto\u017ee jsou leh\u010d\u00ed, pohodln\u011bj\u0161\u00ed, l\u00e9pe sed\u00ed a sn\u00e1ze se instaluj\u00ed p\u0159\u00edslu\u0161enstv\u00ed, zejm\u00e9na za\u0159\u00edzen\u00ed pro no\u010dn\u00ed vid\u011bn\u00ed a komunika\u010dn\u00ed n\u00e1hlavn\u00ed soupravy. Nevyvol\u00e1v\u00e1 zbyte\u010dn\u00e9 nap\u011bt\u00ed na krku. Zpo\u010d\u00e1tku jej vyu\u017e\u00edval t\u00e9m\u011b\u0159 v\u00fdhradn\u011b SOCOM a n\u011bkter\u00e9 \u00fazce sp\u0159\u00edzn\u011bn\u00e9 subjekty. K dne\u0161n\u00edmu dni MICH a jeho deriv\u00e1ty, Advanced Combat Helmet a Modified Combat Helmet, zcela nahradily PASGT v aktivn\u00ed slu\u017eb\u011b americk\u00e9 arm\u00e1dy a pou\u017e\u00edvaj\u00ed se, alespo\u0148 do ur\u010dit\u00e9 m\u00edry, ve v\u0161ech diviz\u00edch americk\u00e9 arm\u00e1dy.<\/p>\n<hr \/>\n<p><strong>Vlastnosti kevlarov\u00e9 helmy MICH2000:<\/strong><br \/>\nHmotnost MICH je p\u0159ibli\u017en\u011b 1,6 kg. MICH je tak\u00e9 o n\u011bco men\u0161\u00ed ne\u017e PASGT, m\u00e1 o 8 % men\u0161\u00ed dost\u0159el, pou\u017e\u00edv\u00e1 nov\u00e1, pokro\u010dilej\u0161\u00ed kevlarov\u00e1 vl\u00e1kna a nab\u00edz\u00ed lep\u0161\u00ed ochranu pistol\u00ed a st\u0159el. Syst\u00e9m odpru\u017een\u00ed a \u010dty\u0159bodov\u00fd upev\u0148ovac\u00ed syst\u00e9m, podobn\u00fd chr\u00e1ni\u010d\u016fm a popruh\u016fm na skateboardech, cyklistick\u00fdch helm\u00e1ch a vodn\u00edch helm\u00e1ch, nahrazuj\u00ed z\u00e1v\u011bsn\u00fd syst\u00e9m nylonov\u00e9 \u0161\u0148\u016fry, pot\u00edtko a p\u00e1sek pod bradou, kter\u00e9 se nach\u00e1zej\u00ed u p\u0159ileb PASGT. Tato zm\u011bna poskytuje nositeli v\u011bt\u0161\u00ed ochranu proti n\u00e1razu a pohodl\u00ed. M\u00e1 p\u0159edn\u00ed mont\u00e1\u017en\u00ed dr\u017e\u00e1k pro br\u00fdle pro no\u010dn\u00ed vid\u011bn\u00ed (nap\u0159. AN\/PVS-14 nebo AN\/PVS-15), podobn\u00fd tomu na p\u0159ilb\u011b PASGT. Vyzna\u010duje se tak\u00e9 dvojic\u00ed p\u00e1sk\u016f na zadn\u00ed stran\u011b pro p\u0159ipevn\u011bn\u00ed bezpe\u010dnostn\u00edch br\u00fdl\u00ed a l\u00e1tkov\u00fdm potahem na helmu v r\u016fzn\u00fdch maskovac\u00edch vzorech. Na rozd\u00edl od &#8222;zak\u0159iven\u00e9ho&#8220; obrysu je PASGT prim\u00e1rn\u011b o odstran\u011bn\u00ed obo\u010d\u00ed a zvednut\u00ed bok\u016f do &#8222;ploch\u00e9ho&#8220; bodu na spodn\u00edm okraji za sp\u00e1nky. To pon\u011bkud sni\u017euje hmotnost a umo\u017e\u0148uje lep\u0161\u00ed situa\u010dn\u00ed p\u0159ehled a m\u00e9n\u011b p\u0159ek\u00e1\u017eek v zorn\u00e9m poli u\u017eivatele, zejm\u00e9na v kombinaci s nepr\u016fst\u0159eln\u00fdmi vestami proti p\u0159epaden\u00ed. Voj\u00e1ci si ji\u017e d\u0159\u00edve st\u011b\u017eovali, \u017ee vysok\u00fd z\u00e1chytn\u00fd l\u00edmec a dvoubodov\u00fd podbradn\u00ed p\u00e1sek tla\u010d\u00ed zadn\u00ed \u010d\u00e1st helmy PASGT dop\u0159edu, a kdy\u017e se pokus\u00ed vyst\u0159elit z polohy na b\u0159i\u0161e, hrana helmy jim sklouzne za o\u010di, co\u017e v MICH z\u00fa\u017een\u00fd tvarovan\u00fd a \u010dty\u0159bodov\u00fd podbradn\u00ed p\u00e1sek.<\/p>\n<hr \/>\n<p><strong>Co je popul\u00e1rn\u011bj\u0161\u00ed, taktick\u00e1 balistick\u00e1 helma MICH2000 nebo FAST?<\/strong><br \/>\nMICH2000 m\u00e1 v\u011bt\u0161\u00ed ochrannou plochu, co\u017e je v\u00fdhodn\u011bj\u0161\u00ed, pokud nepl\u00e1nujete instalovat mnoho p\u0159\u00edslu\u0161enstv\u00ed. Pokud pl\u00e1nujete vybrat hodn\u011b vybaven\u00ed, jako je (nosit sv\u00edtilnu, sluch\u00e1tka a komunika\u010dn\u00ed za\u0159\u00edzen\u00ed s potla\u010den\u00edm hluku, br\u00fdle pro no\u010dn\u00ed vid\u011bn\u00ed nebo video vybaven\u00ed atd.), doporu\u010duje se zvolit RYCHLE, proto\u017ee hmotnost nebude p\u0159\u00edli\u0161 vysok\u00e1. t\u011b\u017ek\u00fd, zp\u016fsob\u00ed tlak na krk, kter\u00fd nep\u0159\u00edmo ovlivn\u00ed schopnost aktivity.<\/p>\n<hr \/>\n<p><strong>Cena vojensk\u00e9 helmy MICH2000<\/strong><br \/>\nToto je n\u00e1\u0161 obchod s taktick\u00fdmi bezpe\u010dnostn\u00edmi p\u0159ilbami, nakupujte pros\u00edm p\u0159\u00edmo z na\u0161ich webov\u00fdch str\u00e1nek, m\u016f\u017eete z\u00edskat 15% slevu z p\u016fvodn\u00ed ceny<\/p>\n<hr \/>\n<p>Pokud si chcete koupit na\u0161e produkty nebo m\u00e1te n\u011bjak\u00e9 dotazy ohledn\u011b na\u0161ich produkt\u016f;<br \/>\nPokud m\u00e1te n\u011bjak\u00e9 pot\u0159eby p\u0159izp\u016fsoben\u00ed;<br \/>\nPros\u00edm (<a href=\"http:\/\/tyditiao.com\/contact\/\">kontaktujte n\u00e1s<\/a>) ihned, odpov\u00edme v\u00e1m do 1 pracovn\u00edho dne<\/p>\n","protected":false},"excerpt":{"rendered":"<p>Vyrobeno z vysoce pevn\u00e9ho vl\u00e1kna DuPont Kevlar Aramid, odoln\u00e9 v\u016f\u010di teplu a nen\u00ed snadn\u00e9 jej deformovat<\/p>\n<p>NIJ \u00farove\u0148 IIIA<\/p>\n<p>Syst\u00e9m nastaven\u00ed obvodu hlavy m\u016f\u017ee zajistit, aby p\u0159ilba dos\u00e1hla ide\u00e1ln\u00edho efektu no\u0161en\u00ed<\/p>\n<p>\u010celo je po stran\u00e1ch chobotnice vyztu\u017eeno elastick\u00fdmi p\u00e1sky (spodn\u00ed \u010d\u00e1st stojanu pro no\u010dn\u00ed vid\u011bn\u00ed) pro p\u0159ipevn\u011bn\u00ed zrcadel, kamer, br\u00fdl\u00ed pro no\u010dn\u00ed vid\u011bn\u00ed a dal\u0161\u00edch za\u0159\u00edzen\u00ed<\/p>\n<p>Vybaveno kolejnicemi, v\u00fdkonn\u011bj\u0161\u00ed mont\u00e1\u017e\u00ed p\u0159\u00edslu\u0161enstv\u00ed, m\u016f\u017ee b\u00fdt vybaveno siln\u00fdm sv\u011bteln\u00fdm syst\u00e9mem a identifika\u010dn\u00edmi sv\u011btly maj\u00e1ku, tak\u00e9 m\u016f\u017ee b\u00fdt vybaveno ochranou sluchu<\/p>\n","protected":false},"featured_media":3688,"comment_status":"open","ping_status":"closed","template":"","meta":[],"product_brand":[],"product_cat":[159,344],"product_tag":[],"woo-feed-brand":[50],"class_list":{"0":"post-3850","1":"product","2":"type-product","3":"status-publish","4":"has-post-thumbnail","6":"product_cat-mich2000-cs","7":"product_cat-neprustrelna-prilba","8":"woo-feed-brand-tyditiao","10":"first","11":"instock","12":"sale","13":"shipping-taxable","14":"purchasable","15":"product-type-simple"},"_links":{"self":[{"href":"https:\/\/tyditiao.com\/cs\/wp-json\/wp\/v2\/product\/3850","targetHints":{"allow":["GET"]}}],"collection":[{"href":"https:\/\/tyditiao.com\/cs\/wp-json\/wp\/v2\/product"}],"about":[{"href":"https:\/\/tyditiao.com\/cs\/wp-json\/wp\/v2\/types\/product"}],"replies":[{"embeddable":true,"href":"https:\/\/tyditiao.com\/cs\/wp-json\/wp\/v2\/comments?post=3850"}],"wp:featuredmedia":[{"embeddable":true,"href":"https:\/\/tyditiao.com\/cs\/wp-json\/wp\/v2\/media\/3688"}],"wp:attachment":[{"href":"https:\/\/tyditiao.com\/cs\/wp-json\/wp\/v2\/media?parent=3850"}],"wp:term":[{"taxonomy":"product_brand","embeddable":true,"href":"https:\/\/tyditiao.com\/cs\/wp-json\/wp\/v2\/product_brand?post=3850"},{"taxonomy":"product_cat","embeddable":true,"href":"https:\/\/tyditiao.com\/cs\/wp-json\/wp\/v2\/product_cat?post=3850"},{"taxonomy":"product_tag","embeddable":true,"href":"https:\/\/tyditiao.com\/cs\/wp-json\/wp\/v2\/product_tag?post=3850"},{"taxonomy":"woo-feed-brand","embeddable":true,"href":"https:\/\/tyditiao.com\/cs\/wp-json\/wp\/v2\/woo-feed-brand?post=3850"}],"curies":[{"name":"wp","href":"https:\/\/api.w.org\/{rel}","templated":true}]}}