{"id":3851,"date":"2022-06-13T04:08:57","date_gmt":"2022-06-13T02:08:57","guid":{"rendered":"http:\/\/tyditiao.com\/product\/vojacka-prilba-aramidova-takticka-prilba-tridy-iiia-rychla-kevlarova-prilba-svetle-hneda\/"},"modified":"2025-03-17T13:14:55","modified_gmt":"2025-03-17T11:14:55","slug":"rychla-neprustrelna-prilba-takticka-kevlar-nijiiia-svetle-hneda","status":"publish","type":"product","link":"https:\/\/tyditiao.com\/cs\/produkt\/rychla-neprustrelna-prilba-takticka-kevlar-nijiiia-svetle-hneda\/","title":{"rendered":"Voj\u00e1ck\u00e1 p\u0159ilba, aramidov\u00e1 taktick\u00e1 p\u0159ilba t\u0159\u00eddy IIIA, rychl\u00e1 kevlarov\u00e1 p\u0159ilba, sv\u011btle hn\u011bd\u00e1"},"content":{"rendered":"<p><strong>T\u0159\u00edda obrany:<\/strong><\/p>\n<p>Tato nepr\u016fst\u0159eln\u00e1 p\u0159ilba je nepr\u016fst\u0159eln\u00e1 p\u0159ilba NIJ Level IIIA podle standardu NIJ 0101.06 a je mo\u017en\u00e9 poskytnout odpov\u00eddaj\u00edc\u00ed zku\u0161ebn\u00ed protokol.<\/p>\n<hr \/>\n<p><strong>Parametry obrann\u00e9 st\u0159ely:<\/strong><\/p>\n<p>.44 Mag SJHP<br \/>\n.357 SIG FMJ FN<br \/>\n9mm FMJ RN<br \/>\n.357 Mag JSP<br \/>\n.40 S&amp;W FMJ<\/p>\n<p>Poskytuje tak\u00e9 ochranu proti v\u011bt\u0161in\u011b nebezpe\u010d\u00ed st\u0159eln\u00fdch zbran\u00ed, jako\u017e i nebezpe\u010d\u00ed t\u0159\u00eddy IIA a t\u0159\u00eddy II<\/p>\n<hr \/>\n<p><strong>Parametry nepr\u016fst\u0159eln\u00e9 p\u0159ilby:<\/strong><\/p>\n<p>N\u00e1zev: Nepr\u016fst\u0159eln\u00e1 p\u0159ilba NIJ lllA FAST<\/p>\n<p>Materi\u00e1l: High Tensile Kevlar-DuPont Aramid Fiber<br \/>\nObvod hlavy: 52-64 cm<br \/>\nVoliteln\u00e9 p\u0159\u00edslu\u0161enstv\u00ed: nepr\u016fst\u0159eln\u00e1 maska \u200b\u200batd.<br \/>\nBarva p\u0159ilby: sv\u011btle hn\u011bd\u00e1<\/p>\n<p>Nepr\u016fst\u0159eln\u00e1 p\u0159ilba se skl\u00e1d\u00e1 ze sko\u0159epiny p\u0159ilby (v\u010detn\u011b ochrany patky) a odpru\u017een\u00e9ho n\u00e1razn\u00edkov\u00e9ho syst\u00e9mu (v\u010detn\u011b \u010delenky, n\u00e1razn\u00edkov\u00e9 vrstvy, podbradn\u00edho p\u00e1sku, \u0159et\u011bzov\u00fdch \u010dl\u00e1nk\u016f atd.). Pohodln\u00e9 a stabiln\u00ed p\u0159i no\u0161en\u00ed;<\/p>\n<p>Vn\u011bj\u0161\u00ed povrch sko\u0159epiny p\u0159ilby je jednotn\u00fd a hladk\u00fd, bez kontaminace ciz\u00edmi l\u00e1tkami, puch\u00fd\u0159\u016f, odlupov\u00e1n\u00ed a jin\u00fdch defekt\u016f.<\/p>\n<p>Neho\u0159lav\u00fd v\u00fdkon sko\u0159epiny p\u0159ilby: nep\u0159etr\u017eit\u00e1 doba ho\u0159en\u00ed na povrchu 5S;<\/p>\n<p>S\u00edla za\u0159\u00edzen\u00ed \u0159em\u00ednku: nouzov\u00e1 \u00fanikov\u00e1 rychlost 500N, uvoln\u011bn\u00ed, kdy\u017e je vn\u011bj\u0161\u00ed s\u00edla 1000N;<\/p>\n<p>Vodot\u011bsnost: Nepr\u016fst\u0159eln\u00e1 p\u0159ilba neprask\u00e1, neprask\u00e1, neprask\u00e1 a nedelaminuje se na povrchu sko\u0159epiny p\u0159ilby, kdy\u017e je pono\u0159ena do vody po dobu 24 hodin p\u0159i pokojov\u00e9 teplot\u011b. Po dvou \u00fasp\u011b\u0161n\u00fdch v\u00fdst\u0159elech se neutrhla \u017e\u00e1dn\u00e1 \u010d\u00e1st odpru\u017een\u00e9ho pol\u0161t\u00e1\u0159e<\/p>\n<p>Z\u00e1ru\u010dn\u00ed doba: 5let\u00e1 z\u00e1ru\u010dn\u00ed doba m\u016f\u017ee m\u00edt dostate\u010dnou ochranu, pokud v\u0161ak dojde k p\u0159ekro\u010den\u00ed z\u00e1ru\u010dn\u00ed doby<br \/>\nsn\u00ed\u017e\u00ed ochranu.<\/p>\n<hr \/>\n<p><strong>Pro lidi:<\/strong><\/p>\n<p>Balistick\u00e1 p\u0159ilba NIJ lllA Kevlar FAST je navr\u017eena tak, aby se vypo\u0159\u00e1dala s hrozbou zbran\u00ed a \u0161rapnel\u016f, se siln\u011bj\u0161\u00edmi \u00fachyty pro leh\u010d\u00ed a pohodln\u011bj\u0161\u00ed no\u0161en\u00ed. Tato helma je vhodn\u00e1 pro v\u0161echny typy u\u017eivatel\u016f. Zam\u011bstnanci agentur, jako je arm\u00e1da, policie, SWAT, vnit\u0159n\u00ed bezpe\u010dnost, celn\u00edci a pohrani\u010dn\u00edci, mohou b\u00fdt vybaveni vylep\u0161en\u00fdmi bojov\u00fdmi schopnostmi. Je to tak\u00e9 dobr\u00e1 volba pro dom\u00e1c\u00ed ochranu a cosplay.<\/p>\n<hr \/>\n<p><strong>Co je to FAST balistick\u00e1 p\u0159ilba?<\/strong><\/p>\n<p>Nepr\u016fst\u0159eln\u00e1 p\u0159ilba FAST (anglicky: Future Assault Shell Technology Helmet, d\u00e1le jen: FAST) Future Assault Shell Technology Helmet je bojov\u00e1 p\u0159ilba vyvinut\u00e1 americk\u00fdm arm\u00e1dn\u00edm v\u00fdzkumn\u00fdm \u00fastavem a americk\u00fdm arm\u00e1dn\u00edm v\u00fdzkumn\u00fdm, v\u00fdvojov\u00fdm a in\u017een\u00fdrsk\u00fdm centrem Natick. P\u0159ilba je navr\u017eena tak, aby poskytovala pohodl\u00ed oper\u00e1tor\u016fm speci\u00e1ln\u00edch operac\u00ed a z\u00e1rove\u0148 poskytovala z\u00e1kladn\u00ed balistickou ochranu. P\u0159ilba FAST byla poprv\u00e9 p\u0159edstavena ve\u0159ejnosti na SHOT SHOW v roce 2009 a brzy byla p\u0159ijata americk\u00fdmi speci\u00e1ln\u00edmi jednotkami p\u016fsob\u00edc\u00edmi v Afgh\u00e1nist\u00e1nu. Taktick\u00e9 balistick\u00e9 p\u0159ilby FAST jsou nyn\u00ed \u0161iroce pou\u017e\u00edv\u00e1ny ve speci\u00e1ln\u00edch jednotk\u00e1ch a speci\u00e1ln\u00edch policejn\u00edch sil\u00e1ch v r\u016fzn\u00fdch zem\u00edch. Krom\u011b toho je taktick\u00e1 p\u0159ilba FAST nyn\u00ed standardn\u00ed bojovou p\u0159ilbou pro norsk\u00e9 ozbrojen\u00e9 s\u00edly.<\/p>\n<hr \/>\n<p><strong>Vlastnosti helmy FAST Fiber Aramid Tactical Soldier:<\/strong><\/p>\n<p>V porovn\u00e1n\u00ed s b\u011b\u017en\u00fdmi vojensk\u00fdmi p\u0159ilbami je p\u0159ilba FAST o 25 % leh\u010d\u00ed. D\u00edky syst\u00e9mu odpru\u017een\u00ed p\u0159ilby mohou u\u017eivatel\u00e9 snadno upravit p\u0159izp\u016fsoben\u00ed nebo t\u011bsnost p\u0159ilby pro optim\u00e1ln\u00ed pohodl\u00ed. Helma FAST je vybavena ARC li\u0161tami na lev\u00e9 a prav\u00e9 stran\u011b pro mont\u00e1\u017e p\u0159\u00edslu\u0161enstv\u00ed, jako jsou sv\u00edtilny, sluch\u00e1tka s potla\u010den\u00edm hluku a komunika\u010dn\u00ed za\u0159\u00edzen\u00ed, stejn\u011b jako za\u0159\u00edzen\u00ed pro no\u010dn\u00ed vid\u011bn\u00ed nebo nahr\u00e1v\u00e1n\u00ed videa. Adapt\u00e9r lze namontovat do st\u0159edu helmy pomoc\u00ed adapt\u00e9ru Jedn\u00e1 se o speci\u00e1ln\u00ed boj, kter\u00fd m\u016f\u017ee p\u0159idat v\u011bt\u0161\u00ed taktickou v\u00fdhodu. \u010e\u00e1belsk\u00e1 pls\u0165 p\u0159ipevn\u011bn\u00e1 k helm\u011b umo\u017e\u0148uje p\u0159ipevnit vlajku zem\u011b, arm\u00e1dy nebo instituce a tak\u00e9 vhodn\u00e1 identifika\u010dn\u00ed raz\u00edtka, jako je volac\u00ed znak, krevn\u00ed skupina atd. Civiln\u00ed verze nepr\u016fst\u0159eln\u00e9 p\u0159ilby FAST je nav\u00edc d\u00edky modul\u00e1rn\u00ed konstrukci vyu\u017e\u00edv\u00e1na nejen arm\u00e1dou a polici\u00ed, ale je tak\u00e9 nad\u0161en\u011b p\u0159ij\u00edm\u00e1na outdoorov\u00fdmi sportovci a ter\u00e9nn\u00edmi pracovn\u00edky, jako jsou novin\u00e1\u0159i a z\u00e1chran\u00e1\u0159i.<\/p>\n<hr \/>\n<p><strong>Je taktick\u00e1 vojensk\u00e1 helma z aramidov\u00fdch vl\u00e1ken FAST dobr\u00e1 ochrana, pro\u010d je obl\u00edben\u00e1?<\/strong><\/p>\n<p>D\u016fvody jsou dva: Za prv\u00e9, pokrok v technologii vytvo\u0159il z jednotliv\u00fdch voj\u00e1k\u016f st\u00e1le v\u00edce technick\u00e9ho vybaven\u00ed, kter\u00e9 vy\u017eadovalo platformu pro nakl\u00e1d\u00e1n\u00ed technick\u00e9ho p\u0159\u00edslu\u0161enstv\u00ed, a museli ob\u011btovat ochranu, aby si vybrali;<br \/>\nZa druh\u00e9, u\u017eivatel\u00e9 FAST jsou hlavn\u011b speci\u00e1ln\u00ed jednotky a speci\u00e1ln\u00ed jednotky se prost\u011b vzdaj\u00ed ur\u010dit\u00e9 ochrany na bojovou vzd\u00e1lenost, p\u0159enosnost a technick\u00e9 vybaven\u00ed na platform\u011b se st\u00e1vaj\u00ed m\u00edrou p\u0159e\u017eit\u00ed, a to i v praktick\u00fdch aplikac\u00edch, obvykle pouze pro rychl\u00e9 helmy, nejsou v\u00edce jednotek prvk\u016f na n\u011bm, jen pro p\u0159enositelnost.<\/p>\n<p>FAST se nespol\u00e9h\u00e1 na p\u0159\u00edsnou ochranu \u017d\u00e1dn\u00e9 n\u00e1u\u0161n\u00edky na obou stran\u00e1ch nesta\u010d\u00ed P\u0159edev\u0161\u00edm pro pohodl\u00ed obsluhy nasazen\u00e1 sluch\u00e1tka a dopl\u0148kov\u00e9 p\u0159\u00edslu\u0161enstv\u00ed Lehk\u00e9 taktick\u00e9 helmy se \u010d\u00e1ste\u010dn\u011b vzd\u00e1vaj\u00ed ochrany p\u0159in\u00e1\u0161ej\u00ed v\u011bt\u0161\u00ed v\u00fdhody v boji.<\/p>\n<p>P\u0159ilby FAST jsou \u0161iroce pou\u017e\u00edv\u00e1ny v mnoha zem\u00edch a mnoho zem\u00ed m\u00e1 design p\u0159ileb velmi podobn\u00fd americk\u00fdm p\u0159ilb\u00e1m FAST, nap\u0159\u00edklad rusk\u00e9, francouzsk\u00e9 a britsk\u00e9 p\u0159ilby jsou navr\u017eeny podle p\u0159ileb FAST, i kdy\u017e se budou \u010dasem vyv\u00edjet. Tyto helmy se tak\u00e9 neust\u00e1le m\u011bn\u00ed, ale st\u00e1le vypadaj\u00ed z pochopiteln\u00fdch d\u016fvod\u016f velmi podobn\u011b jako helmy FAST, kter\u00e9 \u00fa\u010dinn\u011b chr\u00e1n\u00ed hlavu a maximalizuj\u00ed \u017eivot voj\u00e1ka.<\/p>\n<hr \/>\n<p><strong>Cena taktick\u00e9 vojensk\u00e9 helmy z aramidov\u00fdch vl\u00e1ken FAST?<\/strong><\/p>\n<p>Nakupujte p\u0159\u00edmo na na\u0161em webu a u\u0161et\u0159ete 15 % z b\u011b\u017en\u00e9 ceny<\/p>\n<p>Pokud si chcete koupit na\u0161e produkty nebo m\u00e1te n\u011bjak\u00e9 dotazy k na\u0161im produkt\u016fm, pros\u00edm (<a href=\"http:\/\/tyditiao.com\/contact\/\">kontaktujte n\u00e1s<\/a>) neprodlen\u011b, odpov\u00edme v\u00e1m do 1 pracovn\u00edho dne. <span style=\"color: #ff0000;\">Pokud si chcete objednat v\u00edce ne\u017e 5 nepr\u016fst\u0159eln\u00fdch p\u0159ileb sou\u010dasn\u011b, z\u00edsk\u00e1te dal\u0161\u00ed slevu;<\/span><\/p>\n","protected":false},"excerpt":{"rendered":"<p>Vyrobeno z vysoce pevn\u00e9ho vl\u00e1kna DuPont Kevlar Aramid, odoln\u00e9 v\u016f\u010di teplu a nen\u00ed snadn\u00e9 jej deformovat<\/p>\n<p>NIJ \u00farove\u0148 IIIA<\/p>\n<p>Syst\u00e9m nastaven\u00ed obvodu hlavy umo\u017e\u0148uje upravit obvod hlavy stisknut\u00edm tla\u010d\u00edtka pro dosa\u017een\u00ed ide\u00e1ln\u00edho usazen\u00ed helmy<\/p>\n<p>\u010celo je po stran\u00e1ch chobotnice vyztu\u017eeno elastick\u00fdmi p\u00e1sky (spodn\u00ed \u010d\u00e1st stojanu pro no\u010dn\u00ed vid\u011bn\u00ed) pro p\u0159ipevn\u011bn\u00ed zrcadel, kamer, br\u00fdl\u00ed pro no\u010dn\u00ed vid\u011bn\u00ed a dal\u0161\u00edch za\u0159\u00edzen\u00ed<\/p>\n<p>Vybaveno kolejnicemi, v\u00fdkonn\u011bj\u0161\u00ed mont\u00e1\u017e\u00ed p\u0159\u00edslu\u0161enstv\u00ed, m\u016f\u017ee b\u00fdt vybaveno siln\u00fdm sv\u011bteln\u00fdm syst\u00e9mem a identifika\u010dn\u00edmi sv\u011btly maj\u00e1ku, tak\u00e9 m\u016f\u017ee b\u00fdt vybaveno ochranou sluchu<\/p>\n","protected":false},"featured_media":3148,"comment_status":"open","ping_status":"closed","template":"","meta":[],"product_brand":[],"product_cat":[146,344],"product_tag":[],"woo-feed-brand":[50],"class_list":{"0":"post-3851","1":"product","2":"type-product","3":"status-publish","4":"has-post-thumbnail","6":"product_cat-fast-cs","7":"product_cat-neprustrelna-prilba","8":"woo-feed-brand-tyditiao","10":"first","11":"instock","12":"sale","13":"shipping-taxable","14":"purchasable","15":"product-type-simple"},"_links":{"self":[{"href":"https:\/\/tyditiao.com\/cs\/wp-json\/wp\/v2\/product\/3851","targetHints":{"allow":["GET"]}}],"collection":[{"href":"https:\/\/tyditiao.com\/cs\/wp-json\/wp\/v2\/product"}],"about":[{"href":"https:\/\/tyditiao.com\/cs\/wp-json\/wp\/v2\/types\/product"}],"replies":[{"embeddable":true,"href":"https:\/\/tyditiao.com\/cs\/wp-json\/wp\/v2\/comments?post=3851"}],"wp:featuredmedia":[{"embeddable":true,"href":"https:\/\/tyditiao.com\/cs\/wp-json\/wp\/v2\/media\/3148"}],"wp:attachment":[{"href":"https:\/\/tyditiao.com\/cs\/wp-json\/wp\/v2\/media?parent=3851"}],"wp:term":[{"taxonomy":"product_brand","embeddable":true,"href":"https:\/\/tyditiao.com\/cs\/wp-json\/wp\/v2\/product_brand?post=3851"},{"taxonomy":"product_cat","embeddable":true,"href":"https:\/\/tyditiao.com\/cs\/wp-json\/wp\/v2\/product_cat?post=3851"},{"taxonomy":"product_tag","embeddable":true,"href":"https:\/\/tyditiao.com\/cs\/wp-json\/wp\/v2\/product_tag?post=3851"},{"taxonomy":"woo-feed-brand","embeddable":true,"href":"https:\/\/tyditiao.com\/cs\/wp-json\/wp\/v2\/woo-feed-brand?post=3851"}],"curies":[{"name":"wp","href":"https:\/\/api.w.org\/{rel}","templated":true}]}}