{"id":3852,"date":"2022-06-13T04:38:14","date_gmt":"2022-08-21T01:47:50","guid":{"rendered":"http:\/\/tyditiao.com\/product\/vojenska-ochranna-prilba-kevlarova-prilba-tridy-iiia-vojenska-balisticka-takticka-prilba-wendy-cerna\/"},"modified":"2023-01-27T10:44:03","modified_gmt":"2023-01-27T08:44:03","slug":"neprustrelna-prilba-wendy-kevlarova-prilba-takticka-cerna","status":"publish","type":"product","link":"https:\/\/tyditiao.com\/cs\/produkt\/neprustrelna-prilba-wendy-kevlarova-prilba-takticka-cerna\/","title":{"rendered":"Vojensk\u00e1 ochrann\u00e1 p\u0159ilba, kevlarov\u00e1 p\u0159ilba t\u0159\u00eddy IIIA, vojensk\u00e1 balistick\u00e1 taktick\u00e1 p\u0159ilba wendy, \u010dern\u00e1"},"content":{"rendered":"<p>Taktick\u00e1 vojensk\u00e1 ochrann\u00e1 p\u0159ilba wendy NIJ IIIA je navr\u017eena tak, aby byla super lehk\u00e1 a velmi pohodln\u00e1 na no\u0161en\u00ed. Rychl\u00e9 a snadn\u00e9 nastaven\u00ed jednou rukou zaji\u0161\u0165uje p\u0159esn\u00e9 padnut\u00ed. Je tak\u00e9 vybavena vysoce kvalitn\u00edmi podlo\u017ekami pohlcuj\u00edc\u00edmi energii, kter\u00e9 dok\u00e1\u017eou \u00fa\u010dinn\u011b absorbovat s\u00edlu n\u00e1razu, sn\u00ed\u017eit deformaci t\u011bla p\u0159ilby po z\u00e1sahu st\u0159ely a sn\u00ed\u017eit m\u00edru zran\u011bn\u00ed a z\u00e1va\u017enost u\u017eivatele. Vojensk\u00e1 taktick\u00e1 p\u0159ilba wendy je vybavena univerz\u00e1ln\u00edmi mont\u00e1\u017en\u00edmi li\u0161tami a op\u011brkou hlavy, co\u017e d\u00e1v\u00e1 Wendy v\u011bt\u0161\u00ed mo\u017enosti. Ni\u017e\u0161\u00ed hmotnost ve srovn\u00e1n\u00ed s nepr\u016fst\u0159elnou helmou MICH znamen\u00e1, \u017ee nepot\u0159ebuje v\u00edce zat\u011b\u017eovat hlavu, ale lze ji pou\u017e\u00edt k no\u0161en\u00ed modern\u011bj\u0161\u00edho vybaven\u00ed, kter\u00e9 je vhodn\u011bj\u0161\u00ed pro v\u00fdm\u011bnu informac\u00ed mezi t\u00fdmy.<\/p>\n<hr>\n<p><strong>T\u0159\u00edda obrany:<\/strong><\/p>\n<p>Tato nepr\u016fst\u0159eln\u00e1 p\u0159ilba je nepr\u016fst\u0159eln\u00e1 p\u0159ilba NIJ Level IIIA podle standardu NIJ 0101.06 a je mo\u017en\u00e9 poskytnout odpov\u00eddaj\u00edc\u00ed zku\u0161ebn\u00ed protokol.<\/p>\n<hr>\n<p><strong>Parametry obrann\u00e9 st\u0159ely:<\/strong><\/p>\n<p>.44 Mag SJHP<br \/>\n.357 SIG FMJ FN<br \/>\n9mm FMJ RN<br \/>\n.357 Mag JSP<br \/>\n.40 S&amp;W FMJ<\/p>\n<p>Poskytuje tak\u00e9 ochranu proti v\u011bt\u0161in\u011b nebezpe\u010d\u00ed st\u0159eln\u00fdch zbran\u00ed, jako\u017e i nebezpe\u010d\u00ed t\u0159\u00eddy IIA a t\u0159\u00eddy II<\/p>\n<hr>\n<p><strong>Parametry nepr\u016fst\u0159eln\u00e9 p\u0159ilby:<\/strong><br \/>\nN\u00e1zev: Taktick\u00e1 vojensk\u00e1 ochrann\u00e1 p\u0159ilba Wendy NIJ IIIA<\/p>\n<p>Materi\u00e1l: High Tensile Kevlar-DuPont Aramid Fiber<\/p>\n<p>Obvod hlavy: 52-60 cm<\/p>\n<p>Pod\u0161\u00edvka: N\u00e1razov\u00e9 vlo\u017eky z p\u011bny Zorbium v\u00e1s udr\u017e\u00ed v chladu a suchu s vod\u011bodolnou, pohodlnou pod\u0161\u00edvkou a antibakteri\u00e1ln\u00edm povlakem, kter\u00fd odv\u00e1d\u00ed pot. Poskytuje m\u00e9n\u011b ne\u017e polovinu s\u00edly pot\u0159ebn\u00e9 pro opakovan\u00e9 ot\u0159esy za v\u0161ech podm\u00ednek prost\u0159ed\u00ed. Helma je standardn\u011b dod\u00e1v\u00e1na se t\u0159emi dal\u0161\u00edmi n\u00e1razov\u00fdmi vycp\u00e1vkami a osmi nastaviteln\u00fdmi vycp\u00e1vkami, kter\u00e9 lze flexibiln\u011b nainstalovat podle po\u017eadavk\u016f u\u017eivatele pro optim\u00e1ln\u00ed p\u0159izp\u016fsoben\u00ed a pohodl\u00ed.<\/p>\n<p>Voliteln\u00e9 p\u0159\u00edslu\u0161enstv\u00ed: nafukovac\u00ed kysl\u00edkov\u00e9 masky, obli\u010dejov\u00e9 \u0161t\u00edty, bo\u010dn\u00ed \u0161t\u00edty, panc\u00e9\u0159ov\u00e9 bo\u010dn\u00ed \u0161t\u00edty, ochrann\u00e9 \u0161t\u00edty, \u0161t\u00edty na p\u0159ilby, nepr\u016fst\u0159eln\u00e9 masky atd.<\/p>\n<p>Barva p\u0159ilby: \u010cern\u00e1<br \/>\nZ\u00e1ru\u010dn\u00ed doba: 5let\u00e1 z\u00e1ru\u010dn\u00ed doba m\u016f\u017ee m\u00edt dostate\u010dnou ochranu, pokud v\u0161ak dojde k p\u0159ekro\u010den\u00ed z\u00e1ru\u010dn\u00ed doby<br \/>\nsn\u00ed\u017e\u00ed ochranu.<\/p>\n<hr>\n<p><strong>Pro lidi:<\/strong><br \/>\nBalistick\u00e1 p\u0159ilba NIJ llla Kevlar WENDY si porad\u00ed s hrozbami z pistole a \u0161rapnelu, m\u00e1 v\u011bt\u0161\u00ed konektivitu p\u0159\u00edslu\u0161enstv\u00ed, je leh\u010d\u00ed a pohodln\u011bj\u0161\u00ed na no\u0161en\u00ed. Tato helma je vhodn\u00e1 pro v\u0161echny typy u\u017eivatel\u016f. Zam\u011bstnanci agentur, jako je arm\u00e1da, policie, SWAT, vnit\u0159n\u00ed bezpe\u010dnost, celn\u00edci a pohrani\u010dn\u00edci, mohou b\u00fdt vybaveni vylep\u0161en\u00fdmi bojov\u00fdmi schopnostmi. Je to tak\u00e9 dobr\u00e1 volba pro dom\u00e1c\u00ed ochranu a cosplay.<\/p>\n<hr>\n<p>Zde je n\u00e1\u0161 obchod s taktick\u00fdmi ochrann\u00fdmi p\u0159ilbami se slevou 15 % na platform\u011b Allegro.<\/p>\n<p>Pokud si chcete koupit na\u0161e produkty nebo m\u00e1te n\u011bjak\u00e9 dotazy k na\u0161im produkt\u016fm, pros\u00edm (<a href=\"http:\/\/tyditiao.com\/contact\/\">kontaktujte n\u00e1s<\/a>) neprodlen\u011b, odpov\u00edme v\u00e1m do 1 pracovn\u00edho dne. Pokud si chcete objednat v\u00edce ne\u017e 5 nepr\u016fst\u0159eln\u00fdch p\u0159ileb sou\u010dasn\u011b, z\u00edsk\u00e1te dal\u0161\u00ed slevu;<\/p>\n<p>&nbsp;<\/p>\n","protected":false},"excerpt":{"rendered":"<p>Dobr\u00fd nepr\u016fst\u0159eln\u00fd v\u00fdkon: NIJ Level lllA, perfektn\u00ed ochrana hlavy.<\/p>\n<p>Pohodln\u00e9 no\u0161en\u00ed: Sedlo Zorbium Foam Impact m\u00e1 vod\u011bodolnou pod\u0161\u00edvku a antibakteri\u00e1ln\u00ed vrstvu, kter\u00e1 odv\u00e1d\u00ed vlhkost, aby v\u00e1s udr\u017eela v chladu a suchu, kdy\u017e je nos\u00edte.<\/p>\n<p>SNADN\u00c9 NASTAVEN\u00cd: Lehk\u00fd syst\u00e9m upevn\u011bn\u00ed p\u0159ilby Military CAM FIT se syst\u00e9mem zap\u00edn\u00e1n\u00ed BOA Poskytuje rychl\u00e9 a snadn\u00e9 nastaven\u00ed jednou rukou a p\u0159esn\u00e9 uchycen\u00ed.<\/p>\n<p>DOBR\u00c1 KVALITA: Taktick\u00e1 vojensk\u00e1 ochrann\u00e1 p\u0159ilba Wendy NIJ IIIA je vyrobena z velmi odoln\u00e9ho vl\u00e1kna DuPont Kevlar Aramid, odoln\u00e9ho v\u016f\u010di teplu a nedeformuje se<\/p>\n<p>Dobr\u00e1 roz\u0161i\u0159itelnost: Upev\u0148ovac\u00ed syst\u00e9m Rail 2.0 je kompatibiln\u00ed se v\u0161emi upev\u0148ovac\u00edmi prvky EXFIL Rail 2.0. Oboustrann\u00e9 mont\u00e1\u017en\u00ed li\u0161ty gimbalu a \u010deln\u00ed gimbal se snadno instaluj\u00ed a konfiguruj\u00ed, n\u00e1hlavn\u00ed soupravy, sv\u011btla zbran\u00ed, kamery, stroboskopick\u00e1 sv\u011btla, za\u0159\u00edzen\u00ed pro no\u010dn\u00ed vid\u011bn\u00ed, kamery GoPro a br\u00fdle NVG.<\/p>\n","protected":false},"featured_media":3283,"comment_status":"closed","ping_status":"closed","template":"","meta":[],"product_brand":[],"product_cat":[344,168],"product_tag":[],"woo-feed-brand":[50],"class_list":{"0":"post-3852","1":"product","2":"type-product","3":"status-publish","4":"has-post-thumbnail","6":"product_cat-neprustrelna-prilba","7":"product_cat-wendy-cs","8":"woo-feed-brand-tyditiao","10":"first","11":"instock","12":"sale","13":"shipping-taxable","14":"purchasable","15":"product-type-simple"},"_links":{"self":[{"href":"https:\/\/tyditiao.com\/cs\/wp-json\/wp\/v2\/product\/3852","targetHints":{"allow":["GET"]}}],"collection":[{"href":"https:\/\/tyditiao.com\/cs\/wp-json\/wp\/v2\/product"}],"about":[{"href":"https:\/\/tyditiao.com\/cs\/wp-json\/wp\/v2\/types\/product"}],"replies":[{"embeddable":true,"href":"https:\/\/tyditiao.com\/cs\/wp-json\/wp\/v2\/comments?post=3852"}],"wp:featuredmedia":[{"embeddable":true,"href":"https:\/\/tyditiao.com\/cs\/wp-json\/wp\/v2\/media\/3283"}],"wp:attachment":[{"href":"https:\/\/tyditiao.com\/cs\/wp-json\/wp\/v2\/media?parent=3852"}],"wp:term":[{"taxonomy":"product_brand","embeddable":true,"href":"https:\/\/tyditiao.com\/cs\/wp-json\/wp\/v2\/product_brand?post=3852"},{"taxonomy":"product_cat","embeddable":true,"href":"https:\/\/tyditiao.com\/cs\/wp-json\/wp\/v2\/product_cat?post=3852"},{"taxonomy":"product_tag","embeddable":true,"href":"https:\/\/tyditiao.com\/cs\/wp-json\/wp\/v2\/product_tag?post=3852"},{"taxonomy":"woo-feed-brand","embeddable":true,"href":"https:\/\/tyditiao.com\/cs\/wp-json\/wp\/v2\/woo-feed-brand?post=3852"}],"curies":[{"name":"wp","href":"https:\/\/api.w.org\/{rel}","templated":true}]}}