{"id":3853,"date":"2022-06-13T03:53:55","date_gmt":"2022-06-13T01:53:55","guid":{"rendered":"http:\/\/tyditiao.com\/product\/neprustrelne-brneni-takticka-prilba-tridy-iiia-prilba-specialnich-jednotek-mich2000-svetle-hneda\/"},"modified":"2025-07-20T13:11:53","modified_gmt":"2025-07-20T11:11:53","slug":"mich2000-neprustrelna-helm-kevlar-level-3-svetle-hneda","status":"publish","type":"product","link":"https:\/\/tyditiao.com\/cs\/produkt\/mich2000-neprustrelna-helm-kevlar-level-3-svetle-hneda\/","title":{"rendered":"Nepr\u016fst\u0159eln\u00e9 brn\u011bn\u00ed, taktick\u00e1 p\u0159ilba t\u0159\u00eddy IIIA, p\u0159ilba speci\u00e1ln\u00edch jednotek mich2000, sv\u011btle hn\u011bd\u00e1"},"content":{"rendered":"<p>MICH je p\u0159ilba, kter\u00e1 zastavuje v\u00fdst\u0159ely z pistole a poskytuje spolehlivou ochranu p\u0159ed \u00falomky a padaj\u00edc\u00edmi \u00falomky. N\u00edzk\u00fd st\u0159ih poskytuje lep\u0161\u00ed pokryt\u00ed na obou stran\u00e1ch hlavy ne\u017e p\u0159ilby p\u0159es u\u0161i. Tyto helmy jsou tak\u00e9 dod\u00e1v\u00e1ny s n\u00e1u\u0161n\u00edky pro sluch\u00e1tka a dal\u0161\u00ed komunika\u010dn\u00ed za\u0159\u00edzen\u00ed.<\/p>\n<hr \/>\n<p><strong>T\u0159\u00edda obrany:<\/strong><\/p>\n<p>Tato nepr\u016fst\u0159eln\u00e1 p\u0159ilba je nepr\u016fst\u0159eln\u00e1 p\u0159ilba NIJ Level IIIA podle standardu NIJ 0101.06 a je mo\u017en\u00e9 poskytnout odpov\u00eddaj\u00edc\u00ed zku\u0161ebn\u00ed protokol.<\/p>\n<p>Tento produkt se tak\u00e9 kvalifikuje jako vylep\u0161en\u00e1 bojov\u00e1 p\u0159ilba (ECH), pokud se pou\u017e\u00edv\u00e1 s horn\u00edm panc\u00e9\u0159ov\u00fdm pl\u00e1tem pro skute\u010dnou ochranu pu\u0161ky<\/p>\n<hr \/>\n<p><strong>Parametry obrann\u00e9 st\u0159ely:<\/strong><\/p>\n<p>.44 Mag SJHP<br \/>\n.357 SIG FMJ FN<br \/>\n9mm FMJ RN<br \/>\n.357 Mag JSP<br \/>\n.40 S&amp;W FMJ<\/p>\n<p>Poskytuje tak\u00e9 ochranu proti v\u011bt\u0161in\u011b nebezpe\u010d\u00ed st\u0159eln\u00fdch zbran\u00ed, jako\u017e i nebezpe\u010d\u00ed t\u0159\u00eddy IIA a t\u0159\u00eddy II<\/p>\n<hr \/>\n<p><strong>Parametry nepr\u016fst\u0159eln\u00e9 p\u0159ilby:<\/strong><br \/>\nN\u00e1zev: Nepr\u016fst\u0159eln\u00e1 p\u0159ilba NIJ lllA MICH2000<\/p>\n<p>Materi\u00e1l: High Tensile Kevlar-DuPont Aramid Fiber<br \/>\nObvod hlavy: 52-60 cm (dvoustup\u0148ov\u00e9 nastaven\u00ed op\u011bradla a nastaviteln\u00fd podbradn\u00ed p\u00e1sek)<br \/>\nV\u00fdstelka: P\u0159em\u00edstiteln\u00e1 p\u011bnov\u00e1 v\u00fdstelka s pomal\u00fdm odskokem udr\u017euje p\u0159ilbu v pohodl\u00ed a zabra\u0148uje \u00fanav\u011b a p\u0159eh\u0159\u00edv\u00e1n\u00ed.<br \/>\nVoliteln\u00e9 p\u0159\u00edslu\u0161enstv\u00ed: nepr\u016fst\u0159eln\u00e1 maska \u200b\u200batd.<br \/>\nBarva p\u0159ilby: sv\u011btle hn\u011bd\u00e1<br \/>\nZ\u00e1ru\u010dn\u00ed doba: 5let\u00e1 z\u00e1ru\u010dn\u00ed doba m\u016f\u017ee m\u00edt dostate\u010dnou ochranu, pokud v\u0161ak dojde k p\u0159ekro\u010den\u00ed z\u00e1ru\u010dn\u00ed doby<br \/>\nsn\u00ed\u017e\u00ed ochranu.<\/p>\n<hr \/>\n<p><strong>Pro lidi:<\/strong><br \/>\nBalistick\u00e1 p\u0159ilba NIJ llla Kevlar MICH2000 zvl\u00e1d\u00e1 hrozby z pistole a \u0161rapnelu s v\u011bt\u0161\u00ed kapacitou upevn\u011bn\u00ed pro leh\u010d\u00ed a pohodln\u011bj\u0161\u00ed no\u0161en\u00ed. Tato helma je vhodn\u00e1 pro v\u0161echny typy u\u017eivatel\u016f. Zam\u011bstnanci agentur, jako je arm\u00e1da, policie, SWAT, vnit\u0159n\u00ed bezpe\u010dnost, celn\u00edci a pohrani\u010dn\u00edci, mohou b\u00fdt vybaveni vylep\u0161en\u00fdmi bojov\u00fdmi schopnostmi. Je to tak\u00e9 dobr\u00e1 volba pro dom\u00e1c\u00ed ochranu a cosplay.<\/p>\n<hr \/>\n<p>Pokud si chcete koupit na\u0161e produkty nebo m\u00e1te n\u011bjak\u00e9 dotazy ohledn\u011b na\u0161ich produkt\u016f;<br \/>\nPokud m\u00e1te n\u011bjak\u00e9 pot\u0159eby p\u0159izp\u016fsoben\u00ed;<br \/>\nPros\u00edm (<a href=\"http:\/\/tyditiao.com\/contact\/\">kontaktujte n\u00e1s<\/a>) ihned, odpov\u00edme v\u00e1m do 1 pracovn\u00edho dne<\/p>\n","protected":false},"excerpt":{"rendered":"<p>Velk\u00e1 ochrann\u00e1 oblast: Ochrann\u00e1 oblast je v\u011bt\u0161\u00ed ne\u017e u tradi\u010dn\u00edch nepr\u016fst\u0159eln\u00fdch p\u0159ileb a poskytuje dobrou ochranu u\u0161n\u00ed \u010d\u00e1sti<\/p>\n<p>Dobr\u00e1 kvalita: Vyrobeno z vysoce kvalitn\u00edho vl\u00e1kna DuPont Kevlar Aramid, odoln\u00e9 v\u016f\u010di teplu a snadno se nedeformuje<\/p>\n<p>Dobr\u00fd balistick\u00fd v\u00fdkon: \u00farove\u0148 NIJ IIIA<\/p>\n<p>Syst\u00e9m su\u0161en\u00ed s\u00e9pie a sada lev\u00e9 a prav\u00e9 kolejnice v\u00e1m umo\u017en\u00ed nainstalovat sadu headset, sv\u011btlo zbran\u011b, kameru, seznam blesk\u016f, no\u010dn\u00ed vid\u011bn\u00ed, kameru GoPro, br\u00fdle NVG<\/p>\n<p>Dobr\u00fd v\u00fdkon upgradu: upgradovateln\u00e1 kysl\u00edkov\u00e1 maska, helma, bo\u010dn\u00ed \u0161t\u00edt, obrn\u011bn\u00fd bo\u010dn\u00ed \u0161t\u00edt, ochrann\u00fd \u0161t\u00edt, kryt na helmu<\/p>\n","protected":false},"featured_media":3121,"comment_status":"open","ping_status":"closed","template":"","meta":[],"product_brand":[],"product_cat":[159,344],"product_tag":[],"woo-feed-brand":[50],"class_list":{"0":"post-3853","1":"product","2":"type-product","3":"status-publish","4":"has-post-thumbnail","6":"product_cat-mich2000-cs","7":"product_cat-neprustrelna-prilba","8":"woo-feed-brand-tyditiao","10":"first","11":"instock","12":"sale","13":"shipping-taxable","14":"purchasable","15":"product-type-simple"},"_links":{"self":[{"href":"https:\/\/tyditiao.com\/cs\/wp-json\/wp\/v2\/product\/3853","targetHints":{"allow":["GET"]}}],"collection":[{"href":"https:\/\/tyditiao.com\/cs\/wp-json\/wp\/v2\/product"}],"about":[{"href":"https:\/\/tyditiao.com\/cs\/wp-json\/wp\/v2\/types\/product"}],"replies":[{"embeddable":true,"href":"https:\/\/tyditiao.com\/cs\/wp-json\/wp\/v2\/comments?post=3853"}],"wp:featuredmedia":[{"embeddable":true,"href":"https:\/\/tyditiao.com\/cs\/wp-json\/wp\/v2\/media\/3121"}],"wp:attachment":[{"href":"https:\/\/tyditiao.com\/cs\/wp-json\/wp\/v2\/media?parent=3853"}],"wp:term":[{"taxonomy":"product_brand","embeddable":true,"href":"https:\/\/tyditiao.com\/cs\/wp-json\/wp\/v2\/product_brand?post=3853"},{"taxonomy":"product_cat","embeddable":true,"href":"https:\/\/tyditiao.com\/cs\/wp-json\/wp\/v2\/product_cat?post=3853"},{"taxonomy":"product_tag","embeddable":true,"href":"https:\/\/tyditiao.com\/cs\/wp-json\/wp\/v2\/product_tag?post=3853"},{"taxonomy":"woo-feed-brand","embeddable":true,"href":"https:\/\/tyditiao.com\/cs\/wp-json\/wp\/v2\/woo-feed-brand?post=3853"}],"curies":[{"name":"wp","href":"https:\/\/api.w.org\/{rel}","templated":true}]}}